{"id":11514,"date":"2024-09-10T11:40:54","date_gmt":"2024-09-10T11:40:54","guid":{"rendered":"https:\/\/noqq.energy\/?page_id=11514"},"modified":"2024-09-10T11:41:17","modified_gmt":"2024-09-10T11:41:17","slug":"aria-vitale-silver-venilatsiooniseade-300-450-600","status":"publish","type":"page","link":"https:\/\/noqq.energy\/en\/ventilatsiooniseadmed\/aria-vitale-silver-venilatsiooniseade-300-450-600\/","title":{"rendered":"Aria Vitale Silver ventilation unit \u2013 300, 450, 600"},"content":{"rendered":"<div data-elementor-type=\"wp-page\" data-elementor-id=\"11514\" class=\"elementor elementor-11514\">\n\t\t\t\t<div class=\"elementor-element elementor-element-33809c1 e-con-full e-flex e-con e-parent\" data-id=\"33809c1\" data-element_type=\"container\">\n\t\t\t\t<div class=\"elementor-element elementor-element-6ae8402 elementor-widget elementor-widget-shortcode\" data-id=\"6ae8402\" data-element_type=\"widget\" data-widget_type=\"shortcode.default\">\n\t\t\t\t<div class=\"elementor-widget-container\">\n\t\t\t\t\t<div class=\"elementor-shortcode\"><!--\n<html lang=\"en\">\n\n<head>\n    <meta charset=\"UTF-8\">\n    <meta name=\"viewport\" content=\"width=device-width, initial-scale=1.0\">\n\n    <link rel=\"stylesheet\" type=\"text\/css\" media=\"all\" href=\"style.css\" \/>\n\n    <link rel=\"preconnect\" href=\"https:\/\/fonts.googleapis.com\">\n    <link rel=\"preconnect\" href=\"https:\/\/fonts.gstatic.com\" crossorigin>\n    <link\n        href=\"https:\/\/fonts.googleapis.com\/css2?family=Jost:ital,wght@0,100..900;1,100..900&family=Kumbh+Sans:wght@100..900&family=Rubik:ital,wght@0,300..900;1,300..900&display=swap\"\n        rel=\"stylesheet\">\n\n    \n\n<\/head>\n-->\n<body id=\"noqq-product\">\n    <div id=\"noqq-hero\">\n        <div id=\"hero-left\">\n            <img decoding=\"async\" src=\"https:\/\/noqq.energy\/wp-content\/uploads\/2024\/09\/Aria-Vitale-Silver-300-1.webp\" class=\"noqq-category-product-img\" alt=\"Aria Vitale Silver 300, 450, 600 ventilation units\">\n        <\/div>\n        <div id=\"hero-right\">\n            <div id=\"product-category\">\n                <a href=\"https:\/\/noqq.energy\/en\/ventilatsiooniseadmed\/\">\n                    <h3>ventilation equipment<\/h3>\n                <\/a>\n            <\/div>\n            <div id=\"product-title\">\n                <h1>Aria Vitale Silver venilation device - 300, 450, 600<\/h1>\n            <\/div>\n            <div id=\"option-container\"><div id=\"price\"><a style='color:white;text-decoration:underline' href='\/en\/kontakt\/'>Request a Quote<\/a><\/div><div id=\"price_km\">VAT is added<\/div><div class='button-row' id='main-row'><button class='option-button' data-price=''   >1090W (S 300)<\/button><button class='option-button' data-price=''   >2190W (S 450)<\/button><button class='option-button' data-price=''   >2353W (S 600)<\/button><\/div><\/div>\n            <div id=\"product-main-details\">\n                <div class='main-detail'>\n                    <h3>Total rated power: 1090W \/ 2190W \/ 2353W <\/h3>\n                <\/div><div class='main-detail'>\n                    <h3>Control: Aria myHOME <\/h3>\n                <\/div><div class='main-detail'>\n                    <h3>Maximum air flow: 300-600 m\u00b3\/h<\/h3>\n                <\/div><div class='main-detail'>\n                    <h3>Energy class: A+ <\/h3>\n                <\/div>            <\/div>\n            <div id=\"product-quote\">\n                <a class=\"quote-button\" href=\"https:\/\/noqq.energy\/en\/kontakt\/\">\n                    <span>Request a Quote<\/span>\n                    <span>\u2192<\/span>\n                <\/a>\n            <\/div>\n        <\/div>\n    <\/div>\n    <div id=\"product-description1\">\n        <div class=\"noqq-section\">\n            <p>ARIA VITALE is created on the principle of &quot;sustainable design&quot;, where the choice of structural materials and technical solutions ensures the durability, functionality and environmental friendliness of the product. The best components have been used, focusing on speed and ease of assembly and use. The innovative use of EPP material in the housing created a lightweight device with excellent acoustic properties and aesthetic appearance, while reducing environmental impact.\n<\/p>\n        <\/div>\n    <\/div>\n    <div id=\"product-img-section\">\n        <div id=\"img-section-left\">\n            <h1 class=\"align-right\">Efficient and economical<\/h1>\n            <div id=\"img-section-highlights\">\n                <div class='img-section-highlight'>\n                    <div class='img-section-highlight-text'>\n                        <h3>Energy saving up to 30%<\/h3>\n                    <\/div>\n                    <img src='https:\/\/noqq.energy\/wp-content\/uploads\/2024\/10\/leaf.svg'>\n                <\/div><div class='img-section-highlight'>\n                    <div class='img-section-highlight-text'>\n                        <h3>Plug &amp; Play function<\/h3>\n                    <\/div>\n                    <img src='https:\/\/noqq.energy\/wp-content\/uploads\/2024\/10\/maintenance.svg'>\n                <\/div>            <\/div>\n            <p class=\"align-right\">ARIA VITALE is the only product on the market that can be installed in six different positions without sacrificing work efficiency. Installation and maintenance are extremely easy. A simple and intuitive touch control panel completes the overall picture.            <\/p>\n        <\/div>\n        <div id=\"img-section-right\">\n            <img decoding=\"async\" src=\"https:\/\/noqq.energy\/wp-content\/uploads\/2024\/09\/Aria-Vitale-Silver-300-2.webp\" class=\"noqq-category-product-img\" alt=\"Aria Vitale Silver 300, 450, 600 ventilation units\">\n        <\/div>\n    <\/div>\n    <div id=\"product-technical-details\">\n        <div class=\"noqq-section\">\n            <h2>Technical specifications and features:<\/h2>\n            <div id=\"technical-details-container\">\n                <h3 class='technical-detail'>Rated voltage (50 Hz): 230 V \/ 230 V \/ 230 V<\/h3><h3 class='technical-detail'>Frequency: 50 Hz \/ 50 Hz \/ 50 Hz<\/h3><h3 class='technical-detail'>Dimensions (H*W*D): 900mm*937mm*365mm <\/h3><h3 class='technical-detail'>Nominal current, fans: 2x83 W \/ 2x83 W \/ 2x115 W<\/h3><h3 class='technical-detail'>Nominal current, Electric heating: 1000 W \/ 2000 W \/ 2000 W<\/h3><h3 class='technical-detail'>Automatic control, standard: Aria myHOME \/ Aria myHOME \/ Aria myHOME<\/h3><h3 class='technical-detail'>Noise level: 44.4 dB(A) \/ 50.9 dB(A) \/ 53.4 dB(A)<\/h3><h3 class='technical-detail'>Filter class: ePM1 70% (F7) \/ ePM1 70% (F7) \/ ePM1 70% (F7)<\/h3><h3 class='technical-detail'>Filter type (for incoming\/outgoing air): Compact filter \/ Compact filter \/ Compact filter<\/h3><h3 class='technical-detail'>Weight: 27.5 kg \/ 27.5 kg \/ 27.5 kg<\/h3>            <\/div>\n        <\/div>\n\n    <\/div>\n    <div id=\"product-cta\">\n        <div class=\"noqq-section\">\n            <h2>Shall we heat?<\/h2>\n            <div id=\"product-quote\">\n                <a class=\"quote-button\" href=\"https:\/\/noqq.energy\/en\/kontakt\/\">\n                    <span>Contact us<\/span>\n                    <span>\u2192<\/span>\n                <\/a>\n            <\/div>\n        <\/div>\n    <\/div>\n    <div id=\"product-technical-details-img\">\n        <div class=\"noqq-section\">\n            <img decoding=\"async\" id=\"technical-details-img\"\n                src=\"\"\n                alt=\"\">\n        <\/div>\n\n    <\/div>\n    <div id=\"product-documents\">\n        <div class=\"noqq-section\">\n            <h2>Documents and guides<\/h2>\n            <div id=\"documents-container\">\n                <a href='https:\/\/kesko-onninen-pim-resources-production.s3-eu-west-1.amazonaws.com\/pimdocuments\/21520323.pdf'>Aria Vitale Silver product page<\/a><a href='https:\/\/kesko-onninen-pim-resources-production.s3-eu-west-1.amazonaws.com\/pimdocuments\/21520324.pdf'>Aria Vitale Silver<\/a>            <\/div>\n        <\/div>\n    <\/div>\n    <script>\n  document.addEventListener('DOMContentLoaded', function() {\n      \n      const priceButtons = document.querySelectorAll('[data-price]');\n      const priceContainer = document.querySelector(\"#price\");\n      const priceContainerKM = document.querySelector(\"#price_km\");\n      \n      priceButtons.forEach(function(btn) {\n          btn.addEventListener(\"click\", function() {\n\n\n              if (isNaN(parseFloat(btn.getAttribute(\"data-price\")))) {\n                  priceContainer.innerHTML = \"<a style='color:white;text-decoration:underline' href='\/kontakt'>K\u00fcsi pakkumist<\/a>\";\n                priceContainerKM.innerHTML = \"<a style='color:white;text-decoration:underline;font-size:13px' href='\/kontakt'>Ask for price<\/a>\";\n                return;\n              }\n\n             addToString = \" \u20ac\";\n             if (btn.hasAttribute(\"data-surface\")) {\n                 addToString = \" \u20ac \u2013 \" + btn.getAttribute(\"data-surface\") + \"m\u00b2\";\n             }\n             priceContainer.textContent = Math.round(parseFloat(btn.getAttribute(\"data-price\")) * 1.2) + addToString;\n             priceContainerKM.textContent = btn.getAttribute(\"data-price\") + \" \u20ac + k\u00e4ibemaks\";\n          });\n      });\n      if (priceButtons.length == 1) { \/\/ product only has one model \/ button, display price immediately\n        priceContainerKM.textContent = priceButtons[0].getAttribute(\"data-price\") + \" \u20ac + k\u00e4ibemaks\";\n      }\n      \n      const buttons = document.querySelectorAll(\".option-button\");\n      buttons.forEach(function(btn) {\n          btn.addEventListener(\"click\", function() {\n              \n              \n              \n             \/\/ Remove active from other buttons in row\n             buttonsInRow = btn.parentElement.querySelectorAll(\"button\");\n             buttonsInRow.forEach(function(btn) {\n                btn.classList.remove(\"active\"); \n             });\n             \n             \n             btn.classList.add(\"active\");\n             \/\/ Check for images\n             if (btn.hasAttribute(\"data-url1\")) {\n                 imageElements = document.querySelectorAll(\".noqq-category-product-img\");\n                 imageElements[0].src = btn.getAttribute(\"data-url1\");\n                 if (btn.hasAttribute(\"data-url2\")) {\n                     imageElements[1].src = btn.getAttribute(\"data-url2\");\n                 }\n             }\n             \n             \n             \n             \/\/ Change technical description\n             if (btn.hasAttribute(\"data-description\")) {\n                 \n                \/\/ Remove active from other technical descrpitions\n                 specs = document.querySelectorAll(\".noqq-spec\");\n                 specs.forEach(function(spec) {\n                    spec.classList.remove(\"active\"); \n                 });\n                document.querySelector(\"#noqq-spec\" + btn.getAttribute(\"data-description\")).classList.add(\"active\");\n             }\n             \n              \n             if (btn.hasAttribute(\"data-value\")) {\n                 \n                 \/\/ Hide other sub-rows\n                 const rows = document.querySelectorAll('.button-row');\n                 rows.forEach(function(row) {\n                     \n                     buttonIndex = btn.getAttribute(\"data-value\").split(\"_\")[0];\n\n                     \n                     if (row.getAttribute(\"id\").includes(buttonIndex)) {\n                         row.classList.remove(\"active\");\n                         \n                         Array.from(row.children).forEach(function(btn) {\n                            btn.classList.remove(\"active\"); \n                         });\n                     }\n                 });\n                 \n                 \/\/ Show sub-row\n                 document.querySelector(\"#\" + btn.getAttribute(\"data-value\")).classList.add(\"active\");\n                 \n             }\n             \/\/ else is data-price button\n          });\n      });\n      \n  });\n      \n      \n      \n      \n      \n      \n      \n      \n      \/*\n    const mainRowButtons = document.querySelectorAll('#main-row .price-button');\n    const subRows = document.querySelectorAll('.sub-row');\n\n    mainRowButtons.forEach(function(button) {\n      button.addEventListener('click', function() {\n        mainRowButtons.forEach(function(button) {\n      button.classList.remove(\"active\");});\n        button.classList.add(\"active\");\n        const value = button.getAttribute('data-value').split(\"-\").pop();\n        showSubRow(value);\n      });\n    });\n\n    function showSubRow(value) {\n      subRows.forEach(function(row) {\n        row.classList.remove('active');\n        const rowButtons = row.querySelectorAll('.price-button');\n        rowButtons.forEach(function(btn) {\n            btn.classList.remove(\"active\");\n        });\n      });\n\n      const subRowId = 'sub-row-' + value;\n      const subRow = document.getElementById(subRowId);\n      if (subRow) {\n        subRow.classList.add('active');\n      }\n      \n      const activeButtons = subRow.querySelectorAll('.price-button');\n        activeButtons.forEach(function(button) {\n          button.addEventListener('click', function() {\n              activeButtons.forEach(function(button) {\n      button.classList.remove(\"active\");});\n             button.classList.add(\"active\");\n            const priceValue = button.getAttribute('data-value');\n            const priceContainer = document.getElementById('price');\n            priceContainer.textContent = priceValue + \" \u20ac\";\n          });\n        });\n    }\n  });*\/\n<\/script>\n<\/body>\n<\/div>\n\t\t\t\t<\/div>\n\t\t\t\t<\/div>\n\t\t\t\t<\/div>\n\t\t\t\t<\/div>","protected":false},"excerpt":{"rendered":"","protected":false},"author":11,"featured_media":0,"parent":11284,"menu_order":0,"comment_status":"closed","ping_status":"closed","template":"elementor_header_footer","meta":{"_et_pb_use_builder":"","_et_pb_old_content":"","_et_gb_content_width":"","_monsterinsights_skip_tracking":false,"_monsterinsights_sitenote_active":false,"_monsterinsights_sitenote_note":"","_monsterinsights_sitenote_category":0,"footnotes":""},"class_list":["post-11514","page","type-page","status-publish","hentry"],"yoast_head":"<!-- This site is optimized with the Yoast SEO plugin v23.8 - https:\/\/yoast.com\/wordpress\/plugins\/seo\/ -->\n<title>Aria Vitale Silver venilatsiooniseade - 300, 450, 600 - NOQQ Energy<\/title>\n<meta name=\"description\" content=\"ARIA VITALE on ainus toode turul, mida saab paigaldada kuues erinevas asendis ilma t\u00f6\u00f6 efektiivsust ohverdamata. Paigaldamine ja hooldus on \u00e4\u00e4rmiselt lihtsad.\" \/>\n<meta name=\"robots\" content=\"index, follow, max-snippet:-1, max-image-preview:large, max-video-preview:-1\" \/>\n<link rel=\"canonical\" href=\"https:\/\/noqq.energy\/en\/ventilatsiooniseadmed\/aria-vitale-silver-venilatsiooniseade-300-450-600\/\" \/>\n<meta property=\"og:locale\" content=\"en_GB\" \/>\n<meta property=\"og:type\" content=\"article\" \/>\n<meta property=\"og:title\" content=\"Aria Vitale Silver venilatsiooniseade - 300, 450, 600 - NOQQ Energy\" \/>\n<meta property=\"og:description\" content=\"ARIA VITALE on ainus toode turul, mida saab paigaldada kuues erinevas asendis ilma t\u00f6\u00f6 efektiivsust ohverdamata. Paigaldamine ja hooldus on \u00e4\u00e4rmiselt lihtsad.\" \/>\n<meta property=\"og:url\" content=\"https:\/\/noqq.energy\/en\/ventilatsiooniseadmed\/aria-vitale-silver-venilatsiooniseade-300-450-600\/\" \/>\n<meta property=\"og:site_name\" content=\"NOQQ Energy\" \/>\n<meta property=\"article:modified_time\" content=\"2024-09-10T11:41:17+00:00\" \/>\n<meta name=\"twitter:card\" content=\"summary_large_image\" \/>\n<script type=\"application\/ld+json\" class=\"yoast-schema-graph\">{\"@context\":\"https:\/\/schema.org\",\"@graph\":[{\"@type\":\"WebPage\",\"@id\":\"https:\/\/noqq.energy\/et\/ventilatsiooniseadmed\/aria-vitale-silver-venilatsiooniseade-300-450-600\/\",\"url\":\"https:\/\/noqq.energy\/et\/ventilatsiooniseadmed\/aria-vitale-silver-venilatsiooniseade-300-450-600\/\",\"name\":\"Aria Vitale Silver venilatsiooniseade - 300, 450, 600 - NOQQ Energy\",\"isPartOf\":{\"@id\":\"https:\/\/noqq.energy\/#website\"},\"datePublished\":\"2024-09-10T11:40:54+00:00\",\"dateModified\":\"2024-09-10T11:41:17+00:00\",\"description\":\"ARIA VITALE on ainus toode turul, mida saab paigaldada kuues erinevas asendis ilma t\u00f6\u00f6 efektiivsust ohverdamata. Paigaldamine ja hooldus on \u00e4\u00e4rmiselt lihtsad.\",\"breadcrumb\":{\"@id\":\"https:\/\/noqq.energy\/et\/ventilatsiooniseadmed\/aria-vitale-silver-venilatsiooniseade-300-450-600\/#breadcrumb\"},\"inLanguage\":\"en-GB\",\"potentialAction\":[{\"@type\":\"ReadAction\",\"target\":[\"https:\/\/noqq.energy\/et\/ventilatsiooniseadmed\/aria-vitale-silver-venilatsiooniseade-300-450-600\/\"]}]},{\"@type\":\"BreadcrumbList\",\"@id\":\"https:\/\/noqq.energy\/et\/ventilatsiooniseadmed\/aria-vitale-silver-venilatsiooniseade-300-450-600\/#breadcrumb\",\"itemListElement\":[{\"@type\":\"ListItem\",\"position\":1,\"name\":\"Home\",\"item\":\"https:\/\/noqq.energy\/\"},{\"@type\":\"ListItem\",\"position\":2,\"name\":\"Ventilatsiooniseadmed\",\"item\":\"https:\/\/noqq.energy\/et\/ventilatsiooniseadmed\/\"},{\"@type\":\"ListItem\",\"position\":3,\"name\":\"Aria Vitale Silver venilatsiooniseade &#8211; 300, 450, 600\"}]},{\"@type\":\"WebSite\",\"@id\":\"https:\/\/noqq.energy\/#website\",\"url\":\"https:\/\/noqq.energy\/\",\"name\":\"NOQQ Energy\",\"description\":\"KVJ ja Taastuvenergia lahendused\",\"potentialAction\":[{\"@type\":\"SearchAction\",\"target\":{\"@type\":\"EntryPoint\",\"urlTemplate\":\"https:\/\/noqq.energy\/?s={search_term_string}\"},\"query-input\":{\"@type\":\"PropertyValueSpecification\",\"valueRequired\":true,\"valueName\":\"search_term_string\"}}],\"inLanguage\":\"en-GB\"}]}<\/script>\n<!-- \/ Yoast SEO plugin. -->","yoast_head_json":{"title":"Aria Vitale Silver venilatsiooniseade - 300, 450, 600 - NOQQ Energy","description":"ARIA VITALE on ainus toode turul, mida saab paigaldada kuues erinevas asendis ilma t\u00f6\u00f6 efektiivsust ohverdamata. Paigaldamine ja hooldus on \u00e4\u00e4rmiselt lihtsad.","robots":{"index":"index","follow":"follow","max-snippet":"max-snippet:-1","max-image-preview":"max-image-preview:large","max-video-preview":"max-video-preview:-1"},"canonical":"https:\/\/noqq.energy\/en\/ventilatsiooniseadmed\/aria-vitale-silver-venilatsiooniseade-300-450-600\/","og_locale":"en_GB","og_type":"article","og_title":"Aria Vitale Silver venilatsiooniseade - 300, 450, 600 - NOQQ Energy","og_description":"ARIA VITALE on ainus toode turul, mida saab paigaldada kuues erinevas asendis ilma t\u00f6\u00f6 efektiivsust ohverdamata. Paigaldamine ja hooldus on \u00e4\u00e4rmiselt lihtsad.","og_url":"https:\/\/noqq.energy\/en\/ventilatsiooniseadmed\/aria-vitale-silver-venilatsiooniseade-300-450-600\/","og_site_name":"NOQQ Energy","article_modified_time":"2024-09-10T11:41:17+00:00","twitter_card":"summary_large_image","schema":{"@context":"https:\/\/schema.org","@graph":[{"@type":"WebPage","@id":"https:\/\/noqq.energy\/et\/ventilatsiooniseadmed\/aria-vitale-silver-venilatsiooniseade-300-450-600\/","url":"https:\/\/noqq.energy\/et\/ventilatsiooniseadmed\/aria-vitale-silver-venilatsiooniseade-300-450-600\/","name":"Aria Vitale Silver venilatsiooniseade - 300, 450, 600 - NOQQ Energy","isPartOf":{"@id":"https:\/\/noqq.energy\/#website"},"datePublished":"2024-09-10T11:40:54+00:00","dateModified":"2024-09-10T11:41:17+00:00","description":"ARIA VITALE on ainus toode turul, mida saab paigaldada kuues erinevas asendis ilma t\u00f6\u00f6 efektiivsust ohverdamata. Paigaldamine ja hooldus on \u00e4\u00e4rmiselt lihtsad.","breadcrumb":{"@id":"https:\/\/noqq.energy\/et\/ventilatsiooniseadmed\/aria-vitale-silver-venilatsiooniseade-300-450-600\/#breadcrumb"},"inLanguage":"en-GB","potentialAction":[{"@type":"ReadAction","target":["https:\/\/noqq.energy\/et\/ventilatsiooniseadmed\/aria-vitale-silver-venilatsiooniseade-300-450-600\/"]}]},{"@type":"BreadcrumbList","@id":"https:\/\/noqq.energy\/et\/ventilatsiooniseadmed\/aria-vitale-silver-venilatsiooniseade-300-450-600\/#breadcrumb","itemListElement":[{"@type":"ListItem","position":1,"name":"Home","item":"https:\/\/noqq.energy\/"},{"@type":"ListItem","position":2,"name":"Ventilatsiooniseadmed","item":"https:\/\/noqq.energy\/et\/ventilatsiooniseadmed\/"},{"@type":"ListItem","position":3,"name":"Aria Vitale Silver venilatsiooniseade &#8211; 300, 450, 600"}]},{"@type":"WebSite","@id":"https:\/\/noqq.energy\/#website","url":"https:\/\/noqq.energy\/","name":"NOQQ Energy","description":"KVJ ja Taastuvenergia lahendused","potentialAction":[{"@type":"SearchAction","target":{"@type":"EntryPoint","urlTemplate":"https:\/\/noqq.energy\/?s={search_term_string}"},"query-input":{"@type":"PropertyValueSpecification","valueRequired":true,"valueName":"search_term_string"}}],"inLanguage":"en-GB"}]}},"_links":{"self":[{"href":"https:\/\/noqq.energy\/en\/wp-json\/wp\/v2\/pages\/11514","targetHints":{"allow":["GET"]}}],"collection":[{"href":"https:\/\/noqq.energy\/en\/wp-json\/wp\/v2\/pages"}],"about":[{"href":"https:\/\/noqq.energy\/en\/wp-json\/wp\/v2\/types\/page"}],"author":[{"embeddable":true,"href":"https:\/\/noqq.energy\/en\/wp-json\/wp\/v2\/users\/11"}],"replies":[{"embeddable":true,"href":"https:\/\/noqq.energy\/en\/wp-json\/wp\/v2\/comments?post=11514"}],"version-history":[{"count":4,"href":"https:\/\/noqq.energy\/en\/wp-json\/wp\/v2\/pages\/11514\/revisions"}],"predecessor-version":[{"id":11518,"href":"https:\/\/noqq.energy\/en\/wp-json\/wp\/v2\/pages\/11514\/revisions\/11518"}],"up":[{"embeddable":true,"href":"https:\/\/noqq.energy\/en\/wp-json\/wp\/v2\/pages\/11284"}],"wp:attachment":[{"href":"https:\/\/noqq.energy\/en\/wp-json\/wp\/v2\/media?parent=11514"}],"curies":[{"name":"wp","href":"https:\/\/api.w.org\/{rel}","templated":true}]}}