{"id":11519,"date":"2024-09-10T11:42:43","date_gmt":"2024-09-10T11:42:43","guid":{"rendered":"https:\/\/noqq.energy\/?page_id=11519"},"modified":"2024-09-10T11:43:07","modified_gmt":"2024-09-10T11:43:07","slug":"siber-hrv-evo-seeria-ventilatsiooniseadmed-evo-1-evo-2","status":"publish","type":"page","link":"https:\/\/noqq.energy\/en\/ventilatsiooniseadmed\/siber-hrv-evo-seeria-ventilatsiooniseadmed-evo-1-evo-2\/","title":{"rendered":"Siber HRV EVO series ventilation units \u2013 EVO 1, EVO 2"},"content":{"rendered":"<div data-elementor-type=\"wp-page\" data-elementor-id=\"11519\" class=\"elementor elementor-11519\">\n\t\t\t\t<div class=\"elementor-element elementor-element-33809c1 e-con-full e-flex e-con e-parent\" data-id=\"33809c1\" data-element_type=\"container\">\n\t\t\t\t<div class=\"elementor-element elementor-element-6ae8402 elementor-widget elementor-widget-shortcode\" data-id=\"6ae8402\" data-element_type=\"widget\" data-widget_type=\"shortcode.default\">\n\t\t\t\t<div class=\"elementor-widget-container\">\n\t\t\t\t\t<div class=\"elementor-shortcode\"><!--\n<html lang=\"en\">\n\n<head>\n    <meta charset=\"UTF-8\">\n    <meta name=\"viewport\" content=\"width=device-width, initial-scale=1.0\">\n\n    <link rel=\"stylesheet\" type=\"text\/css\" media=\"all\" href=\"style.css\" \/>\n\n    <link rel=\"preconnect\" href=\"https:\/\/fonts.googleapis.com\">\n    <link rel=\"preconnect\" href=\"https:\/\/fonts.gstatic.com\" crossorigin>\n    <link\n        href=\"https:\/\/fonts.googleapis.com\/css2?family=Jost:ital,wght@0,100..900;1,100..900&family=Kumbh+Sans:wght@100..900&family=Rubik:ital,wght@0,300..900;1,300..900&display=swap\"\n        rel=\"stylesheet\">\n\n    \n\n<\/head>\n-->\n<body id=\"noqq-product\">\n    <div id=\"noqq-hero\">\n        <div id=\"hero-left\">\n            <img decoding=\"async\" src=\"https:\/\/noqq.energy\/wp-content\/uploads\/2024\/09\/Siber-Evo-1-HRV-1.webp\" class=\"noqq-category-product-img\" alt=\"Siber HRV EVO ventilation units\">\n        <\/div>\n        <div id=\"hero-right\">\n            <div id=\"product-category\">\n                <a href=\"https:\/\/noqq.energy\/en\/ventilatsiooniseadmed\/\">\n                    <h3>ventilation equipment<\/h3>\n                <\/a>\n            <\/div>\n            <div id=\"product-title\">\n                <h1>Siber PRC EVO series ventilation equipment - EVO 1, EVO 2<\/h1>\n            <\/div>\n            <div id=\"option-container\"><div id=\"price\"><a style='color:white;text-decoration:underline' href='\/en\/kontakt\/'>Request a Quote<\/a><\/div><div id=\"price_km\">VAT is added<\/div><div class='button-row' id='main-row'><button class='option-button' data-price=''   >600W (EVO 1)<\/button><button class='option-button' data-price=''   >600W (EVO 2)<\/button><\/div><\/div>\n            <div id=\"product-main-details\">\n                <div class='main-detail'>\n                    <h3>Total rated power: 600W<\/h3>\n                <\/div><div class='main-detail'>\n                    <h3>Management: Siber app<\/h3>\n                <\/div><div class='main-detail'>\n                    <h3>Maximum working volume: 150-200m\u00b3\/h<\/h3>\n                <\/div><div class='main-detail'>\n                    <h3>Energy class: A+<\/h3>\n                <\/div>            <\/div>\n            <div id=\"product-quote\">\n                <a class=\"quote-button\" href=\"https:\/\/noqq.energy\/en\/kontakt\/\">\n                    <span>Request a Quote<\/span>\n                    <span>\u2192<\/span>\n                <\/a>\n            <\/div>\n        <\/div>\n    <\/div>\n    <div id=\"product-description1\">\n        <div class=\"noqq-section\">\n            <p>Discover the joy of enjoying fresh air with Siber EVO, a compact device that combines cutting-edge innovation and modern design. We know how important clean and healthy indoor air is, which is why Siberian ventilation devices are designed to significantly improve your living and working spaces.\n<\/p>\n        <\/div>\n    <\/div>\n    <div id=\"product-img-section\">\n        <div id=\"img-section-left\">\n            <h1 class=\"align-right\">Better home climate<\/h1>\n            <div id=\"img-section-highlights\">\n                <div class='img-section-highlight'>\n                    <div class='img-section-highlight-text'>\n                        <h3>A large selection of filters according to your wishes<\/h3>\n                    <\/div>\n                    <img src='https:\/\/noqq.energy\/wp-content\/uploads\/2024\/10\/clouds.svg'>\n                <\/div><div class='img-section-highlight'>\n                    <div class='img-section-highlight-text'>\n                        <h3>Easy to place<\/h3>\n                    <\/div>\n                    <img src='https:\/\/noqq.energy\/wp-content\/uploads\/2024\/10\/maintenance.svg'>\n                <\/div>            <\/div>\n            <p class=\"align-right\">Siber HRV EVO is a high-performance heat recovery ventilation unit with continuous airflow technology. The unit features direct-flow centrifugal fans with forward-slanting blades, which ensures constant air flow, acoustic comfort, low energy consumption, easy maintenance and optimal air quality.            <\/p>\n        <\/div>\n        <div id=\"img-section-right\">\n            <img decoding=\"async\" src=\"https:\/\/noqq.energy\/wp-content\/uploads\/2024\/09\/Siber-Evo-1-HRV-2.webp\" class=\"noqq-category-product-img\" alt=\"Siber HRV EVO ventilation units bottom image with side view\">\n        <\/div>\n    <\/div>\n    <div id=\"product-technical-details\">\n        <div class=\"noqq-section\">\n            <h2>Technical specifications and features:<\/h2>\n            <div id=\"technical-details-container\">\n                <h3 class='technical-detail'>Nominal voltage (AC 50 Hz): 230 V<\/h3><h3 class='technical-detail'>Frequency: 50 Hz<\/h3><h3 class='technical-detail'>Voltage: 230V<\/h3><h3 class='technical-detail'>Housing material: plastic<\/h3><h3 class='technical-detail'>Dimensions: 1000 x 600 x 210 mm<\/h3><h3 class='technical-detail'>Weight: 24 kg<\/h3><h3 class='technical-detail'>Wall Mountable: Yes<\/h3><h3 class='technical-detail'>Ceiling mountable: yes<\/h3><h3 class='technical-detail'>Floor Mountable: Yes<\/h3><h3 class='technical-detail'>Electric heater power: 600W<\/h3><h3 class='technical-detail'>Channel diameter: 160 mm<\/h3><h3 class='technical-detail'>Heat exchanger type: cross flow<\/h3><h3 class='technical-detail'>Filter class: EU 4 (G4)<\/h3>            <\/div>\n        <\/div>\n\n    <\/div>\n    <div id=\"product-cta\">\n        <div class=\"noqq-section\">\n            <h2>Shall we heat?<\/h2>\n            <div id=\"product-quote\">\n                <a class=\"quote-button\" href=\"https:\/\/noqq.energy\/en\/kontakt\/\">\n                    <span>Contact us<\/span>\n                    <span>\u2192<\/span>\n                <\/a>\n            <\/div>\n        <\/div>\n    <\/div>\n    <div id=\"product-technical-details-img\">\n        <div class=\"noqq-section\">\n            <img decoding=\"async\" id=\"technical-details-img\"\n                src=\"\"\n                alt=\"\">\n        <\/div>\n\n    <\/div>\n    <div id=\"product-documents\">\n        <div class=\"noqq-section\">\n            <h2>Documents and guides<\/h2>\n            <div id=\"documents-container\">\n                <a href='https:\/\/www.siberzone.es\/landings\/evo\/pdf\/TD%20Siber-HRV-EVO-1.pdf'>Siber HRV EVO 1 series product page<\/a><a href='https:\/\/www.siberzone.es\/landings\/evo\/pdf\/tds-siber-hrv-evo-2.pdf'>Siber HRV EVO 2 series product page<\/a>            <\/div>\n        <\/div>\n    <\/div>\n    <script>\n  document.addEventListener('DOMContentLoaded', function() {\n      \n      const priceButtons = document.querySelectorAll('[data-price]');\n      const priceContainer = document.querySelector(\"#price\");\n      const priceContainerKM = document.querySelector(\"#price_km\");\n      \n      priceButtons.forEach(function(btn) {\n          btn.addEventListener(\"click\", function() {\n\n\n              if (isNaN(parseFloat(btn.getAttribute(\"data-price\")))) {\n                  priceContainer.innerHTML = \"<a style='color:white;text-decoration:underline' href='\/kontakt'>K\u00fcsi pakkumist<\/a>\";\n                priceContainerKM.innerHTML = \"<a style='color:white;text-decoration:underline;font-size:13px' href='\/kontakt'>Ask for price<\/a>\";\n                return;\n              }\n\n             addToString = \" \u20ac\";\n             if (btn.hasAttribute(\"data-surface\")) {\n                 addToString = \" \u20ac \u2013 \" + btn.getAttribute(\"data-surface\") + \"m\u00b2\";\n             }\n             priceContainer.textContent = Math.round(parseFloat(btn.getAttribute(\"data-price\")) * 1.2) + addToString;\n             priceContainerKM.textContent = btn.getAttribute(\"data-price\") + \" \u20ac + k\u00e4ibemaks\";\n          });\n      });\n      if (priceButtons.length == 1) { \/\/ product only has one model \/ button, display price immediately\n        priceContainerKM.textContent = priceButtons[0].getAttribute(\"data-price\") + \" \u20ac + k\u00e4ibemaks\";\n      }\n      \n      const buttons = document.querySelectorAll(\".option-button\");\n      buttons.forEach(function(btn) {\n          btn.addEventListener(\"click\", function() {\n              \n              \n              \n             \/\/ Remove active from other buttons in row\n             buttonsInRow = btn.parentElement.querySelectorAll(\"button\");\n             buttonsInRow.forEach(function(btn) {\n                btn.classList.remove(\"active\"); \n             });\n             \n             \n             btn.classList.add(\"active\");\n             \/\/ Check for images\n             if (btn.hasAttribute(\"data-url1\")) {\n                 imageElements = document.querySelectorAll(\".noqq-category-product-img\");\n                 imageElements[0].src = btn.getAttribute(\"data-url1\");\n                 if (btn.hasAttribute(\"data-url2\")) {\n                     imageElements[1].src = btn.getAttribute(\"data-url2\");\n                 }\n             }\n             \n             \n             \n             \/\/ Change technical description\n             if (btn.hasAttribute(\"data-description\")) {\n                 \n                \/\/ Remove active from other technical descrpitions\n                 specs = document.querySelectorAll(\".noqq-spec\");\n                 specs.forEach(function(spec) {\n                    spec.classList.remove(\"active\"); \n                 });\n                document.querySelector(\"#noqq-spec\" + btn.getAttribute(\"data-description\")).classList.add(\"active\");\n             }\n             \n              \n             if (btn.hasAttribute(\"data-value\")) {\n                 \n                 \/\/ Hide other sub-rows\n                 const rows = document.querySelectorAll('.button-row');\n                 rows.forEach(function(row) {\n                     \n                     buttonIndex = btn.getAttribute(\"data-value\").split(\"_\")[0];\n\n                     \n                     if (row.getAttribute(\"id\").includes(buttonIndex)) {\n                         row.classList.remove(\"active\");\n                         \n                         Array.from(row.children).forEach(function(btn) {\n                            btn.classList.remove(\"active\"); \n                         });\n                     }\n                 });\n                 \n                 \/\/ Show sub-row\n                 document.querySelector(\"#\" + btn.getAttribute(\"data-value\")).classList.add(\"active\");\n                 \n             }\n             \/\/ else is data-price button\n          });\n      });\n      \n  });\n      \n      \n      \n      \n      \n      \n      \n      \n      \/*\n    const mainRowButtons = document.querySelectorAll('#main-row .price-button');\n    const subRows = document.querySelectorAll('.sub-row');\n\n    mainRowButtons.forEach(function(button) {\n      button.addEventListener('click', function() {\n        mainRowButtons.forEach(function(button) {\n      button.classList.remove(\"active\");});\n        button.classList.add(\"active\");\n        const value = button.getAttribute('data-value').split(\"-\").pop();\n        showSubRow(value);\n      });\n    });\n\n    function showSubRow(value) {\n      subRows.forEach(function(row) {\n        row.classList.remove('active');\n        const rowButtons = row.querySelectorAll('.price-button');\n        rowButtons.forEach(function(btn) {\n            btn.classList.remove(\"active\");\n        });\n      });\n\n      const subRowId = 'sub-row-' + value;\n      const subRow = document.getElementById(subRowId);\n      if (subRow) {\n        subRow.classList.add('active');\n      }\n      \n      const activeButtons = subRow.querySelectorAll('.price-button');\n        activeButtons.forEach(function(button) {\n          button.addEventListener('click', function() {\n              activeButtons.forEach(function(button) {\n      button.classList.remove(\"active\");});\n             button.classList.add(\"active\");\n            const priceValue = button.getAttribute('data-value');\n            const priceContainer = document.getElementById('price');\n            priceContainer.textContent = priceValue + \" \u20ac\";\n          });\n        });\n    }\n  });*\/\n<\/script>\n<\/body>\n<\/div>\n\t\t\t\t<\/div>\n\t\t\t\t<\/div>\n\t\t\t\t<\/div>\n\t\t\t\t<\/div>","protected":false},"excerpt":{"rendered":"","protected":false},"author":11,"featured_media":0,"parent":11284,"menu_order":0,"comment_status":"closed","ping_status":"closed","template":"elementor_header_footer","meta":{"_et_pb_use_builder":"","_et_pb_old_content":"","_et_gb_content_width":"","_monsterinsights_skip_tracking":false,"_monsterinsights_sitenote_active":false,"_monsterinsights_sitenote_note":"","_monsterinsights_sitenote_category":0,"footnotes":""},"class_list":["post-11519","page","type-page","status-publish","hentry"],"yoast_head":"<!-- This site is optimized with the Yoast SEO plugin v23.8 - https:\/\/yoast.com\/wordpress\/plugins\/seo\/ -->\n<title>Siber HRV EVO seeria ventilatsiooniseadmed - EVO 1, EVO 2 - NOQQ Energy<\/title>\n<meta name=\"description\" content=\"Siber HRV EVO on k\u00f5rge j\u00f5udlusega soojustagastusega ventilatsiooniseade, millel on pidev \u00f5huvoolu tehnoloogia.\" \/>\n<meta name=\"robots\" content=\"index, follow, max-snippet:-1, max-image-preview:large, max-video-preview:-1\" \/>\n<link rel=\"canonical\" href=\"https:\/\/noqq.energy\/en\/ventilatsiooniseadmed\/siber-hrv-evo-seeria-ventilatsiooniseadmed-evo-1-evo-2\/\" \/>\n<meta property=\"og:locale\" content=\"en_GB\" \/>\n<meta property=\"og:type\" content=\"article\" \/>\n<meta property=\"og:title\" content=\"Siber HRV EVO seeria ventilatsiooniseadmed - EVO 1, EVO 2 - NOQQ Energy\" \/>\n<meta property=\"og:description\" content=\"Siber HRV EVO on k\u00f5rge j\u00f5udlusega soojustagastusega ventilatsiooniseade, millel on pidev \u00f5huvoolu tehnoloogia.\" \/>\n<meta property=\"og:url\" content=\"https:\/\/noqq.energy\/en\/ventilatsiooniseadmed\/siber-hrv-evo-seeria-ventilatsiooniseadmed-evo-1-evo-2\/\" \/>\n<meta property=\"og:site_name\" content=\"NOQQ Energy\" \/>\n<meta property=\"article:modified_time\" content=\"2024-09-10T11:43:07+00:00\" \/>\n<meta name=\"twitter:card\" content=\"summary_large_image\" \/>\n<script type=\"application\/ld+json\" class=\"yoast-schema-graph\">{\"@context\":\"https:\/\/schema.org\",\"@graph\":[{\"@type\":\"WebPage\",\"@id\":\"https:\/\/noqq.energy\/et\/ventilatsiooniseadmed\/siber-hrv-evo-seeria-ventilatsiooniseadmed-evo-1-evo-2\/\",\"url\":\"https:\/\/noqq.energy\/et\/ventilatsiooniseadmed\/siber-hrv-evo-seeria-ventilatsiooniseadmed-evo-1-evo-2\/\",\"name\":\"Siber HRV EVO seeria ventilatsiooniseadmed - EVO 1, EVO 2 - NOQQ Energy\",\"isPartOf\":{\"@id\":\"https:\/\/noqq.energy\/#website\"},\"datePublished\":\"2024-09-10T11:42:43+00:00\",\"dateModified\":\"2024-09-10T11:43:07+00:00\",\"description\":\"Siber HRV EVO on k\u00f5rge j\u00f5udlusega soojustagastusega ventilatsiooniseade, millel on pidev \u00f5huvoolu tehnoloogia.\",\"breadcrumb\":{\"@id\":\"https:\/\/noqq.energy\/et\/ventilatsiooniseadmed\/siber-hrv-evo-seeria-ventilatsiooniseadmed-evo-1-evo-2\/#breadcrumb\"},\"inLanguage\":\"en-GB\",\"potentialAction\":[{\"@type\":\"ReadAction\",\"target\":[\"https:\/\/noqq.energy\/et\/ventilatsiooniseadmed\/siber-hrv-evo-seeria-ventilatsiooniseadmed-evo-1-evo-2\/\"]}]},{\"@type\":\"BreadcrumbList\",\"@id\":\"https:\/\/noqq.energy\/et\/ventilatsiooniseadmed\/siber-hrv-evo-seeria-ventilatsiooniseadmed-evo-1-evo-2\/#breadcrumb\",\"itemListElement\":[{\"@type\":\"ListItem\",\"position\":1,\"name\":\"Home\",\"item\":\"https:\/\/noqq.energy\/\"},{\"@type\":\"ListItem\",\"position\":2,\"name\":\"Ventilatsiooniseadmed\",\"item\":\"https:\/\/noqq.energy\/et\/ventilatsiooniseadmed\/\"},{\"@type\":\"ListItem\",\"position\":3,\"name\":\"Siber HRV EVO seeria ventilatsiooniseadmed &#8211; EVO 1, EVO 2\"}]},{\"@type\":\"WebSite\",\"@id\":\"https:\/\/noqq.energy\/#website\",\"url\":\"https:\/\/noqq.energy\/\",\"name\":\"NOQQ Energy\",\"description\":\"KVJ ja Taastuvenergia lahendused\",\"potentialAction\":[{\"@type\":\"SearchAction\",\"target\":{\"@type\":\"EntryPoint\",\"urlTemplate\":\"https:\/\/noqq.energy\/?s={search_term_string}\"},\"query-input\":{\"@type\":\"PropertyValueSpecification\",\"valueRequired\":true,\"valueName\":\"search_term_string\"}}],\"inLanguage\":\"en-GB\"}]}<\/script>\n<!-- \/ Yoast SEO plugin. -->","yoast_head_json":{"title":"Siber HRV EVO seeria ventilatsiooniseadmed - EVO 1, EVO 2 - NOQQ Energy","description":"Siber HRV EVO on k\u00f5rge j\u00f5udlusega soojustagastusega ventilatsiooniseade, millel on pidev \u00f5huvoolu tehnoloogia.","robots":{"index":"index","follow":"follow","max-snippet":"max-snippet:-1","max-image-preview":"max-image-preview:large","max-video-preview":"max-video-preview:-1"},"canonical":"https:\/\/noqq.energy\/en\/ventilatsiooniseadmed\/siber-hrv-evo-seeria-ventilatsiooniseadmed-evo-1-evo-2\/","og_locale":"en_GB","og_type":"article","og_title":"Siber HRV EVO seeria ventilatsiooniseadmed - EVO 1, EVO 2 - NOQQ Energy","og_description":"Siber HRV EVO on k\u00f5rge j\u00f5udlusega soojustagastusega ventilatsiooniseade, millel on pidev \u00f5huvoolu tehnoloogia.","og_url":"https:\/\/noqq.energy\/en\/ventilatsiooniseadmed\/siber-hrv-evo-seeria-ventilatsiooniseadmed-evo-1-evo-2\/","og_site_name":"NOQQ Energy","article_modified_time":"2024-09-10T11:43:07+00:00","twitter_card":"summary_large_image","schema":{"@context":"https:\/\/schema.org","@graph":[{"@type":"WebPage","@id":"https:\/\/noqq.energy\/et\/ventilatsiooniseadmed\/siber-hrv-evo-seeria-ventilatsiooniseadmed-evo-1-evo-2\/","url":"https:\/\/noqq.energy\/et\/ventilatsiooniseadmed\/siber-hrv-evo-seeria-ventilatsiooniseadmed-evo-1-evo-2\/","name":"Siber HRV EVO seeria ventilatsiooniseadmed - EVO 1, EVO 2 - NOQQ Energy","isPartOf":{"@id":"https:\/\/noqq.energy\/#website"},"datePublished":"2024-09-10T11:42:43+00:00","dateModified":"2024-09-10T11:43:07+00:00","description":"Siber HRV EVO on k\u00f5rge j\u00f5udlusega soojustagastusega ventilatsiooniseade, millel on pidev \u00f5huvoolu tehnoloogia.","breadcrumb":{"@id":"https:\/\/noqq.energy\/et\/ventilatsiooniseadmed\/siber-hrv-evo-seeria-ventilatsiooniseadmed-evo-1-evo-2\/#breadcrumb"},"inLanguage":"en-GB","potentialAction":[{"@type":"ReadAction","target":["https:\/\/noqq.energy\/et\/ventilatsiooniseadmed\/siber-hrv-evo-seeria-ventilatsiooniseadmed-evo-1-evo-2\/"]}]},{"@type":"BreadcrumbList","@id":"https:\/\/noqq.energy\/et\/ventilatsiooniseadmed\/siber-hrv-evo-seeria-ventilatsiooniseadmed-evo-1-evo-2\/#breadcrumb","itemListElement":[{"@type":"ListItem","position":1,"name":"Home","item":"https:\/\/noqq.energy\/"},{"@type":"ListItem","position":2,"name":"Ventilatsiooniseadmed","item":"https:\/\/noqq.energy\/et\/ventilatsiooniseadmed\/"},{"@type":"ListItem","position":3,"name":"Siber HRV EVO seeria ventilatsiooniseadmed &#8211; EVO 1, EVO 2"}]},{"@type":"WebSite","@id":"https:\/\/noqq.energy\/#website","url":"https:\/\/noqq.energy\/","name":"NOQQ Energy","description":"KVJ ja Taastuvenergia lahendused","potentialAction":[{"@type":"SearchAction","target":{"@type":"EntryPoint","urlTemplate":"https:\/\/noqq.energy\/?s={search_term_string}"},"query-input":{"@type":"PropertyValueSpecification","valueRequired":true,"valueName":"search_term_string"}}],"inLanguage":"en-GB"}]}},"_links":{"self":[{"href":"https:\/\/noqq.energy\/en\/wp-json\/wp\/v2\/pages\/11519","targetHints":{"allow":["GET"]}}],"collection":[{"href":"https:\/\/noqq.energy\/en\/wp-json\/wp\/v2\/pages"}],"about":[{"href":"https:\/\/noqq.energy\/en\/wp-json\/wp\/v2\/types\/page"}],"author":[{"embeddable":true,"href":"https:\/\/noqq.energy\/en\/wp-json\/wp\/v2\/users\/11"}],"replies":[{"embeddable":true,"href":"https:\/\/noqq.energy\/en\/wp-json\/wp\/v2\/comments?post=11519"}],"version-history":[{"count":4,"href":"https:\/\/noqq.energy\/en\/wp-json\/wp\/v2\/pages\/11519\/revisions"}],"predecessor-version":[{"id":11523,"href":"https:\/\/noqq.energy\/en\/wp-json\/wp\/v2\/pages\/11519\/revisions\/11523"}],"up":[{"embeddable":true,"href":"https:\/\/noqq.energy\/en\/wp-json\/wp\/v2\/pages\/11284"}],"wp:attachment":[{"href":"https:\/\/noqq.energy\/en\/wp-json\/wp\/v2\/media?parent=11519"}],"curies":[{"name":"wp","href":"https:\/\/api.w.org\/{rel}","templated":true}]}}