{"id":11857,"date":"2024-11-13T17:14:54","date_gmt":"2024-11-13T17:14:54","guid":{"rendered":"https:\/\/noqq.energy\/?page_id=11857"},"modified":"2024-11-13T17:30:11","modified_gmt":"2024-11-13T17:30:11","slug":"panasonic-j-polvkonna-monoblock-seeria-ohk-vesi-soojuspumbad-05-07-09","status":"publish","type":"page","link":"https:\/\/noqq.energy\/en\/ohk-vesi-soojuspumbad\/panasonic-j-polvkonna-monoblock-seeria-ohk-vesi-soojuspumbad-05-07-09\/","title":{"rendered":"Panasonic J generation Monoblock series air-to-water heat pumps \u2013 05, 07, 09"},"content":{"rendered":"<div data-elementor-type=\"wp-page\" data-elementor-id=\"11857\" class=\"elementor elementor-11857\">\n\t\t\t\t<div class=\"elementor-element elementor-element-33809c1 e-con-full e-flex e-con e-parent\" data-id=\"33809c1\" data-element_type=\"container\">\n\t\t\t\t<div class=\"elementor-element elementor-element-6ae8402 elementor-widget elementor-widget-shortcode\" data-id=\"6ae8402\" data-element_type=\"widget\" data-widget_type=\"shortcode.default\">\n\t\t\t\t<div class=\"elementor-widget-container\">\n\t\t\t\t\t<div class=\"elementor-shortcode\"><!--\n<html lang=\"en\">\n\n<head>\n    <meta charset=\"UTF-8\">\n    <meta name=\"viewport\" content=\"width=device-width, initial-scale=1.0\">\n\n    <link rel=\"stylesheet\" type=\"text\/css\" media=\"all\" href=\"style.css\" \/>\n\n    <link rel=\"preconnect\" href=\"https:\/\/fonts.googleapis.com\">\n    <link rel=\"preconnect\" href=\"https:\/\/fonts.gstatic.com\" crossorigin>\n    <link\n        href=\"https:\/\/fonts.googleapis.com\/css2?family=Jost:ital,wght@0,100..900;1,100..900&family=Kumbh+Sans:wght@100..900&family=Rubik:ital,wght@0,300..900;1,300..900&display=swap\"\n        rel=\"stylesheet\">\n\n    \n\n<\/head>\n-->\n<body id=\"noqq-product\">\n    <div id=\"noqq-hero\">\n        <div id=\"hero-left\">\n            <img decoding=\"async\" src=\"https:\/\/noqq.energy\/wp-content\/uploads\/2024\/11\/panasonic-J-seeria-ulemine.webp\" class=\"noqq-category-product-img\" alt=\"Panasonic J generation Monoblock series air-to-water heat pumps - 05, 07, 09\">\n        <\/div>\n        <div id=\"hero-right\">\n            <div id=\"product-category\">\n                <a href=\"https:\/\/noqq.energy\/en\/ohk-vesi-soojuspumbad\/\">\n                    <h3>air-water<\/h3>\n                <\/a>\n            <\/div>\n            <div id=\"product-title\">\n                <h1>Panasonic J generation Monoblock series air-to-water heat pumps - 05, 07, 09<\/h1>\n            <\/div>\n            <div id=\"option-container\"><div id=\"price\">3709.02 - 4463.11 \u20ac \u2013 Choose a model<\/div><div id=\"price_km\">VAT is added<\/div><div class='button-row' id='main-row'><button class='option-button' data-price='3709.02' data-surface='90'  >5kW (05)<\/button><button class='option-button' data-price='4081.97' data-surface='120'  >7kW (07)<\/button><button class='option-button' data-price='4463.11' data-surface='150'  >9kW (09)<\/button><\/div><\/div>\n            <div id=\"product-main-details\">\n                <div class='main-detail'>\n                    <h3>Total rated power: 5kW - 9kW<\/h3>\n                <\/div><div class='main-detail'>\n                    <h3>Control: Controller, App<\/h3>\n                <\/div><div class='main-detail'>\n                    <h3>Energy class: A++ <\/h3>\n                <\/div>            <\/div>\n            <div id=\"product-quote\">\n                <a class=\"quote-button\" href=\"https:\/\/noqq.energy\/en\/kontakt\/\">\n                    <span>Request a Quote<\/span>\n                    <span>\u2192<\/span>\n                <\/a>\n            <\/div>\n        <\/div>\n    <\/div>\n    <div id=\"product-description1\">\n        <div class=\"noqq-section\">\n            <p>The Panasonic Comfort Cloud app allows you to conveniently manage and monitor multiple home heat pumps and air conditioners from just one smart device. R32 refrigerant is innovative in all aspects: it is easy to install, it is more environmentally friendly than most other refrigerants and helps to save more energy. The result is greater well-being for both people and the planet.<\/p>\n        <\/div>\n    <\/div>\n    <div id=\"product-img-section\">\n        <div id=\"img-section-left\">\n            <h1 class=\"align-right\">Efficient and economical<\/h1>\n            <div id=\"img-section-highlights\">\n                <div class='img-section-highlight'>\n                    <div class='img-section-highlight-text'>\n                        <h3>Energy efficiency A+++<\/h3>\n                    <\/div>\n                    <img src='https:\/\/noqq.energy\/wp-content\/uploads\/2024\/10\/leaf.svg'>\n                <\/div><div class='img-section-highlight'>\n                    <div class='img-section-highlight-text'>\n                        <h3>Comfort Cloud app<\/h3>\n                    <\/div>\n                    <img src='https:\/\/noqq.energy\/wp-content\/uploads\/2024\/10\/wifi2.svg'>\n                <\/div>            <\/div>\n            <p class=\"align-right\">The Panasonic Comfort Cloud app allows you to conveniently manage and monitor multiple home heat pumps and air conditioners from just one smart device. R32 refrigerant is innovative in all aspects: it is easy to install, it is more environmentally friendly than most other refrigerants and helps to save more energy. The result is greater well-being for both people and the planet.            <\/p>\n        <\/div>\n        <div id=\"img-section-right\">\n            <img decoding=\"async\" src=\"https:\/\/noqq.energy\/wp-content\/uploads\/2024\/11\/panasonic-J-seeria-alumine.webp\" class=\"noqq-category-product-img\" alt=\"Panasonic J generation Monoblock series air-to-water heat pumps - 05, 07, 09\">\n        <\/div>\n    <\/div>\n    <div id=\"product-technical-details\">\n        <div class=\"noqq-section\">\n            <h2>Technical specifications and features:<\/h2>\n            <div id=\"technical-details-container\">\n                <h3 class='technical-detail'>Nominal voltage (50 Hz): 220 - 240 V<\/h3><h3 class='technical-detail'>Power: 5kW \/ 7kW \/ 9kW<\/h3><h3 class='technical-detail'>Frequency: 50 Hz<\/h3><h3 class='technical-detail'>Dimensions (H*W*D, mm): 865x1283x320 \/ 865x1283x320 \/ 865x1283x320<\/h3><h3 class='technical-detail'>Noise level (dB(A)): 48 \/ 50 \/ 51<\/h3><h3 class='technical-detail'>Mass (kg): 99 \/ 104 \/ 104<\/h3><h3 class='technical-detail'>Compressor type: Rotary compressor<\/h3><h3 class='technical-detail'>Refrigerant type: R32<\/h3><h3 class='technical-detail'>Operating temperature range: -23 - +35<\/h3><h3 class='technical-detail'>Height difference (input\/output): 20 m \/ 20 m \/ 30 m \/ 30 m<\/h3><h3 class='technical-detail'>Freezing quantity (kg): 1.3<\/h3><h3 class='technical-detail'>Gas pipe length range (m): 3-25<\/h3>            <\/div>\n        <\/div>\n\n    <\/div>\n    <div id=\"product-cta\">\n        <div class=\"noqq-section\">\n            <h2>Shall we heat?<\/h2>\n            <div id=\"product-quote\">\n                <a class=\"quote-button\" href=\"https:\/\/noqq.energy\/en\/kontakt\/\">\n                    <span>Contact us<\/span>\n                    <span>\u2192<\/span>\n                <\/a>\n            <\/div>\n        <\/div>\n    <\/div>\n    <div id=\"product-technical-details-img\">\n        <div class=\"noqq-section\">\n            <img decoding=\"async\" id=\"technical-details-img\"\n                src=\"\"\n                alt=\"\">\n        <\/div>\n\n    <\/div>\n    <div id=\"product-documents\">\n        <div class=\"noqq-section\">\n            <h2>Documents and guides<\/h2>\n            <div id=\"documents-container\">\n                <a href='https:\/\/noqq.energy\/wp-content\/uploads\/2024\/11\/Panasonic-ohk-vesi_6.pdf'>Panasonic J-Generation Series Product Sheet<\/a>            <\/div>\n        <\/div>\n    <\/div>\n    <script>\n  document.addEventListener('DOMContentLoaded', function() {\n      \n      const priceButtons = document.querySelectorAll('[data-price]');\n      const priceContainer = document.querySelector(\"#price\");\n      const priceContainerKM = document.querySelector(\"#price_km\");\n      \n      priceButtons.forEach(function(btn) {\n          btn.addEventListener(\"click\", function() {\n\n\n              if (isNaN(parseFloat(btn.getAttribute(\"data-price\")))) {\n                  priceContainer.innerHTML = \"<a style='color:white;text-decoration:underline' href='\/kontakt'>K\u00fcsi pakkumist<\/a>\";\n                priceContainerKM.innerHTML = \"<a style='color:white;text-decoration:underline;font-size:13px' href='\/kontakt'>Ask for price<\/a>\";\n                return;\n              }\n\n             addToString = \" \u20ac\";\n             if (btn.hasAttribute(\"data-surface\")) {\n                 addToString = \" \u20ac \u2013 \" + btn.getAttribute(\"data-surface\") + \"m\u00b2\";\n             }\n             priceContainer.textContent = Math.round(parseFloat(btn.getAttribute(\"data-price\")) * 1.2) + addToString;\n             priceContainerKM.textContent = btn.getAttribute(\"data-price\") + \" \u20ac + k\u00e4ibemaks\";\n          });\n      });\n      if (priceButtons.length == 1) { \/\/ product only has one model \/ button, display price immediately\n        priceContainerKM.textContent = priceButtons[0].getAttribute(\"data-price\") + \" \u20ac + k\u00e4ibemaks\";\n      }\n      \n      const buttons = document.querySelectorAll(\".option-button\");\n      buttons.forEach(function(btn) {\n          btn.addEventListener(\"click\", function() {\n              \n              \n              \n             \/\/ Remove active from other buttons in row\n             buttonsInRow = btn.parentElement.querySelectorAll(\"button\");\n             buttonsInRow.forEach(function(btn) {\n                btn.classList.remove(\"active\"); \n             });\n             \n             \n             btn.classList.add(\"active\");\n             \/\/ Check for images\n             if (btn.hasAttribute(\"data-url1\")) {\n                 imageElements = document.querySelectorAll(\".noqq-category-product-img\");\n                 imageElements[0].src = btn.getAttribute(\"data-url1\");\n                 if (btn.hasAttribute(\"data-url2\")) {\n                     imageElements[1].src = btn.getAttribute(\"data-url2\");\n                 }\n             }\n             \n             \n             \n             \/\/ Change technical description\n             if (btn.hasAttribute(\"data-description\")) {\n                 \n                \/\/ Remove active from other technical descrpitions\n                 specs = document.querySelectorAll(\".noqq-spec\");\n                 specs.forEach(function(spec) {\n                    spec.classList.remove(\"active\"); \n                 });\n                document.querySelector(\"#noqq-spec\" + btn.getAttribute(\"data-description\")).classList.add(\"active\");\n             }\n             \n              \n             if (btn.hasAttribute(\"data-value\")) {\n                 \n                 \/\/ Hide other sub-rows\n                 const rows = document.querySelectorAll('.button-row');\n                 rows.forEach(function(row) {\n                     \n                     buttonIndex = btn.getAttribute(\"data-value\").split(\"_\")[0];\n\n                     \n                     if (row.getAttribute(\"id\").includes(buttonIndex)) {\n                         row.classList.remove(\"active\");\n                         \n                         Array.from(row.children).forEach(function(btn) {\n                            btn.classList.remove(\"active\"); \n                         });\n                     }\n                 });\n                 \n                 \/\/ Show sub-row\n                 document.querySelector(\"#\" + btn.getAttribute(\"data-value\")).classList.add(\"active\");\n                 \n             }\n             \/\/ else is data-price button\n          });\n      });\n      \n  });\n      \n      \n      \n      \n      \n      \n      \n      \n      \/*\n    const mainRowButtons = document.querySelectorAll('#main-row .price-button');\n    const subRows = document.querySelectorAll('.sub-row');\n\n    mainRowButtons.forEach(function(button) {\n      button.addEventListener('click', function() {\n        mainRowButtons.forEach(function(button) {\n      button.classList.remove(\"active\");});\n        button.classList.add(\"active\");\n        const value = button.getAttribute('data-value').split(\"-\").pop();\n        showSubRow(value);\n      });\n    });\n\n    function showSubRow(value) {\n      subRows.forEach(function(row) {\n        row.classList.remove('active');\n        const rowButtons = row.querySelectorAll('.price-button');\n        rowButtons.forEach(function(btn) {\n            btn.classList.remove(\"active\");\n        });\n      });\n\n      const subRowId = 'sub-row-' + value;\n      const subRow = document.getElementById(subRowId);\n      if (subRow) {\n        subRow.classList.add('active');\n      }\n      \n      const activeButtons = subRow.querySelectorAll('.price-button');\n        activeButtons.forEach(function(button) {\n          button.addEventListener('click', function() {\n              activeButtons.forEach(function(button) {\n      button.classList.remove(\"active\");});\n             button.classList.add(\"active\");\n            const priceValue = button.getAttribute('data-value');\n            const priceContainer = document.getElementById('price');\n            priceContainer.textContent = priceValue + \" \u20ac\";\n          });\n        });\n    }\n  });*\/\n<\/script>\n<\/body>\n<\/div>\n\t\t\t\t<\/div>\n\t\t\t\t<\/div>\n\t\t\t\t<\/div>\n\t\t\t\t<\/div>","protected":false},"excerpt":{"rendered":"","protected":false},"author":11,"featured_media":0,"parent":5716,"menu_order":0,"comment_status":"closed","ping_status":"closed","template":"elementor_header_footer","meta":{"_et_pb_use_builder":"","_et_pb_old_content":"","_et_gb_content_width":"","_monsterinsights_skip_tracking":false,"_monsterinsights_sitenote_active":false,"_monsterinsights_sitenote_note":"","_monsterinsights_sitenote_category":0,"footnotes":""},"class_list":["post-11857","page","type-page","status-publish","hentry"],"yoast_head":"<!-- This site is optimized with the Yoast SEO plugin v23.8 - https:\/\/yoast.com\/wordpress\/plugins\/seo\/ -->\n<title>Panasonic J p\u00f5lvkonna Monoblock seeria \u00f5hk-vesi soojuspumbad - 05, 07, 09 - NOQQ Energy<\/title>\n<meta name=\"description\" content=\"Panasonicu J p\u00f5lvkonna monoblock \u00f5hk-vesi soojuspumbad mugavaks ja s\u00e4\u00e4stlikuks k\u00fctmiseks koju v\u00f5i muude hoonesse.\" \/>\n<meta name=\"robots\" content=\"index, follow, max-snippet:-1, max-image-preview:large, max-video-preview:-1\" \/>\n<link rel=\"canonical\" href=\"https:\/\/noqq.energy\/en\/ohk-vesi-soojuspumbad\/panasonic-j-polvkonna-monoblock-seeria-ohk-vesi-soojuspumbad-05-07-09\/\" \/>\n<meta property=\"og:locale\" content=\"en_GB\" \/>\n<meta property=\"og:type\" content=\"article\" \/>\n<meta property=\"og:title\" content=\"Panasonic J p\u00f5lvkonna Monoblock seeria \u00f5hk-vesi soojuspumbad - 05, 07, 09 - NOQQ Energy\" \/>\n<meta property=\"og:description\" content=\"Panasonicu J p\u00f5lvkonna monoblock \u00f5hk-vesi soojuspumbad mugavaks ja s\u00e4\u00e4stlikuks k\u00fctmiseks koju v\u00f5i muude hoonesse.\" \/>\n<meta property=\"og:url\" content=\"https:\/\/noqq.energy\/en\/ohk-vesi-soojuspumbad\/panasonic-j-polvkonna-monoblock-seeria-ohk-vesi-soojuspumbad-05-07-09\/\" \/>\n<meta property=\"og:site_name\" content=\"NOQQ Energy\" \/>\n<meta property=\"article:modified_time\" content=\"2024-11-13T17:30:11+00:00\" \/>\n<meta name=\"twitter:card\" content=\"summary_large_image\" \/>\n<meta name=\"twitter:label1\" content=\"Estimated reading time\" \/>\n\t<meta name=\"twitter:data1\" content=\"1 minute\" \/>\n<script type=\"application\/ld+json\" class=\"yoast-schema-graph\">{\"@context\":\"https:\/\/schema.org\",\"@graph\":[{\"@type\":\"WebPage\",\"@id\":\"https:\/\/noqq.energy\/ohk-vesi-soojuspumbad\/panasonic-j-polvkonna-monoblock-seeria-ohk-vesi-soojuspumbad-05-07-09\/\",\"url\":\"https:\/\/noqq.energy\/ohk-vesi-soojuspumbad\/panasonic-j-polvkonna-monoblock-seeria-ohk-vesi-soojuspumbad-05-07-09\/\",\"name\":\"Panasonic J p\u00f5lvkonna Monoblock seeria \u00f5hk-vesi soojuspumbad - 05, 07, 09 - NOQQ Energy\",\"isPartOf\":{\"@id\":\"https:\/\/noqq.energy\/#website\"},\"datePublished\":\"2024-11-13T17:14:54+00:00\",\"dateModified\":\"2024-11-13T17:30:11+00:00\",\"description\":\"Panasonicu J p\u00f5lvkonna monoblock \u00f5hk-vesi soojuspumbad mugavaks ja s\u00e4\u00e4stlikuks k\u00fctmiseks koju v\u00f5i muude hoonesse.\",\"breadcrumb\":{\"@id\":\"https:\/\/noqq.energy\/ohk-vesi-soojuspumbad\/panasonic-j-polvkonna-monoblock-seeria-ohk-vesi-soojuspumbad-05-07-09\/#breadcrumb\"},\"inLanguage\":\"en-GB\",\"potentialAction\":[{\"@type\":\"ReadAction\",\"target\":[\"https:\/\/noqq.energy\/ohk-vesi-soojuspumbad\/panasonic-j-polvkonna-monoblock-seeria-ohk-vesi-soojuspumbad-05-07-09\/\"]}]},{\"@type\":\"BreadcrumbList\",\"@id\":\"https:\/\/noqq.energy\/ohk-vesi-soojuspumbad\/panasonic-j-polvkonna-monoblock-seeria-ohk-vesi-soojuspumbad-05-07-09\/#breadcrumb\",\"itemListElement\":[{\"@type\":\"ListItem\",\"position\":1,\"name\":\"Home\",\"item\":\"https:\/\/noqq.energy\/\"},{\"@type\":\"ListItem\",\"position\":2,\"name\":\"\u00d5hk-vesi soojuspumbad\",\"item\":\"https:\/\/noqq.energy\/ohk-vesi-soojuspumbad\/\"},{\"@type\":\"ListItem\",\"position\":3,\"name\":\"Panasonic J p\u00f5lvkonna Monoblock seeria \u00f5hk-vesi soojuspumbad &#8211; 05, 07, 09\"}]},{\"@type\":\"WebSite\",\"@id\":\"https:\/\/noqq.energy\/#website\",\"url\":\"https:\/\/noqq.energy\/\",\"name\":\"NOQQ Energy\",\"description\":\"KVJ ja Taastuvenergia lahendused\",\"potentialAction\":[{\"@type\":\"SearchAction\",\"target\":{\"@type\":\"EntryPoint\",\"urlTemplate\":\"https:\/\/noqq.energy\/?s={search_term_string}\"},\"query-input\":{\"@type\":\"PropertyValueSpecification\",\"valueRequired\":true,\"valueName\":\"search_term_string\"}}],\"inLanguage\":\"en-GB\"}]}<\/script>\n<!-- \/ Yoast SEO plugin. -->","yoast_head_json":{"title":"Panasonic J p\u00f5lvkonna Monoblock seeria \u00f5hk-vesi soojuspumbad - 05, 07, 09 - NOQQ Energy","description":"Panasonicu J p\u00f5lvkonna monoblock \u00f5hk-vesi soojuspumbad mugavaks ja s\u00e4\u00e4stlikuks k\u00fctmiseks koju v\u00f5i muude hoonesse.","robots":{"index":"index","follow":"follow","max-snippet":"max-snippet:-1","max-image-preview":"max-image-preview:large","max-video-preview":"max-video-preview:-1"},"canonical":"https:\/\/noqq.energy\/en\/ohk-vesi-soojuspumbad\/panasonic-j-polvkonna-monoblock-seeria-ohk-vesi-soojuspumbad-05-07-09\/","og_locale":"en_GB","og_type":"article","og_title":"Panasonic J p\u00f5lvkonna Monoblock seeria \u00f5hk-vesi soojuspumbad - 05, 07, 09 - NOQQ Energy","og_description":"Panasonicu J p\u00f5lvkonna monoblock \u00f5hk-vesi soojuspumbad mugavaks ja s\u00e4\u00e4stlikuks k\u00fctmiseks koju v\u00f5i muude hoonesse.","og_url":"https:\/\/noqq.energy\/en\/ohk-vesi-soojuspumbad\/panasonic-j-polvkonna-monoblock-seeria-ohk-vesi-soojuspumbad-05-07-09\/","og_site_name":"NOQQ Energy","article_modified_time":"2024-11-13T17:30:11+00:00","twitter_card":"summary_large_image","twitter_misc":{"Estimated reading time":"1 minute"},"schema":{"@context":"https:\/\/schema.org","@graph":[{"@type":"WebPage","@id":"https:\/\/noqq.energy\/ohk-vesi-soojuspumbad\/panasonic-j-polvkonna-monoblock-seeria-ohk-vesi-soojuspumbad-05-07-09\/","url":"https:\/\/noqq.energy\/ohk-vesi-soojuspumbad\/panasonic-j-polvkonna-monoblock-seeria-ohk-vesi-soojuspumbad-05-07-09\/","name":"Panasonic J p\u00f5lvkonna Monoblock seeria \u00f5hk-vesi soojuspumbad - 05, 07, 09 - NOQQ Energy","isPartOf":{"@id":"https:\/\/noqq.energy\/#website"},"datePublished":"2024-11-13T17:14:54+00:00","dateModified":"2024-11-13T17:30:11+00:00","description":"Panasonicu J p\u00f5lvkonna monoblock \u00f5hk-vesi soojuspumbad mugavaks ja s\u00e4\u00e4stlikuks k\u00fctmiseks koju v\u00f5i muude hoonesse.","breadcrumb":{"@id":"https:\/\/noqq.energy\/ohk-vesi-soojuspumbad\/panasonic-j-polvkonna-monoblock-seeria-ohk-vesi-soojuspumbad-05-07-09\/#breadcrumb"},"inLanguage":"en-GB","potentialAction":[{"@type":"ReadAction","target":["https:\/\/noqq.energy\/ohk-vesi-soojuspumbad\/panasonic-j-polvkonna-monoblock-seeria-ohk-vesi-soojuspumbad-05-07-09\/"]}]},{"@type":"BreadcrumbList","@id":"https:\/\/noqq.energy\/ohk-vesi-soojuspumbad\/panasonic-j-polvkonna-monoblock-seeria-ohk-vesi-soojuspumbad-05-07-09\/#breadcrumb","itemListElement":[{"@type":"ListItem","position":1,"name":"Home","item":"https:\/\/noqq.energy\/"},{"@type":"ListItem","position":2,"name":"\u00d5hk-vesi soojuspumbad","item":"https:\/\/noqq.energy\/ohk-vesi-soojuspumbad\/"},{"@type":"ListItem","position":3,"name":"Panasonic J p\u00f5lvkonna Monoblock seeria \u00f5hk-vesi soojuspumbad &#8211; 05, 07, 09"}]},{"@type":"WebSite","@id":"https:\/\/noqq.energy\/#website","url":"https:\/\/noqq.energy\/","name":"NOQQ Energy","description":"KVJ ja Taastuvenergia lahendused","potentialAction":[{"@type":"SearchAction","target":{"@type":"EntryPoint","urlTemplate":"https:\/\/noqq.energy\/?s={search_term_string}"},"query-input":{"@type":"PropertyValueSpecification","valueRequired":true,"valueName":"search_term_string"}}],"inLanguage":"en-GB"}]}},"_links":{"self":[{"href":"https:\/\/noqq.energy\/en\/wp-json\/wp\/v2\/pages\/11857","targetHints":{"allow":["GET"]}}],"collection":[{"href":"https:\/\/noqq.energy\/en\/wp-json\/wp\/v2\/pages"}],"about":[{"href":"https:\/\/noqq.energy\/en\/wp-json\/wp\/v2\/types\/page"}],"author":[{"embeddable":true,"href":"https:\/\/noqq.energy\/en\/wp-json\/wp\/v2\/users\/11"}],"replies":[{"embeddable":true,"href":"https:\/\/noqq.energy\/en\/wp-json\/wp\/v2\/comments?post=11857"}],"version-history":[{"count":5,"href":"https:\/\/noqq.energy\/en\/wp-json\/wp\/v2\/pages\/11857\/revisions"}],"predecessor-version":[{"id":11866,"href":"https:\/\/noqq.energy\/en\/wp-json\/wp\/v2\/pages\/11857\/revisions\/11866"}],"up":[{"embeddable":true,"href":"https:\/\/noqq.energy\/en\/wp-json\/wp\/v2\/pages\/5716"}],"wp:attachment":[{"href":"https:\/\/noqq.energy\/en\/wp-json\/wp\/v2\/media?parent=11857"}],"curies":[{"name":"wp","href":"https:\/\/api.w.org\/{rel}","templated":true}]}}