{"id":11946,"date":"2024-11-28T19:02:15","date_gmt":"2024-11-28T19:02:15","guid":{"rendered":"https:\/\/noqq.energy\/?page_id=11946"},"modified":"2024-11-28T20:13:25","modified_gmt":"2024-11-28T20:13:25","slug":"soojuspumba-hooldus","status":"publish","type":"page","link":"https:\/\/noqq.energy\/en\/soojuspumba-hooldus\/","title":{"rendered":"Heat Pump Maintenance"},"content":{"rendered":"<div data-elementor-type=\"wp-page\" data-elementor-id=\"11946\" class=\"elementor elementor-11946\">\n\t\t\t\t<div class=\"elementor-element elementor-element-5c41314 e-flex e-con-boxed e-con e-parent\" data-id=\"5c41314\" data-element_type=\"container\" data-settings=\"{&quot;background_background&quot;:&quot;classic&quot;}\">\n\t\t\t\t\t<div class=\"e-con-inner\">\n\t\t<div class=\"elementor-element elementor-element-e53239b e-con-full e-flex e-con e-child\" data-id=\"e53239b\" data-element_type=\"container\">\n\t\t<div class=\"elementor-element elementor-element-65642ff e-con-full e-flex e-con e-child\" data-id=\"65642ff\" data-element_type=\"container\">\n\t\t<div class=\"elementor-element elementor-element-32e76a7 e-con-full e-flex e-con e-child\" data-id=\"32e76a7\" data-element_type=\"container\">\n\t\t\t\t<div class=\"elementor-element elementor-element-cda6856 elementor-widget__width-initial elementor-widget-tablet__width-inherit elementor-widget-mobile__width-inherit elementor-widget elementor-widget-heading\" data-id=\"cda6856\" data-element_type=\"widget\" data-widget_type=\"heading.default\">\n\t\t\t\t<div class=\"elementor-widget-container\">\n\t\t\t<p class=\"elementor-heading-title elementor-size-default\">We offer treatments:<\/p>\t\t<\/div>\n\t\t\t\t<\/div>\n\t\t\t\t<div class=\"elementor-element elementor-element-3166417 elementor-widget elementor-widget-text-editor\" data-id=\"3166417\" data-element_type=\"widget\" data-widget_type=\"text-editor.default\">\n\t\t\t\t<div class=\"elementor-widget-container\">\n\t\t\t\t\t\t\t<p><a style=\"color: initial;\" href=\"#soojuspumbad\">Heat pumps<\/a><br \/><a style=\"color: initial;\" href=\"#ventilatsioon\">Ventilation<\/a><\/p>\t\t\t\t\t\t<\/div>\n\t\t\t\t<\/div>\n\t\t\t\t<\/div>\n\t\t<div class=\"elementor-element elementor-element-1ce60bc e-con-full e-flex e-con e-child\" data-id=\"1ce60bc\" data-element_type=\"container\">\n\t\t\t\t<div class=\"elementor-element elementor-element-f014793 elementor-widget__width-initial elementor-widget-tablet__width-inherit elementor-widget-mobile__width-inherit elementor-widget elementor-widget-text-editor\" data-id=\"f014793\" data-element_type=\"widget\" data-widget_type=\"text-editor.default\">\n\t\t\t\t<div class=\"elementor-widget-container\">\n\t\t\t\t\t\t\t<p>Contact us for maintenance consultation:<\/p>\t\t\t\t\t\t<\/div>\n\t\t\t\t<\/div>\n\t\t\t\t<div class=\"elementor-element elementor-element-702ee99 elementor-align-left elementor-widget elementor-widget-button\" data-id=\"702ee99\" data-element_type=\"widget\" data-widget_type=\"button.default\">\n\t\t\t\t<div class=\"elementor-widget-container\">\n\t\t\t\t\t\t\t<div class=\"elementor-button-wrapper\">\n\t\t\t\t\t<a class=\"elementor-button elementor-button-link elementor-size-sm\" href=\"\/en\/kontakt\/\">\n\t\t\t\t\t\t<span class=\"elementor-button-content-wrapper\">\n\t\t\t\t\t\t\t\t\t<span class=\"elementor-button-text\">Contact<\/span>\n\t\t\t\t\t<\/span>\n\t\t\t\t\t<\/a>\n\t\t\t\t<\/div>\n\t\t\t\t\t\t<\/div>\n\t\t\t\t<\/div>\n\t\t\t\t<\/div>\n\t\t\t\t<\/div>\n\t\t\t\t<div class=\"elementor-element elementor-element-e1b3c89 elementor-widget__width-initial elementor-widget-tablet__width-inherit elementor-widget-mobile__width-inherit elementor-widget elementor-widget-heading\" data-id=\"e1b3c89\" data-element_type=\"widget\" id=\"soojuspumbad\" data-widget_type=\"heading.default\">\n\t\t\t\t<div class=\"elementor-widget-container\">\n\t\t\t<h1 class=\"elementor-heading-title elementor-size-default\">Maintenance keeps the heat pump reliable and economical!<\/h1>\t\t<\/div>\n\t\t\t\t<\/div>\n\t\t\t\t<div class=\"elementor-element elementor-element-644fb10 elementor-widget elementor-widget-text-editor\" data-id=\"644fb10\" data-element_type=\"widget\" data-widget_type=\"text-editor.default\">\n\t\t\t\t<div class=\"elementor-widget-container\">\n\t\t\t\t\t\t\t<p>Regular maintenance of heat pumps (air-to-water, air-to-air and ground heating) is essential to ensure their efficient operation, extend the life of the device and avoid costly repairs. An unmaintained heat pump can begin to consume more energy, which increases heating costs and reduces the reliability of the device.<\/p><div class=\"message_d5deea cozyMessage_d5deea wrapper_f9f2ca cozy_f9f2ca zalgo_f9f2ca\" tabindex=\"-1\" role=\"article\" data-list-item-id=\"chat-messages___chat-messages-1278382990728368201-1306201120502317066\" aria-setsize=\"-1\" aria-roledescription=\"Message\" aria-labelledby=\"message-username-1306201058187415634 uid_1 message-content-1306201120502317066 uid_2 message-timestamp-1306201120502317066\"><div class=\"contents_f9f2ca\"><div id=\"message-content-1306201120502317066\" class=\"markup_f8f345 messageContent_f9f2ca\">Why is maintenance important?<\/div><div>\u00a0<\/div><ul><li class=\"markup_f8f345 messageContent_f9f2ca\">Efficiency: Removing dust, dirt and other contamination from the filters and internal parts of the unit helps to maintain the efficiency of the heat pump.<\/li><li class=\"markup_f8f345 messageContent_f9f2ca\">Savings in energy costs: A clean and well-maintained pump works with lower energy consumption, keeping heating costs lower.<\/li><li class=\"markup_f8f345 messageContent_f9f2ca\">Longevity of the device: Regular maintenance helps to prevent failures and extend the life of the device.<\/li><li class=\"markup_f8f345 messageContent_f9f2ca\">Healthier indoor air: Especially with an air-to-air heat pump, maintenance ensures that the air you breathe in your home is cleaner and healthier.<p>Choose our professional maintenance service and keep your heat pump in top shape. We take care that your home is energy efficient and comfortable all year round!<\/p><\/li><\/ul><\/div><\/div>\t\t\t\t\t\t<\/div>\n\t\t\t\t<\/div>\n\t\t\t\t<div class=\"elementor-element elementor-element-954e86e elementor-widget__width-initial elementor-widget-tablet__width-inherit elementor-widget-mobile__width-inherit elementor-widget elementor-widget-heading\" data-id=\"954e86e\" data-element_type=\"widget\" id=\"ventilatsioon\" data-widget_type=\"heading.default\">\n\t\t\t\t<div class=\"elementor-widget-container\">\n\t\t\t<h1 class=\"elementor-heading-title elementor-size-default\">Maintenance of ventilation<\/h1>\t\t<\/div>\n\t\t\t\t<\/div>\n\t\t\t\t<div class=\"elementor-element elementor-element-f069932 elementor-widget elementor-widget-text-editor\" data-id=\"f069932\" data-element_type=\"widget\" data-widget_type=\"text-editor.default\">\n\t\t\t\t<div class=\"elementor-widget-container\">\n\t\t\t\t\t\t\tVentilation maintenance is necessary in order to extend the life of the equipment and achieve maximum energy savings. Regular maintenance of ventilation equipment helps to save the operating costs of the equipment and saves the environment.\n\n<span style=\"font-size: 15px; text-align: var(--text-align);\">Unmaintained ventilation systems affect air quality and thus our health, and increase electricity consumption through inefficient operation of the equipment. The biggest expense in ventilation maintenance is the ventilation filters, which become clogged with dust and dirt over time. In order to ensure a longer life of the equipment and energy savings, the filters should be changed twice a year.<\/span>\n<div class=\"message_d5deea cozyMessage_d5deea groupStart_d5deea wrapper_f9f2ca cozy_f9f2ca zalgo_f9f2ca\" tabindex=\"-1\" role=\"article\" data-list-item-id=\"chat-messages___chat-messages-1278382990728368201-1306166659622633503\" aria-setsize=\"-1\" aria-roledescription=\"Message\" aria-labelledby=\"message-username-1306166659622633503 uid_1 message-content-1306166659622633503 uid_2 message-timestamp-1306166659622633503\">\n<div class=\"contents_f9f2ca\">\n<div id=\"message-content-1306166659622633503\" class=\"markup_f8f345 messageContent_f9f2ca\">Some of the work we perform during maintenance:<\/div>\n<div class=\"markup_f8f345 messageContent_f9f2ca\">\u2013 We check the filters and replace them if necessary,<\/div>\n<div class=\"markup_f8f345 messageContent_f9f2ca\">\u2013 We check the heat exchangers and clean them as necessary,<\/div>\n<div class=\"markup_f8f345 messageContent_f9f2ca\">\u2013 We check and set up frost protection devices<\/div>\n<div class=\"markup_f8f345 messageContent_f9f2ca\">\u2013 We check the condition of the measuring parts and sensors and carry out maintenance and adjustment<\/div>\n<div class=\"markup_f8f345 messageContent_f9f2ca\">\u2013 We check and maintain electrical systems and their connections<\/div>\n<div class=\"markup_f8f345 messageContent_f9f2ca\">\u2013 We tighten and align the belts<\/div>\n<\/div>\n<div class=\"buttonContainer_f9f2ca\">\n<div class=\"buttons_d5deea container_a3b500 isHeader_a3b500\" role=\"group\" aria-label=\"Message Actions\">\n<div class=\"buttonsInner_d5deea popover_e986d9 popoverReactionHoverBar_e986d9 wrapper_f7e168\">\n<div class=\"hoverBarButton_e986d9 button_f7e168\" tabindex=\"0\" role=\"button\" aria-label=\"Click to react with thumbsup\">\n<div class=\"icon_e986d9 buttonContent_e986d9\">\n<div class=\"emoji emoji_a3b500\" role=\"img\" data-type=\"emoji\" data-name=\"\ud83d\udc4d\" aria-label=\"\"><\/div>\n<\/div>\n<\/div>\n<div class=\"hoverBarButton_e986d9 button_f7e168\" tabindex=\"0\" role=\"button\" aria-label=\"Click to react with heart\">\n<div class=\"icon_e986d9 buttonContent_e986d9\">\n<div class=\"emoji emoji_a3b500\" role=\"img\" data-type=\"emoji\" data-name=\"\u2764\ufe0f\" aria-label=\"\">If you want an object-specific price e.g. maintenance of the unit 2 times a year or 4 times, etc. then you would get to know each object separately. NB! Through us, you can also get all the consumables needed for ventilation maintenance (filters, belts, etc.) on the basis of a separate price offer. Regular maintenance work performed on the equipment:<\/div>\n<div class=\"emoji emoji_a3b500\" role=\"img\" data-type=\"emoji\" data-name=\"\u2764\ufe0f\" aria-label=\"\">\u2013 Inspection and cleaning of outdoor air grilles;<\/div>\n<div class=\"emoji emoji_a3b500\" role=\"img\" data-type=\"emoji\" data-name=\"\u2764\ufe0f\" aria-label=\"\">\u2013 Inspection and cleaning of air intake chambers and channels;<\/div>\n<div class=\"emoji emoji_a3b500\" role=\"img\" data-type=\"emoji\" data-name=\"\u2764\ufe0f\" aria-label=\"\">\u2013 Checking and cleaning the valves of the device;<\/div>\n<div class=\"emoji emoji_a3b500\" role=\"img\" data-type=\"emoji\" data-name=\"\u2764\ufe0f\" aria-label=\"\">\u2013 Control and maintenance of the operation of mixing units, including actuator motors;<\/div>\n<div class=\"emoji emoji_a3b500\" role=\"img\" data-type=\"emoji\" data-name=\"\u2764\ufe0f\" aria-label=\"\">\u2013 Internal and external cleaning of ventilation equipment;<\/div>\n<div class=\"emoji emoji_a3b500\" role=\"img\" data-type=\"emoji\" data-name=\"\u2764\ufe0f\" aria-label=\"\">\u2013 Checking the dirtiness of the filters and determining the need for replacement;<\/div>\n<div class=\"emoji emoji_a3b500\" role=\"img\" data-type=\"emoji\" data-name=\"\u2764\ufe0f\" aria-label=\"\">\u2013 Change of filters (as needed and agreed with the customer);<\/div>\n<div class=\"emoji emoji_a3b500\" role=\"img\" data-type=\"emoji\" data-name=\"\u2764\ufe0f\" aria-label=\"\">\u2013 Obtaining new filters (as needed and agreed with the customer);<\/div>\n<div class=\"emoji emoji_a3b500\" role=\"img\" data-type=\"emoji\" data-name=\"\u2764\ufe0f\" aria-label=\"\">\u2013 Disposal and proper handling of used filters and other service-related waste;<\/div>\n<div class=\"emoji emoji_a3b500\" role=\"img\" data-type=\"emoji\" data-name=\"\u2764\ufe0f\" aria-label=\"\">\u2013 Checking and setting up cold protection devices;<\/div>\n<div class=\"emoji emoji_a3b500\" role=\"img\" data-type=\"emoji\" data-name=\"\u2764\ufe0f\" aria-label=\"\">\u2013 Inspection of heat exchangers, (cleaning as needed and in agreement with the customer);<\/div>\n<div class=\"emoji emoji_a3b500\" role=\"img\" data-type=\"emoji\" data-name=\"\u2764\ufe0f\" aria-label=\"\">\u2013 Inspection, maintenance and setting of measuring parts, sensors; -Control and setting of working parameters;<\/div>\n<div class=\"emoji emoji_a3b500\" role=\"img\" data-type=\"emoji\" data-name=\"\u2764\ufe0f\" aria-label=\"\">\u2013 Inspection and maintenance of electrical systems, including their connections;<\/div>\n<div class=\"emoji emoji_a3b500\" role=\"img\" data-type=\"emoji\" data-name=\"\u2764\ufe0f\" aria-label=\"\">\u2013 Inspection, maintenance, adjustment of fan parts (lubrication as needed and agreed with the customer);<\/div>\n<div class=\"emoji emoji_a3b500\" role=\"img\" data-type=\"emoji\" data-name=\"\u2764\ufe0f\" aria-label=\"\">\u2013 Tightening, alignment of belts (change as needed);<\/div>\n<div class=\"emoji emoji_a3b500\" role=\"img\" data-type=\"emoji\" data-name=\"\u2764\ufe0f\" aria-label=\"\">\u2013 Determining the need and quantity of maintenance and repair materials and presenting them to the customer;<\/div>\n<div class=\"emoji emoji_a3b500\" role=\"img\" data-type=\"emoji\" data-name=\"\u2764\ufe0f\" aria-label=\"\">\u2013 Carrying out all the necessary actions, including checking, organizing and setting up the systems related to the equipment (including building automation), which are necessary for the effective and long-term operation of the ventilation equipment and the prevention of accidents;<\/div>\n<\/div>\n<\/div>\n<\/div>\n<\/div>\n<\/div>\n<\/div>\t\t\t\t\t\t<\/div>\n\t\t\t\t<\/div>\n\t\t\t\t<\/div>\n\t\t\t\t\t<\/div>\n\t\t\t\t<\/div>\n\t\t<div class=\"elementor-element elementor-element-48a7737 e-flex e-con-boxed e-con e-parent\" data-id=\"48a7737\" data-element_type=\"container\" data-settings=\"{&quot;background_background&quot;:&quot;classic&quot;}\">\n\t\t\t\t\t<div class=\"e-con-inner\">\n\t\t\t\t\t<\/div>\n\t\t\t\t<\/div>\n\t\t\t\t<\/div>","protected":false},"excerpt":{"rendered":"<p>We offer maintenance: Heat pumpsVentilation Contact us for a maintenance consultation: Contact Maintenance keeps your heat pump reliable and economical! Regular maintenance of heat pumps (air-to-water, air-to-air and geothermal) is essential to ensure their efficient operation, extend the life of the device and avoid costly repairs. An unattended heat pump can start to consume more energy, which increases heating costs and reduces the reliability of the device. Why is maintenance important? Efficiency: [\u2026]<\/p>","protected":false},"author":11,"featured_media":0,"parent":0,"menu_order":0,"comment_status":"closed","ping_status":"closed","template":"elementor_header_footer","meta":{"_et_pb_use_builder":"","_et_pb_old_content":"","_et_gb_content_width":"","_monsterinsights_skip_tracking":false,"_monsterinsights_sitenote_active":false,"_monsterinsights_sitenote_note":"","_monsterinsights_sitenote_category":0,"footnotes":""},"class_list":["post-11946","page","type-page","status-publish","hentry"],"yoast_head":"<!-- This site is optimized with the Yoast SEO plugin v23.8 - https:\/\/yoast.com\/wordpress\/plugins\/seo\/ -->\n<title>Soojuspumba Hooldus - NOQQ Energy<\/title>\n<meta name=\"robots\" content=\"index, follow, max-snippet:-1, max-image-preview:large, max-video-preview:-1\" \/>\n<link rel=\"canonical\" href=\"https:\/\/noqq.energy\/en\/soojuspumba-hooldus\/\" \/>\n<meta property=\"og:locale\" content=\"en_GB\" \/>\n<meta property=\"og:type\" content=\"article\" \/>\n<meta property=\"og:title\" content=\"Soojuspumba Hooldus - NOQQ Energy\" \/>\n<meta property=\"og:description\" content=\"Pakume hooldusi: SoojuspumbadVentilatsioon V\u00f5ta hoolduse konsultatsiooniks meiega \u00fchendust: Kontakt Hooldus hoiab soojuspumba t\u00f6\u00f6kindla ja \u00f6konoomsena! Soojuspumpade (\u00f5hk-vesi, \u00f5hk-\u00f5hk ja maak\u00fctte) regulaarne hooldus on h\u00e4davajalik, et tagada nende efektiivne t\u00f6\u00f6, pikendada seadme eluiga ja v\u00e4ltida kulukaid remontt\u00f6id. Hooldamata soojuspump v\u00f5ib hakata tarbima rohkem energiat, mis t\u00f5stab k\u00fcttekulusid ja v\u00e4hendab seadme t\u00f6\u00f6kindlust. Miks on hooldus oluline?\u00a0 Efektiivsus: [&hellip;]\" \/>\n<meta property=\"og:url\" content=\"https:\/\/noqq.energy\/en\/soojuspumba-hooldus\/\" \/>\n<meta property=\"og:site_name\" content=\"NOQQ Energy\" \/>\n<meta property=\"article:modified_time\" content=\"2024-11-28T20:13:25+00:00\" \/>\n<meta name=\"twitter:card\" content=\"summary_large_image\" \/>\n<meta name=\"twitter:label1\" content=\"Estimated reading time\" \/>\n\t<meta name=\"twitter:data1\" content=\"2 minutes\" \/>\n<script type=\"application\/ld+json\" class=\"yoast-schema-graph\">{\"@context\":\"https:\/\/schema.org\",\"@graph\":[{\"@type\":\"WebPage\",\"@id\":\"https:\/\/noqq.energy\/soojuspumba-hooldus\/\",\"url\":\"https:\/\/noqq.energy\/soojuspumba-hooldus\/\",\"name\":\"Soojuspumba Hooldus - NOQQ Energy\",\"isPartOf\":{\"@id\":\"https:\/\/noqq.energy\/#website\"},\"datePublished\":\"2024-11-28T19:02:15+00:00\",\"dateModified\":\"2024-11-28T20:13:25+00:00\",\"breadcrumb\":{\"@id\":\"https:\/\/noqq.energy\/soojuspumba-hooldus\/#breadcrumb\"},\"inLanguage\":\"en-GB\",\"potentialAction\":[{\"@type\":\"ReadAction\",\"target\":[\"https:\/\/noqq.energy\/soojuspumba-hooldus\/\"]}]},{\"@type\":\"BreadcrumbList\",\"@id\":\"https:\/\/noqq.energy\/soojuspumba-hooldus\/#breadcrumb\",\"itemListElement\":[{\"@type\":\"ListItem\",\"position\":1,\"name\":\"Home\",\"item\":\"https:\/\/noqq.energy\/\"},{\"@type\":\"ListItem\",\"position\":2,\"name\":\"Soojuspumba Hooldus\"}]},{\"@type\":\"WebSite\",\"@id\":\"https:\/\/noqq.energy\/#website\",\"url\":\"https:\/\/noqq.energy\/\",\"name\":\"NOQQ Energy\",\"description\":\"KVJ ja Taastuvenergia lahendused\",\"potentialAction\":[{\"@type\":\"SearchAction\",\"target\":{\"@type\":\"EntryPoint\",\"urlTemplate\":\"https:\/\/noqq.energy\/?s={search_term_string}\"},\"query-input\":{\"@type\":\"PropertyValueSpecification\",\"valueRequired\":true,\"valueName\":\"search_term_string\"}}],\"inLanguage\":\"en-GB\"}]}<\/script>\n<!-- \/ Yoast SEO plugin. -->","yoast_head_json":{"title":"Soojuspumba Hooldus - NOQQ Energy","robots":{"index":"index","follow":"follow","max-snippet":"max-snippet:-1","max-image-preview":"max-image-preview:large","max-video-preview":"max-video-preview:-1"},"canonical":"https:\/\/noqq.energy\/en\/soojuspumba-hooldus\/","og_locale":"en_GB","og_type":"article","og_title":"Soojuspumba Hooldus - NOQQ Energy","og_description":"Pakume hooldusi: SoojuspumbadVentilatsioon V\u00f5ta hoolduse konsultatsiooniks meiega \u00fchendust: Kontakt Hooldus hoiab soojuspumba t\u00f6\u00f6kindla ja \u00f6konoomsena! Soojuspumpade (\u00f5hk-vesi, \u00f5hk-\u00f5hk ja maak\u00fctte) regulaarne hooldus on h\u00e4davajalik, et tagada nende efektiivne t\u00f6\u00f6, pikendada seadme eluiga ja v\u00e4ltida kulukaid remontt\u00f6id. Hooldamata soojuspump v\u00f5ib hakata tarbima rohkem energiat, mis t\u00f5stab k\u00fcttekulusid ja v\u00e4hendab seadme t\u00f6\u00f6kindlust. Miks on hooldus oluline?\u00a0 Efektiivsus: [&hellip;]","og_url":"https:\/\/noqq.energy\/en\/soojuspumba-hooldus\/","og_site_name":"NOQQ Energy","article_modified_time":"2024-11-28T20:13:25+00:00","twitter_card":"summary_large_image","twitter_misc":{"Estimated reading time":"2 minutes"},"schema":{"@context":"https:\/\/schema.org","@graph":[{"@type":"WebPage","@id":"https:\/\/noqq.energy\/soojuspumba-hooldus\/","url":"https:\/\/noqq.energy\/soojuspumba-hooldus\/","name":"Soojuspumba Hooldus - NOQQ Energy","isPartOf":{"@id":"https:\/\/noqq.energy\/#website"},"datePublished":"2024-11-28T19:02:15+00:00","dateModified":"2024-11-28T20:13:25+00:00","breadcrumb":{"@id":"https:\/\/noqq.energy\/soojuspumba-hooldus\/#breadcrumb"},"inLanguage":"en-GB","potentialAction":[{"@type":"ReadAction","target":["https:\/\/noqq.energy\/soojuspumba-hooldus\/"]}]},{"@type":"BreadcrumbList","@id":"https:\/\/noqq.energy\/soojuspumba-hooldus\/#breadcrumb","itemListElement":[{"@type":"ListItem","position":1,"name":"Home","item":"https:\/\/noqq.energy\/"},{"@type":"ListItem","position":2,"name":"Soojuspumba Hooldus"}]},{"@type":"WebSite","@id":"https:\/\/noqq.energy\/#website","url":"https:\/\/noqq.energy\/","name":"NOQQ Energy","description":"KVJ ja Taastuvenergia lahendused","potentialAction":[{"@type":"SearchAction","target":{"@type":"EntryPoint","urlTemplate":"https:\/\/noqq.energy\/?s={search_term_string}"},"query-input":{"@type":"PropertyValueSpecification","valueRequired":true,"valueName":"search_term_string"}}],"inLanguage":"en-GB"}]}},"_links":{"self":[{"href":"https:\/\/noqq.energy\/en\/wp-json\/wp\/v2\/pages\/11946","targetHints":{"allow":["GET"]}}],"collection":[{"href":"https:\/\/noqq.energy\/en\/wp-json\/wp\/v2\/pages"}],"about":[{"href":"https:\/\/noqq.energy\/en\/wp-json\/wp\/v2\/types\/page"}],"author":[{"embeddable":true,"href":"https:\/\/noqq.energy\/en\/wp-json\/wp\/v2\/users\/11"}],"replies":[{"embeddable":true,"href":"https:\/\/noqq.energy\/en\/wp-json\/wp\/v2\/comments?post=11946"}],"version-history":[{"count":37,"href":"https:\/\/noqq.energy\/en\/wp-json\/wp\/v2\/pages\/11946\/revisions"}],"predecessor-version":[{"id":11991,"href":"https:\/\/noqq.energy\/en\/wp-json\/wp\/v2\/pages\/11946\/revisions\/11991"}],"wp:attachment":[{"href":"https:\/\/noqq.energy\/en\/wp-json\/wp\/v2\/media?parent=11946"}],"curies":[{"name":"wp","href":"https:\/\/api.w.org\/{rel}","templated":true}]}}