{"id":11345,"date":"2024-09-02T20:00:26","date_gmt":"2024-09-02T20:00:26","guid":{"rendered":"https:\/\/noqq.energy\/?page_id=11345"},"modified":"2024-09-02T20:01:52","modified_gmt":"2024-09-02T20:01:52","slug":"flexit-nordic-s-seeria-ventseadmed-s2-s3-s4","status":"publish","type":"page","link":"https:\/\/noqq.energy\/es\/ventilatsiooniseadmed\/flexit-nordic-s-seeria-ventseadmed-s2-s3-s4\/","title":{"rendered":"Unidades de ventilaci\u00f3n Flexit Nordic serie S: S2, S3, S4"},"content":{"rendered":"<div data-elementor-type=\"wp-page\" data-elementor-id=\"11345\" class=\"elementor elementor-11345\">\n\t\t\t\t<div class=\"elementor-element elementor-element-33809c1 e-con-full e-flex e-con e-parent\" data-id=\"33809c1\" data-element_type=\"container\">\n\t\t\t\t<div class=\"elementor-element elementor-element-6ae8402 elementor-widget elementor-widget-shortcode\" data-id=\"6ae8402\" data-element_type=\"widget\" data-widget_type=\"shortcode.default\">\n\t\t\t\t<div class=\"elementor-widget-container\">\n\t\t\t\t\t<div class=\"elementor-shortcode\"><!--\n<html lang=\"en\">\n\n<head>\n    <meta charset=\"UTF-8\">\n    <meta name=\"viewport\" content=\"width=device-width, initial-scale=1.0\">\n\n    <link rel=\"stylesheet\" type=\"text\/css\" media=\"all\" href=\"style.css\" \/>\n\n    <link rel=\"preconnect\" href=\"https:\/\/fonts.googleapis.com\">\n    <link rel=\"preconnect\" href=\"https:\/\/fonts.gstatic.com\" crossorigin>\n    <link\n        href=\"https:\/\/fonts.googleapis.com\/css2?family=Jost:ital,wght@0,100..900;1,100..900&family=Kumbh+Sans:wght@100..900&family=Rubik:ital,wght@0,300..900;1,300..900&display=swap\"\n        rel=\"stylesheet\">\n\n    \n\n<\/head>\n-->\n<body id=\"noqq-product\">\n    <div id=\"noqq-hero\">\n        <div id=\"hero-left\">\n            <img decoding=\"async\" src=\"https:\/\/noqq.energy\/wp-content\/uploads\/2024\/09\/Flexit-nordic-s2.webp\" class=\"noqq-category-product-img\" alt=\"Unidades de ventilaci\u00f3n Flexit Nordic S2, S3, S4\">\n        <\/div>\n        <div id=\"hero-right\">\n            <div id=\"product-category\">\n                <a href=\"https:\/\/noqq.energy\/es\/ventilatsiooniseadmed\/\">\n                    <h3>equipo de ventilaci\u00f3n<\/h3>\n                <\/a>\n            <\/div>\n            <div id=\"product-title\">\n                <h1>Dispositivos de ventilaci\u00f3n Flexit Nordic serie S - S2, S3, S4<\/h1>\n            <\/div>\n            <div id=\"option-container\"><div id=\"price\"><a style='color:white;text-decoration:underline' href='\/es\/kontakt\/'>Solicita una oferta<\/a><\/div><div id=\"price_km\">se agrega el iva<\/div><div class='button-row' id='main-row'><button class='option-button' data-price=''   >679W (T2)<\/button><button class='option-button' data-price=''   >679W (T3)<\/button><button class='option-button' data-price=''   >1200W<\/button><\/div><\/div>\n            <div id=\"product-main-details\">\n                <div class='main-detail'>\n                    <h3>Potencia nominal total: 679W \/ 1200W<\/h3>\n                <\/div><div class='main-detail'>\n                    <h3>Control: aplicaci\u00f3n Flexit Go<\/h3>\n                <\/div><div class='main-detail'>\n                    <h3>Volumen m\u00e1ximo de trabajo: 300-700 m\u00b3\/h<\/h3>\n                <\/div><div class='main-detail'>\n                    <h3>Clase energ\u00e9tica: A<\/h3>\n                <\/div>            <\/div>\n            <div id=\"product-quote\">\n                <a class=\"quote-button\" href=\"https:\/\/noqq.energy\/es\/kontakt\/\">\n                    <span>Solicita una oferta<\/span>\n                    <span>\u2192<\/span>\n                <\/a>\n            <\/div>\n        <\/div>\n    <\/div>\n    <div id=\"product-description1\">\n        <div class=\"noqq-section\">\n            <p>Flexit se especializa en ventilaci\u00f3n del hogar y ofrece soluciones de aire limpio y fresco para un ambiente interior saludable. Flexit es el l\u00edder del mercado en ventilaci\u00f3n dom\u00e9stica y suministra soluciones de ventilaci\u00f3n a los hogares noruegos desde 1974. Flexit es una empresa noruega y todos los productos est\u00e1n desarrollados especialmente para el clima n\u00f3rdico. Los productos se prueban y documentan seg\u00fan los \u00faltimos est\u00e1ndares.\n<\/p>\n        <\/div>\n    <\/div>\n    <div id=\"product-img-section\">\n        <div id=\"img-section-left\">\n            <h1 class=\"align-right\">Mejor clima en casa<\/h1>\n            <div id=\"img-section-highlights\">\n                <div class='img-section-highlight'>\n                    <div class='img-section-highlight-text'>\n                        <h3>Nivel de ruido alrededor del dispositivo 35-38 dB(A)<\/h3>\n                    <\/div>\n                    <img src='https:\/\/noqq.energy\/wp-content\/uploads\/2024\/10\/speaker.svg'>\n                <\/div><div class='img-section-highlight'>\n                    <div class='img-section-highlight-text'>\n                        <h3>Clase de filtro: ePM1 55% (F7)<\/h3>\n                    <\/div>\n                    <img src='https:\/\/noqq.energy\/wp-content\/uploads\/2024\/10\/clouds.svg'>\n                <\/div>            <\/div>\n            <p class=\"align-right\">La unidad de ventilaci\u00f3n Flexit Nordic S2 ha sido desarrollada para garantizar la eficiencia energ\u00e9tica en el clima n\u00f3rdico. Es posible conectar f\u00e1cilmente la estufa al filtro de aire mediante un bypass. La unidad cuenta con intercambiadores de calor rotativos altamente eficientes con una tasa de recuperaci\u00f3n de calor de hasta 85%. Todos los dispositivos de la serie Nordic se pueden controlar a trav\u00e9s de la aplicaci\u00f3n Flexit GO de serie y se pueden complementar con diversos accesorios (inal\u00e1mbricos o con cable), como panel de control, sensor de humedad, sensor de presi\u00f3n de campana extractora, sensor de CO2, etc. El sistema de control est\u00e1 preparado para el control local basado en la demanda. El retorno en fr\u00edo es una funci\u00f3n est\u00e1ndar de los productos de la serie Nordic. Las funciones de refrigeraci\u00f3n gratuita y nocturna tambi\u00e9n se pueden activar con la aplicaci\u00f3n Flexit GO. En caso de alta humedad del aire saliente, la funci\u00f3n de descongelaci\u00f3n se puede activar mediante la aplicaci\u00f3n Flexit GO, que garantiza un funcionamiento sin problemas en climas fr\u00edos.            <\/p>\n        <\/div>\n        <div id=\"img-section-right\">\n            <img decoding=\"async\" src=\"https:\/\/noqq.energy\/wp-content\/uploads\/2024\/09\/Flexit-nordic-s2-2.webp\" class=\"noqq-category-product-img\" alt=\"Unidades de ventilaci\u00f3n Flexit Nordic S2, S3, S4, imagen inferior con vista lateral\">\n        <\/div>\n    <\/div>\n    <div id=\"product-technical-details\">\n        <div class=\"noqq-section\">\n            <h2>Especificaciones t\u00e9cnicas y caracter\u00edsticas:<\/h2>\n            <div id=\"technical-details-container\">\n                <h3 class='technical-detail'>Tensi\u00f3n nominal (CA 50 Hz): 230 V \/ 230 V \/ 230 V<\/h3><h3 class='technical-detail'>Frecuencia: 50Hz\/50Hz\/50Hz<\/h3><h3 class='technical-detail'>Tama\u00f1o de protecci\u00f3n: 10 A \/ 10 A \/ 10 A<\/h3><h3 class='technical-detail'>Corriente nominal con calefacci\u00f3n el\u00e9ctrica: 3,4 A \/ 3,4 A \/ 7 A<\/h3><h3 class='technical-detail'>Corriente nominal sin calefacci\u00f3n el\u00e9ctrica: 1,2 A \/ 1,2 A \/ 3,5 A<\/h3><h3 class='technical-detail'>Corriente nominal total con calefacci\u00f3n el\u00e9ctrica: 679 W \/ 679 W \/ 1200 W<\/h3><h3 class='technical-detail'>Corriente nominal total sin calefacci\u00f3n el\u00e9ctrica: 179 W \/ 179 W \/ 400 W<\/h3><h3 class='technical-detail'>Corriente nominal m\u00e1xima con calefacci\u00f3n el\u00e9ctrica: 500 W \/ 500 W \/ 800 W<\/h3><h3 class='technical-detail'>Corriente nominal m\u00e1xima sin calefacci\u00f3n el\u00e9ctrica: - \/ - \/ -<\/h3><h3 class='technical-detail'>Corriente nominal, ventiladores: 2x83 W \/ 2x83 W \/ 2x115 W<\/h3><h3 class='technical-detail'>Corriente nominal, motor de rotor: 4 W \/ 4 W \/ 4 W<\/h3><h3 class='technical-detail'>Tipo de ventilador: rueda B\/rueda B\/rueda B<\/h3><h3 class='technical-detail'>Control del motor del ventilador: 0-10V \/ 0-10V \/ 0-10V<\/h3><h3 class='technical-detail'>Velocidad m\u00e1xima del ventilador RPM: 3200 \/ 3200 \/ 3980<\/h3><h3 class='technical-detail'>Control autom\u00e1tico, est\u00e1ndar: Flexit GO \/ Flexit GO \/ Flexit GO<\/h3><h3 class='technical-detail'>Clase de filtro: ePM1 55% (F7) \/ ePM1 55% (F7) \/ ePM1 55% (F7)<\/h3><h3 class='technical-detail'>Tipo de filtro (para aire entrante\/saliente): Filtro compacto \/ Filtro compacto \/ Filtro compacto<\/h3><h3 class='technical-detail'>Peso: 56 kg \/ 56 kg \/ 62 kg<\/h3>            <\/div>\n        <\/div>\n\n    <\/div>\n    <div id=\"product-cta\">\n        <div class=\"noqq-section\">\n            <h2>\u00bfCalentamos?<\/h2>\n            <div id=\"product-quote\">\n                <a class=\"quote-button\" href=\"https:\/\/noqq.energy\/es\/kontakt\/\">\n                    <span>P\u00f3ngase en contacto con nosotros<\/span>\n                    <span>\u2192<\/span>\n                <\/a>\n            <\/div>\n        <\/div>\n    <\/div>\n    <div id=\"product-technical-details-img\">\n        <div class=\"noqq-section\">\n            <img decoding=\"async\" id=\"technical-details-img\"\n                src=\"\"\n                alt=\"\">\n        <\/div>\n\n    <\/div>\n    <div id=\"product-documents\">\n        <div class=\"noqq-section\">\n            <h2>Documentos y manuales<\/h2>\n            <div id=\"documents-container\">\n                <a href='https:\/\/kesko-onninen-pim-resources-production.s3-eu-west-1.amazonaws.com\/pimdocuments\/14100951.pdf'>P\u00e1gina de producto de la serie Flexit Nordic S<\/a><a href='https:\/\/kesko-onninen-pim-resources-production.s3-eu-west-1.amazonaws.com\/pimdocuments\/15786354.pdf'>P\u00e1gina del producto Flexit Nordic S2<\/a>            <\/div>\n        <\/div>\n    <\/div>\n    <script>\n  document.addEventListener('DOMContentLoaded', function() {\n      \n      const priceButtons = document.querySelectorAll('[data-price]');\n      const priceContainer = document.querySelector(\"#price\");\n      const priceContainerKM = document.querySelector(\"#price_km\");\n      \n      priceButtons.forEach(function(btn) {\n          btn.addEventListener(\"click\", function() {\n\n\n              if (isNaN(parseFloat(btn.getAttribute(\"data-price\")))) {\n                  priceContainer.innerHTML = \"<a style='color:white;text-decoration:underline' href='\/kontakt'>K\u00fcsi pakkumist<\/a>\";\n                priceContainerKM.innerHTML = \"<a style='color:white;text-decoration:underline;font-size:13px' href='\/kontakt'>Ask for price<\/a>\";\n                return;\n              }\n\n             addToString = \" \u20ac\";\n             if (btn.hasAttribute(\"data-surface\")) {\n                 addToString = \" \u20ac \u2013 \" + btn.getAttribute(\"data-surface\") + \"m\u00b2\";\n             }\n             priceContainer.textContent = Math.round(parseFloat(btn.getAttribute(\"data-price\")) * 1.2) + addToString;\n             priceContainerKM.textContent = btn.getAttribute(\"data-price\") + \" \u20ac + k\u00e4ibemaks\";\n          });\n      });\n      if (priceButtons.length == 1) { \/\/ product only has one model \/ button, display price immediately\n        priceContainerKM.textContent = priceButtons[0].getAttribute(\"data-price\") + \" \u20ac + k\u00e4ibemaks\";\n      }\n      \n      const buttons = document.querySelectorAll(\".option-button\");\n      buttons.forEach(function(btn) {\n          btn.addEventListener(\"click\", function() {\n              \n              \n              \n             \/\/ Remove active from other buttons in row\n             buttonsInRow = btn.parentElement.querySelectorAll(\"button\");\n             buttonsInRow.forEach(function(btn) {\n                btn.classList.remove(\"active\"); \n             });\n             \n             \n             btn.classList.add(\"active\");\n             \/\/ Check for images\n             if (btn.hasAttribute(\"data-url1\")) {\n                 imageElements = document.querySelectorAll(\".noqq-category-product-img\");\n                 imageElements[0].src = btn.getAttribute(\"data-url1\");\n                 if (btn.hasAttribute(\"data-url2\")) {\n                     imageElements[1].src = btn.getAttribute(\"data-url2\");\n                 }\n             }\n             \n             \n             \n             \/\/ Change technical description\n             if (btn.hasAttribute(\"data-description\")) {\n                 \n                \/\/ Remove active from other technical descrpitions\n                 specs = document.querySelectorAll(\".noqq-spec\");\n                 specs.forEach(function(spec) {\n                    spec.classList.remove(\"active\"); \n                 });\n                document.querySelector(\"#noqq-spec\" + btn.getAttribute(\"data-description\")).classList.add(\"active\");\n             }\n             \n              \n             if (btn.hasAttribute(\"data-value\")) {\n                 \n                 \/\/ Hide other sub-rows\n                 const rows = document.querySelectorAll('.button-row');\n                 rows.forEach(function(row) {\n                     \n                     buttonIndex = btn.getAttribute(\"data-value\").split(\"_\")[0];\n\n                     \n                     if (row.getAttribute(\"id\").includes(buttonIndex)) {\n                         row.classList.remove(\"active\");\n                         \n                         Array.from(row.children).forEach(function(btn) {\n                            btn.classList.remove(\"active\"); \n                         });\n                     }\n                 });\n                 \n                 \/\/ Show sub-row\n                 document.querySelector(\"#\" + btn.getAttribute(\"data-value\")).classList.add(\"active\");\n                 \n             }\n             \/\/ else is data-price button\n          });\n      });\n      \n  });\n      \n      \n      \n      \n      \n      \n      \n      \n      \/*\n    const mainRowButtons = document.querySelectorAll('#main-row .price-button');\n    const subRows = document.querySelectorAll('.sub-row');\n\n    mainRowButtons.forEach(function(button) {\n      button.addEventListener('click', function() {\n        mainRowButtons.forEach(function(button) {\n      button.classList.remove(\"active\");});\n        button.classList.add(\"active\");\n        const value = button.getAttribute('data-value').split(\"-\").pop();\n        showSubRow(value);\n      });\n    });\n\n    function showSubRow(value) {\n      subRows.forEach(function(row) {\n        row.classList.remove('active');\n        const rowButtons = row.querySelectorAll('.price-button');\n        rowButtons.forEach(function(btn) {\n            btn.classList.remove(\"active\");\n        });\n      });\n\n      const subRowId = 'sub-row-' + value;\n      const subRow = document.getElementById(subRowId);\n      if (subRow) {\n        subRow.classList.add('active');\n      }\n      \n      const activeButtons = subRow.querySelectorAll('.price-button');\n        activeButtons.forEach(function(button) {\n          button.addEventListener('click', function() {\n              activeButtons.forEach(function(button) {\n      button.classList.remove(\"active\");});\n             button.classList.add(\"active\");\n            const priceValue = button.getAttribute('data-value');\n            const priceContainer = document.getElementById('price');\n            priceContainer.textContent = priceValue + \" \u20ac\";\n          });\n        });\n    }\n  });*\/\n<\/script>\n<\/body>\n<\/div>\n\t\t\t\t<\/div>\n\t\t\t\t<\/div>\n\t\t\t\t<\/div>\n\t\t\t\t<\/div>","protected":false},"excerpt":{"rendered":"","protected":false},"author":11,"featured_media":0,"parent":11284,"menu_order":0,"comment_status":"closed","ping_status":"closed","template":"elementor_header_footer","meta":{"_et_pb_use_builder":"","_et_pb_old_content":"","_et_gb_content_width":"","_monsterinsights_skip_tracking":false,"_monsterinsights_sitenote_active":false,"_monsterinsights_sitenote_note":"","_monsterinsights_sitenote_category":0,"footnotes":""},"class_list":["post-11345","page","type-page","status-publish","hentry"],"yoast_head":"<!-- This site is optimized with the Yoast SEO plugin v23.8 - https:\/\/yoast.com\/wordpress\/plugins\/seo\/ -->\n<title>Flexit Nordic S seeria ventseadmed - S2, S3, S4 - NOQQ Energy<\/title>\n<meta name=\"robots\" content=\"index, follow, max-snippet:-1, max-image-preview:large, max-video-preview:-1\" \/>\n<link rel=\"canonical\" href=\"https:\/\/noqq.energy\/es\/ventilatsiooniseadmed\/flexit-nordic-s-seeria-ventseadmed-s2-s3-s4\/\" \/>\n<meta property=\"og:locale\" content=\"es_ES\" \/>\n<meta property=\"og:type\" content=\"article\" \/>\n<meta property=\"og:title\" content=\"Flexit Nordic S seeria ventseadmed - S2, S3, S4 - NOQQ Energy\" \/>\n<meta property=\"og:url\" content=\"https:\/\/noqq.energy\/es\/ventilatsiooniseadmed\/flexit-nordic-s-seeria-ventseadmed-s2-s3-s4\/\" \/>\n<meta property=\"og:site_name\" content=\"NOQQ Energy\" \/>\n<meta property=\"article:modified_time\" content=\"2024-09-02T20:01:52+00:00\" \/>\n<meta name=\"twitter:card\" content=\"summary_large_image\" \/>\n<meta name=\"twitter:label1\" content=\"Tiempo de lectura\" \/>\n\t<meta name=\"twitter:data1\" content=\"1 minuto\" \/>\n<script type=\"application\/ld+json\" class=\"yoast-schema-graph\">{\"@context\":\"https:\/\/schema.org\",\"@graph\":[{\"@type\":\"WebPage\",\"@id\":\"https:\/\/noqq.energy\/et\/ventilatsiooniseadmed\/flexit-nordic-s-seeria-ventseadmed-s2-s3-s4\/\",\"url\":\"https:\/\/noqq.energy\/et\/ventilatsiooniseadmed\/flexit-nordic-s-seeria-ventseadmed-s2-s3-s4\/\",\"name\":\"Flexit Nordic S seeria ventseadmed - S2, S3, S4 - NOQQ Energy\",\"isPartOf\":{\"@id\":\"https:\/\/noqq.energy\/#website\"},\"datePublished\":\"2024-09-02T20:00:26+00:00\",\"dateModified\":\"2024-09-02T20:01:52+00:00\",\"breadcrumb\":{\"@id\":\"https:\/\/noqq.energy\/et\/ventilatsiooniseadmed\/flexit-nordic-s-seeria-ventseadmed-s2-s3-s4\/#breadcrumb\"},\"inLanguage\":\"es\",\"potentialAction\":[{\"@type\":\"ReadAction\",\"target\":[\"https:\/\/noqq.energy\/et\/ventilatsiooniseadmed\/flexit-nordic-s-seeria-ventseadmed-s2-s3-s4\/\"]}]},{\"@type\":\"BreadcrumbList\",\"@id\":\"https:\/\/noqq.energy\/et\/ventilatsiooniseadmed\/flexit-nordic-s-seeria-ventseadmed-s2-s3-s4\/#breadcrumb\",\"itemListElement\":[{\"@type\":\"ListItem\",\"position\":1,\"name\":\"Home\",\"item\":\"https:\/\/noqq.energy\/\"},{\"@type\":\"ListItem\",\"position\":2,\"name\":\"Ventilatsiooniseadmed\",\"item\":\"https:\/\/noqq.energy\/et\/ventilatsiooniseadmed\/\"},{\"@type\":\"ListItem\",\"position\":3,\"name\":\"Flexit Nordic S seeria ventseadmed &#8211; S2, S3, S4\"}]},{\"@type\":\"WebSite\",\"@id\":\"https:\/\/noqq.energy\/#website\",\"url\":\"https:\/\/noqq.energy\/\",\"name\":\"NOQQ Energy\",\"description\":\"KVJ ja Taastuvenergia lahendused\",\"potentialAction\":[{\"@type\":\"SearchAction\",\"target\":{\"@type\":\"EntryPoint\",\"urlTemplate\":\"https:\/\/noqq.energy\/?s={search_term_string}\"},\"query-input\":{\"@type\":\"PropertyValueSpecification\",\"valueRequired\":true,\"valueName\":\"search_term_string\"}}],\"inLanguage\":\"es\"}]}<\/script>\n<!-- \/ Yoast SEO plugin. -->","yoast_head_json":{"title":"Flexit Nordic S seeria ventseadmed - S2, S3, S4 - NOQQ Energy","robots":{"index":"index","follow":"follow","max-snippet":"max-snippet:-1","max-image-preview":"max-image-preview:large","max-video-preview":"max-video-preview:-1"},"canonical":"https:\/\/noqq.energy\/es\/ventilatsiooniseadmed\/flexit-nordic-s-seeria-ventseadmed-s2-s3-s4\/","og_locale":"es_ES","og_type":"article","og_title":"Flexit Nordic S seeria ventseadmed - S2, S3, S4 - NOQQ Energy","og_url":"https:\/\/noqq.energy\/es\/ventilatsiooniseadmed\/flexit-nordic-s-seeria-ventseadmed-s2-s3-s4\/","og_site_name":"NOQQ Energy","article_modified_time":"2024-09-02T20:01:52+00:00","twitter_card":"summary_large_image","twitter_misc":{"Tiempo de lectura":"1 minuto"},"schema":{"@context":"https:\/\/schema.org","@graph":[{"@type":"WebPage","@id":"https:\/\/noqq.energy\/et\/ventilatsiooniseadmed\/flexit-nordic-s-seeria-ventseadmed-s2-s3-s4\/","url":"https:\/\/noqq.energy\/et\/ventilatsiooniseadmed\/flexit-nordic-s-seeria-ventseadmed-s2-s3-s4\/","name":"Flexit Nordic S seeria ventseadmed - S2, S3, S4 - NOQQ Energy","isPartOf":{"@id":"https:\/\/noqq.energy\/#website"},"datePublished":"2024-09-02T20:00:26+00:00","dateModified":"2024-09-02T20:01:52+00:00","breadcrumb":{"@id":"https:\/\/noqq.energy\/et\/ventilatsiooniseadmed\/flexit-nordic-s-seeria-ventseadmed-s2-s3-s4\/#breadcrumb"},"inLanguage":"es","potentialAction":[{"@type":"ReadAction","target":["https:\/\/noqq.energy\/et\/ventilatsiooniseadmed\/flexit-nordic-s-seeria-ventseadmed-s2-s3-s4\/"]}]},{"@type":"BreadcrumbList","@id":"https:\/\/noqq.energy\/et\/ventilatsiooniseadmed\/flexit-nordic-s-seeria-ventseadmed-s2-s3-s4\/#breadcrumb","itemListElement":[{"@type":"ListItem","position":1,"name":"Home","item":"https:\/\/noqq.energy\/"},{"@type":"ListItem","position":2,"name":"Ventilatsiooniseadmed","item":"https:\/\/noqq.energy\/et\/ventilatsiooniseadmed\/"},{"@type":"ListItem","position":3,"name":"Flexit Nordic S seeria ventseadmed &#8211; S2, S3, S4"}]},{"@type":"WebSite","@id":"https:\/\/noqq.energy\/#website","url":"https:\/\/noqq.energy\/","name":"NOQQ Energy","description":"KVJ ja Taastuvenergia lahendused","potentialAction":[{"@type":"SearchAction","target":{"@type":"EntryPoint","urlTemplate":"https:\/\/noqq.energy\/?s={search_term_string}"},"query-input":{"@type":"PropertyValueSpecification","valueRequired":true,"valueName":"search_term_string"}}],"inLanguage":"es"}]}},"_links":{"self":[{"href":"https:\/\/noqq.energy\/es\/wp-json\/wp\/v2\/pages\/11345","targetHints":{"allow":["GET"]}}],"collection":[{"href":"https:\/\/noqq.energy\/es\/wp-json\/wp\/v2\/pages"}],"about":[{"href":"https:\/\/noqq.energy\/es\/wp-json\/wp\/v2\/types\/page"}],"author":[{"embeddable":true,"href":"https:\/\/noqq.energy\/es\/wp-json\/wp\/v2\/users\/11"}],"replies":[{"embeddable":true,"href":"https:\/\/noqq.energy\/es\/wp-json\/wp\/v2\/comments?post=11345"}],"version-history":[{"count":4,"href":"https:\/\/noqq.energy\/es\/wp-json\/wp\/v2\/pages\/11345\/revisions"}],"predecessor-version":[{"id":11349,"href":"https:\/\/noqq.energy\/es\/wp-json\/wp\/v2\/pages\/11345\/revisions\/11349"}],"up":[{"embeddable":true,"href":"https:\/\/noqq.energy\/es\/wp-json\/wp\/v2\/pages\/11284"}],"wp:attachment":[{"href":"https:\/\/noqq.energy\/es\/wp-json\/wp\/v2\/media?parent=11345"}],"curies":[{"name":"wp","href":"https:\/\/api.w.org\/{rel}","templated":true}]}}