{"id":11351,"date":"2024-09-02T20:10:43","date_gmt":"2024-09-02T20:10:43","guid":{"rendered":"https:\/\/noqq.energy\/?page_id=11351"},"modified":"2024-09-10T10:41:59","modified_gmt":"2024-09-10T10:41:59","slug":"airfi-100-ventilatsiooniseade","status":"publish","type":"page","link":"https:\/\/noqq.energy\/es\/ventilatsiooniseadmed\/airfi-100-ventilatsiooniseade\/","title":{"rendered":"Dispositivo de ventilaci\u00f3n AIRFI 100"},"content":{"rendered":"<div data-elementor-type=\"wp-page\" data-elementor-id=\"11351\" class=\"elementor elementor-11351\">\n\t\t\t\t<div class=\"elementor-element elementor-element-33809c1 e-con-full e-flex e-con e-parent\" data-id=\"33809c1\" data-element_type=\"container\">\n\t\t\t\t<div class=\"elementor-element elementor-element-6ae8402 elementor-widget elementor-widget-shortcode\" data-id=\"6ae8402\" data-element_type=\"widget\" data-widget_type=\"shortcode.default\">\n\t\t\t\t<div class=\"elementor-widget-container\">\n\t\t\t\t\t<div class=\"elementor-shortcode\"><!--\n<html lang=\"en\">\n\n<head>\n    <meta charset=\"UTF-8\">\n    <meta name=\"viewport\" content=\"width=device-width, initial-scale=1.0\">\n\n    <link rel=\"stylesheet\" type=\"text\/css\" media=\"all\" href=\"style.css\" \/>\n\n    <link rel=\"preconnect\" href=\"https:\/\/fonts.googleapis.com\">\n    <link rel=\"preconnect\" href=\"https:\/\/fonts.gstatic.com\" crossorigin>\n    <link\n        href=\"https:\/\/fonts.googleapis.com\/css2?family=Jost:ital,wght@0,100..900;1,100..900&family=Kumbh+Sans:wght@100..900&family=Rubik:ital,wght@0,300..900;1,300..900&display=swap\"\n        rel=\"stylesheet\">\n\n    \n\n<\/head>\n-->\n<body id=\"noqq-product\">\n    <div id=\"noqq-hero\">\n        <div id=\"hero-left\">\n            <img decoding=\"async\" src=\"https:\/\/noqq.energy\/wp-content\/uploads\/2024\/09\/airfi-100-2.webp\" class=\"noqq-category-product-img\" alt=\"Dispositivo de ventilaci\u00f3n AIRFI 100\">\n        <\/div>\n        <div id=\"hero-right\">\n            <div id=\"product-category\">\n                <a href=\"https:\/\/noqq.energy\/es\/ventilatsiooniseadmed\/\">\n                    <h3>equipo de ventilaci\u00f3n<\/h3>\n                <\/a>\n            <\/div>\n            <div id=\"product-title\">\n                <h1>Dispositivo de ventilaci\u00f3n AIRFI 100<\/h1>\n            <\/div>\n            <div id=\"option-container\"><div id=\"price\"><a style='color:white;text-decoration:underline' href='\/es\/kontakt\/'>Solicita una oferta<\/a><\/div><div id=\"price_km\">se agrega el iva<\/div><div class='button-row' id='main-row'><button class='option-button' data-price='' data-surface='200'  >920W<\/button><\/div><\/div>\n            <div id=\"product-main-details\">\n                <div class='main-detail'>\n                    <h3>Potencia del calentador el\u00e9ctrico: 920W<\/h3>\n                <\/div><div class='main-detail'>\n                    <h3>Control: dispositivo inal\u00e1mbrico<\/h3>\n                <\/div><div class='main-detail'>\n                    <h3>\u00c1rea m\u00e1xima de trabajo: 200m\u00b2<\/h3>\n                <\/div><div class='main-detail'>\n                    <h3>Clase de eficiencia: A+<\/h3>\n                <\/div>            <\/div>\n            <div id=\"product-quote\">\n                <a class=\"quote-button\" href=\"https:\/\/noqq.energy\/es\/kontakt\/\">\n                    <span>Solicita una oferta<\/span>\n                    <span>\u2192<\/span>\n                <\/a>\n            <\/div>\n        <\/div>\n    <\/div>\n    <div id=\"product-description1\">\n        <div class=\"noqq-section\">\n            <p>Los dispositivos de ventilaci\u00f3n Airf garantizan un aire interior fresco y saludable. Los nuevos dispositivos de tratamiento de aire Airf est\u00e1n dise\u00f1ados para las exigentes condiciones de los pa\u00edses n\u00f3rdicos. Los dispositivos Airf han mejorado la eliminaci\u00f3n de la humedad desde la parte inferior del dispositivo para garantizar un funcionamiento eficiente y de ahorro de energ\u00eda durante los per\u00edodos fr\u00edos. Las unidades de tratamiento de aire de Airfi Oy con tecnolog\u00eda AFPS tienen una calificaci\u00f3n de eficiencia anual de A+. \\n\\nLos modelos 60, 100 y 130 tienen solo 558 mm de ancho y se pueden instalar en un gabinete. La altura del dispositivo (490 mm) tambi\u00e9n permite la instalaci\u00f3n de una torre de lavado debajo del dispositivo.\n<\/p>\n        <\/div>\n    <\/div>\n    <div id=\"product-img-section\">\n        <div id=\"img-section-left\">\n            <h1 class=\"align-right\">Sistema Airfi Frost Pro<\/h1>\n            <div id=\"img-section-highlights\">\n                <div class='img-section-highlight'>\n                    <div class='img-section-highlight-text'>\n                        <h3>Conectividad con sistemas dom\u00f3ticos comunes<\/h3>\n                    <\/div>\n                    <img src='https:\/\/noqq.energy\/wp-content\/uploads\/2024\/10\/global2.svg'>\n                <\/div><div class='img-section-highlight'>\n                    <div class='img-section-highlight-text'>\n                        <h3>El dispositivo se puede controlar desde el panel o desde la app Airf<\/h3>\n                    <\/div>\n                    <img src='https:\/\/noqq.energy\/wp-content\/uploads\/2024\/10\/wifi2.svg'>\n                <\/div>            <\/div>\n            <p class=\"align-right\">El sistema Airfi Frost Pro (AFPS) est\u00e1 disponible como equipo est\u00e1ndar en todas las unidades de ventilaci\u00f3n fabricadas por Airfi Oy. El nuevo sistema Airfi Frost Pro (AFPS) es un sistema de protecci\u00f3n contra heladas de autoaprendizaje que permite al controlador de aire optimizar su rendimiento y eficiencia energ\u00e9tica para funcionar seg\u00fan lo dise\u00f1ado durante la temporada de fr\u00edo. El sistema Airfi Frost Pro es un invento finland\u00e9s, donde el intercambiador de calor se descongela solo cuando es necesario, lo que garantiza que el intercambiador de calor funcione correctamente incluso en temperaturas bajo cero prolongadas.            <\/p>\n        <\/div>\n        <div id=\"img-section-right\">\n            <img decoding=\"async\" src=\"https:\/\/noqq.energy\/wp-content\/uploads\/2024\/09\/airfi-100.webp\" class=\"noqq-category-product-img\" alt=\"Imagen inferior del sistema de ventilaci\u00f3n AIRFI 100 con vista lateral\">\n        <\/div>\n    <\/div>\n    <div id=\"product-technical-details\">\n        <div class=\"noqq-section\">\n            <h2>Especificaciones t\u00e9cnicas y caracter\u00edsticas:<\/h2>\n            <div id=\"technical-details-container\">\n                <h3 class='technical-detail'>Recuperaci\u00f3n de calor: Dispositivo de contraflujo cruzado<\/h3><h3 class='technical-detail'>Material de la caja: acero recubierto<\/h3><h3 class='technical-detail'>Grado del material del cuerpo: No aplicable<\/h3><h3 class='technical-detail'>Material del intercambiador de calor: Aluminio<\/h3><h3 class='technical-detail'>Montaje en pared: S\u00ed<\/h3><h3 class='technical-detail'>Adecuado para instalaci\u00f3n en techo: S\u00ed<\/h3><h3 class='technical-detail'>Montado en el suelo: S\u00ed<\/h3><h3 class='technical-detail'>Con protecci\u00f3n t\u00e9rmica: S\u00ed<\/h3><h3 class='technical-detail'>Grado de protecci\u00f3n (IP): IP34<\/h3><h3 class='technical-detail'>Voltaje: 230 V<\/h3><h3 class='technical-detail'>Frecuencia: 50Hz<\/h3><h3 class='technical-detail'>N\u00famero de fases: 1<\/h3><h3 class='technical-detail'>Protecci\u00f3n del dispositivo: 10 A<\/h3><h3 class='technical-detail'>Potencia del calentador el\u00e9ctrico: 920 W<\/h3><h3 class='technical-detail'>Conexi\u00f3n el\u00e9ctrica: cable de conexi\u00f3n con enchufe RA<\/h3><h3 class='technical-detail'>Protocolo de soporte MODBUS: S\u00ed<\/h3><h3 class='technical-detail'>Adecuado para control remoto inal\u00e1mbrico: S\u00ed<\/h3><h3 class='technical-detail'>Con calentador: S\u00ed<\/h3><h3 class='technical-detail'>Apto para conexi\u00f3n a caldera de calefacci\u00f3n central: No<\/h3><h3 class='technical-detail'>Derivaci\u00f3n: S\u00ed<\/h3><h3 class='technical-detail'>Di\u00e1metro nominal del canal: 160 mm<\/h3><h3 class='technical-detail'>Conexi\u00f3n residencial, en la parte inferior: No<\/h3><h3 class='technical-detail'>Conexi\u00f3n residencial, lado izquierdo: No<\/h3><h3 class='technical-detail'>Conexi\u00f3n residencial, lado derecho: No<\/h3><h3 class='technical-detail'>Asociaci\u00f3n de vivienda, arriba: S\u00ed<\/h3><h3 class='technical-detail'>Conexi\u00f3n al techo, lateral: No<\/h3><h3 class='technical-detail'>Conexi\u00f3n al techo, arriba: No<\/h3><h3 class='technical-detail'>Altura: 490 mil\u00edmetros<\/h3><h3 class='technical-detail'>Ancho: 558 mm<\/h3><h3 class='technical-detail'>Profundidad: 558 mm<\/h3><h3 class='technical-detail'>Peso: 46 kilos<\/h3><h3 class='technical-detail'>Conexi\u00f3n: Otro<\/h3><h3 class='technical-detail'>Clase de eficiencia energ\u00e9tica: A++<\/h3><h3 class='technical-detail'>Clase de filtro: Otro<\/h3><h3 class='technical-detail'>Montado en el techo: S\u00ed<\/h3><h3 class='technical-detail'>Tipo de controlador de velocidad: Otro<\/h3><h3 class='technical-detail'>Motor CC: S\u00ed<\/h3><h3 class='technical-detail'>Con serpent\u00edn calefactor: No aplicable<\/h3><h3 class='technical-detail'>Ventiladores con motor EC: S\u00ed<\/h3><h3 class='technical-detail'>Tipo de intercambiador de calor: Contraflujo<\/h3>            <\/div>\n        <\/div>\n\n    <\/div>\n    <div id=\"product-cta\">\n        <div class=\"noqq-section\">\n            <h2>\u00bfCalentamos?<\/h2>\n            <div id=\"product-quote\">\n                <a class=\"quote-button\" href=\"https:\/\/noqq.energy\/es\/kontakt\/\">\n                    <span>P\u00f3ngase en contacto con nosotros<\/span>\n                    <span>\u2192<\/span>\n                <\/a>\n            <\/div>\n        <\/div>\n    <\/div>\n    <div id=\"product-technical-details-img\">\n        <div class=\"noqq-section\">\n            <img decoding=\"async\" id=\"technical-details-img\"\n                src=\"https:\/\/noqq.energy\/wp-content\/uploads\/2024\/09\/Airfi-60-100-130-150-ventilatsiooniseadmete-mudelid.webp\"\n                alt=\"Tabla de datos t\u00e9cnicos de los modelos de unidad de ventilaci\u00f3n Airfi 60 100 130 150\">\n        <\/div>\n\n    <\/div>\n    <div id=\"product-documents\">\n        <div class=\"noqq-section\">\n            <h2>Documentos y manuales<\/h2>\n            <div id=\"documents-container\">\n                <a href='https:\/\/noqq.energy\/wp-content\/uploads\/2024\/09\/21979100.pdf'>P\u00e1gina del producto Airf 100<\/a><a href='https:\/\/noqq.energy\/wp-content\/uploads\/2024\/09\/21979126.pdf'>Manual de usuario Airf 100<\/a>            <\/div>\n        <\/div>\n    <\/div>\n    <script>\n  document.addEventListener('DOMContentLoaded', function() {\n      \n      const priceButtons = document.querySelectorAll('[data-price]');\n      const priceContainer = document.querySelector(\"#price\");\n      const priceContainerKM = document.querySelector(\"#price_km\");\n      \n      priceButtons.forEach(function(btn) {\n          btn.addEventListener(\"click\", function() {\n\n\n              if (isNaN(parseFloat(btn.getAttribute(\"data-price\")))) {\n                  priceContainer.innerHTML = \"<a style='color:white;text-decoration:underline' href='\/kontakt'>K\u00fcsi pakkumist<\/a>\";\n                priceContainerKM.innerHTML = \"<a style='color:white;text-decoration:underline;font-size:13px' href='\/kontakt'>Ask for price<\/a>\";\n                return;\n              }\n\n             addToString = \" \u20ac\";\n             if (btn.hasAttribute(\"data-surface\")) {\n                 addToString = \" \u20ac \u2013 \" + btn.getAttribute(\"data-surface\") + \"m\u00b2\";\n             }\n             priceContainer.textContent = Math.round(parseFloat(btn.getAttribute(\"data-price\")) * 1.2) + addToString;\n             priceContainerKM.textContent = btn.getAttribute(\"data-price\") + \" \u20ac + k\u00e4ibemaks\";\n          });\n      });\n      if (priceButtons.length == 1) { \/\/ product only has one model \/ button, display price immediately\n        priceContainerKM.textContent = priceButtons[0].getAttribute(\"data-price\") + \" \u20ac + k\u00e4ibemaks\";\n      }\n      \n      const buttons = document.querySelectorAll(\".option-button\");\n      buttons.forEach(function(btn) {\n          btn.addEventListener(\"click\", function() {\n              \n              \n              \n             \/\/ Remove active from other buttons in row\n             buttonsInRow = btn.parentElement.querySelectorAll(\"button\");\n             buttonsInRow.forEach(function(btn) {\n                btn.classList.remove(\"active\"); \n             });\n             \n             \n             btn.classList.add(\"active\");\n             \/\/ Check for images\n             if (btn.hasAttribute(\"data-url1\")) {\n                 imageElements = document.querySelectorAll(\".noqq-category-product-img\");\n                 imageElements[0].src = btn.getAttribute(\"data-url1\");\n                 if (btn.hasAttribute(\"data-url2\")) {\n                     imageElements[1].src = btn.getAttribute(\"data-url2\");\n                 }\n             }\n             \n             \n             \n             \/\/ Change technical description\n             if (btn.hasAttribute(\"data-description\")) {\n                 \n                \/\/ Remove active from other technical descrpitions\n                 specs = document.querySelectorAll(\".noqq-spec\");\n                 specs.forEach(function(spec) {\n                    spec.classList.remove(\"active\"); \n                 });\n                document.querySelector(\"#noqq-spec\" + btn.getAttribute(\"data-description\")).classList.add(\"active\");\n             }\n             \n              \n             if (btn.hasAttribute(\"data-value\")) {\n                 \n                 \/\/ Hide other sub-rows\n                 const rows = document.querySelectorAll('.button-row');\n                 rows.forEach(function(row) {\n                     \n                     buttonIndex = btn.getAttribute(\"data-value\").split(\"_\")[0];\n\n                     \n                     if (row.getAttribute(\"id\").includes(buttonIndex)) {\n                         row.classList.remove(\"active\");\n                         \n                         Array.from(row.children).forEach(function(btn) {\n                            btn.classList.remove(\"active\"); \n                         });\n                     }\n                 });\n                 \n                 \/\/ Show sub-row\n                 document.querySelector(\"#\" + btn.getAttribute(\"data-value\")).classList.add(\"active\");\n                 \n             }\n             \/\/ else is data-price button\n          });\n      });\n      \n  });\n      \n      \n      \n      \n      \n      \n      \n      \n      \/*\n    const mainRowButtons = document.querySelectorAll('#main-row .price-button');\n    const subRows = document.querySelectorAll('.sub-row');\n\n    mainRowButtons.forEach(function(button) {\n      button.addEventListener('click', function() {\n        mainRowButtons.forEach(function(button) {\n      button.classList.remove(\"active\");});\n        button.classList.add(\"active\");\n        const value = button.getAttribute('data-value').split(\"-\").pop();\n        showSubRow(value);\n      });\n    });\n\n    function showSubRow(value) {\n      subRows.forEach(function(row) {\n        row.classList.remove('active');\n        const rowButtons = row.querySelectorAll('.price-button');\n        rowButtons.forEach(function(btn) {\n            btn.classList.remove(\"active\");\n        });\n      });\n\n      const subRowId = 'sub-row-' + value;\n      const subRow = document.getElementById(subRowId);\n      if (subRow) {\n        subRow.classList.add('active');\n      }\n      \n      const activeButtons = subRow.querySelectorAll('.price-button');\n        activeButtons.forEach(function(button) {\n          button.addEventListener('click', function() {\n              activeButtons.forEach(function(button) {\n      button.classList.remove(\"active\");});\n             button.classList.add(\"active\");\n            const priceValue = button.getAttribute('data-value');\n            const priceContainer = document.getElementById('price');\n            priceContainer.textContent = priceValue + \" \u20ac\";\n          });\n        });\n    }\n  });*\/\n<\/script>\n<\/body>\n<\/div>\n\t\t\t\t<\/div>\n\t\t\t\t<\/div>\n\t\t\t\t<\/div>\n\t\t\t\t<\/div>","protected":false},"excerpt":{"rendered":"","protected":false},"author":11,"featured_media":0,"parent":11284,"menu_order":0,"comment_status":"closed","ping_status":"closed","template":"elementor_header_footer","meta":{"_et_pb_use_builder":"","_et_pb_old_content":"","_et_gb_content_width":"","_monsterinsights_skip_tracking":false,"_monsterinsights_sitenote_active":false,"_monsterinsights_sitenote_note":"","_monsterinsights_sitenote_category":0,"footnotes":""},"class_list":["post-11351","page","type-page","status-publish","hentry"],"yoast_head":"<!-- This site is optimized with the Yoast SEO plugin v23.8 - https:\/\/yoast.com\/wordpress\/plugins\/seo\/ -->\n<title>AIRFI 100 ventilatsiooniseade - NOQQ Energy<\/title>\n<meta name=\"robots\" content=\"index, follow, max-snippet:-1, max-image-preview:large, max-video-preview:-1\" \/>\n<link rel=\"canonical\" href=\"https:\/\/noqq.energy\/es\/ventilatsiooniseadmed\/airfi-100-ventilatsiooniseade\/\" \/>\n<meta property=\"og:locale\" content=\"es_ES\" \/>\n<meta property=\"og:type\" content=\"article\" \/>\n<meta property=\"og:title\" content=\"AIRFI 100 ventilatsiooniseade - NOQQ Energy\" \/>\n<meta property=\"og:url\" content=\"https:\/\/noqq.energy\/es\/ventilatsiooniseadmed\/airfi-100-ventilatsiooniseade\/\" \/>\n<meta property=\"og:site_name\" content=\"NOQQ Energy\" \/>\n<meta property=\"article:modified_time\" content=\"2024-09-10T10:41:59+00:00\" \/>\n<meta name=\"twitter:card\" content=\"summary_large_image\" \/>\n<script type=\"application\/ld+json\" class=\"yoast-schema-graph\">{\"@context\":\"https:\/\/schema.org\",\"@graph\":[{\"@type\":\"WebPage\",\"@id\":\"https:\/\/noqq.energy\/et\/ventilatsiooniseadmed\/airfi-100-ventilatsiooniseade\/\",\"url\":\"https:\/\/noqq.energy\/et\/ventilatsiooniseadmed\/airfi-100-ventilatsiooniseade\/\",\"name\":\"AIRFI 100 ventilatsiooniseade - NOQQ Energy\",\"isPartOf\":{\"@id\":\"https:\/\/noqq.energy\/#website\"},\"datePublished\":\"2024-09-02T20:10:43+00:00\",\"dateModified\":\"2024-09-10T10:41:59+00:00\",\"breadcrumb\":{\"@id\":\"https:\/\/noqq.energy\/et\/ventilatsiooniseadmed\/airfi-100-ventilatsiooniseade\/#breadcrumb\"},\"inLanguage\":\"es\",\"potentialAction\":[{\"@type\":\"ReadAction\",\"target\":[\"https:\/\/noqq.energy\/et\/ventilatsiooniseadmed\/airfi-100-ventilatsiooniseade\/\"]}]},{\"@type\":\"BreadcrumbList\",\"@id\":\"https:\/\/noqq.energy\/et\/ventilatsiooniseadmed\/airfi-100-ventilatsiooniseade\/#breadcrumb\",\"itemListElement\":[{\"@type\":\"ListItem\",\"position\":1,\"name\":\"Home\",\"item\":\"https:\/\/noqq.energy\/\"},{\"@type\":\"ListItem\",\"position\":2,\"name\":\"Ventilatsiooniseadmed\",\"item\":\"https:\/\/noqq.energy\/et\/ventilatsiooniseadmed\/\"},{\"@type\":\"ListItem\",\"position\":3,\"name\":\"AIRFI 100 ventilatsiooniseade\"}]},{\"@type\":\"WebSite\",\"@id\":\"https:\/\/noqq.energy\/#website\",\"url\":\"https:\/\/noqq.energy\/\",\"name\":\"NOQQ Energy\",\"description\":\"KVJ ja Taastuvenergia lahendused\",\"potentialAction\":[{\"@type\":\"SearchAction\",\"target\":{\"@type\":\"EntryPoint\",\"urlTemplate\":\"https:\/\/noqq.energy\/?s={search_term_string}\"},\"query-input\":{\"@type\":\"PropertyValueSpecification\",\"valueRequired\":true,\"valueName\":\"search_term_string\"}}],\"inLanguage\":\"es\"}]}<\/script>\n<!-- \/ Yoast SEO plugin. -->","yoast_head_json":{"title":"AIRFI 100 ventilatsiooniseade - NOQQ Energy","robots":{"index":"index","follow":"follow","max-snippet":"max-snippet:-1","max-image-preview":"max-image-preview:large","max-video-preview":"max-video-preview:-1"},"canonical":"https:\/\/noqq.energy\/es\/ventilatsiooniseadmed\/airfi-100-ventilatsiooniseade\/","og_locale":"es_ES","og_type":"article","og_title":"AIRFI 100 ventilatsiooniseade - NOQQ Energy","og_url":"https:\/\/noqq.energy\/es\/ventilatsiooniseadmed\/airfi-100-ventilatsiooniseade\/","og_site_name":"NOQQ Energy","article_modified_time":"2024-09-10T10:41:59+00:00","twitter_card":"summary_large_image","schema":{"@context":"https:\/\/schema.org","@graph":[{"@type":"WebPage","@id":"https:\/\/noqq.energy\/et\/ventilatsiooniseadmed\/airfi-100-ventilatsiooniseade\/","url":"https:\/\/noqq.energy\/et\/ventilatsiooniseadmed\/airfi-100-ventilatsiooniseade\/","name":"AIRFI 100 ventilatsiooniseade - NOQQ Energy","isPartOf":{"@id":"https:\/\/noqq.energy\/#website"},"datePublished":"2024-09-02T20:10:43+00:00","dateModified":"2024-09-10T10:41:59+00:00","breadcrumb":{"@id":"https:\/\/noqq.energy\/et\/ventilatsiooniseadmed\/airfi-100-ventilatsiooniseade\/#breadcrumb"},"inLanguage":"es","potentialAction":[{"@type":"ReadAction","target":["https:\/\/noqq.energy\/et\/ventilatsiooniseadmed\/airfi-100-ventilatsiooniseade\/"]}]},{"@type":"BreadcrumbList","@id":"https:\/\/noqq.energy\/et\/ventilatsiooniseadmed\/airfi-100-ventilatsiooniseade\/#breadcrumb","itemListElement":[{"@type":"ListItem","position":1,"name":"Home","item":"https:\/\/noqq.energy\/"},{"@type":"ListItem","position":2,"name":"Ventilatsiooniseadmed","item":"https:\/\/noqq.energy\/et\/ventilatsiooniseadmed\/"},{"@type":"ListItem","position":3,"name":"AIRFI 100 ventilatsiooniseade"}]},{"@type":"WebSite","@id":"https:\/\/noqq.energy\/#website","url":"https:\/\/noqq.energy\/","name":"NOQQ Energy","description":"KVJ ja Taastuvenergia lahendused","potentialAction":[{"@type":"SearchAction","target":{"@type":"EntryPoint","urlTemplate":"https:\/\/noqq.energy\/?s={search_term_string}"},"query-input":{"@type":"PropertyValueSpecification","valueRequired":true,"valueName":"search_term_string"}}],"inLanguage":"es"}]}},"_links":{"self":[{"href":"https:\/\/noqq.energy\/es\/wp-json\/wp\/v2\/pages\/11351","targetHints":{"allow":["GET"]}}],"collection":[{"href":"https:\/\/noqq.energy\/es\/wp-json\/wp\/v2\/pages"}],"about":[{"href":"https:\/\/noqq.energy\/es\/wp-json\/wp\/v2\/types\/page"}],"author":[{"embeddable":true,"href":"https:\/\/noqq.energy\/es\/wp-json\/wp\/v2\/users\/11"}],"replies":[{"embeddable":true,"href":"https:\/\/noqq.energy\/es\/wp-json\/wp\/v2\/comments?post=11351"}],"version-history":[{"count":10,"href":"https:\/\/noqq.energy\/es\/wp-json\/wp\/v2\/pages\/11351\/revisions"}],"predecessor-version":[{"id":11445,"href":"https:\/\/noqq.energy\/es\/wp-json\/wp\/v2\/pages\/11351\/revisions\/11445"}],"up":[{"embeddable":true,"href":"https:\/\/noqq.energy\/es\/wp-json\/wp\/v2\/pages\/11284"}],"wp:attachment":[{"href":"https:\/\/noqq.energy\/es\/wp-json\/wp\/v2\/media?parent=11351"}],"curies":[{"name":"wp","href":"https:\/\/api.w.org\/{rel}","templated":true}]}}