{"id":11504,"date":"2024-09-10T11:31:25","date_gmt":"2024-09-10T11:31:25","guid":{"rendered":"https:\/\/noqq.energy\/?page_id=11504"},"modified":"2024-09-10T11:32:07","modified_gmt":"2024-09-10T11:32:07","slug":"flexit-uni-4-ventilatsiooniseade","status":"publish","type":"page","link":"https:\/\/noqq.energy\/es\/ventilatsiooniseadmed\/flexit-uni-4-ventilatsiooniseade\/","title":{"rendered":"Unidad de ventilaci\u00f3n Flexit UNI 4"},"content":{"rendered":"<div data-elementor-type=\"wp-page\" data-elementor-id=\"11504\" class=\"elementor elementor-11504\">\n\t\t\t\t<div class=\"elementor-element elementor-element-33809c1 e-con-full e-flex e-con e-parent\" data-id=\"33809c1\" data-element_type=\"container\">\n\t\t\t\t<div class=\"elementor-element elementor-element-6ae8402 elementor-widget elementor-widget-shortcode\" data-id=\"6ae8402\" data-element_type=\"widget\" data-widget_type=\"shortcode.default\">\n\t\t\t\t<div class=\"elementor-widget-container\">\n\t\t\t\t\t<div class=\"elementor-shortcode\"><!--\n<html lang=\"en\">\n\n<head>\n    <meta charset=\"UTF-8\">\n    <meta name=\"viewport\" content=\"width=device-width, initial-scale=1.0\">\n\n    <link rel=\"stylesheet\" type=\"text\/css\" media=\"all\" href=\"style.css\" \/>\n\n    <link rel=\"preconnect\" href=\"https:\/\/fonts.googleapis.com\">\n    <link rel=\"preconnect\" href=\"https:\/\/fonts.gstatic.com\" crossorigin>\n    <link\n        href=\"https:\/\/fonts.googleapis.com\/css2?family=Jost:ital,wght@0,100..900;1,100..900&family=Kumbh+Sans:wght@100..900&family=Rubik:ital,wght@0,300..900;1,300..900&display=swap\"\n        rel=\"stylesheet\">\n\n    \n\n<\/head>\n-->\n<body id=\"noqq-product\">\n    <div id=\"noqq-hero\">\n        <div id=\"hero-left\">\n            <img decoding=\"async\" src=\"https:\/\/noqq.energy\/wp-content\/uploads\/2024\/09\/flexit-uni-4.webp\" class=\"noqq-category-product-img\" alt=\"Unidad de ventilaci\u00f3n Flexit uni 4\">\n        <\/div>\n        <div id=\"hero-right\">\n            <div id=\"product-category\">\n                <a href=\"https:\/\/noqq.energy\/es\/ventilatsiooniseadmed\/\">\n                    <h3>equipo de ventilaci\u00f3n<\/h3>\n                <\/a>\n            <\/div>\n            <div id=\"product-title\">\n                <h1>Unidad de ventilaci\u00f3n FLEXIT UNI 4<\/h1>\n            <\/div>\n            <div id=\"option-container\"><div id=\"price\"><a style='color:white;text-decoration:underline' href='\/es\/kontakt\/'>Solicita una oferta<\/a><\/div><div id=\"price_km\">se agrega el iva<\/div><div class='button-row' id='main-row'><button class='option-button' data-price=''   >1655<\/button><\/div><\/div>\n            <div id=\"product-main-details\">\n                <div class='main-detail'>\n                    <h3>Potencia nominal total: 1300W<\/h3>\n                <\/div><div class='main-detail'>\n                    <h3>Control: aplicaci\u00f3n Flexit Go<\/h3>\n                <\/div><div class='main-detail'>\n                    <h3>Volumen m\u00e1ximo de trabajo: 620 m\u00b3\/h<\/h3>\n                <\/div><div class='main-detail'>\n                    <h3>Clase energ\u00e9tica: A<\/h3>\n                <\/div>            <\/div>\n            <div id=\"product-quote\">\n                <a class=\"quote-button\" href=\"https:\/\/noqq.energy\/es\/kontakt\/\">\n                    <span>Solicita una oferta<\/span>\n                    <span>\u2192<\/span>\n                <\/a>\n            <\/div>\n        <\/div>\n    <\/div>\n    <div id=\"product-description1\">\n        <div class=\"noqq-section\">\n            <p>Flexit se especializa en ventilaci\u00f3n del hogar y ofrece soluciones de aire limpio y fresco para un ambiente interior saludable. Flexit es el l\u00edder del mercado en ventilaci\u00f3n dom\u00e9stica y suministra soluciones de ventilaci\u00f3n a los hogares noruegos desde 1974. Flexit es una empresa noruega y todos los productos est\u00e1n desarrollados especialmente para el clima n\u00f3rdico. Los productos se prueban y documentan seg\u00fan los \u00faltimos est\u00e1ndares.\n<\/p>\n        <\/div>\n    <\/div>\n    <div id=\"product-img-section\">\n        <div id=\"img-section-left\">\n            <h1 class=\"align-right\">Flexit UNI 4<\/h1>\n            <div id=\"img-section-highlights\">\n                <div class='img-section-highlight'>\n                    <div class='img-section-highlight-text'>\n                        <h3>F\u00e1cil de usar<\/h3>\n                    <\/div>\n                    <img src='https:\/\/noqq.energy\/wp-content\/uploads\/2024\/10\/gears2.svg'>\n                <\/div><div class='img-section-highlight'>\n                    <div class='img-section-highlight-text'>\n                        <h3>Bajo nivel de ruido<\/h3>\n                    <\/div>\n                    <img src='https:\/\/noqq.energy\/wp-content\/uploads\/2024\/10\/speaker.svg'>\n                <\/div>            <\/div>\n            <p class=\"align-right\">La unidad de ventilaci\u00f3n Flexit UNI 4 es adecuada para su uso en viviendas unifamiliares m\u00e1s grandes y edificios comerciales m\u00e1s peque\u00f1os. Esta unidad de ventilaci\u00f3n cuenta con un intercambiador de calor de rotor de alta eficiencia y ventiladores con motores EC de bajo consumo energ\u00e9tico. El dispositivo de ventilaci\u00f3n garantiza un buen clima interior y reduce los costes de calefacci\u00f3n. Para utilizar el dispositivo, necesita un panel de control independiente (CI 60 o CI 600), que est\u00e1 disponible en los modelos blanco y negro. Si se selecciona el adaptador Modbus opcional (n.\u00ba de producto 111647), se puede utilizar el protocolo de comunicaci\u00f3n Modbus para los datos. Se da prioridad a la facilidad de uso y al dise\u00f1o moderno. Tambi\u00e9n se han actualizado los paneles de navegaci\u00f3n y control del CI 60 y CI 600. Se hace hincapi\u00e9 en el dise\u00f1o moderno, el manejo sencillo y la regulaci\u00f3n de la ventilaci\u00f3n seg\u00fan las necesidades.            <\/p>\n        <\/div>\n        <div id=\"img-section-right\">\n            <img decoding=\"async\" src=\"https:\/\/noqq.energy\/wp-content\/uploads\/2024\/09\/flexit-uni-4-2.webp\" class=\"noqq-category-product-img\" alt=\"Imagen inferior de la unidad de ventilaci\u00f3n Flexit uni 4 con vista lateral\">\n        <\/div>\n    <\/div>\n    <div id=\"product-technical-details\">\n        <div class=\"noqq-section\">\n            <h2>Especificaciones t\u00e9cnicas y caracter\u00edsticas:<\/h2>\n            <div id=\"technical-details-container\">\n                <h3 class='technical-detail'>Tensi\u00f3n nominal (CA 50 Hz): 230 V<\/h3><h3 class='technical-detail'>Frecuencia: 50Hz<\/h3><h3 class='technical-detail'>Tama\u00f1o de protecci\u00f3n: 10 A<\/h3><h3 class='technical-detail'>Corriente nominal con calefacci\u00f3n el\u00e9ctrica: 7,2 A<\/h3><h3 class='technical-detail'>Corriente nominal sin calefacci\u00f3n el\u00e9ctrica: 2,1 A<\/h3><h3 class='technical-detail'>Corriente nominal incluida calefacci\u00f3n el\u00e9ctrica: 1655 W<\/h3><h3 class='technical-detail'>Corriente nominal total sin calefacci\u00f3n el\u00e9ctrica: 355 W<\/h3><h3 class='technical-detail'>Corriente nominal m\u00e1xima con calefacci\u00f3n el\u00e9ctrica: 1300 W<\/h3><h3 class='technical-detail'>Corriente nominal m\u00e1xima sin calefacci\u00f3n el\u00e9ctrica: - <\/h3><h3 class='technical-detail'>Corriente nominal, ventiladores: 2x175 W<\/h3><h3 class='technical-detail'>Tipo de ventilador: rueda B<\/h3><h3 class='technical-detail'>Control del motor del ventilador: 0-10V<\/h3><h3 class='technical-detail'>Velocidad m\u00e1xima del ventilador RPM: 2930<\/h3><h3 class='technical-detail'>Control autom\u00e1tico, est\u00e1ndar: Flexit GO<\/h3><h3 class='technical-detail'>Clase de filtro: ePM1 55% (F7)<\/h3><h3 class='technical-detail'>Peso: 86 kilos<\/h3>            <\/div>\n        <\/div>\n\n    <\/div>\n    <div id=\"product-cta\">\n        <div class=\"noqq-section\">\n            <h2>\u00bfCalentamos?<\/h2>\n            <div id=\"product-quote\">\n                <a class=\"quote-button\" href=\"https:\/\/noqq.energy\/es\/kontakt\/\">\n                    <span>P\u00f3ngase en contacto con nosotros<\/span>\n                    <span>\u2192<\/span>\n                <\/a>\n            <\/div>\n        <\/div>\n    <\/div>\n    <div id=\"product-technical-details-img\">\n        <div class=\"noqq-section\">\n            <img decoding=\"async\" id=\"technical-details-img\"\n                src=\"\"\n                alt=\"\">\n        <\/div>\n\n    <\/div>\n    <div id=\"product-documents\">\n        <div class=\"noqq-section\">\n            <h2>Documentos y manuales<\/h2>\n            <div id=\"documents-container\">\n                <a href='https:\/\/kesko-onninen-pim-resources-production.s3-eu-west-1.amazonaws.com\/pimdocuments\/15614279.pdf'>P\u00e1gina de producto Flexit UNI 4<\/a><a href='https:\/\/p.flexit.no\/en\/products\/air_handling_units_300-700_m3-h\/flexit_uni_4\/air_handling_unit_uni_4_rer\/'>Datos t\u00e9cnicos<\/a>            <\/div>\n        <\/div>\n    <\/div>\n    <script>\n  document.addEventListener('DOMContentLoaded', function() {\n      \n      const priceButtons = document.querySelectorAll('[data-price]');\n      const priceContainer = document.querySelector(\"#price\");\n      const priceContainerKM = document.querySelector(\"#price_km\");\n      \n      priceButtons.forEach(function(btn) {\n          btn.addEventListener(\"click\", function() {\n\n\n              if (isNaN(parseFloat(btn.getAttribute(\"data-price\")))) {\n                  priceContainer.innerHTML = \"<a style='color:white;text-decoration:underline' href='\/kontakt'>K\u00fcsi pakkumist<\/a>\";\n                priceContainerKM.innerHTML = \"<a style='color:white;text-decoration:underline;font-size:13px' href='\/kontakt'>Ask for price<\/a>\";\n                return;\n              }\n\n             addToString = \" \u20ac\";\n             if (btn.hasAttribute(\"data-surface\")) {\n                 addToString = \" \u20ac \u2013 \" + btn.getAttribute(\"data-surface\") + \"m\u00b2\";\n             }\n             priceContainer.textContent = Math.round(parseFloat(btn.getAttribute(\"data-price\")) * 1.2) + addToString;\n             priceContainerKM.textContent = btn.getAttribute(\"data-price\") + \" \u20ac + k\u00e4ibemaks\";\n          });\n      });\n      if (priceButtons.length == 1) { \/\/ product only has one model \/ button, display price immediately\n        priceContainerKM.textContent = priceButtons[0].getAttribute(\"data-price\") + \" \u20ac + k\u00e4ibemaks\";\n      }\n      \n      const buttons = document.querySelectorAll(\".option-button\");\n      buttons.forEach(function(btn) {\n          btn.addEventListener(\"click\", function() {\n              \n              \n              \n             \/\/ Remove active from other buttons in row\n             buttonsInRow = btn.parentElement.querySelectorAll(\"button\");\n             buttonsInRow.forEach(function(btn) {\n                btn.classList.remove(\"active\"); \n             });\n             \n             \n             btn.classList.add(\"active\");\n             \/\/ Check for images\n             if (btn.hasAttribute(\"data-url1\")) {\n                 imageElements = document.querySelectorAll(\".noqq-category-product-img\");\n                 imageElements[0].src = btn.getAttribute(\"data-url1\");\n                 if (btn.hasAttribute(\"data-url2\")) {\n                     imageElements[1].src = btn.getAttribute(\"data-url2\");\n                 }\n             }\n             \n             \n             \n             \/\/ Change technical description\n             if (btn.hasAttribute(\"data-description\")) {\n                 \n                \/\/ Remove active from other technical descrpitions\n                 specs = document.querySelectorAll(\".noqq-spec\");\n                 specs.forEach(function(spec) {\n                    spec.classList.remove(\"active\"); \n                 });\n                document.querySelector(\"#noqq-spec\" + btn.getAttribute(\"data-description\")).classList.add(\"active\");\n             }\n             \n              \n             if (btn.hasAttribute(\"data-value\")) {\n                 \n                 \/\/ Hide other sub-rows\n                 const rows = document.querySelectorAll('.button-row');\n                 rows.forEach(function(row) {\n                     \n                     buttonIndex = btn.getAttribute(\"data-value\").split(\"_\")[0];\n\n                     \n                     if (row.getAttribute(\"id\").includes(buttonIndex)) {\n                         row.classList.remove(\"active\");\n                         \n                         Array.from(row.children).forEach(function(btn) {\n                            btn.classList.remove(\"active\"); \n                         });\n                     }\n                 });\n                 \n                 \/\/ Show sub-row\n                 document.querySelector(\"#\" + btn.getAttribute(\"data-value\")).classList.add(\"active\");\n                 \n             }\n             \/\/ else is data-price button\n          });\n      });\n      \n  });\n      \n      \n      \n      \n      \n      \n      \n      \n      \/*\n    const mainRowButtons = document.querySelectorAll('#main-row .price-button');\n    const subRows = document.querySelectorAll('.sub-row');\n\n    mainRowButtons.forEach(function(button) {\n      button.addEventListener('click', function() {\n        mainRowButtons.forEach(function(button) {\n      button.classList.remove(\"active\");});\n        button.classList.add(\"active\");\n        const value = button.getAttribute('data-value').split(\"-\").pop();\n        showSubRow(value);\n      });\n    });\n\n    function showSubRow(value) {\n      subRows.forEach(function(row) {\n        row.classList.remove('active');\n        const rowButtons = row.querySelectorAll('.price-button');\n        rowButtons.forEach(function(btn) {\n            btn.classList.remove(\"active\");\n        });\n      });\n\n      const subRowId = 'sub-row-' + value;\n      const subRow = document.getElementById(subRowId);\n      if (subRow) {\n        subRow.classList.add('active');\n      }\n      \n      const activeButtons = subRow.querySelectorAll('.price-button');\n        activeButtons.forEach(function(button) {\n          button.addEventListener('click', function() {\n              activeButtons.forEach(function(button) {\n      button.classList.remove(\"active\");});\n             button.classList.add(\"active\");\n            const priceValue = button.getAttribute('data-value');\n            const priceContainer = document.getElementById('price');\n            priceContainer.textContent = priceValue + \" \u20ac\";\n          });\n        });\n    }\n  });*\/\n<\/script>\n<\/body>\n<\/div>\n\t\t\t\t<\/div>\n\t\t\t\t<\/div>\n\t\t\t\t<\/div>\n\t\t\t\t<\/div>","protected":false},"excerpt":{"rendered":"","protected":false},"author":11,"featured_media":0,"parent":11284,"menu_order":0,"comment_status":"closed","ping_status":"closed","template":"elementor_header_footer","meta":{"_et_pb_use_builder":"","_et_pb_old_content":"","_et_gb_content_width":"","_monsterinsights_skip_tracking":false,"_monsterinsights_sitenote_active":false,"_monsterinsights_sitenote_note":"","_monsterinsights_sitenote_category":0,"footnotes":""},"class_list":["post-11504","page","type-page","status-publish","hentry"],"yoast_head":"<!-- This site is optimized with the Yoast SEO plugin v23.8 - https:\/\/yoast.com\/wordpress\/plugins\/seo\/ -->\n<title>Flexit UNI 4 ventilatsiooniseade - NOQQ Energy<\/title>\n<meta name=\"description\" content=\"Ventilatsiooniseade Flexit UNI 4 sobib kasutamiseks suuremas \u00fchepereelamus ja v\u00e4iksemas \u00e4rihoones. Prioriteediks on lihtne kasutamine.\" \/>\n<meta name=\"robots\" content=\"index, follow, max-snippet:-1, max-image-preview:large, max-video-preview:-1\" \/>\n<link rel=\"canonical\" href=\"https:\/\/noqq.energy\/es\/ventilatsiooniseadmed\/flexit-uni-4-ventilatsiooniseade\/\" \/>\n<meta property=\"og:locale\" content=\"es_ES\" \/>\n<meta property=\"og:type\" content=\"article\" \/>\n<meta property=\"og:title\" content=\"Flexit UNI 4 ventilatsiooniseade - NOQQ Energy\" \/>\n<meta property=\"og:description\" content=\"Ventilatsiooniseade Flexit UNI 4 sobib kasutamiseks suuremas \u00fchepereelamus ja v\u00e4iksemas \u00e4rihoones. Prioriteediks on lihtne kasutamine.\" \/>\n<meta property=\"og:url\" content=\"https:\/\/noqq.energy\/es\/ventilatsiooniseadmed\/flexit-uni-4-ventilatsiooniseade\/\" \/>\n<meta property=\"og:site_name\" content=\"NOQQ Energy\" \/>\n<meta property=\"article:modified_time\" content=\"2024-09-10T11:32:07+00:00\" \/>\n<meta name=\"twitter:card\" content=\"summary_large_image\" \/>\n<script type=\"application\/ld+json\" class=\"yoast-schema-graph\">{\"@context\":\"https:\/\/schema.org\",\"@graph\":[{\"@type\":\"WebPage\",\"@id\":\"https:\/\/noqq.energy\/et\/ventilatsiooniseadmed\/flexit-uni-4-ventilatsiooniseade\/\",\"url\":\"https:\/\/noqq.energy\/et\/ventilatsiooniseadmed\/flexit-uni-4-ventilatsiooniseade\/\",\"name\":\"Flexit UNI 4 ventilatsiooniseade - NOQQ Energy\",\"isPartOf\":{\"@id\":\"https:\/\/noqq.energy\/#website\"},\"datePublished\":\"2024-09-10T11:31:25+00:00\",\"dateModified\":\"2024-09-10T11:32:07+00:00\",\"description\":\"Ventilatsiooniseade Flexit UNI 4 sobib kasutamiseks suuremas \u00fchepereelamus ja v\u00e4iksemas \u00e4rihoones. Prioriteediks on lihtne kasutamine.\",\"breadcrumb\":{\"@id\":\"https:\/\/noqq.energy\/et\/ventilatsiooniseadmed\/flexit-uni-4-ventilatsiooniseade\/#breadcrumb\"},\"inLanguage\":\"es\",\"potentialAction\":[{\"@type\":\"ReadAction\",\"target\":[\"https:\/\/noqq.energy\/et\/ventilatsiooniseadmed\/flexit-uni-4-ventilatsiooniseade\/\"]}]},{\"@type\":\"BreadcrumbList\",\"@id\":\"https:\/\/noqq.energy\/et\/ventilatsiooniseadmed\/flexit-uni-4-ventilatsiooniseade\/#breadcrumb\",\"itemListElement\":[{\"@type\":\"ListItem\",\"position\":1,\"name\":\"Home\",\"item\":\"https:\/\/noqq.energy\/\"},{\"@type\":\"ListItem\",\"position\":2,\"name\":\"Ventilatsiooniseadmed\",\"item\":\"https:\/\/noqq.energy\/et\/ventilatsiooniseadmed\/\"},{\"@type\":\"ListItem\",\"position\":3,\"name\":\"Flexit UNI 4 ventilatsiooniseade\"}]},{\"@type\":\"WebSite\",\"@id\":\"https:\/\/noqq.energy\/#website\",\"url\":\"https:\/\/noqq.energy\/\",\"name\":\"NOQQ Energy\",\"description\":\"KVJ ja Taastuvenergia lahendused\",\"potentialAction\":[{\"@type\":\"SearchAction\",\"target\":{\"@type\":\"EntryPoint\",\"urlTemplate\":\"https:\/\/noqq.energy\/?s={search_term_string}\"},\"query-input\":{\"@type\":\"PropertyValueSpecification\",\"valueRequired\":true,\"valueName\":\"search_term_string\"}}],\"inLanguage\":\"es\"}]}<\/script>\n<!-- \/ Yoast SEO plugin. -->","yoast_head_json":{"title":"Flexit UNI 4 ventilatsiooniseade - NOQQ Energy","description":"Ventilatsiooniseade Flexit UNI 4 sobib kasutamiseks suuremas \u00fchepereelamus ja v\u00e4iksemas \u00e4rihoones. Prioriteediks on lihtne kasutamine.","robots":{"index":"index","follow":"follow","max-snippet":"max-snippet:-1","max-image-preview":"max-image-preview:large","max-video-preview":"max-video-preview:-1"},"canonical":"https:\/\/noqq.energy\/es\/ventilatsiooniseadmed\/flexit-uni-4-ventilatsiooniseade\/","og_locale":"es_ES","og_type":"article","og_title":"Flexit UNI 4 ventilatsiooniseade - NOQQ Energy","og_description":"Ventilatsiooniseade Flexit UNI 4 sobib kasutamiseks suuremas \u00fchepereelamus ja v\u00e4iksemas \u00e4rihoones. Prioriteediks on lihtne kasutamine.","og_url":"https:\/\/noqq.energy\/es\/ventilatsiooniseadmed\/flexit-uni-4-ventilatsiooniseade\/","og_site_name":"NOQQ Energy","article_modified_time":"2024-09-10T11:32:07+00:00","twitter_card":"summary_large_image","schema":{"@context":"https:\/\/schema.org","@graph":[{"@type":"WebPage","@id":"https:\/\/noqq.energy\/et\/ventilatsiooniseadmed\/flexit-uni-4-ventilatsiooniseade\/","url":"https:\/\/noqq.energy\/et\/ventilatsiooniseadmed\/flexit-uni-4-ventilatsiooniseade\/","name":"Flexit UNI 4 ventilatsiooniseade - NOQQ Energy","isPartOf":{"@id":"https:\/\/noqq.energy\/#website"},"datePublished":"2024-09-10T11:31:25+00:00","dateModified":"2024-09-10T11:32:07+00:00","description":"Ventilatsiooniseade Flexit UNI 4 sobib kasutamiseks suuremas \u00fchepereelamus ja v\u00e4iksemas \u00e4rihoones. Prioriteediks on lihtne kasutamine.","breadcrumb":{"@id":"https:\/\/noqq.energy\/et\/ventilatsiooniseadmed\/flexit-uni-4-ventilatsiooniseade\/#breadcrumb"},"inLanguage":"es","potentialAction":[{"@type":"ReadAction","target":["https:\/\/noqq.energy\/et\/ventilatsiooniseadmed\/flexit-uni-4-ventilatsiooniseade\/"]}]},{"@type":"BreadcrumbList","@id":"https:\/\/noqq.energy\/et\/ventilatsiooniseadmed\/flexit-uni-4-ventilatsiooniseade\/#breadcrumb","itemListElement":[{"@type":"ListItem","position":1,"name":"Home","item":"https:\/\/noqq.energy\/"},{"@type":"ListItem","position":2,"name":"Ventilatsiooniseadmed","item":"https:\/\/noqq.energy\/et\/ventilatsiooniseadmed\/"},{"@type":"ListItem","position":3,"name":"Flexit UNI 4 ventilatsiooniseade"}]},{"@type":"WebSite","@id":"https:\/\/noqq.energy\/#website","url":"https:\/\/noqq.energy\/","name":"NOQQ Energy","description":"KVJ ja Taastuvenergia lahendused","potentialAction":[{"@type":"SearchAction","target":{"@type":"EntryPoint","urlTemplate":"https:\/\/noqq.energy\/?s={search_term_string}"},"query-input":{"@type":"PropertyValueSpecification","valueRequired":true,"valueName":"search_term_string"}}],"inLanguage":"es"}]}},"_links":{"self":[{"href":"https:\/\/noqq.energy\/es\/wp-json\/wp\/v2\/pages\/11504","targetHints":{"allow":["GET"]}}],"collection":[{"href":"https:\/\/noqq.energy\/es\/wp-json\/wp\/v2\/pages"}],"about":[{"href":"https:\/\/noqq.energy\/es\/wp-json\/wp\/v2\/types\/page"}],"author":[{"embeddable":true,"href":"https:\/\/noqq.energy\/es\/wp-json\/wp\/v2\/users\/11"}],"replies":[{"embeddable":true,"href":"https:\/\/noqq.energy\/es\/wp-json\/wp\/v2\/comments?post=11504"}],"version-history":[{"count":4,"href":"https:\/\/noqq.energy\/es\/wp-json\/wp\/v2\/pages\/11504\/revisions"}],"predecessor-version":[{"id":11508,"href":"https:\/\/noqq.energy\/es\/wp-json\/wp\/v2\/pages\/11504\/revisions\/11508"}],"up":[{"embeddable":true,"href":"https:\/\/noqq.energy\/es\/wp-json\/wp\/v2\/pages\/11284"}],"wp:attachment":[{"href":"https:\/\/noqq.energy\/es\/wp-json\/wp\/v2\/media?parent=11504"}],"curies":[{"name":"wp","href":"https:\/\/api.w.org\/{rel}","templated":true}]}}