{"id":11524,"date":"2024-09-10T11:44:46","date_gmt":"2024-09-10T11:44:46","guid":{"rendered":"https:\/\/noqq.energy\/?page_id=11524"},"modified":"2024-09-10T11:45:26","modified_gmt":"2024-09-10T11:45:26","slug":"siber-erv-evo-seeria-ventseadmed-evo-1-evo-2","status":"publish","type":"page","link":"https:\/\/noqq.energy\/es\/ventilatsiooniseadmed\/siber-erv-evo-seeria-ventseadmed-evo-1-evo-2\/","title":{"rendered":"Unidades de ventilaci\u00f3n Siber ERV serie EVO: EVO 1, EVO 2"},"content":{"rendered":"<div data-elementor-type=\"wp-page\" data-elementor-id=\"11524\" class=\"elementor elementor-11524\">\n\t\t\t\t<div class=\"elementor-element elementor-element-33809c1 e-con-full e-flex e-con e-parent\" data-id=\"33809c1\" data-element_type=\"container\">\n\t\t\t\t<div class=\"elementor-element elementor-element-6ae8402 elementor-widget elementor-widget-shortcode\" data-id=\"6ae8402\" data-element_type=\"widget\" data-widget_type=\"shortcode.default\">\n\t\t\t\t<div class=\"elementor-widget-container\">\n\t\t\t\t\t<div class=\"elementor-shortcode\"><!--\n<html lang=\"en\">\n\n<head>\n    <meta charset=\"UTF-8\">\n    <meta name=\"viewport\" content=\"width=device-width, initial-scale=1.0\">\n\n    <link rel=\"stylesheet\" type=\"text\/css\" media=\"all\" href=\"style.css\" \/>\n\n    <link rel=\"preconnect\" href=\"https:\/\/fonts.googleapis.com\">\n    <link rel=\"preconnect\" href=\"https:\/\/fonts.gstatic.com\" crossorigin>\n    <link\n        href=\"https:\/\/fonts.googleapis.com\/css2?family=Jost:ital,wght@0,100..900;1,100..900&family=Kumbh+Sans:wght@100..900&family=Rubik:ital,wght@0,300..900;1,300..900&display=swap\"\n        rel=\"stylesheet\">\n\n    \n\n<\/head>\n-->\n<body id=\"noqq-product\">\n    <div id=\"noqq-hero\">\n        <div id=\"hero-left\">\n            <img decoding=\"async\" src=\"https:\/\/noqq.energy\/wp-content\/uploads\/2024\/09\/Siber-Evo-1-ERV-1.webp\" class=\"noqq-category-product-img\" alt=\"Unidad de ventilaci\u00f3n Siber ERV EVO\">\n        <\/div>\n        <div id=\"hero-right\">\n            <div id=\"product-category\">\n                <a href=\"https:\/\/noqq.energy\/es\/ventilatsiooniseadmed\/\">\n                    <h3>equipo de ventilaci\u00f3n<\/h3>\n                <\/a>\n            <\/div>\n            <div id=\"product-title\">\n                <h1>Dispositivos de ventilaci\u00f3n Siber serie ERV EVO - EVO 1, EVO 2<\/h1>\n            <\/div>\n            <div id=\"option-container\"><div id=\"price\"><a style='color:white;text-decoration:underline' href='\/es\/kontakt\/'>Solicita una oferta<\/a><\/div><div id=\"price_km\">se agrega el iva<\/div><div class='button-row' id='main-row'><button class='option-button' data-price=''   >600W (EVO 1)<\/button><button class='option-button' data-price=''   >600W (EVO 2)<\/button><\/div><\/div>\n            <div id=\"product-main-details\">\n                <div class='main-detail'>\n                    <h3>Potencia nominal total: 600W<\/h3>\n                <\/div><div class='main-detail'>\n                    <h3>Gesti\u00f3n: aplicaci\u00f3n Siber<\/h3>\n                <\/div><div class='main-detail'>\n                    <h3>Volumen m\u00e1ximo de trabajo: 150-200m\u00b3\/h<\/h3>\n                <\/div><div class='main-detail'>\n                    <h3>Clase energ\u00e9tica: A-A+<\/h3>\n                <\/div>            <\/div>\n            <div id=\"product-quote\">\n                <a class=\"quote-button\" href=\"https:\/\/noqq.energy\/es\/kontakt\/\">\n                    <span>Solicita una oferta<\/span>\n                    <span>\u2192<\/span>\n                <\/a>\n            <\/div>\n        <\/div>\n    <\/div>\n    <div id=\"product-description1\">\n        <div class=\"noqq-section\">\n            <p>Descubre el placer de disfrutar del aire fresco con Siber EVO, un dispositivo compacto que combina innovaci\u00f3n de vanguardia y dise\u00f1o moderno. Sabemos lo importante que es el aire interior limpio y saludable, por eso los dispositivos de ventilaci\u00f3n Siberian est\u00e1n dise\u00f1ados para mejorar significativamente sus espacios de vida y trabajo.\n<\/p>\n        <\/div>\n    <\/div>\n    <div id=\"product-img-section\">\n        <div id=\"img-section-left\">\n            <h1 class=\"align-right\">Mejor clima en casa<\/h1>\n            <div id=\"img-section-highlights\">\n                <div class='img-section-highlight'>\n                    <div class='img-section-highlight-text'>\n                        <h3>Una gran selecci\u00f3n de filtros seg\u00fan sus deseos.<\/h3>\n                    <\/div>\n                    <img src='https:\/\/noqq.energy\/wp-content\/uploads\/2024\/10\/clouds.svg'>\n                <\/div><div class='img-section-highlight'>\n                    <div class='img-section-highlight-text'>\n                        <h3>F\u00e1cil de colocar<\/h3>\n                    <\/div>\n                    <img src='https:\/\/noqq.energy\/wp-content\/uploads\/2024\/10\/maintenance.svg'>\n                <\/div>            <\/div>\n            <p class=\"align-right\">La unidad Siber ERV EVO 1 es una unidad de recuperaci\u00f3n de calor de alto rendimiento con tecnolog\u00eda de ventilaci\u00f3n de flujo continuo. La unidad cuenta con ventiladores centr\u00edfugos de CC y aspas inclinadas hacia adelante para un flujo de aire continuo, confort ac\u00fastico, consumo de energ\u00eda reducido, f\u00e1cil mantenimiento y calidad \u00f3ptima del aire.            <\/p>\n        <\/div>\n        <div id=\"img-section-right\">\n            <img decoding=\"async\" src=\"https:\/\/noqq.energy\/wp-content\/uploads\/2024\/09\/Siber-Evo-1-ERV-2.webp\" class=\"noqq-category-product-img\" alt=\"Imagen inferior de la unidad de ventilaci\u00f3n Siber ERV EVO con vista lateral\">\n        <\/div>\n    <\/div>\n    <div id=\"product-technical-details\">\n        <div class=\"noqq-section\">\n            <h2>Especificaciones t\u00e9cnicas y caracter\u00edsticas:<\/h2>\n            <div id=\"technical-details-container\">\n                <h3 class='technical-detail'>Tensi\u00f3n nominal (CA 50 Hz): 230 V<\/h3><h3 class='technical-detail'>Frecuencia: 50Hz<\/h3><h3 class='technical-detail'>Voltaje: 230V<\/h3><h3 class='technical-detail'>Material de la carcasa: pl\u00e1stico<\/h3><h3 class='technical-detail'>Dimensiones: 1000 x 600 x 210 mm<\/h3><h3 class='technical-detail'>Peso: 24 kilos<\/h3><h3 class='technical-detail'>Montaje en pared: S\u00ed<\/h3><h3 class='technical-detail'>Montaje en techo: s\u00ed<\/h3><h3 class='technical-detail'>Montaje en piso: S\u00ed<\/h3><h3 class='technical-detail'>Potencia del calentador el\u00e9ctrico: 600W<\/h3><h3 class='technical-detail'>Di\u00e1metro del canal: 160 mm<\/h3><h3 class='technical-detail'>Tipo de intercambiador de calor: flujo cruzado<\/h3><h3 class='technical-detail'>Clase de filtro: UE 4 (G4)<\/h3><h3 class='technical-detail'>Grado de protecci\u00f3n (IP): IP40<\/h3>            <\/div>\n        <\/div>\n\n    <\/div>\n    <div id=\"product-cta\">\n        <div class=\"noqq-section\">\n            <h2>\u00bfCalentamos?<\/h2>\n            <div id=\"product-quote\">\n                <a class=\"quote-button\" href=\"https:\/\/noqq.energy\/es\/kontakt\/\">\n                    <span>P\u00f3ngase en contacto con nosotros<\/span>\n                    <span>\u2192<\/span>\n                <\/a>\n            <\/div>\n        <\/div>\n    <\/div>\n    <div id=\"product-technical-details-img\">\n        <div class=\"noqq-section\">\n            <img decoding=\"async\" id=\"technical-details-img\"\n                src=\"\"\n                alt=\"\">\n        <\/div>\n\n    <\/div>\n    <div id=\"product-documents\">\n        <div class=\"noqq-section\">\n            <h2>Documentos y manuales<\/h2>\n            <div id=\"documents-container\">\n                <a href='https:\/\/www.siberzone.es\/landings\/evo\/pdf\/TD%20Siber-ERV-EVO-1.pdf'>P\u00e1gina de producto de la serie Siber ERV EVO 1<\/a><a href='https:\/\/www.siberzone.es\/landings\/evo\/pdf\/TDS%20Siber-ERV-EVO-2.pdf'>P\u00e1gina de producto de la serie Siber ERV EVO 2<\/a>            <\/div>\n        <\/div>\n    <\/div>\n    <script>\n  document.addEventListener('DOMContentLoaded', function() {\n      \n      const priceButtons = document.querySelectorAll('[data-price]');\n      const priceContainer = document.querySelector(\"#price\");\n      const priceContainerKM = document.querySelector(\"#price_km\");\n      \n      priceButtons.forEach(function(btn) {\n          btn.addEventListener(\"click\", function() {\n\n\n              if (isNaN(parseFloat(btn.getAttribute(\"data-price\")))) {\n                  priceContainer.innerHTML = \"<a style='color:white;text-decoration:underline' href='\/kontakt'>K\u00fcsi pakkumist<\/a>\";\n                priceContainerKM.innerHTML = \"<a style='color:white;text-decoration:underline;font-size:13px' href='\/kontakt'>Ask for price<\/a>\";\n                return;\n              }\n\n             addToString = \" \u20ac\";\n             if (btn.hasAttribute(\"data-surface\")) {\n                 addToString = \" \u20ac \u2013 \" + btn.getAttribute(\"data-surface\") + \"m\u00b2\";\n             }\n             priceContainer.textContent = Math.round(parseFloat(btn.getAttribute(\"data-price\")) * 1.2) + addToString;\n             priceContainerKM.textContent = btn.getAttribute(\"data-price\") + \" \u20ac + k\u00e4ibemaks\";\n          });\n      });\n      if (priceButtons.length == 1) { \/\/ product only has one model \/ button, display price immediately\n        priceContainerKM.textContent = priceButtons[0].getAttribute(\"data-price\") + \" \u20ac + k\u00e4ibemaks\";\n      }\n      \n      const buttons = document.querySelectorAll(\".option-button\");\n      buttons.forEach(function(btn) {\n          btn.addEventListener(\"click\", function() {\n              \n              \n              \n             \/\/ Remove active from other buttons in row\n             buttonsInRow = btn.parentElement.querySelectorAll(\"button\");\n             buttonsInRow.forEach(function(btn) {\n                btn.classList.remove(\"active\"); \n             });\n             \n             \n             btn.classList.add(\"active\");\n             \/\/ Check for images\n             if (btn.hasAttribute(\"data-url1\")) {\n                 imageElements = document.querySelectorAll(\".noqq-category-product-img\");\n                 imageElements[0].src = btn.getAttribute(\"data-url1\");\n                 if (btn.hasAttribute(\"data-url2\")) {\n                     imageElements[1].src = btn.getAttribute(\"data-url2\");\n                 }\n             }\n             \n             \n             \n             \/\/ Change technical description\n             if (btn.hasAttribute(\"data-description\")) {\n                 \n                \/\/ Remove active from other technical descrpitions\n                 specs = document.querySelectorAll(\".noqq-spec\");\n                 specs.forEach(function(spec) {\n                    spec.classList.remove(\"active\"); \n                 });\n                document.querySelector(\"#noqq-spec\" + btn.getAttribute(\"data-description\")).classList.add(\"active\");\n             }\n             \n              \n             if (btn.hasAttribute(\"data-value\")) {\n                 \n                 \/\/ Hide other sub-rows\n                 const rows = document.querySelectorAll('.button-row');\n                 rows.forEach(function(row) {\n                     \n                     buttonIndex = btn.getAttribute(\"data-value\").split(\"_\")[0];\n\n                     \n                     if (row.getAttribute(\"id\").includes(buttonIndex)) {\n                         row.classList.remove(\"active\");\n                         \n                         Array.from(row.children).forEach(function(btn) {\n                            btn.classList.remove(\"active\"); \n                         });\n                     }\n                 });\n                 \n                 \/\/ Show sub-row\n                 document.querySelector(\"#\" + btn.getAttribute(\"data-value\")).classList.add(\"active\");\n                 \n             }\n             \/\/ else is data-price button\n          });\n      });\n      \n  });\n      \n      \n      \n      \n      \n      \n      \n      \n      \/*\n    const mainRowButtons = document.querySelectorAll('#main-row .price-button');\n    const subRows = document.querySelectorAll('.sub-row');\n\n    mainRowButtons.forEach(function(button) {\n      button.addEventListener('click', function() {\n        mainRowButtons.forEach(function(button) {\n      button.classList.remove(\"active\");});\n        button.classList.add(\"active\");\n        const value = button.getAttribute('data-value').split(\"-\").pop();\n        showSubRow(value);\n      });\n    });\n\n    function showSubRow(value) {\n      subRows.forEach(function(row) {\n        row.classList.remove('active');\n        const rowButtons = row.querySelectorAll('.price-button');\n        rowButtons.forEach(function(btn) {\n            btn.classList.remove(\"active\");\n        });\n      });\n\n      const subRowId = 'sub-row-' + value;\n      const subRow = document.getElementById(subRowId);\n      if (subRow) {\n        subRow.classList.add('active');\n      }\n      \n      const activeButtons = subRow.querySelectorAll('.price-button');\n        activeButtons.forEach(function(button) {\n          button.addEventListener('click', function() {\n              activeButtons.forEach(function(button) {\n      button.classList.remove(\"active\");});\n             button.classList.add(\"active\");\n            const priceValue = button.getAttribute('data-value');\n            const priceContainer = document.getElementById('price');\n            priceContainer.textContent = priceValue + \" \u20ac\";\n          });\n        });\n    }\n  });*\/\n<\/script>\n<\/body>\n<\/div>\n\t\t\t\t<\/div>\n\t\t\t\t<\/div>\n\t\t\t\t<\/div>\n\t\t\t\t<\/div>","protected":false},"excerpt":{"rendered":"","protected":false},"author":11,"featured_media":0,"parent":11284,"menu_order":0,"comment_status":"closed","ping_status":"closed","template":"elementor_header_footer","meta":{"_et_pb_use_builder":"","_et_pb_old_content":"","_et_gb_content_width":"","_monsterinsights_skip_tracking":false,"_monsterinsights_sitenote_active":false,"_monsterinsights_sitenote_note":"","_monsterinsights_sitenote_category":0,"footnotes":""},"class_list":["post-11524","page","type-page","status-publish","hentry"],"yoast_head":"<!-- This site is optimized with the Yoast SEO plugin v23.8 - https:\/\/yoast.com\/wordpress\/plugins\/seo\/ -->\n<title>Siber ERV EVO seeria ventseadmed - EVO 1, EVO 2 - NOQQ Energy<\/title>\n<meta name=\"description\" content=\"Siber ERV EVO 1 seade on suure j\u00f5udlusega soojuse taastamise seade, millel on pidev vooluventilatsiooni tehnoloogia.\" \/>\n<meta name=\"robots\" content=\"index, follow, max-snippet:-1, max-image-preview:large, max-video-preview:-1\" \/>\n<link rel=\"canonical\" href=\"https:\/\/noqq.energy\/es\/ventilatsiooniseadmed\/siber-erv-evo-seeria-ventseadmed-evo-1-evo-2\/\" \/>\n<meta property=\"og:locale\" content=\"es_ES\" \/>\n<meta property=\"og:type\" content=\"article\" \/>\n<meta property=\"og:title\" content=\"Siber ERV EVO seeria ventseadmed - EVO 1, EVO 2 - NOQQ Energy\" \/>\n<meta property=\"og:description\" content=\"Siber ERV EVO 1 seade on suure j\u00f5udlusega soojuse taastamise seade, millel on pidev vooluventilatsiooni tehnoloogia.\" \/>\n<meta property=\"og:url\" content=\"https:\/\/noqq.energy\/es\/ventilatsiooniseadmed\/siber-erv-evo-seeria-ventseadmed-evo-1-evo-2\/\" \/>\n<meta property=\"og:site_name\" content=\"NOQQ Energy\" \/>\n<meta property=\"article:modified_time\" content=\"2024-09-10T11:45:26+00:00\" \/>\n<meta name=\"twitter:card\" content=\"summary_large_image\" \/>\n<script type=\"application\/ld+json\" class=\"yoast-schema-graph\">{\"@context\":\"https:\/\/schema.org\",\"@graph\":[{\"@type\":\"WebPage\",\"@id\":\"https:\/\/noqq.energy\/et\/ventilatsiooniseadmed\/siber-erv-evo-seeria-ventseadmed-evo-1-evo-2\/\",\"url\":\"https:\/\/noqq.energy\/et\/ventilatsiooniseadmed\/siber-erv-evo-seeria-ventseadmed-evo-1-evo-2\/\",\"name\":\"Siber ERV EVO seeria ventseadmed - EVO 1, EVO 2 - NOQQ Energy\",\"isPartOf\":{\"@id\":\"https:\/\/noqq.energy\/#website\"},\"datePublished\":\"2024-09-10T11:44:46+00:00\",\"dateModified\":\"2024-09-10T11:45:26+00:00\",\"description\":\"Siber ERV EVO 1 seade on suure j\u00f5udlusega soojuse taastamise seade, millel on pidev vooluventilatsiooni tehnoloogia.\",\"breadcrumb\":{\"@id\":\"https:\/\/noqq.energy\/et\/ventilatsiooniseadmed\/siber-erv-evo-seeria-ventseadmed-evo-1-evo-2\/#breadcrumb\"},\"inLanguage\":\"es\",\"potentialAction\":[{\"@type\":\"ReadAction\",\"target\":[\"https:\/\/noqq.energy\/et\/ventilatsiooniseadmed\/siber-erv-evo-seeria-ventseadmed-evo-1-evo-2\/\"]}]},{\"@type\":\"BreadcrumbList\",\"@id\":\"https:\/\/noqq.energy\/et\/ventilatsiooniseadmed\/siber-erv-evo-seeria-ventseadmed-evo-1-evo-2\/#breadcrumb\",\"itemListElement\":[{\"@type\":\"ListItem\",\"position\":1,\"name\":\"Home\",\"item\":\"https:\/\/noqq.energy\/\"},{\"@type\":\"ListItem\",\"position\":2,\"name\":\"Ventilatsiooniseadmed\",\"item\":\"https:\/\/noqq.energy\/et\/ventilatsiooniseadmed\/\"},{\"@type\":\"ListItem\",\"position\":3,\"name\":\"Siber ERV EVO seeria ventseadmed &#8211; EVO 1, EVO 2\"}]},{\"@type\":\"WebSite\",\"@id\":\"https:\/\/noqq.energy\/#website\",\"url\":\"https:\/\/noqq.energy\/\",\"name\":\"NOQQ Energy\",\"description\":\"KVJ ja Taastuvenergia lahendused\",\"potentialAction\":[{\"@type\":\"SearchAction\",\"target\":{\"@type\":\"EntryPoint\",\"urlTemplate\":\"https:\/\/noqq.energy\/?s={search_term_string}\"},\"query-input\":{\"@type\":\"PropertyValueSpecification\",\"valueRequired\":true,\"valueName\":\"search_term_string\"}}],\"inLanguage\":\"es\"}]}<\/script>\n<!-- \/ Yoast SEO plugin. -->","yoast_head_json":{"title":"Siber ERV EVO seeria ventseadmed - EVO 1, EVO 2 - NOQQ Energy","description":"Siber ERV EVO 1 seade on suure j\u00f5udlusega soojuse taastamise seade, millel on pidev vooluventilatsiooni tehnoloogia.","robots":{"index":"index","follow":"follow","max-snippet":"max-snippet:-1","max-image-preview":"max-image-preview:large","max-video-preview":"max-video-preview:-1"},"canonical":"https:\/\/noqq.energy\/es\/ventilatsiooniseadmed\/siber-erv-evo-seeria-ventseadmed-evo-1-evo-2\/","og_locale":"es_ES","og_type":"article","og_title":"Siber ERV EVO seeria ventseadmed - EVO 1, EVO 2 - NOQQ Energy","og_description":"Siber ERV EVO 1 seade on suure j\u00f5udlusega soojuse taastamise seade, millel on pidev vooluventilatsiooni tehnoloogia.","og_url":"https:\/\/noqq.energy\/es\/ventilatsiooniseadmed\/siber-erv-evo-seeria-ventseadmed-evo-1-evo-2\/","og_site_name":"NOQQ Energy","article_modified_time":"2024-09-10T11:45:26+00:00","twitter_card":"summary_large_image","schema":{"@context":"https:\/\/schema.org","@graph":[{"@type":"WebPage","@id":"https:\/\/noqq.energy\/et\/ventilatsiooniseadmed\/siber-erv-evo-seeria-ventseadmed-evo-1-evo-2\/","url":"https:\/\/noqq.energy\/et\/ventilatsiooniseadmed\/siber-erv-evo-seeria-ventseadmed-evo-1-evo-2\/","name":"Siber ERV EVO seeria ventseadmed - EVO 1, EVO 2 - NOQQ Energy","isPartOf":{"@id":"https:\/\/noqq.energy\/#website"},"datePublished":"2024-09-10T11:44:46+00:00","dateModified":"2024-09-10T11:45:26+00:00","description":"Siber ERV EVO 1 seade on suure j\u00f5udlusega soojuse taastamise seade, millel on pidev vooluventilatsiooni tehnoloogia.","breadcrumb":{"@id":"https:\/\/noqq.energy\/et\/ventilatsiooniseadmed\/siber-erv-evo-seeria-ventseadmed-evo-1-evo-2\/#breadcrumb"},"inLanguage":"es","potentialAction":[{"@type":"ReadAction","target":["https:\/\/noqq.energy\/et\/ventilatsiooniseadmed\/siber-erv-evo-seeria-ventseadmed-evo-1-evo-2\/"]}]},{"@type":"BreadcrumbList","@id":"https:\/\/noqq.energy\/et\/ventilatsiooniseadmed\/siber-erv-evo-seeria-ventseadmed-evo-1-evo-2\/#breadcrumb","itemListElement":[{"@type":"ListItem","position":1,"name":"Home","item":"https:\/\/noqq.energy\/"},{"@type":"ListItem","position":2,"name":"Ventilatsiooniseadmed","item":"https:\/\/noqq.energy\/et\/ventilatsiooniseadmed\/"},{"@type":"ListItem","position":3,"name":"Siber ERV EVO seeria ventseadmed &#8211; EVO 1, EVO 2"}]},{"@type":"WebSite","@id":"https:\/\/noqq.energy\/#website","url":"https:\/\/noqq.energy\/","name":"NOQQ Energy","description":"KVJ ja Taastuvenergia lahendused","potentialAction":[{"@type":"SearchAction","target":{"@type":"EntryPoint","urlTemplate":"https:\/\/noqq.energy\/?s={search_term_string}"},"query-input":{"@type":"PropertyValueSpecification","valueRequired":true,"valueName":"search_term_string"}}],"inLanguage":"es"}]}},"_links":{"self":[{"href":"https:\/\/noqq.energy\/es\/wp-json\/wp\/v2\/pages\/11524","targetHints":{"allow":["GET"]}}],"collection":[{"href":"https:\/\/noqq.energy\/es\/wp-json\/wp\/v2\/pages"}],"about":[{"href":"https:\/\/noqq.energy\/es\/wp-json\/wp\/v2\/types\/page"}],"author":[{"embeddable":true,"href":"https:\/\/noqq.energy\/es\/wp-json\/wp\/v2\/users\/11"}],"replies":[{"embeddable":true,"href":"https:\/\/noqq.energy\/es\/wp-json\/wp\/v2\/comments?post=11524"}],"version-history":[{"count":4,"href":"https:\/\/noqq.energy\/es\/wp-json\/wp\/v2\/pages\/11524\/revisions"}],"predecessor-version":[{"id":11528,"href":"https:\/\/noqq.energy\/es\/wp-json\/wp\/v2\/pages\/11524\/revisions\/11528"}],"up":[{"embeddable":true,"href":"https:\/\/noqq.energy\/es\/wp-json\/wp\/v2\/pages\/11284"}],"wp:attachment":[{"href":"https:\/\/noqq.energy\/es\/wp-json\/wp\/v2\/media?parent=11524"}],"curies":[{"name":"wp","href":"https:\/\/api.w.org\/{rel}","templated":true}]}}