{"id":11615,"date":"2024-09-29T20:34:50","date_gmt":"2024-09-29T20:34:50","guid":{"rendered":"https:\/\/noqq.energy\/?page_id=11615"},"modified":"2024-09-29T20:35:22","modified_gmt":"2024-09-29T20:35:22","slug":"cooperhunter-vital-inverter-seeria-ohksoojuspumbad-s07-s09-s12-s18-s24","status":"publish","type":"page","link":"https:\/\/noqq.energy\/es\/ohk-ohk-soojuspumbad\/cooperhunter-vital-inverter-seeria-ohksoojuspumbad-s07-s09-s12-s18-s24\/","title":{"rendered":"Bombas de calor de fuente de aire de la serie Vital Inverter de Cooper&amp;Hunter: S07, S09, S12, S18, S24"},"content":{"rendered":"<div data-elementor-type=\"wp-page\" data-elementor-id=\"11615\" class=\"elementor elementor-11615\">\n\t\t\t\t<div class=\"elementor-element elementor-element-33809c1 e-con-full e-flex e-con e-parent\" data-id=\"33809c1\" data-element_type=\"container\">\n\t\t\t\t<div class=\"elementor-element elementor-element-6ae8402 elementor-widget elementor-widget-shortcode\" data-id=\"6ae8402\" data-element_type=\"widget\" data-widget_type=\"shortcode.default\">\n\t\t\t\t<div class=\"elementor-widget-container\">\n\t\t\t\t\t<div class=\"elementor-shortcode\"><!--\n<html lang=\"en\">\n\n<head>\n    <meta charset=\"UTF-8\">\n    <meta name=\"viewport\" content=\"width=device-width, initial-scale=1.0\">\n\n    <link rel=\"stylesheet\" type=\"text\/css\" media=\"all\" href=\"style.css\" \/>\n\n    <link rel=\"preconnect\" href=\"https:\/\/fonts.googleapis.com\">\n    <link rel=\"preconnect\" href=\"https:\/\/fonts.gstatic.com\" crossorigin>\n    <link\n        href=\"https:\/\/fonts.googleapis.com\/css2?family=Jost:ital,wght@0,100..900;1,100..900&family=Kumbh+Sans:wght@100..900&family=Rubik:ital,wght@0,300..900;1,300..900&display=swap\"\n        rel=\"stylesheet\">\n\n    \n\n<\/head>\n-->\n<body id=\"noqq-product\">\n    <div id=\"noqq-hero\">\n        <div id=\"hero-left\">\n            <img decoding=\"async\" src=\"https:\/\/noqq.energy\/wp-content\/uploads\/2024\/09\/cooper-and-hunter-vital-inverter-uleval.webp\" class=\"noqq-category-product-img\" alt=\"Unidades de ventilaci\u00f3n de la serie Vital Inverter de Cooper&amp;Hunter: S07, S09, S12, S18, S24\">\n        <\/div>\n        <div id=\"hero-right\">\n            <div id=\"product-category\">\n                <a href=\"https:\/\/noqq.energy\/es\/ohk-ohk-soojuspumbad\/\">\n                    <h3>aire-aire<\/h3>\n                <\/a>\n            <\/div>\n            <div id=\"product-title\">\n                <h1>Bombas de calor de aire serie Cooper&amp;Hunter Vital Inverter - S07, S09, S12, S18, S24<\/h1>\n            <\/div>\n            <div id=\"option-container\"><div id=\"price\">376 - 818 \u20ac - Elige un modelo<\/div><div id=\"price_km\">se agrega el iva<\/div><div class='button-row' id='main-row'><button class='option-button' data-price='376,23\u20ac' data-surface='20 m2'  >2350W (T07)<\/button><button class='option-button' data-price='409,02\u20ac' data-surface='30 m2 '  >2700W (T09)<\/button><button class='option-button' data-price='450\u20ac' data-surface='40 m2'  >3200W (S12)<\/button><button class='option-button' data-price='572,95\u20ac' data-surface='60 m2'  >4600W (T18)<\/button><button class='option-button' data-price='818,85\u20ac' data-surface='90 m2'  >6200W (S24)<\/button><\/div><\/div>\n            <div id=\"product-main-details\">\n                <div class='main-detail'>\n                    <h3>Potencia nominal total: 2350W \/ 2700W \/ 3200W \/ 4600W \/ 6200W<\/h3>\n                <\/div><div class='main-detail'>\n                    <h3>Control: control remoto<\/h3>\n                <\/div><div class='main-detail'>\n                    <h3>Caudal de aire m\u00e1ximo: 280-900 m\u00b3\/h<\/h3>\n                <\/div><div class='main-detail'>\n                    <h3>Clase de energ\u00eda: A+++ <\/h3>\n                <\/div>            <\/div>\n            <div id=\"product-quote\">\n                <a class=\"quote-button\" href=\"https:\/\/noqq.energy\/es\/kontakt\/\">\n                    <span>Solicita una oferta<\/span>\n                    <span>\u2192<\/span>\n                <\/a>\n            <\/div>\n        <\/div>\n    <\/div>\n    <div id=\"product-description1\">\n        <div class=\"noqq-section\">\n            <p>\u201cTecnolog\u00eda CH 7-SKY\u201d: un complejo sistema de filtrado basado en siete filtros de amplio espectro. &quot;Filtro CH SMART-ION&quot;: una nueva generaci\u00f3n de tecnolog\u00eda de purificaci\u00f3n de aire. Funcionamiento eficaz en un amplio rango de temperaturas: -15 \u00b0C a +24 \u00b0C en caliente y -15 \u00b0C a +48 \u00b0C en fr\u00edo. El m\u00f3dulo Wi-Fi le permite controlar el aire acondicionado a trav\u00e9s de un tel\u00e9fono inteligente o tableta (compatible con sistemas Android e iOS). Protecci\u00f3n contra la congelaci\u00f3n: la funci\u00f3n \u201c+8 \u00b0C\u201d, que mantiene la temperatura ambiente a 8 \u00b0C y al mismo tiempo consume un m\u00ednimo de energ\u00eda. Unidad interior autolimpiante. Configuraci\u00f3n \u201cGENERACI\u00d3N V\u201d de alta calidad y eficiencia energ\u00e9tica con mejor control de calidad de montaje y materiales. La tecnolog\u00eda &quot;I-Action&quot; garantiza un funcionamiento suave y estable del compresor a frecuencias extremadamente bajas (1 Hz). Las persianas gran angular cubren toda la habitaci\u00f3n de manera uniforme.<\/p>\n        <\/div>\n    <\/div>\n    <div id=\"product-img-section\">\n        <div id=\"img-section-left\">\n            <h1 class=\"align-right\">Eficiente y econ\u00f3mico<\/h1>\n            <div id=\"img-section-highlights\">\n                <div class='img-section-highlight'>\n                    <div class='img-section-highlight-text'>\n                        <h3>Eficiencia energ\u00e9tica A+++<\/h3>\n                    <\/div>\n                    <img src='https:\/\/noqq.energy\/wp-content\/uploads\/2024\/10\/leaf.svg'>\n                <\/div><div class='img-section-highlight'>\n                    <div class='img-section-highlight-text'>\n                        <h3>Filtro de iones inteligente CH<\/h3>\n                    <\/div>\n                    <img src='https:\/\/noqq.energy\/wp-content\/uploads\/2024\/10\/gears2.svg'>\n                <\/div>            <\/div>\n            <p class=\"align-right\">            <\/p>\n        <\/div>\n        <div id=\"img-section-right\">\n            <img decoding=\"async\" src=\"https:\/\/noqq.energy\/wp-content\/uploads\/2024\/09\/Cooper-and-hunter-vital-inverter-alumine.webp\" class=\"noqq-category-product-img\" alt=\"Unidades de ventilaci\u00f3n de la serie Vital Inverter de Cooper&amp;Hunter: S07, S09, S12, S18, S24\">\n        <\/div>\n    <\/div>\n    <div id=\"product-technical-details\">\n        <div class=\"noqq-section\">\n            <h2>Especificaciones t\u00e9cnicas y caracter\u00edsticas:<\/h2>\n            <div id=\"technical-details-container\">\n                <h3 class='technical-detail'>Tensi\u00f3n nominal (50 Hz): 220 - 240 V<\/h3><h3 class='technical-detail'>Potencia: 2350W \/ 2700W \/ 3200W \/ 4600W \/ 6200W<\/h3><h3 class='technical-detail'>Frecuencia: 50Hz<\/h3><h3 class='technical-detail'>Dimensiones de la parte interior (H*W*D): 270mm*713mm*195mm \/ 250mm*773mm*185mm \/ 250mm*773mm*185mm \/ 300mm*970mm*225mm \/ 300mm*970mm*225mm<\/h3><h3 class='technical-detail'>Dimensiones de la parte exterior (H*W*D): 450mm*710mm*293mm \/ 555mm*732mm*330mm \/ 555mm*732mm*330mm \/ 555mm*732mm*330mm \/ 555mm*873mm*376mm<\/h3><h3 class='technical-detail'>Caudal de aire (m3\/h): 300-500 \/ 280-550 \/ 280-590 \/ 600-850 \/ 400-900<\/h3><h3 class='technical-detail'>Nivel de ruido: 27-40 dB(A) \/ 21-40 dB(A) \/ 24-41 dB(A) \/ 31-44 dB(A) \/ 30-48 dB(A)<\/h3><h3 class='technical-detail'>Secado al aire: 0,6 l\/h \/ 0,8 l\/h \/ 1,4 l\/h \/ 1,8 l\/h \/ 1,8 l\/h<\/h3><h3 class='technical-detail'>Peso parte interior\/exterior: 8,2\/20,8 \/ 8,5\/24,5 \/ 8\/25 \/ 13,5\/26,5 \/ 13\/36,5<\/h3><h3 class='technical-detail'>Tipo de compresor: compresor rotativo<\/h3><h3 class='technical-detail'>Tipo de refrigerante: R32<\/h3><h3 class='technical-detail'>Rango de temperatura durante el enfriamiento: -15 a +43<\/h3><h3 class='technical-detail'>Rango de temperatura durante el calentamiento: -15 a +24<\/h3><h3 class='technical-detail'>Cantidad de refrigerante: 0,45 kg \/ 0,5 kg \/ 0,55 kg \/ 0,75 kg \/ 1,23 kg<\/h3><h3 class='technical-detail'>Di\u00e1metro de la l\u00ednea de fluido (mm\/pulgada): 6,35 \/ 1\u20444&quot; \/ 6,35 \/ 1\u20444&quot; \/ 6,35 \/ 1\u20444&quot; \/ 6,35 \/ 1\u20444&quot; \/ 6,35 \/ 1\u20444&quot;<\/h3><h3 class='technical-detail'>Di\u00e1metro de la l\u00ednea de gas (mm\/pulgada): 9,52\/3\u20448&quot; \/ 9,52\/3\u20448&quot; \/ 9,52\/3\u20448&quot; \/ 9,52\/3\u20448&quot; \/ 12,7\/ 1\u20442&quot;<\/h3><h3 class='technical-detail'>Diferencia m\u00e1xima de altura de tuber\u00eda: 10 m \/ 10 m \/ 10 m \/ 10 m \/ 10 m<\/h3><h3 class='technical-detail'>Longitud m\u00e1xima de tuber\u00eda: 15 m \/ 15 m \/ 20 m \/ 25 m \/ 25 m<\/h3>            <\/div>\n        <\/div>\n\n    <\/div>\n    <div id=\"product-cta\">\n        <div class=\"noqq-section\">\n            <h2>\u00bfCalentamos?<\/h2>\n            <div id=\"product-quote\">\n                <a class=\"quote-button\" href=\"https:\/\/noqq.energy\/es\/kontakt\/\">\n                    <span>P\u00f3ngase en contacto con nosotros<\/span>\n                    <span>\u2192<\/span>\n                <\/a>\n            <\/div>\n        <\/div>\n    <\/div>\n    <div id=\"product-technical-details-img\">\n        <div class=\"noqq-section\">\n            <img decoding=\"async\" id=\"technical-details-img\"\n                src=\"\"\n                alt=\"\">\n        <\/div>\n\n    <\/div>\n    <div id=\"product-documents\">\n        <div class=\"noqq-section\">\n            <h2>Documentos y manuales<\/h2>\n            <div id=\"documents-container\">\n                <a href='https:\/\/noqq.energy\/wp-content\/uploads\/2024\/09\/Tooteleht-Vital.pdf'>P\u00e1gina de producto vital<\/a>            <\/div>\n        <\/div>\n    <\/div>\n    <script>\n  document.addEventListener('DOMContentLoaded', function() {\n      \n      const priceButtons = document.querySelectorAll('[data-price]');\n      const priceContainer = document.querySelector(\"#price\");\n      const priceContainerKM = document.querySelector(\"#price_km\");\n      \n      priceButtons.forEach(function(btn) {\n          btn.addEventListener(\"click\", function() {\n\n\n              if (isNaN(parseFloat(btn.getAttribute(\"data-price\")))) {\n                  priceContainer.innerHTML = \"<a style='color:white;text-decoration:underline' href='\/kontakt'>K\u00fcsi pakkumist<\/a>\";\n                priceContainerKM.innerHTML = \"<a style='color:white;text-decoration:underline;font-size:13px' href='\/kontakt'>Ask for price<\/a>\";\n                return;\n              }\n\n             addToString = \" \u20ac\";\n             if (btn.hasAttribute(\"data-surface\")) {\n                 addToString = \" \u20ac \u2013 \" + btn.getAttribute(\"data-surface\") + \"m\u00b2\";\n             }\n             priceContainer.textContent = Math.round(parseFloat(btn.getAttribute(\"data-price\")) * 1.2) + addToString;\n             priceContainerKM.textContent = btn.getAttribute(\"data-price\") + \" \u20ac + k\u00e4ibemaks\";\n          });\n      });\n      if (priceButtons.length == 1) { \/\/ product only has one model \/ button, display price immediately\n        priceContainerKM.textContent = priceButtons[0].getAttribute(\"data-price\") + \" \u20ac + k\u00e4ibemaks\";\n      }\n      \n      const buttons = document.querySelectorAll(\".option-button\");\n      buttons.forEach(function(btn) {\n          btn.addEventListener(\"click\", function() {\n              \n              \n              \n             \/\/ Remove active from other buttons in row\n             buttonsInRow = btn.parentElement.querySelectorAll(\"button\");\n             buttonsInRow.forEach(function(btn) {\n                btn.classList.remove(\"active\"); \n             });\n             \n             \n             btn.classList.add(\"active\");\n             \/\/ Check for images\n             if (btn.hasAttribute(\"data-url1\")) {\n                 imageElements = document.querySelectorAll(\".noqq-category-product-img\");\n                 imageElements[0].src = btn.getAttribute(\"data-url1\");\n                 if (btn.hasAttribute(\"data-url2\")) {\n                     imageElements[1].src = btn.getAttribute(\"data-url2\");\n                 }\n             }\n             \n             \n             \n             \/\/ Change technical description\n             if (btn.hasAttribute(\"data-description\")) {\n                 \n                \/\/ Remove active from other technical descrpitions\n                 specs = document.querySelectorAll(\".noqq-spec\");\n                 specs.forEach(function(spec) {\n                    spec.classList.remove(\"active\"); \n                 });\n                document.querySelector(\"#noqq-spec\" + btn.getAttribute(\"data-description\")).classList.add(\"active\");\n             }\n             \n              \n             if (btn.hasAttribute(\"data-value\")) {\n                 \n                 \/\/ Hide other sub-rows\n                 const rows = document.querySelectorAll('.button-row');\n                 rows.forEach(function(row) {\n                     \n                     buttonIndex = btn.getAttribute(\"data-value\").split(\"_\")[0];\n\n                     \n                     if (row.getAttribute(\"id\").includes(buttonIndex)) {\n                         row.classList.remove(\"active\");\n                         \n                         Array.from(row.children).forEach(function(btn) {\n                            btn.classList.remove(\"active\"); \n                         });\n                     }\n                 });\n                 \n                 \/\/ Show sub-row\n                 document.querySelector(\"#\" + btn.getAttribute(\"data-value\")).classList.add(\"active\");\n                 \n             }\n             \/\/ else is data-price button\n          });\n      });\n      \n  });\n      \n      \n      \n      \n      \n      \n      \n      \n      \/*\n    const mainRowButtons = document.querySelectorAll('#main-row .price-button');\n    const subRows = document.querySelectorAll('.sub-row');\n\n    mainRowButtons.forEach(function(button) {\n      button.addEventListener('click', function() {\n        mainRowButtons.forEach(function(button) {\n      button.classList.remove(\"active\");});\n        button.classList.add(\"active\");\n        const value = button.getAttribute('data-value').split(\"-\").pop();\n        showSubRow(value);\n      });\n    });\n\n    function showSubRow(value) {\n      subRows.forEach(function(row) {\n        row.classList.remove('active');\n        const rowButtons = row.querySelectorAll('.price-button');\n        rowButtons.forEach(function(btn) {\n            btn.classList.remove(\"active\");\n        });\n      });\n\n      const subRowId = 'sub-row-' + value;\n      const subRow = document.getElementById(subRowId);\n      if (subRow) {\n        subRow.classList.add('active');\n      }\n      \n      const activeButtons = subRow.querySelectorAll('.price-button');\n        activeButtons.forEach(function(button) {\n          button.addEventListener('click', function() {\n              activeButtons.forEach(function(button) {\n      button.classList.remove(\"active\");});\n             button.classList.add(\"active\");\n            const priceValue = button.getAttribute('data-value');\n            const priceContainer = document.getElementById('price');\n            priceContainer.textContent = priceValue + \" \u20ac\";\n          });\n        });\n    }\n  });*\/\n<\/script>\n<\/body>\n<\/div>\n\t\t\t\t<\/div>\n\t\t\t\t<\/div>\n\t\t\t\t<\/div>\n\t\t\t\t<\/div>","protected":false},"excerpt":{"rendered":"","protected":false},"author":11,"featured_media":0,"parent":6184,"menu_order":0,"comment_status":"closed","ping_status":"closed","template":"elementor_header_footer","meta":{"_et_pb_use_builder":"","_et_pb_old_content":"","_et_gb_content_width":"","_monsterinsights_skip_tracking":false,"_monsterinsights_sitenote_active":false,"_monsterinsights_sitenote_note":"","_monsterinsights_sitenote_category":0,"footnotes":""},"class_list":["post-11615","page","type-page","status-publish","hentry"],"yoast_head":"<!-- This site is optimized with the Yoast SEO plugin v23.8 - https:\/\/yoast.com\/wordpress\/plugins\/seo\/ -->\n<title>Cooper&amp;Hunter Vital Inverter seeria \u00f5hksoojuspumbad - S07, S09, S12, S18, S24 - NOQQ Energy<\/title>\n<meta name=\"robots\" content=\"index, follow, max-snippet:-1, max-image-preview:large, max-video-preview:-1\" \/>\n<link rel=\"canonical\" href=\"https:\/\/noqq.energy\/es\/ohk-ohk-soojuspumbad\/cooperhunter-vital-inverter-seeria-ohksoojuspumbad-s07-s09-s12-s18-s24\/\" \/>\n<meta property=\"og:locale\" content=\"es_ES\" \/>\n<meta property=\"og:type\" content=\"article\" \/>\n<meta property=\"og:title\" content=\"Cooper&amp;Hunter Vital Inverter seeria \u00f5hksoojuspumbad - S07, S09, S12, S18, S24 - NOQQ Energy\" \/>\n<meta property=\"og:url\" content=\"https:\/\/noqq.energy\/es\/ohk-ohk-soojuspumbad\/cooperhunter-vital-inverter-seeria-ohksoojuspumbad-s07-s09-s12-s18-s24\/\" \/>\n<meta property=\"og:site_name\" content=\"NOQQ Energy\" \/>\n<meta property=\"article:modified_time\" content=\"2024-09-29T20:35:22+00:00\" \/>\n<meta name=\"twitter:card\" content=\"summary_large_image\" \/>\n<script type=\"application\/ld+json\" class=\"yoast-schema-graph\">{\"@context\":\"https:\/\/schema.org\",\"@graph\":[{\"@type\":\"WebPage\",\"@id\":\"https:\/\/noqq.energy\/et\/ohk-ohk-soojuspumbad\/cooperhunter-vital-inverter-seeria-ohksoojuspumbad-s07-s09-s12-s18-s24\/\",\"url\":\"https:\/\/noqq.energy\/et\/ohk-ohk-soojuspumbad\/cooperhunter-vital-inverter-seeria-ohksoojuspumbad-s07-s09-s12-s18-s24\/\",\"name\":\"Cooper&Hunter Vital Inverter seeria \u00f5hksoojuspumbad - S07, S09, S12, S18, S24 - NOQQ Energy\",\"isPartOf\":{\"@id\":\"https:\/\/noqq.energy\/#website\"},\"datePublished\":\"2024-09-29T20:34:50+00:00\",\"dateModified\":\"2024-09-29T20:35:22+00:00\",\"breadcrumb\":{\"@id\":\"https:\/\/noqq.energy\/et\/ohk-ohk-soojuspumbad\/cooperhunter-vital-inverter-seeria-ohksoojuspumbad-s07-s09-s12-s18-s24\/#breadcrumb\"},\"inLanguage\":\"es\",\"potentialAction\":[{\"@type\":\"ReadAction\",\"target\":[\"https:\/\/noqq.energy\/et\/ohk-ohk-soojuspumbad\/cooperhunter-vital-inverter-seeria-ohksoojuspumbad-s07-s09-s12-s18-s24\/\"]}]},{\"@type\":\"BreadcrumbList\",\"@id\":\"https:\/\/noqq.energy\/et\/ohk-ohk-soojuspumbad\/cooperhunter-vital-inverter-seeria-ohksoojuspumbad-s07-s09-s12-s18-s24\/#breadcrumb\",\"itemListElement\":[{\"@type\":\"ListItem\",\"position\":1,\"name\":\"Home\",\"item\":\"https:\/\/noqq.energy\/\"},{\"@type\":\"ListItem\",\"position\":2,\"name\":\"\u00d5hk-\u00f5hk soojuspumbad\",\"item\":\"https:\/\/noqq.energy\/ohk-ohk-soojuspumbad\/\"},{\"@type\":\"ListItem\",\"position\":3,\"name\":\"Cooper&#038;Hunter Vital Inverter seeria \u00f5hksoojuspumbad &#8211; S07, S09, S12, S18, S24\"}]},{\"@type\":\"WebSite\",\"@id\":\"https:\/\/noqq.energy\/#website\",\"url\":\"https:\/\/noqq.energy\/\",\"name\":\"NOQQ Energy\",\"description\":\"KVJ ja Taastuvenergia lahendused\",\"potentialAction\":[{\"@type\":\"SearchAction\",\"target\":{\"@type\":\"EntryPoint\",\"urlTemplate\":\"https:\/\/noqq.energy\/?s={search_term_string}\"},\"query-input\":{\"@type\":\"PropertyValueSpecification\",\"valueRequired\":true,\"valueName\":\"search_term_string\"}}],\"inLanguage\":\"es\"}]}<\/script>\n<!-- \/ Yoast SEO plugin. -->","yoast_head_json":{"title":"Cooper&Hunter Vital Inverter seeria \u00f5hksoojuspumbad - S07, S09, S12, S18, S24 - NOQQ Energy","robots":{"index":"index","follow":"follow","max-snippet":"max-snippet:-1","max-image-preview":"max-image-preview:large","max-video-preview":"max-video-preview:-1"},"canonical":"https:\/\/noqq.energy\/es\/ohk-ohk-soojuspumbad\/cooperhunter-vital-inverter-seeria-ohksoojuspumbad-s07-s09-s12-s18-s24\/","og_locale":"es_ES","og_type":"article","og_title":"Cooper&Hunter Vital Inverter seeria \u00f5hksoojuspumbad - S07, S09, S12, S18, S24 - NOQQ Energy","og_url":"https:\/\/noqq.energy\/es\/ohk-ohk-soojuspumbad\/cooperhunter-vital-inverter-seeria-ohksoojuspumbad-s07-s09-s12-s18-s24\/","og_site_name":"NOQQ Energy","article_modified_time":"2024-09-29T20:35:22+00:00","twitter_card":"summary_large_image","schema":{"@context":"https:\/\/schema.org","@graph":[{"@type":"WebPage","@id":"https:\/\/noqq.energy\/et\/ohk-ohk-soojuspumbad\/cooperhunter-vital-inverter-seeria-ohksoojuspumbad-s07-s09-s12-s18-s24\/","url":"https:\/\/noqq.energy\/et\/ohk-ohk-soojuspumbad\/cooperhunter-vital-inverter-seeria-ohksoojuspumbad-s07-s09-s12-s18-s24\/","name":"Cooper&Hunter Vital Inverter seeria \u00f5hksoojuspumbad - S07, S09, S12, S18, S24 - NOQQ Energy","isPartOf":{"@id":"https:\/\/noqq.energy\/#website"},"datePublished":"2024-09-29T20:34:50+00:00","dateModified":"2024-09-29T20:35:22+00:00","breadcrumb":{"@id":"https:\/\/noqq.energy\/et\/ohk-ohk-soojuspumbad\/cooperhunter-vital-inverter-seeria-ohksoojuspumbad-s07-s09-s12-s18-s24\/#breadcrumb"},"inLanguage":"es","potentialAction":[{"@type":"ReadAction","target":["https:\/\/noqq.energy\/et\/ohk-ohk-soojuspumbad\/cooperhunter-vital-inverter-seeria-ohksoojuspumbad-s07-s09-s12-s18-s24\/"]}]},{"@type":"BreadcrumbList","@id":"https:\/\/noqq.energy\/et\/ohk-ohk-soojuspumbad\/cooperhunter-vital-inverter-seeria-ohksoojuspumbad-s07-s09-s12-s18-s24\/#breadcrumb","itemListElement":[{"@type":"ListItem","position":1,"name":"Home","item":"https:\/\/noqq.energy\/"},{"@type":"ListItem","position":2,"name":"\u00d5hk-\u00f5hk soojuspumbad","item":"https:\/\/noqq.energy\/ohk-ohk-soojuspumbad\/"},{"@type":"ListItem","position":3,"name":"Cooper&#038;Hunter Vital Inverter seeria \u00f5hksoojuspumbad &#8211; S07, S09, S12, S18, S24"}]},{"@type":"WebSite","@id":"https:\/\/noqq.energy\/#website","url":"https:\/\/noqq.energy\/","name":"NOQQ Energy","description":"KVJ ja Taastuvenergia lahendused","potentialAction":[{"@type":"SearchAction","target":{"@type":"EntryPoint","urlTemplate":"https:\/\/noqq.energy\/?s={search_term_string}"},"query-input":{"@type":"PropertyValueSpecification","valueRequired":true,"valueName":"search_term_string"}}],"inLanguage":"es"}]}},"_links":{"self":[{"href":"https:\/\/noqq.energy\/es\/wp-json\/wp\/v2\/pages\/11615","targetHints":{"allow":["GET"]}}],"collection":[{"href":"https:\/\/noqq.energy\/es\/wp-json\/wp\/v2\/pages"}],"about":[{"href":"https:\/\/noqq.energy\/es\/wp-json\/wp\/v2\/types\/page"}],"author":[{"embeddable":true,"href":"https:\/\/noqq.energy\/es\/wp-json\/wp\/v2\/users\/11"}],"replies":[{"embeddable":true,"href":"https:\/\/noqq.energy\/es\/wp-json\/wp\/v2\/comments?post=11615"}],"version-history":[{"count":4,"href":"https:\/\/noqq.energy\/es\/wp-json\/wp\/v2\/pages\/11615\/revisions"}],"predecessor-version":[{"id":11619,"href":"https:\/\/noqq.energy\/es\/wp-json\/wp\/v2\/pages\/11615\/revisions\/11619"}],"up":[{"embeddable":true,"href":"https:\/\/noqq.energy\/es\/wp-json\/wp\/v2\/pages\/6184"}],"wp:attachment":[{"href":"https:\/\/noqq.energy\/es\/wp-json\/wp\/v2\/media?parent=11615"}],"curies":[{"name":"wp","href":"https:\/\/api.w.org\/{rel}","templated":true}]}}