{"id":11946,"date":"2024-11-28T19:02:15","date_gmt":"2024-11-28T19:02:15","guid":{"rendered":"https:\/\/noqq.energy\/?page_id=11946"},"modified":"2024-11-28T20:13:25","modified_gmt":"2024-11-28T20:13:25","slug":"soojuspumba-hooldus","status":"publish","type":"page","link":"https:\/\/noqq.energy\/es\/soojuspumba-hooldus\/","title":{"rendered":"Mantenimiento de la bomba de calor"},"content":{"rendered":"<div data-elementor-type=\"wp-page\" data-elementor-id=\"11946\" class=\"elementor elementor-11946\">\n\t\t\t\t<div class=\"elementor-element elementor-element-5c41314 e-flex e-con-boxed e-con e-parent\" data-id=\"5c41314\" data-element_type=\"container\" data-settings=\"{&quot;background_background&quot;:&quot;classic&quot;}\">\n\t\t\t\t\t<div class=\"e-con-inner\">\n\t\t<div class=\"elementor-element elementor-element-e53239b e-con-full e-flex e-con e-child\" data-id=\"e53239b\" data-element_type=\"container\">\n\t\t<div class=\"elementor-element elementor-element-65642ff e-con-full e-flex e-con e-child\" data-id=\"65642ff\" data-element_type=\"container\">\n\t\t<div class=\"elementor-element elementor-element-32e76a7 e-con-full e-flex e-con e-child\" data-id=\"32e76a7\" data-element_type=\"container\">\n\t\t\t\t<div class=\"elementor-element elementor-element-cda6856 elementor-widget__width-initial elementor-widget-tablet__width-inherit elementor-widget-mobile__width-inherit elementor-widget elementor-widget-heading\" data-id=\"cda6856\" data-element_type=\"widget\" data-widget_type=\"heading.default\">\n\t\t\t\t<div class=\"elementor-widget-container\">\n\t\t\t<p class=\"elementor-heading-title elementor-size-default\">Ofrecemos tratamientos:<\/p>\t\t<\/div>\n\t\t\t\t<\/div>\n\t\t\t\t<div class=\"elementor-element elementor-element-3166417 elementor-widget elementor-widget-text-editor\" data-id=\"3166417\" data-element_type=\"widget\" data-widget_type=\"text-editor.default\">\n\t\t\t\t<div class=\"elementor-widget-container\">\n\t\t\t\t\t\t\t<p><a style=\"color: initial;\" href=\"#soojuspumbad\">Bombas de calor<\/a><br \/><a style=\"color: initial;\" href=\"#ventilatsioon\">Ventilaci\u00f3n<\/a><\/p>\t\t\t\t\t\t<\/div>\n\t\t\t\t<\/div>\n\t\t\t\t<\/div>\n\t\t<div class=\"elementor-element elementor-element-1ce60bc e-con-full e-flex e-con e-child\" data-id=\"1ce60bc\" data-element_type=\"container\">\n\t\t\t\t<div class=\"elementor-element elementor-element-f014793 elementor-widget__width-initial elementor-widget-tablet__width-inherit elementor-widget-mobile__width-inherit elementor-widget elementor-widget-text-editor\" data-id=\"f014793\" data-element_type=\"widget\" data-widget_type=\"text-editor.default\">\n\t\t\t\t<div class=\"elementor-widget-container\">\n\t\t\t\t\t\t\t<p>Cont\u00e1ctenos para consulta de mantenimiento:<\/p>\t\t\t\t\t\t<\/div>\n\t\t\t\t<\/div>\n\t\t\t\t<div class=\"elementor-element elementor-element-702ee99 elementor-align-left elementor-widget elementor-widget-button\" data-id=\"702ee99\" data-element_type=\"widget\" data-widget_type=\"button.default\">\n\t\t\t\t<div class=\"elementor-widget-container\">\n\t\t\t\t\t\t\t<div class=\"elementor-button-wrapper\">\n\t\t\t\t\t<a class=\"elementor-button elementor-button-link elementor-size-sm\" href=\"\/es\/kontakt\/\">\n\t\t\t\t\t\t<span class=\"elementor-button-content-wrapper\">\n\t\t\t\t\t\t\t\t\t<span class=\"elementor-button-text\">Contacto<\/span>\n\t\t\t\t\t<\/span>\n\t\t\t\t\t<\/a>\n\t\t\t\t<\/div>\n\t\t\t\t\t\t<\/div>\n\t\t\t\t<\/div>\n\t\t\t\t<\/div>\n\t\t\t\t<\/div>\n\t\t\t\t<div class=\"elementor-element elementor-element-e1b3c89 elementor-widget__width-initial elementor-widget-tablet__width-inherit elementor-widget-mobile__width-inherit elementor-widget elementor-widget-heading\" data-id=\"e1b3c89\" data-element_type=\"widget\" id=\"soojuspumbad\" data-widget_type=\"heading.default\">\n\t\t\t\t<div class=\"elementor-widget-container\">\n\t\t\t<h1 class=\"elementor-heading-title elementor-size-default\">\u00a1El mantenimiento mantiene la bomba de calor confiable y econ\u00f3mica!<\/h1>\t\t<\/div>\n\t\t\t\t<\/div>\n\t\t\t\t<div class=\"elementor-element elementor-element-644fb10 elementor-widget elementor-widget-text-editor\" data-id=\"644fb10\" data-element_type=\"widget\" data-widget_type=\"text-editor.default\">\n\t\t\t\t<div class=\"elementor-widget-container\">\n\t\t\t\t\t\t\t<p>El mantenimiento peri\u00f3dico de las bombas de calor (aire-agua, aire-aire y calefacci\u00f3n terrestre) es fundamental para garantizar su funcionamiento eficiente, alargar la vida \u00fatil del dispositivo y evitar costosas reparaciones. Una bomba de calor sin mantenimiento puede empezar a consumir m\u00e1s energ\u00eda, lo que aumenta los costes de calefacci\u00f3n y reduce la fiabilidad del dispositivo.<\/p><div class=\"message_d5deea cozyMessage_d5deea wrapper_f9f2ca cozy_f9f2ca zalgo_f9f2ca\" tabindex=\"-1\" role=\"article\" data-list-item-id=\"chat-messages___chat-messages-1278382990728368201-1306201120502317066\" aria-setsize=\"-1\" aria-roledescription=\"Message\" aria-labelledby=\"message-username-1306201058187415634 uid_1 message-content-1306201120502317066 uid_2 message-timestamp-1306201120502317066\"><div class=\"contents_f9f2ca\"><div id=\"message-content-1306201120502317066\" class=\"markup_f8f345 messageContent_f9f2ca\">\u00bfPor qu\u00e9 es importante el mantenimiento?<\/div><div>\u00a0<\/div><ul><li class=\"markup_f8f345 messageContent_f9f2ca\">Eficiencia: Eliminar el polvo, la suciedad y otros contaminantes de los filtros y las partes internas de la unidad ayuda a mantener la eficiencia de la bomba de calor.<\/li><li class=\"markup_f8f345 messageContent_f9f2ca\">Ahorro de costes energ\u00e9ticos: una bomba limpia y en buen estado funciona con un menor consumo de energ\u00eda, lo que mantiene bajos los costes de calefacci\u00f3n.<\/li><li class=\"markup_f8f345 messageContent_f9f2ca\">Longevidad del dispositivo: el mantenimiento regular ayuda a prevenir fallos y prolongar la vida \u00fatil del dispositivo.<\/li><li class=\"markup_f8f345 messageContent_f9f2ca\">Aire interior m\u00e1s saludable: Especialmente con una bomba de calor aire-aire, el mantenimiento garantiza que el aire que se respira en su hogar sea m\u00e1s limpio y saludable.<p>Elija nuestro servicio de mantenimiento profesional y mantenga su bomba de calor en \u00f3ptimas condiciones. \u00a1Nos encargamos de que tu hogar sea energ\u00e9ticamente eficiente y confortable todo el a\u00f1o!<\/p><\/li><\/ul><\/div><\/div>\t\t\t\t\t\t<\/div>\n\t\t\t\t<\/div>\n\t\t\t\t<div class=\"elementor-element elementor-element-954e86e elementor-widget__width-initial elementor-widget-tablet__width-inherit elementor-widget-mobile__width-inherit elementor-widget elementor-widget-heading\" data-id=\"954e86e\" data-element_type=\"widget\" id=\"ventilatsioon\" data-widget_type=\"heading.default\">\n\t\t\t\t<div class=\"elementor-widget-container\">\n\t\t\t<h1 class=\"elementor-heading-title elementor-size-default\">Mantenimiento de la ventilaci\u00f3n.<\/h1>\t\t<\/div>\n\t\t\t\t<\/div>\n\t\t\t\t<div class=\"elementor-element elementor-element-f069932 elementor-widget elementor-widget-text-editor\" data-id=\"f069932\" data-element_type=\"widget\" data-widget_type=\"text-editor.default\">\n\t\t\t\t<div class=\"elementor-widget-container\">\n\t\t\t\t\t\t\tEl mantenimiento de la ventilaci\u00f3n es necesario para alargar la vida \u00fatil del equipo y conseguir el m\u00e1ximo ahorro energ\u00e9tico. El mantenimiento regular de los equipos de ventilaci\u00f3n ayuda a ahorrar los costos operativos del equipo y salva el medio ambiente.\n\n<span style=\"font-size: 15px; text-align: var(--text-align);\">Los sistemas de ventilaci\u00f3n sin mantenimiento afectan la calidad del aire y, por tanto, nuestra salud, y aumentan el consumo de electricidad debido a un funcionamiento ineficiente de los equipos. El mayor gasto en el mantenimiento de la ventilaci\u00f3n son los filtros de ventilaci\u00f3n, que con el tiempo se obstruyen con el polvo y la suciedad. Para asegurar una mayor vida \u00fatil del equipo y ahorro energ\u00e9tico, los filtros se deben cambiar dos veces al a\u00f1o.<\/span>\n<div class=\"message_d5deea cozyMessage_d5deea groupStart_d5deea wrapper_f9f2ca cozy_f9f2ca zalgo_f9f2ca\" tabindex=\"-1\" role=\"article\" data-list-item-id=\"chat-messages___chat-messages-1278382990728368201-1306166659622633503\" aria-setsize=\"-1\" aria-roledescription=\"Message\" aria-labelledby=\"message-username-1306166659622633503 uid_1 message-content-1306166659622633503 uid_2 message-timestamp-1306166659622633503\">\n<div class=\"contents_f9f2ca\">\n<div id=\"message-content-1306166659622633503\" class=\"markup_f8f345 messageContent_f9f2ca\">Algunos de los trabajos que realizamos durante el mantenimiento:<\/div>\n<div class=\"markup_f8f345 messageContent_f9f2ca\">\u2013 Revisamos los filtros y los reemplazamos si es necesario,<\/div>\n<div class=\"markup_f8f345 messageContent_f9f2ca\">\u2013 Revisamos los intercambiadores de calor y los limpiamos seg\u00fan sea necesario,<\/div>\n<div class=\"markup_f8f345 messageContent_f9f2ca\">\u2013 Comprobamos y configuramos dispositivos de protecci\u00f3n contra heladas.<\/div>\n<div class=\"markup_f8f345 messageContent_f9f2ca\">\u2013 Comprobamos el estado de las piezas de medici\u00f3n y sensores y realizamos mantenimiento y ajuste.<\/div>\n<div class=\"markup_f8f345 messageContent_f9f2ca\">\u2013 Revisamos y mantenemos los sistemas el\u00e9ctricos y sus conexiones.<\/div>\n<div class=\"markup_f8f345 messageContent_f9f2ca\">\u2013 Tensamos y alineamos los cinturones.<\/div>\n<\/div>\n<div class=\"buttonContainer_f9f2ca\">\n<div class=\"buttons_d5deea container_a3b500 isHeader_a3b500\" role=\"group\" aria-label=\"Acciones de mensajes\">\n<div class=\"buttonsInner_d5deea popover_e986d9 popoverReactionHoverBar_e986d9 wrapper_f7e168\">\n<div class=\"hoverBarButton_e986d9 button_f7e168\" tabindex=\"0\" role=\"button\" aria-label=\"Haz clic para reaccionar con el pulgar hacia arriba.\">\n<div class=\"icon_e986d9 buttonContent_e986d9\">\n<div class=\"emoji emoji_a3b500\" role=\"img\" data-type=\"emoji\" data-name=\"\ud83d\udc4d\" aria-label=\"\"><\/div>\n<\/div>\n<\/div>\n<div class=\"hoverBarButton_e986d9 button_f7e168\" tabindex=\"0\" role=\"button\" aria-label=\"Haz clic para reaccionar con el coraz\u00f3n.\">\n<div class=\"icon_e986d9 buttonContent_e986d9\">\n<div class=\"emoji emoji_a3b500\" role=\"img\" data-type=\"emoji\" data-name=\"\u2764\ufe0f\" aria-label=\"\">Si desea un precio espec\u00edfico para un objeto, p. mantenimiento de la unidad 2 veces al a\u00f1o o 4 veces, etc., luego me familiarizar\u00eda con cada objeto por separado. \u00a1N\u00d3TESE BIEN! A trav\u00e9s de nosotros tambi\u00e9n podr\u00e1 adquirir todos los consumibles necesarios para el mantenimiento de la ventilaci\u00f3n (filtros, correas, etc.) sobre la base de una oferta de precio aparte. Trabajos de mantenimiento peri\u00f3dico realizados en el equipo:<\/div>\n<div class=\"emoji emoji_a3b500\" role=\"img\" data-type=\"emoji\" data-name=\"\u2764\ufe0f\" aria-label=\"\">\u2013 Inspecci\u00f3n y limpieza de rejillas de aire exterior;<\/div>\n<div class=\"emoji emoji_a3b500\" role=\"img\" data-type=\"emoji\" data-name=\"\u2764\ufe0f\" aria-label=\"\">\u2013 Inspecci\u00f3n y limpieza de c\u00e1maras y canales de entrada de aire;<\/div>\n<div class=\"emoji emoji_a3b500\" role=\"img\" data-type=\"emoji\" data-name=\"\u2764\ufe0f\" aria-label=\"\">\u2013 Control y limpieza de las v\u00e1lvulas del dispositivo;<\/div>\n<div class=\"emoji emoji_a3b500\" role=\"img\" data-type=\"emoji\" data-name=\"\u2764\ufe0f\" aria-label=\"\">\u2013 Control y mantenimiento del funcionamiento de las unidades mezcladoras, incluidos los motores actuadores;<\/div>\n<div class=\"emoji emoji_a3b500\" role=\"img\" data-type=\"emoji\" data-name=\"\u2764\ufe0f\" aria-label=\"\">\u2013 Limpieza interna y externa de equipos de ventilaci\u00f3n;<\/div>\n<div class=\"emoji emoji_a3b500\" role=\"img\" data-type=\"emoji\" data-name=\"\u2764\ufe0f\" aria-label=\"\">\u2013 Comprobar la suciedad de los filtros y determinar la necesidad de sustituci\u00f3n;<\/div>\n<div class=\"emoji emoji_a3b500\" role=\"img\" data-type=\"emoji\" data-name=\"\u2764\ufe0f\" aria-label=\"\">\u2013 Cambio de filtros (seg\u00fan sea necesario y acordado con el cliente);<\/div>\n<div class=\"emoji emoji_a3b500\" role=\"img\" data-type=\"emoji\" data-name=\"\u2764\ufe0f\" aria-label=\"\">\u2013 Obtenci\u00f3n de nuevos filtros (seg\u00fan sea necesario y acordado con el cliente);<\/div>\n<div class=\"emoji emoji_a3b500\" role=\"img\" data-type=\"emoji\" data-name=\"\u2764\ufe0f\" aria-label=\"\">\u2013 Eliminaci\u00f3n y manipulaci\u00f3n adecuada de filtros usados y otros residuos relacionados con el servicio;<\/div>\n<div class=\"emoji emoji_a3b500\" role=\"img\" data-type=\"emoji\" data-name=\"\u2764\ufe0f\" aria-label=\"\">\u2013 Control y configuraci\u00f3n de dispositivos de protecci\u00f3n contra el fr\u00edo;<\/div>\n<div class=\"emoji emoji_a3b500\" role=\"img\" data-type=\"emoji\" data-name=\"\u2764\ufe0f\" aria-label=\"\">\u2013 Inspecci\u00f3n de los intercambiadores de calor (limpieza seg\u00fan sea necesario y de acuerdo con el cliente);<\/div>\n<div class=\"emoji emoji_a3b500\" role=\"img\" data-type=\"emoji\" data-name=\"\u2764\ufe0f\" aria-label=\"\">\u2013 Inspecci\u00f3n, mantenimiento y ajuste de piezas de medici\u00f3n, sensores; -Control y configuraci\u00f3n de par\u00e1metros de trabajo;<\/div>\n<div class=\"emoji emoji_a3b500\" role=\"img\" data-type=\"emoji\" data-name=\"\u2764\ufe0f\" aria-label=\"\">\u2013 Inspecci\u00f3n y mantenimiento de sistemas el\u00e9ctricos, incluidas sus conexiones;<\/div>\n<div class=\"emoji emoji_a3b500\" role=\"img\" data-type=\"emoji\" data-name=\"\u2764\ufe0f\" aria-label=\"\">\u2013 Inspecci\u00f3n, mantenimiento, ajuste de piezas del ventilador (lubricaci\u00f3n seg\u00fan sea necesario y de acuerdo con el cliente);<\/div>\n<div class=\"emoji emoji_a3b500\" role=\"img\" data-type=\"emoji\" data-name=\"\u2764\ufe0f\" aria-label=\"\">\u2013 Tensado, alineaci\u00f3n de correas (cambiar seg\u00fan sea necesario);<\/div>\n<div class=\"emoji emoji_a3b500\" role=\"img\" data-type=\"emoji\" data-name=\"\u2764\ufe0f\" aria-label=\"\">\u2013 Determinar la necesidad y cantidad de materiales de mantenimiento y reparaci\u00f3n y presentarlos al cliente;<\/div>\n<div class=\"emoji emoji_a3b500\" role=\"img\" data-type=\"emoji\" data-name=\"\u2764\ufe0f\" aria-label=\"\">\u2013 Llevar a cabo todas las acciones necesarias, incluida la verificaci\u00f3n, organizaci\u00f3n y configuraci\u00f3n de los sistemas relacionados con los equipos (incluida la automatizaci\u00f3n de edificios), que son necesarios para el funcionamiento eficaz y a largo plazo de los equipos de ventilaci\u00f3n y para la prevenci\u00f3n de accidentes;<\/div>\n<\/div>\n<\/div>\n<\/div>\n<\/div>\n<\/div>\n<\/div>\t\t\t\t\t\t<\/div>\n\t\t\t\t<\/div>\n\t\t\t\t<\/div>\n\t\t\t\t\t<\/div>\n\t\t\t\t<\/div>\n\t\t<div class=\"elementor-element elementor-element-48a7737 e-flex e-con-boxed e-con e-parent\" data-id=\"48a7737\" data-element_type=\"container\" data-settings=\"{&quot;background_background&quot;:&quot;classic&quot;}\">\n\t\t\t\t\t<div class=\"e-con-inner\">\n\t\t\t\t\t<\/div>\n\t\t\t\t<\/div>\n\t\t\t\t<\/div>","protected":false},"excerpt":{"rendered":"<p>Ofrecemos mantenimiento: Bombas de calor, Ventilaci\u00f3n. Cont\u00e1ctenos para una consulta de mantenimiento: \u00a1Cont\u00e1ctenos! El mantenimiento mantiene su bomba de calor confiable y econ\u00f3mica. El mantenimiento regular de las bombas de calor (aire-agua, aire-aire y geot\u00e9rmicas) es esencial para garantizar su funcionamiento eficiente, prolongar la vida \u00fatil del dispositivo y evitar reparaciones costosas. Una bomba de calor desatendida puede consumir m\u00e1s energ\u00eda, lo que aumenta los costos de calefacci\u00f3n y reduce la confiabilidad del dispositivo. \u00bfPor qu\u00e9 es importante el mantenimiento? Eficiencia: [\u2026]<\/p>","protected":false},"author":11,"featured_media":0,"parent":0,"menu_order":0,"comment_status":"closed","ping_status":"closed","template":"elementor_header_footer","meta":{"_et_pb_use_builder":"","_et_pb_old_content":"","_et_gb_content_width":"","_monsterinsights_skip_tracking":false,"_monsterinsights_sitenote_active":false,"_monsterinsights_sitenote_note":"","_monsterinsights_sitenote_category":0,"footnotes":""},"class_list":["post-11946","page","type-page","status-publish","hentry"],"yoast_head":"<!-- This site is optimized with the Yoast SEO plugin v23.8 - https:\/\/yoast.com\/wordpress\/plugins\/seo\/ -->\n<title>Soojuspumba Hooldus - NOQQ Energy<\/title>\n<meta name=\"robots\" content=\"index, follow, max-snippet:-1, max-image-preview:large, max-video-preview:-1\" \/>\n<link rel=\"canonical\" href=\"https:\/\/noqq.energy\/es\/soojuspumba-hooldus\/\" \/>\n<meta property=\"og:locale\" content=\"es_ES\" \/>\n<meta property=\"og:type\" content=\"article\" \/>\n<meta property=\"og:title\" content=\"Soojuspumba Hooldus - NOQQ Energy\" \/>\n<meta property=\"og:description\" content=\"Pakume hooldusi: SoojuspumbadVentilatsioon V\u00f5ta hoolduse konsultatsiooniks meiega \u00fchendust: Kontakt Hooldus hoiab soojuspumba t\u00f6\u00f6kindla ja \u00f6konoomsena! Soojuspumpade (\u00f5hk-vesi, \u00f5hk-\u00f5hk ja maak\u00fctte) regulaarne hooldus on h\u00e4davajalik, et tagada nende efektiivne t\u00f6\u00f6, pikendada seadme eluiga ja v\u00e4ltida kulukaid remontt\u00f6id. Hooldamata soojuspump v\u00f5ib hakata tarbima rohkem energiat, mis t\u00f5stab k\u00fcttekulusid ja v\u00e4hendab seadme t\u00f6\u00f6kindlust. Miks on hooldus oluline?\u00a0 Efektiivsus: [&hellip;]\" \/>\n<meta property=\"og:url\" content=\"https:\/\/noqq.energy\/es\/soojuspumba-hooldus\/\" \/>\n<meta property=\"og:site_name\" content=\"NOQQ Energy\" \/>\n<meta property=\"article:modified_time\" content=\"2024-11-28T20:13:25+00:00\" \/>\n<meta name=\"twitter:card\" content=\"summary_large_image\" \/>\n<meta name=\"twitter:label1\" content=\"Tiempo de lectura\" \/>\n\t<meta name=\"twitter:data1\" content=\"2 minutos\" \/>\n<script type=\"application\/ld+json\" class=\"yoast-schema-graph\">{\"@context\":\"https:\/\/schema.org\",\"@graph\":[{\"@type\":\"WebPage\",\"@id\":\"https:\/\/noqq.energy\/soojuspumba-hooldus\/\",\"url\":\"https:\/\/noqq.energy\/soojuspumba-hooldus\/\",\"name\":\"Soojuspumba Hooldus - NOQQ Energy\",\"isPartOf\":{\"@id\":\"https:\/\/noqq.energy\/#website\"},\"datePublished\":\"2024-11-28T19:02:15+00:00\",\"dateModified\":\"2024-11-28T20:13:25+00:00\",\"breadcrumb\":{\"@id\":\"https:\/\/noqq.energy\/soojuspumba-hooldus\/#breadcrumb\"},\"inLanguage\":\"es\",\"potentialAction\":[{\"@type\":\"ReadAction\",\"target\":[\"https:\/\/noqq.energy\/soojuspumba-hooldus\/\"]}]},{\"@type\":\"BreadcrumbList\",\"@id\":\"https:\/\/noqq.energy\/soojuspumba-hooldus\/#breadcrumb\",\"itemListElement\":[{\"@type\":\"ListItem\",\"position\":1,\"name\":\"Home\",\"item\":\"https:\/\/noqq.energy\/\"},{\"@type\":\"ListItem\",\"position\":2,\"name\":\"Soojuspumba Hooldus\"}]},{\"@type\":\"WebSite\",\"@id\":\"https:\/\/noqq.energy\/#website\",\"url\":\"https:\/\/noqq.energy\/\",\"name\":\"NOQQ Energy\",\"description\":\"KVJ ja Taastuvenergia lahendused\",\"potentialAction\":[{\"@type\":\"SearchAction\",\"target\":{\"@type\":\"EntryPoint\",\"urlTemplate\":\"https:\/\/noqq.energy\/?s={search_term_string}\"},\"query-input\":{\"@type\":\"PropertyValueSpecification\",\"valueRequired\":true,\"valueName\":\"search_term_string\"}}],\"inLanguage\":\"es\"}]}<\/script>\n<!-- \/ Yoast SEO plugin. -->","yoast_head_json":{"title":"Soojuspumba Hooldus - NOQQ Energy","robots":{"index":"index","follow":"follow","max-snippet":"max-snippet:-1","max-image-preview":"max-image-preview:large","max-video-preview":"max-video-preview:-1"},"canonical":"https:\/\/noqq.energy\/es\/soojuspumba-hooldus\/","og_locale":"es_ES","og_type":"article","og_title":"Soojuspumba Hooldus - NOQQ Energy","og_description":"Pakume hooldusi: SoojuspumbadVentilatsioon V\u00f5ta hoolduse konsultatsiooniks meiega \u00fchendust: Kontakt Hooldus hoiab soojuspumba t\u00f6\u00f6kindla ja \u00f6konoomsena! Soojuspumpade (\u00f5hk-vesi, \u00f5hk-\u00f5hk ja maak\u00fctte) regulaarne hooldus on h\u00e4davajalik, et tagada nende efektiivne t\u00f6\u00f6, pikendada seadme eluiga ja v\u00e4ltida kulukaid remontt\u00f6id. Hooldamata soojuspump v\u00f5ib hakata tarbima rohkem energiat, mis t\u00f5stab k\u00fcttekulusid ja v\u00e4hendab seadme t\u00f6\u00f6kindlust. Miks on hooldus oluline?\u00a0 Efektiivsus: [&hellip;]","og_url":"https:\/\/noqq.energy\/es\/soojuspumba-hooldus\/","og_site_name":"NOQQ Energy","article_modified_time":"2024-11-28T20:13:25+00:00","twitter_card":"summary_large_image","twitter_misc":{"Tiempo de lectura":"2 minutos"},"schema":{"@context":"https:\/\/schema.org","@graph":[{"@type":"WebPage","@id":"https:\/\/noqq.energy\/soojuspumba-hooldus\/","url":"https:\/\/noqq.energy\/soojuspumba-hooldus\/","name":"Soojuspumba Hooldus - NOQQ Energy","isPartOf":{"@id":"https:\/\/noqq.energy\/#website"},"datePublished":"2024-11-28T19:02:15+00:00","dateModified":"2024-11-28T20:13:25+00:00","breadcrumb":{"@id":"https:\/\/noqq.energy\/soojuspumba-hooldus\/#breadcrumb"},"inLanguage":"es","potentialAction":[{"@type":"ReadAction","target":["https:\/\/noqq.energy\/soojuspumba-hooldus\/"]}]},{"@type":"BreadcrumbList","@id":"https:\/\/noqq.energy\/soojuspumba-hooldus\/#breadcrumb","itemListElement":[{"@type":"ListItem","position":1,"name":"Home","item":"https:\/\/noqq.energy\/"},{"@type":"ListItem","position":2,"name":"Soojuspumba Hooldus"}]},{"@type":"WebSite","@id":"https:\/\/noqq.energy\/#website","url":"https:\/\/noqq.energy\/","name":"NOQQ Energy","description":"KVJ ja Taastuvenergia lahendused","potentialAction":[{"@type":"SearchAction","target":{"@type":"EntryPoint","urlTemplate":"https:\/\/noqq.energy\/?s={search_term_string}"},"query-input":{"@type":"PropertyValueSpecification","valueRequired":true,"valueName":"search_term_string"}}],"inLanguage":"es"}]}},"_links":{"self":[{"href":"https:\/\/noqq.energy\/es\/wp-json\/wp\/v2\/pages\/11946","targetHints":{"allow":["GET"]}}],"collection":[{"href":"https:\/\/noqq.energy\/es\/wp-json\/wp\/v2\/pages"}],"about":[{"href":"https:\/\/noqq.energy\/es\/wp-json\/wp\/v2\/types\/page"}],"author":[{"embeddable":true,"href":"https:\/\/noqq.energy\/es\/wp-json\/wp\/v2\/users\/11"}],"replies":[{"embeddable":true,"href":"https:\/\/noqq.energy\/es\/wp-json\/wp\/v2\/comments?post=11946"}],"version-history":[{"count":37,"href":"https:\/\/noqq.energy\/es\/wp-json\/wp\/v2\/pages\/11946\/revisions"}],"predecessor-version":[{"id":11991,"href":"https:\/\/noqq.energy\/es\/wp-json\/wp\/v2\/pages\/11946\/revisions\/11991"}],"wp:attachment":[{"href":"https:\/\/noqq.energy\/es\/wp-json\/wp\/v2\/media?parent=11946"}],"curies":[{"name":"wp","href":"https:\/\/api.w.org\/{rel}","templated":true}]}}