{"id":13185,"date":"2025-12-11T13:48:04","date_gmt":"2025-12-11T13:48:04","guid":{"rendered":"https:\/\/noqq.energy\/?page_id=13185"},"modified":"2025-12-11T13:50:57","modified_gmt":"2025-12-11T13:50:57","slug":"tooted","status":"publish","type":"page","link":"https:\/\/noqq.energy\/es\/tooted\/","title":{"rendered":"Productos"},"content":{"rendered":"<div data-elementor-type=\"wp-page\" data-elementor-id=\"13185\" class=\"elementor elementor-13185\">\n\t\t\t\t<div class=\"elementor-element elementor-element-5a3f894 e-flex e-con-boxed e-con e-parent\" data-id=\"5a3f894\" data-element_type=\"container\" data-settings=\"{&quot;background_background&quot;:&quot;classic&quot;}\">\n\t\t\t\t\t<div class=\"e-con-inner\">\n\t\t\t\t<div class=\"elementor-element elementor-element-c8adfb3 elementor-widget__width-inherit elementor-widget elementor-widget-heading\" data-id=\"c8adfb3\" data-element_type=\"widget\" data-widget_type=\"heading.default\">\n\t\t\t\t<div class=\"elementor-widget-container\">\n\t\t\t<h1 class=\"elementor-heading-title elementor-size-default\">Productos<\/h1>\t\t<\/div>\n\t\t\t\t<\/div>\n\t\t<div class=\"elementor-element elementor-element-015d88f e-con-full e-flex e-con e-child\" data-id=\"015d88f\" data-element_type=\"container\">\n\t\t<div class=\"elementor-element elementor-element-daf58f8 e-con-full e-flex e-con e-child\" data-id=\"daf58f8\" data-element_type=\"container\">\n\t\t<div class=\"elementor-element elementor-element-5732cb1 e-con-full e-flex e-con e-child\" data-id=\"5732cb1\" data-element_type=\"container\">\n\t\t<a class=\"elementor-element elementor-element-d3d04cb e-con-full hide-on-spanish noqq-product-category-selection e-flex e-con e-child\" data-id=\"d3d04cb\" data-element_type=\"container\" data-settings=\"{&quot;background_background&quot;:&quot;gradient&quot;}\" href=\"http:\/\/noqq.energy\/es\/ohk-ohk-soojuspumbad\/\">\n\t\t\t\t<div class=\"elementor-element elementor-element-00141b0 elementor-widget__width-inherit elementor-widget elementor-widget-heading\" data-id=\"00141b0\" data-element_type=\"widget\" data-widget_type=\"heading.default\">\n\t\t\t\t<div class=\"elementor-widget-container\">\n\t\t\t<h2 class=\"elementor-heading-title elementor-size-default\">AIRE-AIRE<\/h2>\t\t<\/div>\n\t\t\t\t<\/div>\n\t\t<div class=\"elementor-element elementor-element-ad8e38f noqq-product-category-selection-image e-flex e-con-boxed e-con e-child\" data-id=\"ad8e38f\" data-element_type=\"container\" data-settings=\"{&quot;background_background&quot;:&quot;classic&quot;}\">\n\t\t\t\t\t<div class=\"e-con-inner\">\n\t\t\t\t\t<\/div>\n\t\t\t\t<\/div>\n\t\t\t\t<\/a>\n\t\t<a class=\"elementor-element elementor-element-eec36e8 e-con-full hide-on-spanish noqq-product-category-selection e-flex e-con e-child\" data-id=\"eec36e8\" data-element_type=\"container\" data-settings=\"{&quot;background_background&quot;:&quot;gradient&quot;}\" href=\"http:\/\/noqq.energy\/es\/ohk-vesi-soojuspumbad\/\">\n\t\t\t\t<div class=\"elementor-element elementor-element-227d7ec elementor-widget__width-inherit elementor-widget elementor-widget-heading\" data-id=\"227d7ec\" data-element_type=\"widget\" data-widget_type=\"heading.default\">\n\t\t\t\t<div class=\"elementor-widget-container\">\n\t\t\t<h2 class=\"elementor-heading-title elementor-size-default\">AIRE-AGUA<\/h2>\t\t<\/div>\n\t\t\t\t<\/div>\n\t\t<div class=\"elementor-element elementor-element-1f82cfa noqq-product-category-selection-image e-flex e-con-boxed e-con e-child\" data-id=\"1f82cfa\" data-element_type=\"container\" data-settings=\"{&quot;background_background&quot;:&quot;classic&quot;}\">\n\t\t\t\t\t<div class=\"e-con-inner\">\n\t\t\t\t\t<\/div>\n\t\t\t\t<\/div>\n\t\t\t\t<\/a>\n\t\t<a class=\"elementor-element elementor-element-c46da1f e-con-full noqq-product-category-selection elementor-hidden-desktop elementor-hidden-tablet e-flex e-con e-child\" data-id=\"c46da1f\" data-element_type=\"container\" data-settings=\"{&quot;background_background&quot;:&quot;gradient&quot;}\" href=\"https:\/\/noqq.energy\/es\/ohk-vesi-soojuspumbad\/\">\n\t\t\t\t<div class=\"elementor-element elementor-element-98c5e48 elementor-widget__width-inherit elementor-widget elementor-widget-heading\" data-id=\"98c5e48\" data-element_type=\"widget\" data-widget_type=\"heading.default\">\n\t\t\t\t<div class=\"elementor-widget-container\">\n\t\t\t<h2 class=\"elementor-heading-title elementor-size-default\">ACONDICIONADOR DE AIRE H\u00cdBRIDO Y BOMBA DE CALOR AIRE-AIRE<\/h2>\t\t<\/div>\n\t\t\t\t<\/div>\n\t\t<div class=\"elementor-element elementor-element-c49ebf3 noqq-product-category-selection-image e-flex e-con-boxed e-con e-child\" data-id=\"c49ebf3\" data-element_type=\"container\" data-settings=\"{&quot;background_background&quot;:&quot;classic&quot;}\">\n\t\t\t\t\t<div class=\"e-con-inner\">\n\t\t\t\t\t<\/div>\n\t\t\t\t<\/div>\n\t\t\t\t<\/a>\n\t\t\t\t<\/div>\n\t\t<a class=\"elementor-element elementor-element-bfe9fbc e-con-full noqq-product-category-selection elementor-hidden-mobile e-flex e-con e-child\" data-id=\"bfe9fbc\" data-element_type=\"container\" href=\"http:\/\/noqq.energy\/es\/hubriidsusteemid\/noqq-hubriid-soojuspump-3-7kw\/\">\n\t\t<div class=\"elementor-element elementor-element-3205049 e-con-full e-flex e-con e-child\" data-id=\"3205049\" data-element_type=\"container\" data-settings=\"{&quot;background_background&quot;:&quot;gradient&quot;}\">\n\t\t\t\t<div class=\"elementor-element elementor-element-36d7817 elementor-widget__width-inherit elementor-widget elementor-widget-heading\" data-id=\"36d7817\" data-element_type=\"widget\" data-widget_type=\"heading.default\">\n\t\t\t\t<div class=\"elementor-widget-container\">\n\t\t\t<h2 class=\"elementor-heading-title elementor-size-default\">Bomba de calor aire-aire h\u00edbrida con energ\u00eda solar<\/h2>\t\t<\/div>\n\t\t\t\t<\/div>\n\t\t<div class=\"elementor-element elementor-element-4b52929 noqq-product-category-selection-image2 e-flex e-con-boxed e-con e-child\" data-id=\"4b52929\" data-element_type=\"container\" data-settings=\"{&quot;background_background&quot;:&quot;classic&quot;,&quot;position&quot;:&quot;absolute&quot;}\">\n\t\t\t\t\t<div class=\"e-con-inner\">\n\t\t\t\t\t<\/div>\n\t\t\t\t<\/div>\n\t\t\t\t<\/div>\n\t\t\t\t<\/a>\n\t\t\t\t<\/div>\n\t\t<div class=\"elementor-element elementor-element-9bdc1a3 e-con-full e-flex e-con e-child\" data-id=\"9bdc1a3\" data-element_type=\"container\">\n\t\t<div class=\"elementor-element elementor-element-144fa4a e-con-full e-flex e-con e-child\" data-id=\"144fa4a\" data-element_type=\"container\">\n\t\t<a class=\"elementor-element elementor-element-d32150b e-con-full hide-on-spanish noqq-product-category-selection e-flex e-con e-child\" data-id=\"d32150b\" data-element_type=\"container\" data-settings=\"{&quot;background_background&quot;:&quot;gradient&quot;}\" href=\"https:\/\/noqq.energy\/es\/maasoojuspumbad-maakute\/\">\n\t\t\t\t<div class=\"elementor-element elementor-element-1a55dbb elementor-widget__width-inherit elementor-widget elementor-widget-heading\" data-id=\"1a55dbb\" data-element_type=\"widget\" data-widget_type=\"heading.default\">\n\t\t\t\t<div class=\"elementor-widget-container\">\n\t\t\t<h2 class=\"elementor-heading-title elementor-size-default\">CALEFACCI\u00d3N GEOT\u00c9RMICA<\/h2>\t\t<\/div>\n\t\t\t\t<\/div>\n\t\t<div class=\"elementor-element elementor-element-b4be5ef noqq-product-category-selection-image e-flex e-con-boxed e-con e-child\" data-id=\"b4be5ef\" data-element_type=\"container\" data-settings=\"{&quot;background_background&quot;:&quot;classic&quot;}\">\n\t\t\t\t\t<div class=\"e-con-inner\">\n\t\t\t\t\t<\/div>\n\t\t\t\t<\/div>\n\t\t\t\t<\/a>\n\t\t<a class=\"elementor-element elementor-element-dfdd22e e-con-full noqq-product-category-selection e-flex e-con e-child\" data-id=\"dfdd22e\" data-element_type=\"container\" data-settings=\"{&quot;background_background&quot;:&quot;gradient&quot;}\" href=\"http:\/\/noqq.energy\/es\/hubriidsusteemid\/noqq-paikeseenergia-hubriid-basseinisoojendi\/\">\n\t\t\t\t<div class=\"elementor-element elementor-element-a066cb9 elementor-widget__width-inherit elementor-widget elementor-widget-heading\" data-id=\"a066cb9\" data-element_type=\"widget\" data-widget_type=\"heading.default\">\n\t\t\t\t<div class=\"elementor-widget-container\">\n\t\t\t<h2 class=\"elementor-heading-title elementor-size-default\">Calentador de piscina h\u00edbrido con energ\u00eda solar<\/h2>\t\t<\/div>\n\t\t\t\t<\/div>\n\t\t<div class=\"elementor-element elementor-element-cde7dd6 noqq-product-category-selection-image e-flex e-con-boxed e-con e-child\" data-id=\"cde7dd6\" data-element_type=\"container\" data-settings=\"{&quot;background_background&quot;:&quot;classic&quot;}\">\n\t\t\t\t\t<div class=\"e-con-inner\">\n\t\t\t\t\t<\/div>\n\t\t\t\t<\/div>\n\t\t\t\t<\/a>\n\t\t\t\t<\/div>\n\t\t\t\t<\/div>\n\t\t<div class=\"elementor-element elementor-element-667d521 e-con-full e-flex e-con e-child\" data-id=\"667d521\" data-element_type=\"container\">\n\t\t<div class=\"elementor-element elementor-element-d6a5a0f e-con-full e-flex e-con e-child\" data-id=\"d6a5a0f\" data-element_type=\"container\">\n\t\t<a class=\"elementor-element elementor-element-4fb13bf e-con-full hide-on-spanish noqq-product-category-selection e-flex e-con e-child\" data-id=\"4fb13bf\" data-element_type=\"container\" data-settings=\"{&quot;background_background&quot;:&quot;gradient&quot;}\" href=\"http:\/\/noqq.energy\/es\/mobiilsed-konditsioneerid\/\">\n\t\t\t\t<div class=\"elementor-element elementor-element-c694bcb elementor-widget__width-inherit elementor-widget elementor-widget-heading\" data-id=\"c694bcb\" data-element_type=\"widget\" data-widget_type=\"heading.default\">\n\t\t\t\t<div class=\"elementor-widget-container\">\n\t\t\t<h2 class=\"elementor-heading-title elementor-size-default\">AIRES ACONDICIONADOS PORT\u00c1TILES A GAS PROPANO<\/h2>\t\t<\/div>\n\t\t\t\t<\/div>\n\t\t<div class=\"elementor-element elementor-element-d53ad6b noqq-product-category-selection-image e-flex e-con-boxed e-con e-child\" data-id=\"d53ad6b\" data-element_type=\"container\" data-settings=\"{&quot;background_background&quot;:&quot;classic&quot;}\">\n\t\t\t\t\t<div class=\"e-con-inner\">\n\t\t\t\t\t<\/div>\n\t\t\t\t<\/div>\n\t\t\t\t<\/a>\n\t\t<a class=\"elementor-element elementor-element-1efbfe1 e-con-full hide-on-spanish noqq-product-category-selection e-flex e-con e-child\" data-id=\"1efbfe1\" data-element_type=\"container\" data-settings=\"{&quot;background_background&quot;:&quot;gradient&quot;}\" href=\"http:\/\/noqq.energy\/es\/pelletkatlad\/\">\n\t\t\t\t<div class=\"elementor-element elementor-element-6ba52b4 elementor-widget__width-inherit elementor-widget elementor-widget-heading\" data-id=\"6ba52b4\" data-element_type=\"widget\" data-widget_type=\"heading.default\">\n\t\t\t\t<div class=\"elementor-widget-container\">\n\t\t\t<h2 class=\"elementor-heading-title elementor-size-default\">CALDERAS DE PELLETS<\/h2>\t\t<\/div>\n\t\t\t\t<\/div>\n\t\t<div class=\"elementor-element elementor-element-34520a8 noqq-product-category-selection-image e-flex e-con-boxed e-con e-child\" data-id=\"34520a8\" data-element_type=\"container\" data-settings=\"{&quot;background_background&quot;:&quot;classic&quot;}\">\n\t\t\t\t\t<div class=\"e-con-inner\">\n\t\t\t\t\t<\/div>\n\t\t\t\t<\/div>\n\t\t\t\t<\/a>\n\t\t\t\t<\/div>\n\t\t\t\t<\/div>\n\t\t<div class=\"elementor-element elementor-element-d1f4811 e-con-full e-flex e-con e-child\" data-id=\"d1f4811\" data-element_type=\"container\">\n\t\t<div class=\"elementor-element elementor-element-49d09d5 e-con-full e-flex e-con e-child\" data-id=\"49d09d5\" data-element_type=\"container\">\n\t\t<a class=\"elementor-element elementor-element-7dd039c e-con-full noqq-product-category-selection e-flex e-con e-child\" data-id=\"7dd039c\" data-element_type=\"container\" data-settings=\"{&quot;background_background&quot;:&quot;gradient&quot;}\" href=\"http:\/\/noqq.energy\/es\/ventilatsiooniseadmed\/\">\n\t\t\t\t<div class=\"elementor-element elementor-element-bc15971 elementor-widget__width-inherit elementor-widget elementor-widget-heading\" data-id=\"bc15971\" data-element_type=\"widget\" data-widget_type=\"heading.default\">\n\t\t\t\t<div class=\"elementor-widget-container\">\n\t\t\t<h2 class=\"elementor-heading-title elementor-size-default\">DISPOSITIVOS DE VENTILACI\u00d3N<\/h2>\t\t<\/div>\n\t\t\t\t<\/div>\n\t\t<div class=\"elementor-element elementor-element-7667f96 noqq-product-category-selection-image e-flex e-con-boxed e-con e-child\" data-id=\"7667f96\" data-element_type=\"container\" data-settings=\"{&quot;background_background&quot;:&quot;classic&quot;}\">\n\t\t\t\t\t<div class=\"e-con-inner\">\n\t\t\t\t\t<\/div>\n\t\t\t\t<\/div>\n\t\t\t\t<\/a>\n\t\t\t\t<\/div>\n\t\t\t\t<\/div>\n\t\t\t\t<\/div>\n\t\t\t\t\t<\/div>\n\t\t\t\t<\/div>\n\t\t<div class=\"elementor-element elementor-element-9d0582f e-flex e-con-boxed e-con e-parent\" data-id=\"9d0582f\" data-element_type=\"container\" data-settings=\"{&quot;background_background&quot;:&quot;classic&quot;}\">\n\t\t\t\t\t<div class=\"e-con-inner\">\n\t\t\t\t<div class=\"elementor-element elementor-element-08bd7ad elementor-widget elementor-widget-text-editor\" data-id=\"08bd7ad\" data-element_type=\"widget\" data-widget_type=\"text-editor.default\">\n\t\t\t\t<div class=\"elementor-widget-container\">\n\t\t\t\t\t\t\tCont\u00e1ctanos y encontraremos la soluci\u00f3n m\u00e1s adecuada para ti\t\t\t\t\t\t<\/div>\n\t\t\t\t<\/div>\n\t\t\t\t<div class=\"elementor-element elementor-element-ae15142 elementor-align-center elementor-widget elementor-widget-button\" data-id=\"ae15142\" data-element_type=\"widget\" data-widget_type=\"button.default\">\n\t\t\t\t<div class=\"elementor-widget-container\">\n\t\t\t\t\t\t\t<div class=\"elementor-button-wrapper\">\n\t\t\t\t\t<a class=\"elementor-button elementor-button-link elementor-size-sm\" href=\"http:\/\/noqq.ee\/kontakt\">\n\t\t\t\t\t\t<span class=\"elementor-button-content-wrapper\">\n\t\t\t\t\t\t\t\t\t<span class=\"elementor-button-text\">Contacto<\/span>\n\t\t\t\t\t<\/span>\n\t\t\t\t\t<\/a>\n\t\t\t\t<\/div>\n\t\t\t\t\t\t<\/div>\n\t\t\t\t<\/div>\n\t\t\t\t\t<\/div>\n\t\t\t\t<\/div>\n\t\t\t\t<\/div>","protected":false},"excerpt":{"rendered":"<p>Tooted \u00d5HK-\u00d5HK \u00d5HK-VESI H\u00fcbriid Konditsioneer ja \u00d5hksoojuspump H\u00fcbriid p\u00e4ikeseenergiaga \u00f5hk-\u00f5hk soojuspump MAAK\u00dcTE H\u00fcbriid p\u00e4ikeseenergiaga basseinisoojendaja PROPAANIL T\u00d6\u00d6TAVAD MOBIILSED KONDITSIONEERID PELLETKATLAD VENTILATSIOONISEADMED V\u00f5ta \u00fchendust ning leiame Sulle sobivaima lahenduse Kontakt<\/p>","protected":false},"author":13,"featured_media":0,"parent":0,"menu_order":0,"comment_status":"closed","ping_status":"closed","template":"elementor_header_footer","meta":{"_et_pb_use_builder":"","_et_pb_old_content":"","_et_gb_content_width":"","_monsterinsights_skip_tracking":false,"_monsterinsights_sitenote_active":false,"_monsterinsights_sitenote_note":"","_monsterinsights_sitenote_category":0,"footnotes":""},"class_list":["post-13185","page","type-page","status-publish","hentry"],"yoast_head":"<!-- This site is optimized with the Yoast SEO plugin v23.8 - https:\/\/yoast.com\/wordpress\/plugins\/seo\/ -->\n<title>Tooted - NOQQ Energy<\/title>\n<meta name=\"description\" content=\"NOQQ visiooniks on v\u00e4hendada CO2 eraldumist keskkonnas kasutades s\u00e4\u00e4stvaid ja keskkonnas\u00f5bralikke k\u00fctte- ja kliimaseadmeid p\u00e4ikseenergiaga.\" \/>\n<meta name=\"robots\" content=\"index, follow, max-snippet:-1, max-image-preview:large, max-video-preview:-1\" \/>\n<link rel=\"canonical\" href=\"https:\/\/noqq.energy\/es\/tooted\/\" \/>\n<meta property=\"og:locale\" content=\"es_ES\" \/>\n<meta property=\"og:type\" content=\"article\" \/>\n<meta property=\"og:title\" content=\"Tooted - NOQQ Energy\" \/>\n<meta property=\"og:description\" content=\"NOQQ visiooniks on v\u00e4hendada CO2 eraldumist keskkonnas kasutades s\u00e4\u00e4stvaid ja keskkonnas\u00f5bralikke k\u00fctte- ja kliimaseadmeid p\u00e4ikseenergiaga.\" \/>\n<meta property=\"og:url\" content=\"https:\/\/noqq.energy\/es\/tooted\/\" \/>\n<meta property=\"og:site_name\" content=\"NOQQ Energy\" \/>\n<meta property=\"article:modified_time\" content=\"2025-12-11T13:50:57+00:00\" \/>\n<meta name=\"twitter:card\" content=\"summary_large_image\" \/>\n<meta name=\"twitter:label1\" content=\"Tiempo de lectura\" \/>\n\t<meta name=\"twitter:data1\" content=\"1 minuto\" \/>\n<script type=\"application\/ld+json\" class=\"yoast-schema-graph\">{\"@context\":\"https:\/\/schema.org\",\"@graph\":[{\"@type\":\"WebPage\",\"@id\":\"https:\/\/noqq.energy\/tooted\/\",\"url\":\"https:\/\/noqq.energy\/tooted\/\",\"name\":\"Tooted - NOQQ Energy\",\"isPartOf\":{\"@id\":\"https:\/\/noqq.energy\/#website\"},\"datePublished\":\"2025-12-11T13:48:04+00:00\",\"dateModified\":\"2025-12-11T13:50:57+00:00\",\"description\":\"NOQQ visiooniks on v\u00e4hendada CO2 eraldumist keskkonnas kasutades s\u00e4\u00e4stvaid ja keskkonnas\u00f5bralikke k\u00fctte- ja kliimaseadmeid p\u00e4ikseenergiaga.\",\"breadcrumb\":{\"@id\":\"https:\/\/noqq.energy\/tooted\/#breadcrumb\"},\"inLanguage\":\"es\",\"potentialAction\":[{\"@type\":\"ReadAction\",\"target\":[\"https:\/\/noqq.energy\/tooted\/\"]}]},{\"@type\":\"BreadcrumbList\",\"@id\":\"https:\/\/noqq.energy\/tooted\/#breadcrumb\",\"itemListElement\":[{\"@type\":\"ListItem\",\"position\":1,\"name\":\"Home\",\"item\":\"https:\/\/noqq.energy\/\"},{\"@type\":\"ListItem\",\"position\":2,\"name\":\"Tooted\"}]},{\"@type\":\"WebSite\",\"@id\":\"https:\/\/noqq.energy\/#website\",\"url\":\"https:\/\/noqq.energy\/\",\"name\":\"NOQQ Energy\",\"description\":\"KVJ ja Taastuvenergia lahendused\",\"potentialAction\":[{\"@type\":\"SearchAction\",\"target\":{\"@type\":\"EntryPoint\",\"urlTemplate\":\"https:\/\/noqq.energy\/?s={search_term_string}\"},\"query-input\":{\"@type\":\"PropertyValueSpecification\",\"valueRequired\":true,\"valueName\":\"search_term_string\"}}],\"inLanguage\":\"es\"}]}<\/script>\n<!-- \/ Yoast SEO plugin. -->","yoast_head_json":{"title":"Tooted - NOQQ Energy","description":"NOQQ visiooniks on v\u00e4hendada CO2 eraldumist keskkonnas kasutades s\u00e4\u00e4stvaid ja keskkonnas\u00f5bralikke k\u00fctte- ja kliimaseadmeid p\u00e4ikseenergiaga.","robots":{"index":"index","follow":"follow","max-snippet":"max-snippet:-1","max-image-preview":"max-image-preview:large","max-video-preview":"max-video-preview:-1"},"canonical":"https:\/\/noqq.energy\/es\/tooted\/","og_locale":"es_ES","og_type":"article","og_title":"Tooted - NOQQ Energy","og_description":"NOQQ visiooniks on v\u00e4hendada CO2 eraldumist keskkonnas kasutades s\u00e4\u00e4stvaid ja keskkonnas\u00f5bralikke k\u00fctte- ja kliimaseadmeid p\u00e4ikseenergiaga.","og_url":"https:\/\/noqq.energy\/es\/tooted\/","og_site_name":"NOQQ Energy","article_modified_time":"2025-12-11T13:50:57+00:00","twitter_card":"summary_large_image","twitter_misc":{"Tiempo de lectura":"1 minuto"},"schema":{"@context":"https:\/\/schema.org","@graph":[{"@type":"WebPage","@id":"https:\/\/noqq.energy\/tooted\/","url":"https:\/\/noqq.energy\/tooted\/","name":"Tooted - NOQQ Energy","isPartOf":{"@id":"https:\/\/noqq.energy\/#website"},"datePublished":"2025-12-11T13:48:04+00:00","dateModified":"2025-12-11T13:50:57+00:00","description":"NOQQ visiooniks on v\u00e4hendada CO2 eraldumist keskkonnas kasutades s\u00e4\u00e4stvaid ja keskkonnas\u00f5bralikke k\u00fctte- ja kliimaseadmeid p\u00e4ikseenergiaga.","breadcrumb":{"@id":"https:\/\/noqq.energy\/tooted\/#breadcrumb"},"inLanguage":"es","potentialAction":[{"@type":"ReadAction","target":["https:\/\/noqq.energy\/tooted\/"]}]},{"@type":"BreadcrumbList","@id":"https:\/\/noqq.energy\/tooted\/#breadcrumb","itemListElement":[{"@type":"ListItem","position":1,"name":"Home","item":"https:\/\/noqq.energy\/"},{"@type":"ListItem","position":2,"name":"Tooted"}]},{"@type":"WebSite","@id":"https:\/\/noqq.energy\/#website","url":"https:\/\/noqq.energy\/","name":"NOQQ Energy","description":"KVJ ja Taastuvenergia lahendused","potentialAction":[{"@type":"SearchAction","target":{"@type":"EntryPoint","urlTemplate":"https:\/\/noqq.energy\/?s={search_term_string}"},"query-input":{"@type":"PropertyValueSpecification","valueRequired":true,"valueName":"search_term_string"}}],"inLanguage":"es"}]}},"_links":{"self":[{"href":"https:\/\/noqq.energy\/es\/wp-json\/wp\/v2\/pages\/13185","targetHints":{"allow":["GET"]}}],"collection":[{"href":"https:\/\/noqq.energy\/es\/wp-json\/wp\/v2\/pages"}],"about":[{"href":"https:\/\/noqq.energy\/es\/wp-json\/wp\/v2\/types\/page"}],"author":[{"embeddable":true,"href":"https:\/\/noqq.energy\/es\/wp-json\/wp\/v2\/users\/13"}],"replies":[{"embeddable":true,"href":"https:\/\/noqq.energy\/es\/wp-json\/wp\/v2\/comments?post=13185"}],"version-history":[{"count":7,"href":"https:\/\/noqq.energy\/es\/wp-json\/wp\/v2\/pages\/13185\/revisions"}],"predecessor-version":[{"id":13194,"href":"https:\/\/noqq.energy\/es\/wp-json\/wp\/v2\/pages\/13185\/revisions\/13194"}],"wp:attachment":[{"href":"https:\/\/noqq.energy\/es\/wp-json\/wp\/v2\/media?parent=13185"}],"curies":[{"name":"wp","href":"https:\/\/api.w.org\/{rel}","templated":true}]}}