{"id":7175,"date":"2024-06-05T21:23:05","date_gmt":"2024-06-05T21:23:05","guid":{"rendered":"https:\/\/noqq.energy\/?page_id=7175"},"modified":"2026-02-24T22:04:55","modified_gmt":"2026-02-24T22:04:55","slug":"meist","status":"publish","type":"page","link":"https:\/\/noqq.energy\/es\/meist\/","title":{"rendered":"Sobre nosotros"},"content":{"rendered":"<div data-elementor-type=\"wp-page\" data-elementor-id=\"7175\" class=\"elementor elementor-7175\">\n\t\t\t\t<div class=\"elementor-element elementor-element-5a3f894 e-flex e-con-boxed e-con e-parent\" data-id=\"5a3f894\" data-element_type=\"container\" data-settings=\"{&quot;background_background&quot;:&quot;classic&quot;}\">\n\t\t\t\t\t<div class=\"e-con-inner\">\n\t\t\t\t<div class=\"elementor-element elementor-element-c8adfb3 elementor-widget__width-inherit elementor-widget elementor-widget-heading\" data-id=\"c8adfb3\" data-element_type=\"widget\" data-widget_type=\"heading.default\">\n\t\t\t\t<div class=\"elementor-widget-container\">\n\t\t\t<h1 class=\"elementor-heading-title elementor-size-default\">Sobre nosotros \u2013 NOQQ<\/h1>\t\t<\/div>\n\t\t\t\t<\/div>\n\t\t\t\t<div class=\"elementor-element elementor-element-216f313 elementor-widget elementor-widget-text-editor\" data-id=\"216f313\" data-element_type=\"widget\" data-widget_type=\"text-editor.default\">\n\t\t\t\t<div class=\"elementor-widget-container\">\n\t\t\t\t\t\t\t<p>NOQQ ayuda a las empresas a reducir sus costos energ\u00e9ticos y aumentar la confiabilidad de sus sistemas. Nuestras soluciones est\u00e1n dise\u00f1adas para cumplir con los m\u00e1s altos requisitos de calidad y promover un uso energ\u00e9tico sostenible y rentable.<\/p><p>Invertimos continuamente en innovaci\u00f3n para ofrecer dispositivos y tecnolog\u00edas que faciliten y hagan m\u00e1s eficiente el uso de la energ\u00eda para las empresas. Nos centramos en soluciones que mejoran la fiabilidad, optimizan el consumo energ\u00e9tico y promueven operaciones respetuosas con el medio ambiente.<\/p><p>Nuestro servicio de atenci\u00f3n al cliente abarca todo el proceso. Ofrecemos asesoramiento profesional desde la planificaci\u00f3n del proyecto hasta el mantenimiento del sistema para garantizar la m\u00e1xima satisfacci\u00f3n y una larga vida \u00fatil para su empresa.<\/p><p>Trabajando con nuestros socios, ayudamos a crear soluciones energ\u00e9ticas innovadoras que promueven la sostenibilidad y reducen la dependencia de tecnolog\u00edas obsoletas. NOQQ es su socio para construir sistemas energ\u00e9ticos m\u00e1s eficientes y resilientes.<\/p>\t\t\t\t\t\t<\/div>\n\t\t\t\t<\/div>\n\t\t\t\t<div class=\"elementor-element elementor-element-b4f8aa6 elementor-widget elementor-widget-text-editor\" data-id=\"b4f8aa6\" data-element_type=\"widget\" data-widget_type=\"text-editor.default\">\n\t\t\t\t<div class=\"elementor-widget-container\">\n\t\t\t\t\t\t\t<span style=\"font-size: 20px; text-align: var(--text-align);\">Junto con <a style=\"color: #519577; text-decoration: underline;\" href=\"https:\/\/noqq.energy\/es\/tehtud-tood\/\">Atentamente<\/a> Estamos construyendo hoy el mundo del ma\u00f1ana.<\/span>\t\t\t\t\t\t<\/div>\n\t\t\t\t<\/div>\n\t\t\t\t\t<\/div>\n\t\t\t\t<\/div>\n\t\t<div class=\"elementor-element elementor-element-9d0582f e-flex e-con-boxed e-con e-parent\" data-id=\"9d0582f\" data-element_type=\"container\" data-settings=\"{&quot;background_background&quot;:&quot;classic&quot;}\">\n\t\t\t\t\t<div class=\"e-con-inner\">\n\t\t\t\t<div class=\"elementor-element elementor-element-08bd7ad elementor-widget elementor-widget-text-editor\" data-id=\"08bd7ad\" data-element_type=\"widget\" data-widget_type=\"text-editor.default\">\n\t\t\t\t<div class=\"elementor-widget-container\">\n\t\t\t\t\t\t\tCont\u00e1ctanos y encontraremos la soluci\u00f3n m\u00e1s adecuada para ti\t\t\t\t\t\t<\/div>\n\t\t\t\t<\/div>\n\t\t\t\t<div class=\"elementor-element elementor-element-ae15142 elementor-align-center elementor-widget elementor-widget-button\" data-id=\"ae15142\" data-element_type=\"widget\" data-widget_type=\"button.default\">\n\t\t\t\t<div class=\"elementor-widget-container\">\n\t\t\t\t\t\t\t<div class=\"elementor-button-wrapper\">\n\t\t\t\t\t<a class=\"elementor-button elementor-button-link elementor-size-sm\" href=\"http:\/\/noqq.ee\/kontakt\">\n\t\t\t\t\t\t<span class=\"elementor-button-content-wrapper\">\n\t\t\t\t\t\t\t\t\t<span class=\"elementor-button-text\">Contacto<\/span>\n\t\t\t\t\t<\/span>\n\t\t\t\t\t<\/a>\n\t\t\t\t<\/div>\n\t\t\t\t\t\t<\/div>\n\t\t\t\t<\/div>\n\t\t\t\t\t<\/div>\n\t\t\t\t<\/div>\n\t\t<div class=\"elementor-element elementor-element-09394ac e-flex e-con-boxed e-con e-parent\" data-id=\"09394ac\" data-element_type=\"container\" data-settings=\"{&quot;background_background&quot;:&quot;classic&quot;}\">\n\t\t\t\t\t<div class=\"e-con-inner\">\n\t\t\t\t<div class=\"elementor-element elementor-element-834792c elementor-widget__width-initial elementor-widget elementor-widget-heading\" data-id=\"834792c\" data-element_type=\"widget\" data-widget_type=\"heading.default\">\n\t\t\t\t<div class=\"elementor-widget-container\">\n\t\t\t<h3 class=\"elementor-heading-title elementor-size-default\">Equipo estonio NOQQ<\/h3>\t\t<\/div>\n\t\t\t\t<\/div>\n\t\t\t\t<div class=\"elementor-element elementor-element-949f883 elementor-widget__width-inherit elementor-widget elementor-widget-heading\" data-id=\"949f883\" data-element_type=\"widget\" data-widget_type=\"heading.default\">\n\t\t\t\t<div class=\"elementor-widget-container\">\n\t\t\t<h2 class=\"elementor-heading-title elementor-size-default\">INNOVACI\u00d3N Y EXCELENCIA JUNTOS<\/h2>\t\t<\/div>\n\t\t\t\t<\/div>\n\t\t<div class=\"elementor-element elementor-element-3400324 e-flex e-con-boxed e-con e-child\" data-id=\"3400324\" data-element_type=\"container\">\n\t\t\t\t\t<div class=\"e-con-inner\">\n\t\t<div class=\"elementor-element elementor-element-a15a140 e-flex e-con-boxed e-con e-child\" data-id=\"a15a140\" data-element_type=\"container\">\n\t\t\t\t\t<div class=\"e-con-inner\">\n\t\t<div class=\"elementor-element elementor-element-3bd5035 e-con-full e-flex e-con e-child\" data-id=\"3bd5035\" data-element_type=\"container\">\n\t\t<div class=\"elementor-element elementor-element-8eb1ae2 e-con-full e-flex e-con e-child\" data-id=\"8eb1ae2\" data-element_type=\"container\" data-settings=\"{&quot;background_background&quot;:&quot;classic&quot;}\">\n\t\t\t\t<\/div>\n\t\t<div class=\"elementor-element elementor-element-e2d620a e-con-full e-flex e-con e-child\" data-id=\"e2d620a\" data-element_type=\"container\">\n\t\t\t\t<div class=\"elementor-element elementor-element-14a8fcf elementor-widget elementor-widget-text-editor\" data-id=\"14a8fcf\" data-element_type=\"widget\" data-widget_type=\"text-editor.default\">\n\t\t\t\t<div class=\"elementor-widget-container\">\n\t\t\t\t\t\t\tOscar Roosi\t\t\t\t\t\t<\/div>\n\t\t\t\t<\/div>\n\t\t\t\t<div class=\"elementor-element elementor-element-806c72e elementor-widget elementor-widget-text-editor\" data-id=\"806c72e\" data-element_type=\"widget\" data-widget_type=\"text-editor.default\">\n\t\t\t\t<div class=\"elementor-widget-container\">\n\t\t\t\t\t\t\tTablero L<span data-mce-type=\"bookmark\" style=\"display: inline-block; width: 0px; overflow: hidden; line-height: 0;\" class=\"mce_SELRES_start\"><\/span>mismo\t\t\t\t\t\t<\/div>\n\t\t\t\t<\/div>\n\t\t\t\t<\/div>\n\t\t\t\t<\/div>\n\t\t<div class=\"elementor-element elementor-element-97018c0 e-con-full elementor-hidden-desktop elementor-hidden-tablet elementor-hidden-mobile e-flex e-con e-child\" data-id=\"97018c0\" data-element_type=\"container\">\n\t\t<div class=\"elementor-element elementor-element-9194c70 e-con-full e-flex e-con e-child\" data-id=\"9194c70\" data-element_type=\"container\" data-settings=\"{&quot;background_background&quot;:&quot;classic&quot;}\">\n\t\t\t\t<\/div>\n\t\t<div class=\"elementor-element elementor-element-c5bff38 e-con-full e-flex e-con e-child\" data-id=\"c5bff38\" data-element_type=\"container\">\n\t\t\t\t<div class=\"elementor-element elementor-element-18df029 elementor-widget elementor-widget-text-editor\" data-id=\"18df029\" data-element_type=\"widget\" data-widget_type=\"text-editor.default\">\n\t\t\t\t<div class=\"elementor-widget-container\">\n\t\t\t\t\t\t\t<p>\u00f3liver pavlov<\/p>\t\t\t\t\t\t<\/div>\n\t\t\t\t<\/div>\n\t\t\t\t<div class=\"elementor-element elementor-element-f296725 elementor-widget elementor-widget-text-editor\" data-id=\"f296725\" data-element_type=\"widget\" data-widget_type=\"text-editor.default\">\n\t\t\t\t<div class=\"elementor-widget-container\">\n\t\t\t\t\t\t\t<p>Gerente de ventas de Estonia<\/p>\t\t\t\t\t\t<\/div>\n\t\t\t\t<\/div>\n\t\t\t\t<\/div>\n\t\t\t\t<\/div>\n\t\t<div class=\"elementor-element elementor-element-04b70dd e-con-full e-flex e-con e-child\" data-id=\"04b70dd\" data-element_type=\"container\">\n\t\t<div class=\"elementor-element elementor-element-ef12e43 e-con-full e-flex e-con e-child\" data-id=\"ef12e43\" data-element_type=\"container\" data-settings=\"{&quot;background_background&quot;:&quot;classic&quot;}\">\n\t\t\t\t<\/div>\n\t\t<div class=\"elementor-element elementor-element-28e5a98 e-con-full e-flex e-con e-child\" data-id=\"28e5a98\" data-element_type=\"container\">\n\t\t\t\t<div class=\"elementor-element elementor-element-44e3df0 elementor-widget elementor-widget-text-editor\" data-id=\"44e3df0\" data-element_type=\"widget\" data-widget_type=\"text-editor.default\">\n\t\t\t\t<div class=\"elementor-widget-container\">\n\t\t\t\t\t\t\tAivar Armulik\t\t\t\t\t\t<\/div>\n\t\t\t\t<\/div>\n\t\t\t\t<div class=\"elementor-element elementor-element-e2a21b1 elementor-widget elementor-widget-text-editor\" data-id=\"e2a21b1\" data-element_type=\"widget\" data-widget_type=\"text-editor.default\">\n\t\t\t\t<div class=\"elementor-widget-container\">\n\t\t\t\t\t\t\t<p>Miembro del Consejo<\/p>\t\t\t\t\t\t<\/div>\n\t\t\t\t<\/div>\n\t\t\t\t<\/div>\n\t\t\t\t<\/div>\n\t\t\t\t\t<\/div>\n\t\t\t\t<\/div>\n\t\t<div class=\"elementor-element elementor-element-9012be6 e-flex e-con-boxed e-con e-child\" data-id=\"9012be6\" data-element_type=\"container\">\n\t\t\t\t\t<div class=\"e-con-inner\">\n\t\t\t\t\t<\/div>\n\t\t\t\t<\/div>\n\t\t\t\t\t<\/div>\n\t\t\t\t<\/div>\n\t\t\t\t\t<\/div>\n\t\t\t\t<\/div>\n\t\t<div class=\"elementor-element elementor-element-76efd9a e-flex e-con-boxed e-con e-parent\" data-id=\"76efd9a\" data-element_type=\"container\" data-settings=\"{&quot;background_background&quot;:&quot;classic&quot;}\">\n\t\t\t\t\t<div class=\"e-con-inner\">\n\t\t\t\t<div class=\"elementor-element elementor-element-8a158b3 elementor-widget__width-initial elementor-widget elementor-widget-heading\" data-id=\"8a158b3\" data-element_type=\"widget\" data-widget_type=\"heading.default\">\n\t\t\t\t<div class=\"elementor-widget-container\">\n\t\t\t<h3 class=\"elementor-heading-title elementor-size-default\">Equipo NOQQ Espa\u00f1a<\/h3>\t\t<\/div>\n\t\t\t\t<\/div>\n\t\t<div class=\"elementor-element elementor-element-62a664a e-flex e-con-boxed e-con e-child\" data-id=\"62a664a\" data-element_type=\"container\">\n\t\t\t\t\t<div class=\"e-con-inner\">\n\t\t<div class=\"elementor-element elementor-element-fb1fbd4 e-flex e-con-boxed e-con e-child\" data-id=\"fb1fbd4\" data-element_type=\"container\">\n\t\t\t\t\t<div class=\"e-con-inner\">\n\t\t<div class=\"elementor-element elementor-element-ba3bcd4 e-con-full e-flex e-con e-child\" data-id=\"ba3bcd4\" data-element_type=\"container\">\n\t\t<div class=\"elementor-element elementor-element-1073d4a e-con-full e-flex e-con e-child\" data-id=\"1073d4a\" data-element_type=\"container\" data-settings=\"{&quot;background_background&quot;:&quot;classic&quot;}\">\n\t\t\t\t<\/div>\n\t\t<div class=\"elementor-element elementor-element-613183f e-con-full e-flex e-con e-child\" data-id=\"613183f\" data-element_type=\"container\">\n\t\t\t\t<div class=\"elementor-element elementor-element-6de9324 elementor-widget elementor-widget-text-editor\" data-id=\"6de9324\" data-element_type=\"widget\" data-widget_type=\"text-editor.default\">\n\t\t\t\t<div class=\"elementor-widget-container\">\n\t\t\t\t\t\t\t<p>Andres Maots<\/p>\t\t\t\t\t\t<\/div>\n\t\t\t\t<\/div>\n\t\t\t\t<div class=\"elementor-element elementor-element-9813fb3 elementor-widget elementor-widget-text-editor\" data-id=\"9813fb3\" data-element_type=\"widget\" data-widget_type=\"text-editor.default\">\n\t\t\t\t<div class=\"elementor-widget-container\">\n\t\t\t\t\t\t\tResponsable de Ventas Espa\u00f1a - Espa\u00f1ol e Ingl\u00e9s\t\t\t\t\t\t<\/div>\n\t\t\t\t<\/div>\n\t\t\t\t<\/div>\n\t\t\t\t<\/div>\n\t\t<div class=\"elementor-element elementor-element-e2c541a e-con-full e-flex e-con e-child\" data-id=\"e2c541a\" data-element_type=\"container\">\n\t\t<div class=\"elementor-element elementor-element-afe53f2 e-con-full e-flex e-con e-child\" data-id=\"afe53f2\" data-element_type=\"container\" data-settings=\"{&quot;background_background&quot;:&quot;classic&quot;}\">\n\t\t\t\t<\/div>\n\t\t<div class=\"elementor-element elementor-element-186ccaa e-con-full e-flex e-con e-child\" data-id=\"186ccaa\" data-element_type=\"container\">\n\t\t\t\t<div class=\"elementor-element elementor-element-4aa017b elementor-widget elementor-widget-text-editor\" data-id=\"4aa017b\" data-element_type=\"widget\" data-widget_type=\"text-editor.default\">\n\t\t\t\t<div class=\"elementor-widget-container\">\n\t\t\t\t\t\t\tIuri Liftullin\t\t\t\t\t\t<\/div>\n\t\t\t\t<\/div>\n\t\t\t\t<div class=\"elementor-element elementor-element-f26e998 elementor-widget elementor-widget-text-editor\" data-id=\"f26e998\" data-element_type=\"widget\" data-widget_type=\"text-editor.default\">\n\t\t\t\t<div class=\"elementor-widget-container\">\n\t\t\t\t\t\t\t<p>Ventas Espa\u00f1a - Espa\u00f1ol y Ruso<\/p>\t\t\t\t\t\t<\/div>\n\t\t\t\t<\/div>\n\t\t\t\t<\/div>\n\t\t\t\t<\/div>\n\t\t\t\t\t<\/div>\n\t\t\t\t<\/div>\n\t\t<div class=\"elementor-element elementor-element-fc7119a e-con-full e-flex e-con e-child\" data-id=\"fc7119a\" data-element_type=\"container\">\n\t\t<div class=\"elementor-element elementor-element-98aa632 e-con-full e-flex e-con e-child\" data-id=\"98aa632\" data-element_type=\"container\">\n\t\t<div class=\"elementor-element elementor-element-aa389e1 e-con-full e-flex e-con e-child\" data-id=\"aa389e1\" data-element_type=\"container\" data-settings=\"{&quot;background_background&quot;:&quot;classic&quot;}\">\n\t\t\t\t<\/div>\n\t\t<div class=\"elementor-element elementor-element-aacd310 e-con-full e-flex e-con e-child\" data-id=\"aacd310\" data-element_type=\"container\">\n\t\t\t\t<div class=\"elementor-element elementor-element-aed0d15 elementor-widget elementor-widget-text-editor\" data-id=\"aed0d15\" data-element_type=\"widget\" data-widget_type=\"text-editor.default\">\n\t\t\t\t<div class=\"elementor-widget-container\">\n\t\t\t\t\t\t\t<p>Katerina Litfullina<\/p>\t\t\t\t\t\t<\/div>\n\t\t\t\t<\/div>\n\t\t\t\t<div class=\"elementor-element elementor-element-1d1fca4 elementor-widget elementor-widget-text-editor\" data-id=\"1d1fca4\" data-element_type=\"widget\" data-widget_type=\"text-editor.default\">\n\t\t\t\t<div class=\"elementor-widget-container\">\n\t\t\t\t\t\t\t<p>Ventas Espa\u00f1a - Espa\u00f1ol e Ingl\u00e9s<\/p>\t\t\t\t\t\t<\/div>\n\t\t\t\t<\/div>\n\t\t\t\t<\/div>\n\t\t\t\t<\/div>\n\t\t<div class=\"elementor-element elementor-element-b5e85b6 e-con-full elementor-hidden-desktop elementor-hidden-tablet elementor-hidden-mobile e-flex e-con e-child\" data-id=\"b5e85b6\" data-element_type=\"container\">\n\t\t<div class=\"elementor-element elementor-element-5f73b58 e-con-full e-flex e-con e-child\" data-id=\"5f73b58\" data-element_type=\"container\" data-settings=\"{&quot;background_background&quot;:&quot;classic&quot;}\">\n\t\t\t\t<\/div>\n\t\t<div class=\"elementor-element elementor-element-d141582 e-con-full e-flex e-con e-child\" data-id=\"d141582\" data-element_type=\"container\">\n\t\t\t\t<div class=\"elementor-element elementor-element-0bcefb8 elementor-widget elementor-widget-text-editor\" data-id=\"0bcefb8\" data-element_type=\"widget\" data-widget_type=\"text-editor.default\">\n\t\t\t\t<div class=\"elementor-widget-container\">\n\t\t\t\t\t\t\tJuli\u00e1n Aristiz\u00e1bal\t\t\t\t\t\t<\/div>\n\t\t\t\t<\/div>\n\t\t\t\t<div class=\"elementor-element elementor-element-30f427e elementor-widget elementor-widget-text-editor\" data-id=\"30f427e\" data-element_type=\"widget\" data-widget_type=\"text-editor.default\">\n\t\t\t\t<div class=\"elementor-widget-container\">\n\t\t\t\t\t\t\t<p>Ventas Espa\u00f1a - Espa\u00f1ol<\/p>\t\t\t\t\t\t<\/div>\n\t\t\t\t<\/div>\n\t\t\t\t<\/div>\n\t\t\t\t<\/div>\n\t\t\t\t<\/div>\n\t\t\t\t\t<\/div>\n\t\t\t\t<\/div>\n\t\t\t\t\t<\/div>\n\t\t\t\t<\/div>\n\t\t\t\t<\/div>","protected":false},"excerpt":{"rendered":"<p>Meist \u2013 NOQQ NOQQ aitab ettev\u00f5tetel v\u00e4hendada energiakulusid ja t\u00f5sta s\u00fcsteemide t\u00f6\u00f6kindlust. Meie lahendused on loodud vastama k\u00f5rgetele kvaliteedin\u00f5uetele ning toetama kestlikku ja kuluefektiivset energiakasutust. Panustame pidevalt innovatsiooni, et pakkuda seadmeid ja tehnoloogiaid, mis teevad energiakasutuse ettev\u00f5tete jaoks lihtsamaks ja t\u00f5husamaks. Keskendume lahendustele, mis parandavad t\u00f6\u00f6kindlust, optimeerivad energiatarbimist ja toetavad keskkonnateadlikku tegutsemist. Meie klienditugi katab [&hellip;]<\/p>","protected":false},"author":11,"featured_media":0,"parent":0,"menu_order":0,"comment_status":"closed","ping_status":"closed","template":"elementor_header_footer","meta":{"_et_pb_use_builder":"","_et_pb_old_content":"","_et_gb_content_width":"","_monsterinsights_skip_tracking":false,"_monsterinsights_sitenote_active":false,"_monsterinsights_sitenote_note":"","_monsterinsights_sitenote_category":0,"footnotes":""},"class_list":["post-7175","page","type-page","status-publish","hentry"],"yoast_head":"<!-- This site is optimized with the Yoast SEO plugin v23.8 - https:\/\/yoast.com\/wordpress\/plugins\/seo\/ -->\n<title>Meist - NOQQ Energy<\/title>\n<meta name=\"description\" content=\"NOQQ visiooniks on v\u00e4hendada CO2 eraldumist keskkonnas kasutades s\u00e4\u00e4stvaid ja keskkonnas\u00f5bralikke k\u00fctte- ja kliimaseadmeid p\u00e4ikseenergiaga.\" \/>\n<meta name=\"robots\" content=\"index, follow, max-snippet:-1, max-image-preview:large, max-video-preview:-1\" \/>\n<link rel=\"canonical\" href=\"https:\/\/noqq.energy\/es\/meist\/\" \/>\n<meta property=\"og:locale\" content=\"es_ES\" \/>\n<meta property=\"og:type\" content=\"article\" \/>\n<meta property=\"og:title\" content=\"Meist - NOQQ Energy\" \/>\n<meta property=\"og:description\" content=\"NOQQ visiooniks on v\u00e4hendada CO2 eraldumist keskkonnas kasutades s\u00e4\u00e4stvaid ja keskkonnas\u00f5bralikke k\u00fctte- ja kliimaseadmeid p\u00e4ikseenergiaga.\" \/>\n<meta property=\"og:url\" content=\"https:\/\/noqq.energy\/es\/meist\/\" \/>\n<meta property=\"og:site_name\" content=\"NOQQ Energy\" \/>\n<meta property=\"article:modified_time\" content=\"2026-02-24T22:04:55+00:00\" \/>\n<meta name=\"twitter:card\" content=\"summary_large_image\" \/>\n<meta name=\"twitter:label1\" content=\"Tiempo de lectura\" \/>\n\t<meta name=\"twitter:data1\" content=\"1 minuto\" \/>\n<script type=\"application\/ld+json\" class=\"yoast-schema-graph\">{\"@context\":\"https:\/\/schema.org\",\"@graph\":[{\"@type\":\"WebPage\",\"@id\":\"https:\/\/noqq.energy\/et\/meist\/\",\"url\":\"https:\/\/noqq.energy\/et\/meist\/\",\"name\":\"Meist - NOQQ Energy\",\"isPartOf\":{\"@id\":\"https:\/\/noqq.energy\/#website\"},\"datePublished\":\"2024-06-05T21:23:05+00:00\",\"dateModified\":\"2026-02-24T22:04:55+00:00\",\"description\":\"NOQQ visiooniks on v\u00e4hendada CO2 eraldumist keskkonnas kasutades s\u00e4\u00e4stvaid ja keskkonnas\u00f5bralikke k\u00fctte- ja kliimaseadmeid p\u00e4ikseenergiaga.\",\"breadcrumb\":{\"@id\":\"https:\/\/noqq.energy\/et\/meist\/#breadcrumb\"},\"inLanguage\":\"es\",\"potentialAction\":[{\"@type\":\"ReadAction\",\"target\":[\"https:\/\/noqq.energy\/et\/meist\/\"]}]},{\"@type\":\"BreadcrumbList\",\"@id\":\"https:\/\/noqq.energy\/et\/meist\/#breadcrumb\",\"itemListElement\":[{\"@type\":\"ListItem\",\"position\":1,\"name\":\"Home\",\"item\":\"https:\/\/noqq.energy\/\"},{\"@type\":\"ListItem\",\"position\":2,\"name\":\"Meist\"}]},{\"@type\":\"WebSite\",\"@id\":\"https:\/\/noqq.energy\/#website\",\"url\":\"https:\/\/noqq.energy\/\",\"name\":\"NOQQ Energy\",\"description\":\"KVJ ja Taastuvenergia lahendused\",\"potentialAction\":[{\"@type\":\"SearchAction\",\"target\":{\"@type\":\"EntryPoint\",\"urlTemplate\":\"https:\/\/noqq.energy\/?s={search_term_string}\"},\"query-input\":{\"@type\":\"PropertyValueSpecification\",\"valueRequired\":true,\"valueName\":\"search_term_string\"}}],\"inLanguage\":\"es\"}]}<\/script>\n<!-- \/ Yoast SEO plugin. -->","yoast_head_json":{"title":"Meist - NOQQ Energy","description":"NOQQ visiooniks on v\u00e4hendada CO2 eraldumist keskkonnas kasutades s\u00e4\u00e4stvaid ja keskkonnas\u00f5bralikke k\u00fctte- ja kliimaseadmeid p\u00e4ikseenergiaga.","robots":{"index":"index","follow":"follow","max-snippet":"max-snippet:-1","max-image-preview":"max-image-preview:large","max-video-preview":"max-video-preview:-1"},"canonical":"https:\/\/noqq.energy\/es\/meist\/","og_locale":"es_ES","og_type":"article","og_title":"Meist - NOQQ Energy","og_description":"NOQQ visiooniks on v\u00e4hendada CO2 eraldumist keskkonnas kasutades s\u00e4\u00e4stvaid ja keskkonnas\u00f5bralikke k\u00fctte- ja kliimaseadmeid p\u00e4ikseenergiaga.","og_url":"https:\/\/noqq.energy\/es\/meist\/","og_site_name":"NOQQ Energy","article_modified_time":"2026-02-24T22:04:55+00:00","twitter_card":"summary_large_image","twitter_misc":{"Tiempo de lectura":"1 minuto"},"schema":{"@context":"https:\/\/schema.org","@graph":[{"@type":"WebPage","@id":"https:\/\/noqq.energy\/et\/meist\/","url":"https:\/\/noqq.energy\/et\/meist\/","name":"Meist - NOQQ Energy","isPartOf":{"@id":"https:\/\/noqq.energy\/#website"},"datePublished":"2024-06-05T21:23:05+00:00","dateModified":"2026-02-24T22:04:55+00:00","description":"NOQQ visiooniks on v\u00e4hendada CO2 eraldumist keskkonnas kasutades s\u00e4\u00e4stvaid ja keskkonnas\u00f5bralikke k\u00fctte- ja kliimaseadmeid p\u00e4ikseenergiaga.","breadcrumb":{"@id":"https:\/\/noqq.energy\/et\/meist\/#breadcrumb"},"inLanguage":"es","potentialAction":[{"@type":"ReadAction","target":["https:\/\/noqq.energy\/et\/meist\/"]}]},{"@type":"BreadcrumbList","@id":"https:\/\/noqq.energy\/et\/meist\/#breadcrumb","itemListElement":[{"@type":"ListItem","position":1,"name":"Home","item":"https:\/\/noqq.energy\/"},{"@type":"ListItem","position":2,"name":"Meist"}]},{"@type":"WebSite","@id":"https:\/\/noqq.energy\/#website","url":"https:\/\/noqq.energy\/","name":"NOQQ Energy","description":"KVJ ja Taastuvenergia lahendused","potentialAction":[{"@type":"SearchAction","target":{"@type":"EntryPoint","urlTemplate":"https:\/\/noqq.energy\/?s={search_term_string}"},"query-input":{"@type":"PropertyValueSpecification","valueRequired":true,"valueName":"search_term_string"}}],"inLanguage":"es"}]}},"_links":{"self":[{"href":"https:\/\/noqq.energy\/es\/wp-json\/wp\/v2\/pages\/7175","targetHints":{"allow":["GET"]}}],"collection":[{"href":"https:\/\/noqq.energy\/es\/wp-json\/wp\/v2\/pages"}],"about":[{"href":"https:\/\/noqq.energy\/es\/wp-json\/wp\/v2\/types\/page"}],"author":[{"embeddable":true,"href":"https:\/\/noqq.energy\/es\/wp-json\/wp\/v2\/users\/11"}],"replies":[{"embeddable":true,"href":"https:\/\/noqq.energy\/es\/wp-json\/wp\/v2\/comments?post=7175"}],"version-history":[{"count":85,"href":"https:\/\/noqq.energy\/es\/wp-json\/wp\/v2\/pages\/7175\/revisions"}],"predecessor-version":[{"id":13234,"href":"https:\/\/noqq.energy\/es\/wp-json\/wp\/v2\/pages\/7175\/revisions\/13234"}],"wp:attachment":[{"href":"https:\/\/noqq.energy\/es\/wp-json\/wp\/v2\/media?parent=7175"}],"curies":[{"name":"wp","href":"https:\/\/api.w.org\/{rel}","templated":true}]}}