{"id":11351,"date":"2024-09-02T20:10:43","date_gmt":"2024-09-02T20:10:43","guid":{"rendered":"https:\/\/noqq.energy\/?page_id=11351"},"modified":"2024-09-10T10:41:59","modified_gmt":"2024-09-10T10:41:59","slug":"airfi-100-ventilatsiooniseade","status":"publish","type":"page","link":"https:\/\/noqq.energy\/et\/ventilatsiooniseadmed\/airfi-100-ventilatsiooniseade\/","title":{"rendered":"AIRFI 100 ventilatsiooniseade"},"content":{"rendered":"\t\t<div data-elementor-type=\"wp-page\" data-elementor-id=\"11351\" class=\"elementor elementor-11351\">\n\t\t\t\t<div class=\"elementor-element elementor-element-33809c1 e-con-full e-flex e-con e-parent\" data-id=\"33809c1\" data-element_type=\"container\">\n\t\t\t\t<div class=\"elementor-element elementor-element-6ae8402 elementor-widget elementor-widget-shortcode\" data-id=\"6ae8402\" data-element_type=\"widget\" data-widget_type=\"shortcode.default\">\n\t\t\t\t<div class=\"elementor-widget-container\">\n\t\t\t\t\t<div class=\"elementor-shortcode\"><!--\n<html lang=\"en\">\n\n<head>\n    <meta charset=\"UTF-8\">\n    <meta name=\"viewport\" content=\"width=device-width, initial-scale=1.0\">\n\n    <link rel=\"stylesheet\" type=\"text\/css\" media=\"all\" href=\"style.css\" \/>\n\n    <link rel=\"preconnect\" href=\"https:\/\/fonts.googleapis.com\">\n    <link rel=\"preconnect\" href=\"https:\/\/fonts.gstatic.com\" crossorigin>\n    <link\n        href=\"https:\/\/fonts.googleapis.com\/css2?family=Jost:ital,wght@0,100..900;1,100..900&family=Kumbh+Sans:wght@100..900&family=Rubik:ital,wght@0,300..900;1,300..900&display=swap\"\n        rel=\"stylesheet\">\n\n    \n\n<\/head>\n-->\n<body id=\"noqq-product\">\n    <div id=\"noqq-hero\">\n        <div id=\"hero-left\">\n            <img decoding=\"async\" src=\"https:\/\/noqq.energy\/wp-content\/uploads\/2024\/09\/airfi-100-2.webp\" class=\"noqq-category-product-img\" alt=\"AIRFI 100 ventilatsiooniseade\">\n        <\/div>\n        <div id=\"hero-right\">\n            <div id=\"product-category\">\n                <a href=\"https:\/\/noqq.energy\/ventilatsiooniseadmed\">\n                    <h3>ventilatsiooniseadmed<\/h3>\n                <\/a>\n            <\/div>\n            <div id=\"product-title\">\n                <h1>AIRFI 100 ventilatsiooniseade<\/h1>\n            <\/div>\n            <div id=\"option-container\"><div id=\"price\"><a style='color:white;text-decoration:underline' href='\/kontakt'>K\u00fcsi pakkumist<\/a><\/div><div id=\"price_km\">Lisandub k\u00e4ibemaks<\/div><div class='button-row' id='main-row'><button class='option-button' data-price='' data-surface='200'  >920W<\/button><\/div><\/div>\n            <div id=\"product-main-details\">\n                <div class='main-detail'>\n                    <h3>Elektrilise k\u00fcttekeha v\u00f5imsus: 920W<\/h3>\n                <\/div><div class='main-detail'>\n                    <h3>Juhtimine: juhtmevaba seade<\/h3>\n                <\/div><div class='main-detail'>\n                    <h3>Maksimaalne t\u00f6\u00f6 pindala: 200m\u00b2<\/h3>\n                <\/div><div class='main-detail'>\n                    <h3>Efektiivsusklass: A+<\/h3>\n                <\/div>            <\/div>\n            <div id=\"product-quote\">\n                <a class=\"quote-button\" href=\"https:\/\/noqq.energy\/kontakt\">\n                    <span>K\u00fcsi pakkumist<\/span>\n                    <span>\u2192<\/span>\n                <\/a>\n            <\/div>\n        <\/div>\n    <\/div>\n    <div id=\"product-description1\">\n        <div class=\"noqq-section\">\n            <p>Airfi ventilatsiooniseadmed tagavad v\u00e4rske ja tervisliku sise\u00f5hu. Uued Airfi \u00f5huk\u00e4itlusseadmed on loodud P\u00f5hjamaade n\u00f5udlikeks tingimusteks. Airfi seadmetel on t\u00e4iustatud niiskuse eemaldamine seadme p\u00f5hjast, et tagada efektiivne ja energias\u00e4\u00e4stlik t\u00f6\u00f6 k\u00fclmadel perioodidel. AFPS tehnoloogiaga Airfi Oy \u00f5huk\u00e4itlusseadmete aastane efektiivsuse reiting on A+. \\n\\nMudelid 60, 100 ja 130 on ainult 558 mm laiad ja neid saab paigaldada kappi. Seadme k\u00f5rgus (490 mm) v\u00f5imaldab ka pesutorni paigaldamist seadme alla.\n<\/p>\n        <\/div>\n    <\/div>\n    <div id=\"product-img-section\">\n        <div id=\"img-section-left\">\n            <h1 class=\"align-right\">Airfi Frost Pro S\u00fcsteem<\/h1>\n            <div id=\"img-section-highlights\">\n                <div class='img-section-highlight'>\n                    <div class='img-section-highlight-text'>\n                        <h3>\u00dchenduvus levinud koduautomaatikas\u00fcsteemidega<\/h3>\n                    <\/div>\n                    <img src='https:\/\/noqq.energy\/wp-content\/uploads\/2024\/10\/global2.svg'>\n                <\/div><div class='img-section-highlight'>\n                    <div class='img-section-highlight-text'>\n                        <h3>Seadet saab kontrollida paneelist v\u00f5i Airfi \u00e4pist<\/h3>\n                    <\/div>\n                    <img src='https:\/\/noqq.energy\/wp-content\/uploads\/2024\/10\/wifi2.svg'>\n                <\/div>            <\/div>\n            <p class=\"align-right\">Airfi Frost Pro s\u00fcsteem (AFPS) on saadaval standardvarustuses k\u00f5igis Airfi Oy toodetud ventilatsiooniseadmetes. Uus Airfi Frost Pro s\u00fcsteem (AFPS) on iseseisvalt \u00f5ppiv k\u00fclmumiskaitse s\u00fcsteem, mis v\u00f5imaldab \u00f5huk\u00e4itlusseadmel optimeerida oma t\u00f6\u00f6d ja energiat\u00f5husust, et t\u00f6\u00f6tada kavandatud viisil k\u00fclma hooajal!\n\nAirfi Frost Pro s\u00fcsteem on Soome leiutis, kus soojusvahetit sulatatakse ainult vajaduse korral, tagades, et soojusvaheti t\u00f6\u00f6tab korrektselt ka pikaajaliste k\u00fclmumistemperatuuride korral.            <\/p>\n        <\/div>\n        <div id=\"img-section-right\">\n            <img decoding=\"async\" src=\"https:\/\/noqq.energy\/wp-content\/uploads\/2024\/09\/airfi-100.webp\" class=\"noqq-category-product-img\" alt=\"AIRFI 100 ventilatsioonis\u00fcsteemi alumine pilt k\u00fclgvaatega\">\n        <\/div>\n    <\/div>\n    <div id=\"product-technical-details\">\n        <div class=\"noqq-section\">\n            <h2>Tehnilised andmed ja omadused:<\/h2>\n            <div id=\"technical-details-container\">\n                <h3 class='technical-detail'>Soojuse tagastus: Ristine-vastuvoolu seade<\/h3><h3 class='technical-detail'>Korpuse materjal: Teraskattega<\/h3><h3 class='technical-detail'>Kere materjali kvaliteediklass: Ei kohaldata<\/h3><h3 class='technical-detail'>Soojusvaheti materjal: Alumiinium<\/h3><h3 class='technical-detail'>Seinale paigaldatav: Jah<\/h3><h3 class='technical-detail'>Sobib lakke paigaldamiseks: Jah<\/h3><h3 class='technical-detail'>P\u00f5randale paigaldatav: Jah<\/h3><h3 class='technical-detail'>Kuumuskaitsega: Jah<\/h3><h3 class='technical-detail'>Kaitseaste (IP): IP34<\/h3><h3 class='technical-detail'>Pinge: 230 V<\/h3><h3 class='technical-detail'>Sagedus: 50 Hz<\/h3><h3 class='technical-detail'>Faaside arv: 1<\/h3><h3 class='technical-detail'>Seadme kaitse: 10 A<\/h3><h3 class='technical-detail'>Elektrilise k\u00fcttekeha v\u00f5imsus: 920 W<\/h3><h3 class='technical-detail'>Elektri\u00fchendus: RA pistikuga \u00fchendusjuhe<\/h3><h3 class='technical-detail'>MODBUS-i tugiprotokoll: Jah<\/h3><h3 class='technical-detail'>Sobib juhtmevaba kaugjuhtimisseadmega juhtimiseks: Jah<\/h3><h3 class='technical-detail'>K\u00fcttekehaga: Jah<\/h3><h3 class='technical-detail'>Sobib keskk\u00fcttekatlaga \u00fchendamiseks: Ei<\/h3><h3 class='technical-detail'>M\u00f6\u00f6daviiguga: Jah<\/h3><h3 class='technical-detail'>Kanali nimil\u00e4bim\u00f5\u00f5t: 160 mm<\/h3><h3 class='technical-detail'>Elamu\u00fchendus, alumisel k\u00fcljel: Ei<\/h3><h3 class='technical-detail'>Elamu\u00fchendus, vasakul k\u00fcljel: Ei<\/h3><h3 class='technical-detail'>Elamu\u00fchendus, paremal k\u00fcljel: Ei<\/h3><h3 class='technical-detail'>Elamu\u00fchendus, \u00fclal: Jah<\/h3><h3 class='technical-detail'>Katuse\u00fchendus, k\u00fcljel: Ei<\/h3><h3 class='technical-detail'>Katuse\u00fchendus, \u00fclal: Ei<\/h3><h3 class='technical-detail'>K\u00f5rgus: 490 mm<\/h3><h3 class='technical-detail'>Laius: 558 mm<\/h3><h3 class='technical-detail'>S\u00fcgavus: 558 mm<\/h3><h3 class='technical-detail'>Kaal: 46 kg<\/h3><h3 class='technical-detail'>\u00dchendus: Muu<\/h3><h3 class='technical-detail'>Energiat\u00f5hususe klass: A++<\/h3><h3 class='technical-detail'>Filtri klass: Muu<\/h3><h3 class='technical-detail'>Lakke paigaldatav: Jah<\/h3><h3 class='technical-detail'>Kiiruseregulaatori t\u00fc\u00fcp: Muu<\/h3><h3 class='technical-detail'>Alalisvoolumootor: Jah<\/h3><h3 class='technical-detail'>Soojuspatareiga: Ei kohaldata<\/h3><h3 class='technical-detail'>EC-mootoriga ventilaatorid: Jah<\/h3><h3 class='technical-detail'>Soojusvaheti t\u00fc\u00fcp: Vastuvool<\/h3>            <\/div>\n        <\/div>\n\n    <\/div>\n    <div id=\"product-cta\">\n        <div class=\"noqq-section\">\n            <h2>K\u00fctame?<\/h2>\n            <div id=\"product-quote\">\n                <a class=\"quote-button\" href=\"https:\/\/noqq.energy\/kontakt\">\n                    <span>V\u00f5ta meiega \u00fchendust<\/span>\n                    <span>\u2192<\/span>\n                <\/a>\n            <\/div>\n        <\/div>\n    <\/div>\n    <div id=\"product-technical-details-img\">\n        <div class=\"noqq-section\">\n            <img decoding=\"async\" id=\"technical-details-img\"\n                src=\"https:\/\/noqq.energy\/wp-content\/uploads\/2024\/09\/Airfi-60-100-130-150-ventilatsiooniseadmete-mudelid.webp\"\n                alt=\"Airfi 60 100 130 150 ventilatsiooniseadmete mudelite tehniliste andmete tabel\">\n        <\/div>\n\n    <\/div>\n    <div id=\"product-documents\">\n        <div class=\"noqq-section\">\n            <h2>Dokumendid ja juhendid<\/h2>\n            <div id=\"documents-container\">\n                <a href='https:\/\/noqq.energy\/wp-content\/uploads\/2024\/09\/21979100.pdf'>Airfi 100 tooteleht<\/a><a href='https:\/\/noqq.energy\/wp-content\/uploads\/2024\/09\/21979126.pdf'>Airfi 100 kasutusjuhend<\/a>            <\/div>\n        <\/div>\n    <\/div>\n    <script>\n  document.addEventListener('DOMContentLoaded', function() {\n      \n      const priceButtons = document.querySelectorAll('[data-price]');\n      const priceContainer = document.querySelector(\"#price\");\n      const priceContainerKM = document.querySelector(\"#price_km\");\n      \n      priceButtons.forEach(function(btn) {\n          btn.addEventListener(\"click\", function() {\n\n\n              if (isNaN(parseFloat(btn.getAttribute(\"data-price\")))) {\n                  priceContainer.innerHTML = \"<a style='color:white;text-decoration:underline' href='\/kontakt'>K\u00fcsi pakkumist<\/a>\";\n                priceContainerKM.innerHTML = \"<a style='color:white;text-decoration:underline;font-size:13px' href='\/kontakt'>Ask for price<\/a>\";\n                return;\n              }\n\n             addToString = \" \u20ac\";\n             if (btn.hasAttribute(\"data-surface\")) {\n                 addToString = \" \u20ac \u2013 \" + btn.getAttribute(\"data-surface\") + \"m\u00b2\";\n             }\n             priceContainer.textContent = Math.round(parseFloat(btn.getAttribute(\"data-price\")) * 1.2) + addToString;\n             priceContainerKM.textContent = btn.getAttribute(\"data-price\") + \" \u20ac + k\u00e4ibemaks\";\n          });\n      });\n      if (priceButtons.length == 1) { \/\/ product only has one model \/ button, display price immediately\n        priceContainerKM.textContent = priceButtons[0].getAttribute(\"data-price\") + \" \u20ac + k\u00e4ibemaks\";\n      }\n      \n      const buttons = document.querySelectorAll(\".option-button\");\n      buttons.forEach(function(btn) {\n          btn.addEventListener(\"click\", function() {\n              \n              \n              \n             \/\/ Remove active from other buttons in row\n             buttonsInRow = btn.parentElement.querySelectorAll(\"button\");\n             buttonsInRow.forEach(function(btn) {\n                btn.classList.remove(\"active\"); \n             });\n             \n             \n             btn.classList.add(\"active\");\n             \/\/ Check for images\n             if (btn.hasAttribute(\"data-url1\")) {\n                 imageElements = document.querySelectorAll(\".noqq-category-product-img\");\n                 imageElements[0].src = btn.getAttribute(\"data-url1\");\n                 if (btn.hasAttribute(\"data-url2\")) {\n                     imageElements[1].src = btn.getAttribute(\"data-url2\");\n                 }\n             }\n             \n             \n             \n             \/\/ Change technical description\n             if (btn.hasAttribute(\"data-description\")) {\n                 \n                \/\/ Remove active from other technical descrpitions\n                 specs = document.querySelectorAll(\".noqq-spec\");\n                 specs.forEach(function(spec) {\n                    spec.classList.remove(\"active\"); \n                 });\n                document.querySelector(\"#noqq-spec\" + btn.getAttribute(\"data-description\")).classList.add(\"active\");\n             }\n             \n              \n             if (btn.hasAttribute(\"data-value\")) {\n                 \n                 \/\/ Hide other sub-rows\n                 const rows = document.querySelectorAll('.button-row');\n                 rows.forEach(function(row) {\n                     \n                     buttonIndex = btn.getAttribute(\"data-value\").split(\"_\")[0];\n\n                     \n                     if (row.getAttribute(\"id\").includes(buttonIndex)) {\n                         row.classList.remove(\"active\");\n                         \n                         Array.from(row.children).forEach(function(btn) {\n                            btn.classList.remove(\"active\"); \n                         });\n                     }\n                 });\n                 \n                 \/\/ Show sub-row\n                 document.querySelector(\"#\" + btn.getAttribute(\"data-value\")).classList.add(\"active\");\n                 \n             }\n             \/\/ else is data-price button\n          });\n      });\n      \n  });\n      \n      \n      \n      \n      \n      \n      \n      \n      \/*\n    const mainRowButtons = document.querySelectorAll('#main-row .price-button');\n    const subRows = document.querySelectorAll('.sub-row');\n\n    mainRowButtons.forEach(function(button) {\n      button.addEventListener('click', function() {\n        mainRowButtons.forEach(function(button) {\n      button.classList.remove(\"active\");});\n        button.classList.add(\"active\");\n        const value = button.getAttribute('data-value').split(\"-\").pop();\n        showSubRow(value);\n      });\n    });\n\n    function showSubRow(value) {\n      subRows.forEach(function(row) {\n        row.classList.remove('active');\n        const rowButtons = row.querySelectorAll('.price-button');\n        rowButtons.forEach(function(btn) {\n            btn.classList.remove(\"active\");\n        });\n      });\n\n      const subRowId = 'sub-row-' + value;\n      const subRow = document.getElementById(subRowId);\n      if (subRow) {\n        subRow.classList.add('active');\n      }\n      \n      const activeButtons = subRow.querySelectorAll('.price-button');\n        activeButtons.forEach(function(button) {\n          button.addEventListener('click', function() {\n              activeButtons.forEach(function(button) {\n      button.classList.remove(\"active\");});\n             button.classList.add(\"active\");\n            const priceValue = button.getAttribute('data-value');\n            const priceContainer = document.getElementById('price');\n            priceContainer.textContent = priceValue + \" \u20ac\";\n          });\n        });\n    }\n  });*\/\n<\/script>\n<\/body>\n<\/div>\n\t\t\t\t<\/div>\n\t\t\t\t<\/div>\n\t\t\t\t<\/div>\n\t\t\t\t<\/div>\n\t\t","protected":false},"excerpt":{"rendered":"","protected":false},"author":11,"featured_media":0,"parent":11284,"menu_order":0,"comment_status":"closed","ping_status":"closed","template":"elementor_header_footer","meta":{"_et_pb_use_builder":"","_et_pb_old_content":"","_et_gb_content_width":"","_monsterinsights_skip_tracking":false,"_monsterinsights_sitenote_active":false,"_monsterinsights_sitenote_note":"","_monsterinsights_sitenote_category":0,"footnotes":""},"class_list":["post-11351","page","type-page","status-publish","hentry"],"yoast_head":"<!-- This site is optimized with the Yoast SEO plugin v23.8 - https:\/\/yoast.com\/wordpress\/plugins\/seo\/ -->\n<title>AIRFI 100 ventilatsiooniseade - NOQQ Energy<\/title>\n<meta name=\"robots\" content=\"index, follow, max-snippet:-1, max-image-preview:large, max-video-preview:-1\" \/>\n<link rel=\"canonical\" href=\"https:\/\/noqq.energy\/et\/ventilatsiooniseadmed\/airfi-100-ventilatsiooniseade\/\" \/>\n<meta property=\"og:locale\" content=\"et_EE\" \/>\n<meta property=\"og:type\" content=\"article\" \/>\n<meta property=\"og:title\" content=\"AIRFI 100 ventilatsiooniseade - NOQQ Energy\" \/>\n<meta property=\"og:url\" content=\"https:\/\/noqq.energy\/et\/ventilatsiooniseadmed\/airfi-100-ventilatsiooniseade\/\" \/>\n<meta property=\"og:site_name\" content=\"NOQQ Energy\" \/>\n<meta property=\"article:modified_time\" content=\"2024-09-10T10:41:59+00:00\" \/>\n<meta name=\"twitter:card\" content=\"summary_large_image\" \/>\n<script type=\"application\/ld+json\" class=\"yoast-schema-graph\">{\"@context\":\"https:\/\/schema.org\",\"@graph\":[{\"@type\":\"WebPage\",\"@id\":\"https:\/\/noqq.energy\/et\/ventilatsiooniseadmed\/airfi-100-ventilatsiooniseade\/\",\"url\":\"https:\/\/noqq.energy\/et\/ventilatsiooniseadmed\/airfi-100-ventilatsiooniseade\/\",\"name\":\"AIRFI 100 ventilatsiooniseade - NOQQ Energy\",\"isPartOf\":{\"@id\":\"https:\/\/noqq.energy\/#website\"},\"datePublished\":\"2024-09-02T20:10:43+00:00\",\"dateModified\":\"2024-09-10T10:41:59+00:00\",\"breadcrumb\":{\"@id\":\"https:\/\/noqq.energy\/et\/ventilatsiooniseadmed\/airfi-100-ventilatsiooniseade\/#breadcrumb\"},\"inLanguage\":\"et\",\"potentialAction\":[{\"@type\":\"ReadAction\",\"target\":[\"https:\/\/noqq.energy\/et\/ventilatsiooniseadmed\/airfi-100-ventilatsiooniseade\/\"]}]},{\"@type\":\"BreadcrumbList\",\"@id\":\"https:\/\/noqq.energy\/et\/ventilatsiooniseadmed\/airfi-100-ventilatsiooniseade\/#breadcrumb\",\"itemListElement\":[{\"@type\":\"ListItem\",\"position\":1,\"name\":\"Home\",\"item\":\"https:\/\/noqq.energy\/\"},{\"@type\":\"ListItem\",\"position\":2,\"name\":\"Ventilatsiooniseadmed\",\"item\":\"https:\/\/noqq.energy\/et\/ventilatsiooniseadmed\/\"},{\"@type\":\"ListItem\",\"position\":3,\"name\":\"AIRFI 100 ventilatsiooniseade\"}]},{\"@type\":\"WebSite\",\"@id\":\"https:\/\/noqq.energy\/#website\",\"url\":\"https:\/\/noqq.energy\/\",\"name\":\"NOQQ Energy\",\"description\":\"KVJ ja Taastuvenergia lahendused\",\"potentialAction\":[{\"@type\":\"SearchAction\",\"target\":{\"@type\":\"EntryPoint\",\"urlTemplate\":\"https:\/\/noqq.energy\/?s={search_term_string}\"},\"query-input\":{\"@type\":\"PropertyValueSpecification\",\"valueRequired\":true,\"valueName\":\"search_term_string\"}}],\"inLanguage\":\"et\"}]}<\/script>\n<!-- \/ Yoast SEO plugin. -->","yoast_head_json":{"title":"AIRFI 100 ventilatsiooniseade - NOQQ Energy","robots":{"index":"index","follow":"follow","max-snippet":"max-snippet:-1","max-image-preview":"max-image-preview:large","max-video-preview":"max-video-preview:-1"},"canonical":"https:\/\/noqq.energy\/et\/ventilatsiooniseadmed\/airfi-100-ventilatsiooniseade\/","og_locale":"et_EE","og_type":"article","og_title":"AIRFI 100 ventilatsiooniseade - NOQQ Energy","og_url":"https:\/\/noqq.energy\/et\/ventilatsiooniseadmed\/airfi-100-ventilatsiooniseade\/","og_site_name":"NOQQ Energy","article_modified_time":"2024-09-10T10:41:59+00:00","twitter_card":"summary_large_image","schema":{"@context":"https:\/\/schema.org","@graph":[{"@type":"WebPage","@id":"https:\/\/noqq.energy\/et\/ventilatsiooniseadmed\/airfi-100-ventilatsiooniseade\/","url":"https:\/\/noqq.energy\/et\/ventilatsiooniseadmed\/airfi-100-ventilatsiooniseade\/","name":"AIRFI 100 ventilatsiooniseade - NOQQ Energy","isPartOf":{"@id":"https:\/\/noqq.energy\/#website"},"datePublished":"2024-09-02T20:10:43+00:00","dateModified":"2024-09-10T10:41:59+00:00","breadcrumb":{"@id":"https:\/\/noqq.energy\/et\/ventilatsiooniseadmed\/airfi-100-ventilatsiooniseade\/#breadcrumb"},"inLanguage":"et","potentialAction":[{"@type":"ReadAction","target":["https:\/\/noqq.energy\/et\/ventilatsiooniseadmed\/airfi-100-ventilatsiooniseade\/"]}]},{"@type":"BreadcrumbList","@id":"https:\/\/noqq.energy\/et\/ventilatsiooniseadmed\/airfi-100-ventilatsiooniseade\/#breadcrumb","itemListElement":[{"@type":"ListItem","position":1,"name":"Home","item":"https:\/\/noqq.energy\/"},{"@type":"ListItem","position":2,"name":"Ventilatsiooniseadmed","item":"https:\/\/noqq.energy\/et\/ventilatsiooniseadmed\/"},{"@type":"ListItem","position":3,"name":"AIRFI 100 ventilatsiooniseade"}]},{"@type":"WebSite","@id":"https:\/\/noqq.energy\/#website","url":"https:\/\/noqq.energy\/","name":"NOQQ Energy","description":"KVJ ja Taastuvenergia lahendused","potentialAction":[{"@type":"SearchAction","target":{"@type":"EntryPoint","urlTemplate":"https:\/\/noqq.energy\/?s={search_term_string}"},"query-input":{"@type":"PropertyValueSpecification","valueRequired":true,"valueName":"search_term_string"}}],"inLanguage":"et"}]}},"_links":{"self":[{"href":"https:\/\/noqq.energy\/et\/wp-json\/wp\/v2\/pages\/11351","targetHints":{"allow":["GET"]}}],"collection":[{"href":"https:\/\/noqq.energy\/et\/wp-json\/wp\/v2\/pages"}],"about":[{"href":"https:\/\/noqq.energy\/et\/wp-json\/wp\/v2\/types\/page"}],"author":[{"embeddable":true,"href":"https:\/\/noqq.energy\/et\/wp-json\/wp\/v2\/users\/11"}],"replies":[{"embeddable":true,"href":"https:\/\/noqq.energy\/et\/wp-json\/wp\/v2\/comments?post=11351"}],"version-history":[{"count":10,"href":"https:\/\/noqq.energy\/et\/wp-json\/wp\/v2\/pages\/11351\/revisions"}],"predecessor-version":[{"id":11445,"href":"https:\/\/noqq.energy\/et\/wp-json\/wp\/v2\/pages\/11351\/revisions\/11445"}],"up":[{"embeddable":true,"href":"https:\/\/noqq.energy\/et\/wp-json\/wp\/v2\/pages\/11284"}],"wp:attachment":[{"href":"https:\/\/noqq.energy\/et\/wp-json\/wp\/v2\/media?parent=11351"}],"curies":[{"name":"wp","href":"https:\/\/api.w.org\/{rel}","templated":true}]}}