{"id":11504,"date":"2024-09-10T11:31:25","date_gmt":"2024-09-10T11:31:25","guid":{"rendered":"https:\/\/noqq.energy\/?page_id=11504"},"modified":"2024-09-10T11:32:07","modified_gmt":"2024-09-10T11:32:07","slug":"flexit-uni-4-ventilatsiooniseade","status":"publish","type":"page","link":"https:\/\/noqq.energy\/et\/ventilatsiooniseadmed\/flexit-uni-4-ventilatsiooniseade\/","title":{"rendered":"Flexit UNI 4 ventilatsiooniseade"},"content":{"rendered":"\t\t<div data-elementor-type=\"wp-page\" data-elementor-id=\"11504\" class=\"elementor elementor-11504\">\n\t\t\t\t<div class=\"elementor-element elementor-element-33809c1 e-con-full e-flex e-con e-parent\" data-id=\"33809c1\" data-element_type=\"container\">\n\t\t\t\t<div class=\"elementor-element elementor-element-6ae8402 elementor-widget elementor-widget-shortcode\" data-id=\"6ae8402\" data-element_type=\"widget\" data-widget_type=\"shortcode.default\">\n\t\t\t\t<div class=\"elementor-widget-container\">\n\t\t\t\t\t<div class=\"elementor-shortcode\"><!--\n<html lang=\"en\">\n\n<head>\n    <meta charset=\"UTF-8\">\n    <meta name=\"viewport\" content=\"width=device-width, initial-scale=1.0\">\n\n    <link rel=\"stylesheet\" type=\"text\/css\" media=\"all\" href=\"style.css\" \/>\n\n    <link rel=\"preconnect\" href=\"https:\/\/fonts.googleapis.com\">\n    <link rel=\"preconnect\" href=\"https:\/\/fonts.gstatic.com\" crossorigin>\n    <link\n        href=\"https:\/\/fonts.googleapis.com\/css2?family=Jost:ital,wght@0,100..900;1,100..900&family=Kumbh+Sans:wght@100..900&family=Rubik:ital,wght@0,300..900;1,300..900&display=swap\"\n        rel=\"stylesheet\">\n\n    \n\n<\/head>\n-->\n<body id=\"noqq-product\">\n    <div id=\"noqq-hero\">\n        <div id=\"hero-left\">\n            <img decoding=\"async\" src=\"https:\/\/noqq.energy\/wp-content\/uploads\/2024\/09\/flexit-uni-4.webp\" class=\"noqq-category-product-img\" alt=\"Flexit uni 4 ventilatsiooniseade\">\n        <\/div>\n        <div id=\"hero-right\">\n            <div id=\"product-category\">\n                <a href=\"https:\/\/noqq.energy\/ventilatsiooniseadmed\">\n                    <h3>ventilatsiooniseadmed<\/h3>\n                <\/a>\n            <\/div>\n            <div id=\"product-title\">\n                <h1>Ventilatsiooniseade FLEXIT UNI 4<\/h1>\n            <\/div>\n            <div id=\"option-container\"><div id=\"price\"><a style='color:white;text-decoration:underline' href='\/kontakt'>K\u00fcsi pakkumist<\/a><\/div><div id=\"price_km\">Lisandub k\u00e4ibemaks<\/div><div class='button-row' id='main-row'><button class='option-button' data-price=''   >1655<\/button><\/div><\/div>\n            <div id=\"product-main-details\">\n                <div class='main-detail'>\n                    <h3>Nimiv\u00f5imsus kokku: 1300W<\/h3>\n                <\/div><div class='main-detail'>\n                    <h3>Juhtimine: Flexit Go \u00e4pp<\/h3>\n                <\/div><div class='main-detail'>\n                    <h3>Maksimaalne t\u00f6\u00f6ruumala: 620 m\u00b3\/h<\/h3>\n                <\/div><div class='main-detail'>\n                    <h3>Energiaklass: A<\/h3>\n                <\/div>            <\/div>\n            <div id=\"product-quote\">\n                <a class=\"quote-button\" href=\"https:\/\/noqq.energy\/kontakt\">\n                    <span>K\u00fcsi pakkumist<\/span>\n                    <span>\u2192<\/span>\n                <\/a>\n            <\/div>\n        <\/div>\n    <\/div>\n    <div id=\"product-description1\">\n        <div class=\"noqq-section\">\n            <p>Flexit on spetsialiseerunud koduventilatsioonile ja pakub puhtaid, v\u00e4rskete \u00f5hulahendusi tervislikuks sisekeskkonnaks. Flexit on koduventilatsiooni turuliider ja on varustanud Norra kodusid ventilatsioonilahendustega alates 1974. aastast. Flexit on Norra ettev\u00f5te ja k\u00f5ik tooted on spetsiaalselt v\u00e4lja t\u00f6\u00f6tatud P\u00f5hjamaade kliimaks. Tooted on testitud ja dokumenteeritud vastavalt viimastele standarditele.\n<\/p>\n        <\/div>\n    <\/div>\n    <div id=\"product-img-section\">\n        <div id=\"img-section-left\">\n            <h1 class=\"align-right\">Flexit UNI 4<\/h1>\n            <div id=\"img-section-highlights\">\n                <div class='img-section-highlight'>\n                    <div class='img-section-highlight-text'>\n                        <h3>Lihtne kasutamine<\/h3>\n                    <\/div>\n                    <img src='https:\/\/noqq.energy\/wp-content\/uploads\/2024\/10\/gears2.svg'>\n                <\/div><div class='img-section-highlight'>\n                    <div class='img-section-highlight-text'>\n                        <h3>Madal m\u00fcratase<\/h3>\n                    <\/div>\n                    <img src='https:\/\/noqq.energy\/wp-content\/uploads\/2024\/10\/speaker.svg'>\n                <\/div>            <\/div>\n            <p class=\"align-right\">Ventilatsiooniseade Flexit UNI 4 sobib kasutamiseks suuremas \u00fchepereelamus ja v\u00e4iksemas \u00e4rihoones. Sellel ventilatsiooniseadmel on v\u00e4ga t\u00f5hus rootorsoojusvaheti ja v\u00e4ikese energiatarbega EC-mootoriga ventilaatorid. Ventilatsiooniseade tagab hea sisekliima ja v\u00e4hendab k\u00fcttekulusid. Seadme kasutamiseks on vaja eraldi juhtpaneeli (CI 60 v\u00f5i CI 600), mille valikus on saadaval nii valge kui ka must mudel. Lisavarustusena pakutava Modbusi adapteri (tootenr 111647) valimise korral saab andmesideks kasutada Modbus-sideprotokolli. Prioriteediks on lihtne kasutamine ja moodne disain.\nUuendatud on ka navigeerimist ja juhtpaneele CI 60 ja CI 600. R\u00f5hk on n\u00fc\u00fcdisaegsel disainil, k\u00e4sitsemise lihtsusel ja n\u00f5udlusp\u00f5hisel ventilatsiooni reguleerimisel.            <\/p>\n        <\/div>\n        <div id=\"img-section-right\">\n            <img decoding=\"async\" src=\"https:\/\/noqq.energy\/wp-content\/uploads\/2024\/09\/flexit-uni-4-2.webp\" class=\"noqq-category-product-img\" alt=\"Flexit uni 4 ventilatsiooniseade alumine pilt k\u00fclgvaatega\">\n        <\/div>\n    <\/div>\n    <div id=\"product-technical-details\">\n        <div class=\"noqq-section\">\n            <h2>Tehnilised andmed ja omadused:<\/h2>\n            <div id=\"technical-details-container\">\n                <h3 class='technical-detail'>Nimipinge (AC 50 Hz): 230 V<\/h3><h3 class='technical-detail'>Sagedus: 50 Hz<\/h3><h3 class='technical-detail'>Kaitse suurus: 10 A<\/h3><h3 class='technical-detail'>Nimivool elektrik\u00fcttega: 7.2 A<\/h3><h3 class='technical-detail'>Nimivool ilma elektrik\u00fctteta: 2.1 A<\/h3><h3 class='technical-detail'>Nimivool kokku elektrik\u00fcttega: 1655 W<\/h3><h3 class='technical-detail'>Nimivool kokku ilma elektrik\u00fctteta: 355 W<\/h3><h3 class='technical-detail'>Maksimaalne nimivool elektrik\u00fcttega: 1300 W<\/h3><h3 class='technical-detail'>Maksimaalne nimivool ilma elektrik\u00fctteta: - <\/h3><h3 class='technical-detail'>Nimivool, ventilaatorid: 2x175 W<\/h3><h3 class='technical-detail'>Ventilaatori t\u00fc\u00fcp: B-ratas<\/h3><h3 class='technical-detail'>Ventilaatori mootori juhtimine: 0-10 V<\/h3><h3 class='technical-detail'>Maksimaalne ventilaatori kiirus RPM: 2930<\/h3><h3 class='technical-detail'>Automaatjuhtimine, standard: Flexit GO<\/h3><h3 class='technical-detail'>Filtri klass: ePM1 55% (F7)<\/h3><h3 class='technical-detail'>Kaal: 86 kg<\/h3>            <\/div>\n        <\/div>\n\n    <\/div>\n    <div id=\"product-cta\">\n        <div class=\"noqq-section\">\n            <h2>K\u00fctame?<\/h2>\n            <div id=\"product-quote\">\n                <a class=\"quote-button\" href=\"https:\/\/noqq.energy\/kontakt\">\n                    <span>V\u00f5ta meiega \u00fchendust<\/span>\n                    <span>\u2192<\/span>\n                <\/a>\n            <\/div>\n        <\/div>\n    <\/div>\n    <div id=\"product-technical-details-img\">\n        <div class=\"noqq-section\">\n            <img decoding=\"async\" id=\"technical-details-img\"\n                src=\"\"\n                alt=\"\">\n        <\/div>\n\n    <\/div>\n    <div id=\"product-documents\">\n        <div class=\"noqq-section\">\n            <h2>Dokumendid ja juhendid<\/h2>\n            <div id=\"documents-container\">\n                <a href='https:\/\/kesko-onninen-pim-resources-production.s3-eu-west-1.amazonaws.com\/pimdocuments\/15614279.pdf'>Flexit UNI 4 tooteleht<\/a><a href='https:\/\/p.flexit.no\/en\/products\/air_handling_units_300-700_m3-h\/flexit_uni_4\/air_handling_unit_uni_4_rer\/'>Tehnilised andmed<\/a>            <\/div>\n        <\/div>\n    <\/div>\n    <script>\n  document.addEventListener('DOMContentLoaded', function() {\n      \n      const priceButtons = document.querySelectorAll('[data-price]');\n      const priceContainer = document.querySelector(\"#price\");\n      const priceContainerKM = document.querySelector(\"#price_km\");\n      \n      priceButtons.forEach(function(btn) {\n          btn.addEventListener(\"click\", function() {\n\n\n              if (isNaN(parseFloat(btn.getAttribute(\"data-price\")))) {\n                  priceContainer.innerHTML = \"<a style='color:white;text-decoration:underline' href='\/kontakt'>K\u00fcsi pakkumist<\/a>\";\n                priceContainerKM.innerHTML = \"<a style='color:white;text-decoration:underline;font-size:13px' href='\/kontakt'>Ask for price<\/a>\";\n                return;\n              }\n\n             addToString = \" \u20ac\";\n             if (btn.hasAttribute(\"data-surface\")) {\n                 addToString = \" \u20ac \u2013 \" + btn.getAttribute(\"data-surface\") + \"m\u00b2\";\n             }\n             priceContainer.textContent = Math.round(parseFloat(btn.getAttribute(\"data-price\")) * 1.2) + addToString;\n             priceContainerKM.textContent = btn.getAttribute(\"data-price\") + \" \u20ac + k\u00e4ibemaks\";\n          });\n      });\n      if (priceButtons.length == 1) { \/\/ product only has one model \/ button, display price immediately\n        priceContainerKM.textContent = priceButtons[0].getAttribute(\"data-price\") + \" \u20ac + k\u00e4ibemaks\";\n      }\n      \n      const buttons = document.querySelectorAll(\".option-button\");\n      buttons.forEach(function(btn) {\n          btn.addEventListener(\"click\", function() {\n              \n              \n              \n             \/\/ Remove active from other buttons in row\n             buttonsInRow = btn.parentElement.querySelectorAll(\"button\");\n             buttonsInRow.forEach(function(btn) {\n                btn.classList.remove(\"active\"); \n             });\n             \n             \n             btn.classList.add(\"active\");\n             \/\/ Check for images\n             if (btn.hasAttribute(\"data-url1\")) {\n                 imageElements = document.querySelectorAll(\".noqq-category-product-img\");\n                 imageElements[0].src = btn.getAttribute(\"data-url1\");\n                 if (btn.hasAttribute(\"data-url2\")) {\n                     imageElements[1].src = btn.getAttribute(\"data-url2\");\n                 }\n             }\n             \n             \n             \n             \/\/ Change technical description\n             if (btn.hasAttribute(\"data-description\")) {\n                 \n                \/\/ Remove active from other technical descrpitions\n                 specs = document.querySelectorAll(\".noqq-spec\");\n                 specs.forEach(function(spec) {\n                    spec.classList.remove(\"active\"); \n                 });\n                document.querySelector(\"#noqq-spec\" + btn.getAttribute(\"data-description\")).classList.add(\"active\");\n             }\n             \n              \n             if (btn.hasAttribute(\"data-value\")) {\n                 \n                 \/\/ Hide other sub-rows\n                 const rows = document.querySelectorAll('.button-row');\n                 rows.forEach(function(row) {\n                     \n                     buttonIndex = btn.getAttribute(\"data-value\").split(\"_\")[0];\n\n                     \n                     if (row.getAttribute(\"id\").includes(buttonIndex)) {\n                         row.classList.remove(\"active\");\n                         \n                         Array.from(row.children).forEach(function(btn) {\n                            btn.classList.remove(\"active\"); \n                         });\n                     }\n                 });\n                 \n                 \/\/ Show sub-row\n                 document.querySelector(\"#\" + btn.getAttribute(\"data-value\")).classList.add(\"active\");\n                 \n             }\n             \/\/ else is data-price button\n          });\n      });\n      \n  });\n      \n      \n      \n      \n      \n      \n      \n      \n      \/*\n    const mainRowButtons = document.querySelectorAll('#main-row .price-button');\n    const subRows = document.querySelectorAll('.sub-row');\n\n    mainRowButtons.forEach(function(button) {\n      button.addEventListener('click', function() {\n        mainRowButtons.forEach(function(button) {\n      button.classList.remove(\"active\");});\n        button.classList.add(\"active\");\n        const value = button.getAttribute('data-value').split(\"-\").pop();\n        showSubRow(value);\n      });\n    });\n\n    function showSubRow(value) {\n      subRows.forEach(function(row) {\n        row.classList.remove('active');\n        const rowButtons = row.querySelectorAll('.price-button');\n        rowButtons.forEach(function(btn) {\n            btn.classList.remove(\"active\");\n        });\n      });\n\n      const subRowId = 'sub-row-' + value;\n      const subRow = document.getElementById(subRowId);\n      if (subRow) {\n        subRow.classList.add('active');\n      }\n      \n      const activeButtons = subRow.querySelectorAll('.price-button');\n        activeButtons.forEach(function(button) {\n          button.addEventListener('click', function() {\n              activeButtons.forEach(function(button) {\n      button.classList.remove(\"active\");});\n             button.classList.add(\"active\");\n            const priceValue = button.getAttribute('data-value');\n            const priceContainer = document.getElementById('price');\n            priceContainer.textContent = priceValue + \" \u20ac\";\n          });\n        });\n    }\n  });*\/\n<\/script>\n<\/body>\n<\/div>\n\t\t\t\t<\/div>\n\t\t\t\t<\/div>\n\t\t\t\t<\/div>\n\t\t\t\t<\/div>\n\t\t","protected":false},"excerpt":{"rendered":"","protected":false},"author":11,"featured_media":0,"parent":11284,"menu_order":0,"comment_status":"closed","ping_status":"closed","template":"elementor_header_footer","meta":{"_et_pb_use_builder":"","_et_pb_old_content":"","_et_gb_content_width":"","_monsterinsights_skip_tracking":false,"_monsterinsights_sitenote_active":false,"_monsterinsights_sitenote_note":"","_monsterinsights_sitenote_category":0,"footnotes":""},"class_list":["post-11504","page","type-page","status-publish","hentry"],"yoast_head":"<!-- This site is optimized with the Yoast SEO plugin v23.8 - https:\/\/yoast.com\/wordpress\/plugins\/seo\/ -->\n<title>Flexit UNI 4 ventilatsiooniseade - NOQQ Energy<\/title>\n<meta name=\"description\" content=\"Ventilatsiooniseade Flexit UNI 4 sobib kasutamiseks suuremas \u00fchepereelamus ja v\u00e4iksemas \u00e4rihoones. Prioriteediks on lihtne kasutamine.\" \/>\n<meta name=\"robots\" content=\"index, follow, max-snippet:-1, max-image-preview:large, max-video-preview:-1\" \/>\n<link rel=\"canonical\" href=\"https:\/\/noqq.energy\/et\/ventilatsiooniseadmed\/flexit-uni-4-ventilatsiooniseade\/\" \/>\n<meta property=\"og:locale\" content=\"et_EE\" \/>\n<meta property=\"og:type\" content=\"article\" \/>\n<meta property=\"og:title\" content=\"Flexit UNI 4 ventilatsiooniseade - NOQQ Energy\" \/>\n<meta property=\"og:description\" content=\"Ventilatsiooniseade Flexit UNI 4 sobib kasutamiseks suuremas \u00fchepereelamus ja v\u00e4iksemas \u00e4rihoones. Prioriteediks on lihtne kasutamine.\" \/>\n<meta property=\"og:url\" content=\"https:\/\/noqq.energy\/et\/ventilatsiooniseadmed\/flexit-uni-4-ventilatsiooniseade\/\" \/>\n<meta property=\"og:site_name\" content=\"NOQQ Energy\" \/>\n<meta property=\"article:modified_time\" content=\"2024-09-10T11:32:07+00:00\" \/>\n<meta name=\"twitter:card\" content=\"summary_large_image\" \/>\n<script type=\"application\/ld+json\" class=\"yoast-schema-graph\">{\"@context\":\"https:\/\/schema.org\",\"@graph\":[{\"@type\":\"WebPage\",\"@id\":\"https:\/\/noqq.energy\/et\/ventilatsiooniseadmed\/flexit-uni-4-ventilatsiooniseade\/\",\"url\":\"https:\/\/noqq.energy\/et\/ventilatsiooniseadmed\/flexit-uni-4-ventilatsiooniseade\/\",\"name\":\"Flexit UNI 4 ventilatsiooniseade - NOQQ Energy\",\"isPartOf\":{\"@id\":\"https:\/\/noqq.energy\/#website\"},\"datePublished\":\"2024-09-10T11:31:25+00:00\",\"dateModified\":\"2024-09-10T11:32:07+00:00\",\"description\":\"Ventilatsiooniseade Flexit UNI 4 sobib kasutamiseks suuremas \u00fchepereelamus ja v\u00e4iksemas \u00e4rihoones. Prioriteediks on lihtne kasutamine.\",\"breadcrumb\":{\"@id\":\"https:\/\/noqq.energy\/et\/ventilatsiooniseadmed\/flexit-uni-4-ventilatsiooniseade\/#breadcrumb\"},\"inLanguage\":\"et\",\"potentialAction\":[{\"@type\":\"ReadAction\",\"target\":[\"https:\/\/noqq.energy\/et\/ventilatsiooniseadmed\/flexit-uni-4-ventilatsiooniseade\/\"]}]},{\"@type\":\"BreadcrumbList\",\"@id\":\"https:\/\/noqq.energy\/et\/ventilatsiooniseadmed\/flexit-uni-4-ventilatsiooniseade\/#breadcrumb\",\"itemListElement\":[{\"@type\":\"ListItem\",\"position\":1,\"name\":\"Home\",\"item\":\"https:\/\/noqq.energy\/\"},{\"@type\":\"ListItem\",\"position\":2,\"name\":\"Ventilatsiooniseadmed\",\"item\":\"https:\/\/noqq.energy\/et\/ventilatsiooniseadmed\/\"},{\"@type\":\"ListItem\",\"position\":3,\"name\":\"Flexit UNI 4 ventilatsiooniseade\"}]},{\"@type\":\"WebSite\",\"@id\":\"https:\/\/noqq.energy\/#website\",\"url\":\"https:\/\/noqq.energy\/\",\"name\":\"NOQQ Energy\",\"description\":\"KVJ ja Taastuvenergia lahendused\",\"potentialAction\":[{\"@type\":\"SearchAction\",\"target\":{\"@type\":\"EntryPoint\",\"urlTemplate\":\"https:\/\/noqq.energy\/?s={search_term_string}\"},\"query-input\":{\"@type\":\"PropertyValueSpecification\",\"valueRequired\":true,\"valueName\":\"search_term_string\"}}],\"inLanguage\":\"et\"}]}<\/script>\n<!-- \/ Yoast SEO plugin. -->","yoast_head_json":{"title":"Flexit UNI 4 ventilatsiooniseade - NOQQ Energy","description":"Ventilatsiooniseade Flexit UNI 4 sobib kasutamiseks suuremas \u00fchepereelamus ja v\u00e4iksemas \u00e4rihoones. Prioriteediks on lihtne kasutamine.","robots":{"index":"index","follow":"follow","max-snippet":"max-snippet:-1","max-image-preview":"max-image-preview:large","max-video-preview":"max-video-preview:-1"},"canonical":"https:\/\/noqq.energy\/et\/ventilatsiooniseadmed\/flexit-uni-4-ventilatsiooniseade\/","og_locale":"et_EE","og_type":"article","og_title":"Flexit UNI 4 ventilatsiooniseade - NOQQ Energy","og_description":"Ventilatsiooniseade Flexit UNI 4 sobib kasutamiseks suuremas \u00fchepereelamus ja v\u00e4iksemas \u00e4rihoones. Prioriteediks on lihtne kasutamine.","og_url":"https:\/\/noqq.energy\/et\/ventilatsiooniseadmed\/flexit-uni-4-ventilatsiooniseade\/","og_site_name":"NOQQ Energy","article_modified_time":"2024-09-10T11:32:07+00:00","twitter_card":"summary_large_image","schema":{"@context":"https:\/\/schema.org","@graph":[{"@type":"WebPage","@id":"https:\/\/noqq.energy\/et\/ventilatsiooniseadmed\/flexit-uni-4-ventilatsiooniseade\/","url":"https:\/\/noqq.energy\/et\/ventilatsiooniseadmed\/flexit-uni-4-ventilatsiooniseade\/","name":"Flexit UNI 4 ventilatsiooniseade - NOQQ Energy","isPartOf":{"@id":"https:\/\/noqq.energy\/#website"},"datePublished":"2024-09-10T11:31:25+00:00","dateModified":"2024-09-10T11:32:07+00:00","description":"Ventilatsiooniseade Flexit UNI 4 sobib kasutamiseks suuremas \u00fchepereelamus ja v\u00e4iksemas \u00e4rihoones. Prioriteediks on lihtne kasutamine.","breadcrumb":{"@id":"https:\/\/noqq.energy\/et\/ventilatsiooniseadmed\/flexit-uni-4-ventilatsiooniseade\/#breadcrumb"},"inLanguage":"et","potentialAction":[{"@type":"ReadAction","target":["https:\/\/noqq.energy\/et\/ventilatsiooniseadmed\/flexit-uni-4-ventilatsiooniseade\/"]}]},{"@type":"BreadcrumbList","@id":"https:\/\/noqq.energy\/et\/ventilatsiooniseadmed\/flexit-uni-4-ventilatsiooniseade\/#breadcrumb","itemListElement":[{"@type":"ListItem","position":1,"name":"Home","item":"https:\/\/noqq.energy\/"},{"@type":"ListItem","position":2,"name":"Ventilatsiooniseadmed","item":"https:\/\/noqq.energy\/et\/ventilatsiooniseadmed\/"},{"@type":"ListItem","position":3,"name":"Flexit UNI 4 ventilatsiooniseade"}]},{"@type":"WebSite","@id":"https:\/\/noqq.energy\/#website","url":"https:\/\/noqq.energy\/","name":"NOQQ Energy","description":"KVJ ja Taastuvenergia lahendused","potentialAction":[{"@type":"SearchAction","target":{"@type":"EntryPoint","urlTemplate":"https:\/\/noqq.energy\/?s={search_term_string}"},"query-input":{"@type":"PropertyValueSpecification","valueRequired":true,"valueName":"search_term_string"}}],"inLanguage":"et"}]}},"_links":{"self":[{"href":"https:\/\/noqq.energy\/et\/wp-json\/wp\/v2\/pages\/11504","targetHints":{"allow":["GET"]}}],"collection":[{"href":"https:\/\/noqq.energy\/et\/wp-json\/wp\/v2\/pages"}],"about":[{"href":"https:\/\/noqq.energy\/et\/wp-json\/wp\/v2\/types\/page"}],"author":[{"embeddable":true,"href":"https:\/\/noqq.energy\/et\/wp-json\/wp\/v2\/users\/11"}],"replies":[{"embeddable":true,"href":"https:\/\/noqq.energy\/et\/wp-json\/wp\/v2\/comments?post=11504"}],"version-history":[{"count":4,"href":"https:\/\/noqq.energy\/et\/wp-json\/wp\/v2\/pages\/11504\/revisions"}],"predecessor-version":[{"id":11508,"href":"https:\/\/noqq.energy\/et\/wp-json\/wp\/v2\/pages\/11504\/revisions\/11508"}],"up":[{"embeddable":true,"href":"https:\/\/noqq.energy\/et\/wp-json\/wp\/v2\/pages\/11284"}],"wp:attachment":[{"href":"https:\/\/noqq.energy\/et\/wp-json\/wp\/v2\/media?parent=11504"}],"curies":[{"name":"wp","href":"https:\/\/api.w.org\/{rel}","templated":true}]}}