{"id":11637,"date":"2024-09-29T21:05:05","date_gmt":"2024-09-29T21:05:05","guid":{"rendered":"https:\/\/noqq.energy\/?page_id=11637"},"modified":"2024-09-29T21:28:36","modified_gmt":"2024-09-29T21:28:36","slug":"cooperhunter-arctic-inverter-ng-ii-seeria-ohksoojuspumbad-s09-s12-s18-s24","status":"publish","type":"page","link":"https:\/\/noqq.energy\/et\/ohk-ohk-soojuspumbad\/cooperhunter-arctic-inverter-ng-ii-seeria-ohksoojuspumbad-s09-s12-s18-s24\/","title":{"rendered":"Cooper&#038;Hunter Arctic Inverter NG II seeria \u00f5hksoojuspumbad &#8211; S09, S12, S18, S24"},"content":{"rendered":"\t\t<div data-elementor-type=\"wp-page\" data-elementor-id=\"11637\" class=\"elementor elementor-11637\">\n\t\t\t\t<div class=\"elementor-element elementor-element-33809c1 e-con-full e-flex e-con e-parent\" data-id=\"33809c1\" data-element_type=\"container\">\n\t\t\t\t<div class=\"elementor-element elementor-element-6ae8402 elementor-widget elementor-widget-shortcode\" data-id=\"6ae8402\" data-element_type=\"widget\" data-widget_type=\"shortcode.default\">\n\t\t\t\t<div class=\"elementor-widget-container\">\n\t\t\t\t\t<div class=\"elementor-shortcode\"><!--\n<html lang=\"en\">\n\n<head>\n    <meta charset=\"UTF-8\">\n    <meta name=\"viewport\" content=\"width=device-width, initial-scale=1.0\">\n\n    <link rel=\"stylesheet\" type=\"text\/css\" media=\"all\" href=\"style.css\" \/>\n\n    <link rel=\"preconnect\" href=\"https:\/\/fonts.googleapis.com\">\n    <link rel=\"preconnect\" href=\"https:\/\/fonts.gstatic.com\" crossorigin>\n    <link\n        href=\"https:\/\/fonts.googleapis.com\/css2?family=Jost:ital,wght@0,100..900;1,100..900&family=Kumbh+Sans:wght@100..900&family=Rubik:ital,wght@0,300..900;1,300..900&display=swap\"\n        rel=\"stylesheet\">\n\n    \n\n<\/head>\n-->\n<body id=\"noqq-product\">\n    <div id=\"noqq-hero\">\n        <div id=\"hero-left\">\n            <img decoding=\"async\" src=\"https:\/\/noqq.energy\/wp-content\/uploads\/2024\/09\/cooper-and-hunter-arctic-uleval.webp\" class=\"noqq-category-product-img\" alt=\"Cooper&Hunter Arctic Inverter NG II seeria ventilatsiooniseadmed - S09, S12, S18, S24\">\n        <\/div>\n        <div id=\"hero-right\">\n            <div id=\"product-category\">\n                <a href=\"https:\/\/noqq.energy\/ohk-ohk-soojuspumbad\">\n                    <h3>\u00f5hk-\u00f5hk<\/h3>\n                <\/a>\n            <\/div>\n            <div id=\"product-title\">\n                <h1>Cooper&amp;Hunter Arctic Inverter NG II seeria \u00f5hksoojuspumbad - S09, S12, S18, S24<\/h1>\n            <\/div>\n            <div id=\"option-container\"><div id=\"price\">515 - 933 \u20ac \u2013 Vali mudel<\/div><div id=\"price_km\">Lisandub k\u00e4ibemaks<\/div><div class='button-row' id='main-row'><button class='option-button' data-price='515,57\u20ac' data-surface='25 m2'  >2700W (S09)<\/button><button class='option-button' data-price='556,56\u20ac' data-surface='35 m2'  >3500W (S12)<\/button><button class='option-button' data-price='769,67\u20ac' data-surface='45 m2'  >5200W (S18)<\/button><button class='option-button' data-price='933,6\u20ac' data-surface='70 m2'  >7100W (S24)<\/button><\/div><\/div>\n            <div id=\"product-main-details\">\n                <div class='main-detail'>\n                    <h3>Nimiv\u00f5imsus kokku: 2700W \/ 3510W \/ 5200W \/ 7100W <\/h3>\n                <\/div><div class='main-detail'>\n                    <h3>Maksimaalne \u00d5huvool: 290-1250 m\u00b3\/h<\/h3>\n                <\/div><div class='main-detail'>\n                    <h3>Energiaklass: A+++ <\/h3>\n                <\/div>            <\/div>\n            <div id=\"product-quote\">\n                <a class=\"quote-button\" href=\"https:\/\/noqq.energy\/kontakt\">\n                    <span>K\u00fcsi pakkumist<\/span>\n                    <span>\u2192<\/span>\n                <\/a>\n            <\/div>\n        <\/div>\n    <\/div>\n    <div id=\"product-description1\">\n        <div class=\"noqq-section\">\n            <p>Soojuspump on loodud kodumajapidamises kasutamiseks, sobitudes p\u00f5hjamaade kliima k\u00fctmisvajadustega. T\u00f6\u00f6temperatuuride vahemik on jahutamisel -15\u00b0C kuni +48\u00b0C ning k\u00fctmisel -25\u00b0C kuni +24\u00b0C. Spetsiaalne t\u00f6\u00f6algoritm tagab stabiilse ja efektiivse toimimise ka madalate v\u00e4listemperatuuride korral. Intellektuaalne sulatusre\u017eiim, v\u00e4lisosa p\u00f5hjasoojendus ja ventilaatori kiiruse reguleerimine v\u00f5imaldavad probleemivaba t\u00f6\u00f6d talvetingimustes. Sisseehitatud WiFi-mooduliga saab pumpa juhtida eemalt (\u00fchilduv Androidi ja iOS-iga).<\/p>\n        <\/div>\n    <\/div>\n    <div id=\"product-img-section\">\n        <div id=\"img-section-left\">\n            <h1 class=\"align-right\">T\u00f5hus ja s\u00e4\u00e4stlik<\/h1>\n            <div id=\"img-section-highlights\">\n                <div class='img-section-highlight'>\n                    <div class='img-section-highlight-text'>\n                        <h3>Energiat\u00f5husus A+++<\/h3>\n                    <\/div>\n                    <img src='https:\/\/noqq.energy\/wp-content\/uploads\/2024\/10\/leaf.svg'>\n                <\/div><div class='img-section-highlight'>\n                    <div class='img-section-highlight-text'>\n                        <h3>CH 7-SKY Technology<\/h3>\n                    <\/div>\n                    <img src='https:\/\/noqq.energy\/wp-content\/uploads\/2024\/10\/sun.svg'>\n                <\/div>            <\/div>\n            <p class=\"align-right\">V\u00e4lis\u00f5hu temperatuuri kuvamise funktsioon &quot;+8\u00b0C&quot; v\u00f5imaldab hoida ruumis minimaalselt 8\u00b0C sooja, kaitstes ruumi k\u00fclmumise eest ja tarbides samas v\u00e4he energiat. Siseosas saab \u00f5huvoolu suunda reguleerida paremale-vasakule, kasutades kaugjuhtimispulti. T\u00e4nap\u00e4evane disain, selged geometrilised jooned sise\u00fcksuse paneelil koos LED-ekraaniga r\u00f5hutavad stiili kokkuv\u00f5tlikkust ja rafineeritust.            <\/p>\n        <\/div>\n        <div id=\"img-section-right\">\n            <img decoding=\"async\" src=\"https:\/\/noqq.energy\/wp-content\/uploads\/2024\/09\/Cooper-and-hunter-alumine.webp\" class=\"noqq-category-product-img\" alt=\"Cooper&Hunter Arctic Inverter NG II seeria ventilatsiooniseadmed - S09, S12, S18, S24\">\n        <\/div>\n    <\/div>\n    <div id=\"product-technical-details\">\n        <div class=\"noqq-section\">\n            <h2>Tehnilised andmed ja omadused:<\/h2>\n            <div id=\"technical-details-container\">\n                <h3 class='technical-detail'>Nimipinge (50 Hz): 220 - 240 V \/ 220 - 240 V \/ 220 - 240 V<\/h3><h3 class='technical-detail'>V\u00f5imsus: 2700W \/ 3500W \/ 5200W \/ 7100W<\/h3><h3 class='technical-detail'>Sagedus: 50 Hz \/ 50 Hz \/ 50 Hz<\/h3><h3 class='technical-detail'>M\u00f5\u00f5tmed (K*L*S): 555mm*732mm*330mm \/ 555mm*732mm*330mm \/ 555mm*802mm*350mm \/ 660mm*958mm*402mm<\/h3><h3 class='technical-detail'>\u00d5huvoog (m3\/h): 290-560, 390-680, 470-800, 800-1250<\/h3><h3 class='technical-detail'>M\u00fcratase: 22-37 dB(A) \/ 22-38 dB(A) \/ 27-43 dB(A) \/ 29-45 dB(A)<\/h3><h3 class='technical-detail'>\u00d5hu kuivatamine: 0.8 l\/h \/ 1,4 l\/h \/ 1,8 l\/h \/ 2,4 l\/h<\/h3><h3 class='technical-detail'>Mass: 10,5\/23,5 \/ 10,5\/24,5 \/ 13\/30,5 \/ 16,5\/41,5<\/h3><h3 class='technical-detail'>Kompressori t\u00fc\u00fcp: Rootor<\/h3><h3 class='technical-detail'>K\u00fclmaagendi t\u00fc\u00fcp: R32<\/h3><h3 class='technical-detail'>Temperatuurivahemik jahutamisel: -15 kuni +50<\/h3><h3 class='technical-detail'>Temperatuurivahemik k\u00fctmisel: -25 kuni +30<\/h3><h3 class='technical-detail'>Kasutatava gaasi kogus: 0,6 kg \/ 0,7 kg \/ 1 kg \/ 1,7 kg<\/h3><h3 class='technical-detail'>Vedelikutorustiku l\u00e4bim\u00f5\u00f5t (mm\/toll): 6,38 \/ 1\u20444\" \/ 6,38 \/ 1\u20444\" \/ 6,38 \/ 1\u20444\" \/ 6,38 \/ 1\u20444\"<\/h3><h3 class='technical-detail'>Gaasitorustiku l\u00e4bim\u00f5\u00f5t (mm\/toll): 9,53 \/ 3\u20448\" \/ 9,53 \/ 3\u20448\" \/ 12,7 \/ 1\u20442\" \/ 15,88 \/ 5\u20448\"<\/h3><h3 class='technical-detail'>Torustiku k\u00f5rgusaseme maksimaalne erinevus: 10 m \/ 10 m \/ 10 m \/ 10 m<\/h3><h3 class='technical-detail'>Torustiku maksimaalne pikkus: 15 m \/ 15 m \/ 25m \/ 25m<\/h3><h3 class='technical-detail'>V\u00e4lisseadme kinnituse poltide vahemik: 540mm \/ 540mm \/ 560mm \/ 560mm<\/h3>            <\/div>\n        <\/div>\n\n    <\/div>\n    <div id=\"product-cta\">\n        <div class=\"noqq-section\">\n            <h2>K\u00fctame?<\/h2>\n            <div id=\"product-quote\">\n                <a class=\"quote-button\" href=\"https:\/\/noqq.energy\/kontakt\">\n                    <span>V\u00f5ta meiega \u00fchendust<\/span>\n                    <span>\u2192<\/span>\n                <\/a>\n            <\/div>\n        <\/div>\n    <\/div>\n    <div id=\"product-technical-details-img\">\n        <div class=\"noqq-section\">\n            <img decoding=\"async\" id=\"technical-details-img\"\n                src=\"\"\n                alt=\"\">\n        <\/div>\n\n    <\/div>\n    <div id=\"product-documents\">\n        <div class=\"noqq-section\">\n            <h2>Dokumendid ja juhendid<\/h2>\n            <div id=\"documents-container\">\n                <a href='https:\/\/storage.googleapis.com\/prod-kliimamarket-ee\/public\/Tooteleht%20Arctic%20Inverter.pdf'>tooteleht<\/a><a href='https:\/\/noqq.energy\/wp-content\/uploads\/2024\/09\/CooperHunterArctic.pdf'>Arctic tooteleht<\/a>            <\/div>\n        <\/div>\n    <\/div>\n    <script>\n  document.addEventListener('DOMContentLoaded', function() {\n      \n      const priceButtons = document.querySelectorAll('[data-price]');\n      const priceContainer = document.querySelector(\"#price\");\n      const priceContainerKM = document.querySelector(\"#price_km\");\n      \n      priceButtons.forEach(function(btn) {\n          btn.addEventListener(\"click\", function() {\n\n\n              if (isNaN(parseFloat(btn.getAttribute(\"data-price\")))) {\n                  priceContainer.innerHTML = \"<a style='color:white;text-decoration:underline' href='\/kontakt'>K\u00fcsi pakkumist<\/a>\";\n                priceContainerKM.innerHTML = \"<a style='color:white;text-decoration:underline;font-size:13px' href='\/kontakt'>Ask for price<\/a>\";\n                return;\n              }\n\n             addToString = \" \u20ac\";\n             if (btn.hasAttribute(\"data-surface\")) {\n                 addToString = \" \u20ac \u2013 \" + btn.getAttribute(\"data-surface\") + \"m\u00b2\";\n             }\n             priceContainer.textContent = Math.round(parseFloat(btn.getAttribute(\"data-price\")) * 1.2) + addToString;\n             priceContainerKM.textContent = btn.getAttribute(\"data-price\") + \" \u20ac + k\u00e4ibemaks\";\n          });\n      });\n      if (priceButtons.length == 1) { \/\/ product only has one model \/ button, display price immediately\n        priceContainerKM.textContent = priceButtons[0].getAttribute(\"data-price\") + \" \u20ac + k\u00e4ibemaks\";\n      }\n      \n      const buttons = document.querySelectorAll(\".option-button\");\n      buttons.forEach(function(btn) {\n          btn.addEventListener(\"click\", function() {\n              \n              \n              \n             \/\/ Remove active from other buttons in row\n             buttonsInRow = btn.parentElement.querySelectorAll(\"button\");\n             buttonsInRow.forEach(function(btn) {\n                btn.classList.remove(\"active\"); \n             });\n             \n             \n             btn.classList.add(\"active\");\n             \/\/ Check for images\n             if (btn.hasAttribute(\"data-url1\")) {\n                 imageElements = document.querySelectorAll(\".noqq-category-product-img\");\n                 imageElements[0].src = btn.getAttribute(\"data-url1\");\n                 if (btn.hasAttribute(\"data-url2\")) {\n                     imageElements[1].src = btn.getAttribute(\"data-url2\");\n                 }\n             }\n             \n             \n             \n             \/\/ Change technical description\n             if (btn.hasAttribute(\"data-description\")) {\n                 \n                \/\/ Remove active from other technical descrpitions\n                 specs = document.querySelectorAll(\".noqq-spec\");\n                 specs.forEach(function(spec) {\n                    spec.classList.remove(\"active\"); \n                 });\n                document.querySelector(\"#noqq-spec\" + btn.getAttribute(\"data-description\")).classList.add(\"active\");\n             }\n             \n              \n             if (btn.hasAttribute(\"data-value\")) {\n                 \n                 \/\/ Hide other sub-rows\n                 const rows = document.querySelectorAll('.button-row');\n                 rows.forEach(function(row) {\n                     \n                     buttonIndex = btn.getAttribute(\"data-value\").split(\"_\")[0];\n\n                     \n                     if (row.getAttribute(\"id\").includes(buttonIndex)) {\n                         row.classList.remove(\"active\");\n                         \n                         Array.from(row.children).forEach(function(btn) {\n                            btn.classList.remove(\"active\"); \n                         });\n                     }\n                 });\n                 \n                 \/\/ Show sub-row\n                 document.querySelector(\"#\" + btn.getAttribute(\"data-value\")).classList.add(\"active\");\n                 \n             }\n             \/\/ else is data-price button\n          });\n      });\n      \n  });\n      \n      \n      \n      \n      \n      \n      \n      \n      \/*\n    const mainRowButtons = document.querySelectorAll('#main-row .price-button');\n    const subRows = document.querySelectorAll('.sub-row');\n\n    mainRowButtons.forEach(function(button) {\n      button.addEventListener('click', function() {\n        mainRowButtons.forEach(function(button) {\n      button.classList.remove(\"active\");});\n        button.classList.add(\"active\");\n        const value = button.getAttribute('data-value').split(\"-\").pop();\n        showSubRow(value);\n      });\n    });\n\n    function showSubRow(value) {\n      subRows.forEach(function(row) {\n        row.classList.remove('active');\n        const rowButtons = row.querySelectorAll('.price-button');\n        rowButtons.forEach(function(btn) {\n            btn.classList.remove(\"active\");\n        });\n      });\n\n      const subRowId = 'sub-row-' + value;\n      const subRow = document.getElementById(subRowId);\n      if (subRow) {\n        subRow.classList.add('active');\n      }\n      \n      const activeButtons = subRow.querySelectorAll('.price-button');\n        activeButtons.forEach(function(button) {\n          button.addEventListener('click', function() {\n              activeButtons.forEach(function(button) {\n      button.classList.remove(\"active\");});\n             button.classList.add(\"active\");\n            const priceValue = button.getAttribute('data-value');\n            const priceContainer = document.getElementById('price');\n            priceContainer.textContent = priceValue + \" \u20ac\";\n          });\n        });\n    }\n  });*\/\n<\/script>\n<\/body>\n<\/div>\n\t\t\t\t<\/div>\n\t\t\t\t<\/div>\n\t\t\t\t<\/div>\n\t\t\t\t<\/div>\n\t\t","protected":false},"excerpt":{"rendered":"","protected":false},"author":11,"featured_media":0,"parent":6184,"menu_order":0,"comment_status":"closed","ping_status":"closed","template":"elementor_header_footer","meta":{"_et_pb_use_builder":"","_et_pb_old_content":"","_et_gb_content_width":"","_monsterinsights_skip_tracking":false,"_monsterinsights_sitenote_active":false,"_monsterinsights_sitenote_note":"","_monsterinsights_sitenote_category":0,"footnotes":""},"class_list":["post-11637","page","type-page","status-publish","hentry"],"yoast_head":"<!-- This site is optimized with the Yoast SEO plugin v23.8 - https:\/\/yoast.com\/wordpress\/plugins\/seo\/ -->\n<title>Cooper&amp;Hunter Arctic Inverter NG II seeria \u00f5hksoojuspumbad - S09, S12, S18, S24 - NOQQ Energy<\/title>\n<meta name=\"robots\" content=\"index, follow, max-snippet:-1, max-image-preview:large, max-video-preview:-1\" \/>\n<link rel=\"canonical\" href=\"https:\/\/noqq.energy\/et\/ohk-ohk-soojuspumbad\/cooperhunter-arctic-inverter-ng-ii-seeria-ohksoojuspumbad-s09-s12-s18-s24\/\" \/>\n<meta property=\"og:locale\" content=\"et_EE\" \/>\n<meta property=\"og:type\" content=\"article\" \/>\n<meta property=\"og:title\" content=\"Cooper&amp;Hunter Arctic Inverter NG II seeria \u00f5hksoojuspumbad - S09, S12, S18, S24 - NOQQ Energy\" \/>\n<meta property=\"og:url\" content=\"https:\/\/noqq.energy\/et\/ohk-ohk-soojuspumbad\/cooperhunter-arctic-inverter-ng-ii-seeria-ohksoojuspumbad-s09-s12-s18-s24\/\" \/>\n<meta property=\"og:site_name\" content=\"NOQQ Energy\" \/>\n<meta property=\"article:modified_time\" content=\"2024-09-29T21:28:36+00:00\" \/>\n<meta name=\"twitter:card\" content=\"summary_large_image\" \/>\n<script type=\"application\/ld+json\" class=\"yoast-schema-graph\">{\"@context\":\"https:\/\/schema.org\",\"@graph\":[{\"@type\":\"WebPage\",\"@id\":\"https:\/\/noqq.energy\/et\/ohk-ohk-soojuspumbad\/cooperhunter-arctic-inverter-ng-ii-seeria-ohksoojuspumbad-s09-s12-s18-s24\/\",\"url\":\"https:\/\/noqq.energy\/et\/ohk-ohk-soojuspumbad\/cooperhunter-arctic-inverter-ng-ii-seeria-ohksoojuspumbad-s09-s12-s18-s24\/\",\"name\":\"Cooper&Hunter Arctic Inverter NG II seeria \u00f5hksoojuspumbad - S09, S12, S18, S24 - NOQQ Energy\",\"isPartOf\":{\"@id\":\"https:\/\/noqq.energy\/#website\"},\"datePublished\":\"2024-09-29T21:05:05+00:00\",\"dateModified\":\"2024-09-29T21:28:36+00:00\",\"breadcrumb\":{\"@id\":\"https:\/\/noqq.energy\/et\/ohk-ohk-soojuspumbad\/cooperhunter-arctic-inverter-ng-ii-seeria-ohksoojuspumbad-s09-s12-s18-s24\/#breadcrumb\"},\"inLanguage\":\"et\",\"potentialAction\":[{\"@type\":\"ReadAction\",\"target\":[\"https:\/\/noqq.energy\/et\/ohk-ohk-soojuspumbad\/cooperhunter-arctic-inverter-ng-ii-seeria-ohksoojuspumbad-s09-s12-s18-s24\/\"]}]},{\"@type\":\"BreadcrumbList\",\"@id\":\"https:\/\/noqq.energy\/et\/ohk-ohk-soojuspumbad\/cooperhunter-arctic-inverter-ng-ii-seeria-ohksoojuspumbad-s09-s12-s18-s24\/#breadcrumb\",\"itemListElement\":[{\"@type\":\"ListItem\",\"position\":1,\"name\":\"Home\",\"item\":\"https:\/\/noqq.energy\/\"},{\"@type\":\"ListItem\",\"position\":2,\"name\":\"\u00d5hk-\u00f5hk soojuspumbad\",\"item\":\"https:\/\/noqq.energy\/ohk-ohk-soojuspumbad\/\"},{\"@type\":\"ListItem\",\"position\":3,\"name\":\"Cooper&#038;Hunter Arctic Inverter NG II seeria \u00f5hksoojuspumbad &#8211; S09, S12, S18, S24\"}]},{\"@type\":\"WebSite\",\"@id\":\"https:\/\/noqq.energy\/#website\",\"url\":\"https:\/\/noqq.energy\/\",\"name\":\"NOQQ Energy\",\"description\":\"KVJ ja Taastuvenergia lahendused\",\"potentialAction\":[{\"@type\":\"SearchAction\",\"target\":{\"@type\":\"EntryPoint\",\"urlTemplate\":\"https:\/\/noqq.energy\/?s={search_term_string}\"},\"query-input\":{\"@type\":\"PropertyValueSpecification\",\"valueRequired\":true,\"valueName\":\"search_term_string\"}}],\"inLanguage\":\"et\"}]}<\/script>\n<!-- \/ Yoast SEO plugin. -->","yoast_head_json":{"title":"Cooper&Hunter Arctic Inverter NG II seeria \u00f5hksoojuspumbad - S09, S12, S18, S24 - NOQQ Energy","robots":{"index":"index","follow":"follow","max-snippet":"max-snippet:-1","max-image-preview":"max-image-preview:large","max-video-preview":"max-video-preview:-1"},"canonical":"https:\/\/noqq.energy\/et\/ohk-ohk-soojuspumbad\/cooperhunter-arctic-inverter-ng-ii-seeria-ohksoojuspumbad-s09-s12-s18-s24\/","og_locale":"et_EE","og_type":"article","og_title":"Cooper&Hunter Arctic Inverter NG II seeria \u00f5hksoojuspumbad - S09, S12, S18, S24 - NOQQ Energy","og_url":"https:\/\/noqq.energy\/et\/ohk-ohk-soojuspumbad\/cooperhunter-arctic-inverter-ng-ii-seeria-ohksoojuspumbad-s09-s12-s18-s24\/","og_site_name":"NOQQ Energy","article_modified_time":"2024-09-29T21:28:36+00:00","twitter_card":"summary_large_image","schema":{"@context":"https:\/\/schema.org","@graph":[{"@type":"WebPage","@id":"https:\/\/noqq.energy\/et\/ohk-ohk-soojuspumbad\/cooperhunter-arctic-inverter-ng-ii-seeria-ohksoojuspumbad-s09-s12-s18-s24\/","url":"https:\/\/noqq.energy\/et\/ohk-ohk-soojuspumbad\/cooperhunter-arctic-inverter-ng-ii-seeria-ohksoojuspumbad-s09-s12-s18-s24\/","name":"Cooper&Hunter Arctic Inverter NG II seeria \u00f5hksoojuspumbad - S09, S12, S18, S24 - NOQQ Energy","isPartOf":{"@id":"https:\/\/noqq.energy\/#website"},"datePublished":"2024-09-29T21:05:05+00:00","dateModified":"2024-09-29T21:28:36+00:00","breadcrumb":{"@id":"https:\/\/noqq.energy\/et\/ohk-ohk-soojuspumbad\/cooperhunter-arctic-inverter-ng-ii-seeria-ohksoojuspumbad-s09-s12-s18-s24\/#breadcrumb"},"inLanguage":"et","potentialAction":[{"@type":"ReadAction","target":["https:\/\/noqq.energy\/et\/ohk-ohk-soojuspumbad\/cooperhunter-arctic-inverter-ng-ii-seeria-ohksoojuspumbad-s09-s12-s18-s24\/"]}]},{"@type":"BreadcrumbList","@id":"https:\/\/noqq.energy\/et\/ohk-ohk-soojuspumbad\/cooperhunter-arctic-inverter-ng-ii-seeria-ohksoojuspumbad-s09-s12-s18-s24\/#breadcrumb","itemListElement":[{"@type":"ListItem","position":1,"name":"Home","item":"https:\/\/noqq.energy\/"},{"@type":"ListItem","position":2,"name":"\u00d5hk-\u00f5hk soojuspumbad","item":"https:\/\/noqq.energy\/ohk-ohk-soojuspumbad\/"},{"@type":"ListItem","position":3,"name":"Cooper&#038;Hunter Arctic Inverter NG II seeria \u00f5hksoojuspumbad &#8211; S09, S12, S18, S24"}]},{"@type":"WebSite","@id":"https:\/\/noqq.energy\/#website","url":"https:\/\/noqq.energy\/","name":"NOQQ Energy","description":"KVJ ja Taastuvenergia lahendused","potentialAction":[{"@type":"SearchAction","target":{"@type":"EntryPoint","urlTemplate":"https:\/\/noqq.energy\/?s={search_term_string}"},"query-input":{"@type":"PropertyValueSpecification","valueRequired":true,"valueName":"search_term_string"}}],"inLanguage":"et"}]}},"_links":{"self":[{"href":"https:\/\/noqq.energy\/et\/wp-json\/wp\/v2\/pages\/11637","targetHints":{"allow":["GET"]}}],"collection":[{"href":"https:\/\/noqq.energy\/et\/wp-json\/wp\/v2\/pages"}],"about":[{"href":"https:\/\/noqq.energy\/et\/wp-json\/wp\/v2\/types\/page"}],"author":[{"embeddable":true,"href":"https:\/\/noqq.energy\/et\/wp-json\/wp\/v2\/users\/11"}],"replies":[{"embeddable":true,"href":"https:\/\/noqq.energy\/et\/wp-json\/wp\/v2\/comments?post=11637"}],"version-history":[{"count":4,"href":"https:\/\/noqq.energy\/et\/wp-json\/wp\/v2\/pages\/11637\/revisions"}],"predecessor-version":[{"id":11692,"href":"https:\/\/noqq.energy\/et\/wp-json\/wp\/v2\/pages\/11637\/revisions\/11692"}],"up":[{"embeddable":true,"href":"https:\/\/noqq.energy\/et\/wp-json\/wp\/v2\/pages\/6184"}],"wp:attachment":[{"href":"https:\/\/noqq.energy\/et\/wp-json\/wp\/v2\/media?parent=11637"}],"curies":[{"name":"wp","href":"https:\/\/api.w.org\/{rel}","templated":true}]}}