{"id":11874,"date":"2024-11-13T17:41:24","date_gmt":"2024-11-13T17:41:24","guid":{"rendered":"https:\/\/noqq.energy\/?page_id=11874"},"modified":"2024-11-13T17:42:08","modified_gmt":"2024-11-13T17:42:08","slug":"panasonic-all-in-one-seeria-ohk-vesi-soojuspumbad-3-5-7-9-kw","status":"publish","type":"page","link":"https:\/\/noqq.energy\/et\/ohk-vesi-soojuspumbad\/panasonic-all-in-one-seeria-ohk-vesi-soojuspumbad-3-5-7-9-kw\/","title":{"rendered":"Panasonic All in one seeria \u00f5hk-vesi soojuspumbad &#8211; 3, 5, 7, 9 kw"},"content":{"rendered":"\t\t<div data-elementor-type=\"wp-page\" data-elementor-id=\"11874\" class=\"elementor elementor-11874\">\n\t\t\t\t<div class=\"elementor-element elementor-element-33809c1 e-con-full e-flex e-con e-parent\" data-id=\"33809c1\" data-element_type=\"container\">\n\t\t\t\t<div class=\"elementor-element elementor-element-6ae8402 elementor-widget elementor-widget-shortcode\" data-id=\"6ae8402\" data-element_type=\"widget\" data-widget_type=\"shortcode.default\">\n\t\t\t\t<div class=\"elementor-widget-container\">\n\t\t\t\t\t<div class=\"elementor-shortcode\"><!--\n<html lang=\"en\">\n\n<head>\n    <meta charset=\"UTF-8\">\n    <meta name=\"viewport\" content=\"width=device-width, initial-scale=1.0\">\n\n    <link rel=\"stylesheet\" type=\"text\/css\" media=\"all\" href=\"style.css\" \/>\n\n    <link rel=\"preconnect\" href=\"https:\/\/fonts.googleapis.com\">\n    <link rel=\"preconnect\" href=\"https:\/\/fonts.gstatic.com\" crossorigin>\n    <link\n        href=\"https:\/\/fonts.googleapis.com\/css2?family=Jost:ital,wght@0,100..900;1,100..900&family=Kumbh+Sans:wght@100..900&family=Rubik:ital,wght@0,300..900;1,300..900&display=swap\"\n        rel=\"stylesheet\">\n\n    \n\n<\/head>\n-->\n<body id=\"noqq-product\">\n    <div id=\"noqq-hero\">\n        <div id=\"hero-left\">\n            <img decoding=\"async\" src=\"https:\/\/noqq.energy\/wp-content\/uploads\/2024\/11\/panasonic-all-in-one-ulemine.webp\" class=\"noqq-category-product-img\" alt=\"Panasonic All in one seeria \u00f5hk-vesi soojuspumbad - 03, 05, 07, 09 KIT-ADC5JE5 \">\n        <\/div>\n        <div id=\"hero-right\">\n            <div id=\"product-category\">\n                <a href=\"https:\/\/noqq.energy\/et\/ohk-vesi-soojuspumbad\">\n                    <h3>\u00f5hk-vesi<\/h3>\n                <\/a>\n            <\/div>\n            <div id=\"product-title\">\n                <h1>Panasonic All in one seeria \u00f5hk-vesi soojuspumbad - 03, 05, 07, 09<\/h1>\n            <\/div>\n            <div id=\"option-container\"><div id=\"price\">5000 - 5959.02 \u20ac \u2013 Vali mudel<\/div><div id=\"price_km\">Lisandub k\u00e4ibemaks<\/div><div class='button-row' id='main-row'><button class='option-button' data-price='5000' data-surface='75'  >3,2kW (03)<\/button><button class='option-button' data-price='5415.03' data-surface='90'  >5kW (05)<\/button><button class='option-button' data-price='5709.01' data-surface='120'  >7kW (07)<\/button><button class='option-button' data-price='5959.02' data-surface='150'  >9kW (09)<\/button><\/div><\/div>\n            <div id=\"product-main-details\">\n                <div class='main-detail'>\n                    <h3>Nimiv\u00f5imsus kokku: 3,2kW - 9kW<\/h3>\n                <\/div><div class='main-detail'>\n                    <h3>Juhtimine: Kontroller, \u00e4pp<\/h3>\n                <\/div><div class='main-detail'>\n                    <h3>Energiaklass: A++ <\/h3>\n                <\/div>            <\/div>\n            <div id=\"product-quote\">\n                <a class=\"quote-button\" href=\"https:\/\/noqq.energy\/kontakt\">\n                    <span>K\u00fcsi pakkumist<\/span>\n                    <span>\u2192<\/span>\n                <\/a>\n            <\/div>\n        <\/div>\n    <\/div>\n    <div id=\"product-description1\">\n        <div class=\"noqq-section\">\n            <p>Rakendus Panasonic Comfort Cloud v\u00f5imaldab mugavalt hallata ja j\u00e4lgida mitut kodu soojuspumpa ja konditsioneeri vaid \u00fche nutiseadme kaudu. R32 k\u00fclmaaine on uuenduslik k\u00f5igis aspektides: seda on lihtne paigaldada, see on keskkonnas\u00f5bralikum kui enamik teisi k\u00fclmutusaineid ning aitab s\u00e4\u00e4sta rohkem energiat. Tulemuseks on suurem heaolu nii inimestele kui ka planeedile.<\/p>\n        <\/div>\n    <\/div>\n    <div id=\"product-img-section\">\n        <div id=\"img-section-left\">\n            <h1 class=\"align-right\">T\u00f5hus ja s\u00e4\u00e4stlik<\/h1>\n            <div id=\"img-section-highlights\">\n                <div class='img-section-highlight'>\n                    <div class='img-section-highlight-text'>\n                        <h3>Energiat\u00f5husus A+++<\/h3>\n                    <\/div>\n                    <img src='https:\/\/noqq.energy\/wp-content\/uploads\/2024\/10\/leaf.svg'>\n                <\/div><div class='img-section-highlight'>\n                    <div class='img-section-highlight-text'>\n                        <h3>Comfort Cloud \u00e4pp<\/h3>\n                    <\/div>\n                    <img src='https:\/\/noqq.energy\/wp-content\/uploads\/2024\/10\/wifi2.svg'>\n                <\/div>            <\/div>\n            <p class=\"align-right\">Aquarea All in One Compact sari on \u00e4\u00e4rmiselt paindlik. Alates 3 kW-st kuni 9 kW-ni v\u00f5ite leida v\u00e4iksema alginvesteeringu ja madalamate tegevuskulude valikuid. Kui teil on h\u00e4sti isoleeritud kodu, siis miks paigaldada liiga suuri seadmeid, mis maksavad rohkem ja millel on suuremad jooksvad kulud? Aquarea All in One Compact sari kohandab s\u00fcsteemi t\u00e4ielikult teie kodu vajadustega, olgu see siis uusehitis v\u00f5i renoveerimisj\u00e4rgus. See suudab toota kuni 60 \u00b0C vett ja v\u00f5imaldab paigaldamisel teatud paindlikkust t\u00e4nu suurele torustiku pikkusele kuni 50m sise- ja v\u00e4listingimustes.\n            <\/p>\n        <\/div>\n        <div id=\"img-section-right\">\n            <img decoding=\"async\" src=\"https:\/\/noqq.energy\/wp-content\/uploads\/2024\/11\/panasonic-all-in-one-alumine.webp\" class=\"noqq-category-product-img\" alt=\"Panasonic All in one seeria \u00f5hk-vesi soojuspumbad - 03, 05, 07, 09 - KIT-ADC5JE5\">\n        <\/div>\n    <\/div>\n    <div id=\"product-technical-details\">\n        <div class=\"noqq-section\">\n            <h2>Tehnilised andmed ja omadused:<\/h2>\n            <div id=\"technical-details-container\">\n                <h3 class='technical-detail'>Mudel: KIT-ADC5JE5<\/h3><h3 class='technical-detail'>Nimipinge (50 Hz): 220 - 240 V<\/h3><h3 class='technical-detail'>V\u00f5imsus: 3,2kW \/ 5kW \/ 7kW \/ 9kW<\/h3><h3 class='technical-detail'>Sagedus: 50 Hz<\/h3><h3 class='technical-detail'>Siseosa m\u00f5\u00f5tmed (K*L*S, mm): 1800x598x717 \/ 1800x598x717 \/ 1800x598x717 \/ 1800x598x717<\/h3><h3 class='technical-detail'>V\u00e4lisosa m\u00f5\u00f5tmed (K*L*S, mm): 622x824x298 \/ 622x824x298 \/ 795x875x320 \/ 795x875x320<\/h3><h3 class='technical-detail'>M\u00fcratase: 28 dB(A) \/ 28 dB \/ 28 dB(A) \/ 28 dB(A)<\/h3><h3 class='technical-detail'>Mass siseosa: 122 kg<\/h3><h3 class='technical-detail'>Kompressori t\u00fc\u00fcp: Rotatsioonkompressor<\/h3><h3 class='technical-detail'>Jahutusaine t\u00fc\u00fcp: R32<\/h3><h3 class='technical-detail'>T\u00f6\u00f6temperatuuride vahemik: -23 - +35<\/h3><h3 class='technical-detail'>K\u00f5rguste vahe (sisend\/v\u00e4ljund): 20 m \/ 20 m \/ 30 m \/ 30 m<\/h3><h3 class='technical-detail'>K\u00fclmaine kogus (kg): 0,9 \/ 0,9 \/ 1,27 \/ 1,27<\/h3><h3 class='technical-detail'>Gaasitoru pikkusvahemik (m): 3-25<\/h3>            <\/div>\n        <\/div>\n\n    <\/div>\n    <div id=\"product-cta\">\n        <div class=\"noqq-section\">\n            <h2>K\u00fctame?<\/h2>\n            <div id=\"product-quote\">\n                <a class=\"quote-button\" href=\"https:\/\/noqq.energy\/kontakt\">\n                    <span>V\u00f5ta meiega \u00fchendust<\/span>\n                    <span>\u2192<\/span>\n                <\/a>\n            <\/div>\n        <\/div>\n    <\/div>\n    <div id=\"product-technical-details-img\">\n        <div class=\"noqq-section\">\n            <img decoding=\"async\" id=\"technical-details-img\"\n                src=\"\"\n                alt=\"\">\n        <\/div>\n\n    <\/div>\n    <div id=\"product-documents\">\n        <div class=\"noqq-section\">\n            <h2>Dokumendid ja juhendid<\/h2>\n            <div id=\"documents-container\">\n                <a href='https:\/\/noqq.energy\/wp-content\/uploads\/2024\/11\/Specification_Sheet_Model_43991_sxyrtddjymzop4bgpvnqr7chqii7l9cjkcwhf3c2.pdf'>Panasonic KIT-ADC5JE5 spetsifikatsiooni leht<\/a><a href=''><\/a>            <\/div>\n        <\/div>\n    <\/div>\n    <script>\n  document.addEventListener('DOMContentLoaded', function() {\n      \n      const priceButtons = document.querySelectorAll('[data-price]');\n      const priceContainer = document.querySelector(\"#price\");\n      const priceContainerKM = document.querySelector(\"#price_km\");\n      \n      priceButtons.forEach(function(btn) {\n          btn.addEventListener(\"click\", function() {\n\n\n              if (isNaN(parseFloat(btn.getAttribute(\"data-price\")))) {\n                  priceContainer.innerHTML = \"<a style='color:white;text-decoration:underline' href='\/kontakt'>K\u00fcsi pakkumist<\/a>\";\n                priceContainerKM.innerHTML = \"<a style='color:white;text-decoration:underline;font-size:13px' href='\/kontakt'>Ask for price<\/a>\";\n                return;\n              }\n\n             addToString = \" \u20ac\";\n             if (btn.hasAttribute(\"data-surface\")) {\n                 addToString = \" \u20ac \u2013 \" + btn.getAttribute(\"data-surface\") + \"m\u00b2\";\n             }\n             priceContainer.textContent = Math.round(parseFloat(btn.getAttribute(\"data-price\")) * 1.2) + addToString;\n             priceContainerKM.textContent = btn.getAttribute(\"data-price\") + \" \u20ac + k\u00e4ibemaks\";\n          });\n      });\n      if (priceButtons.length == 1) { \/\/ product only has one model \/ button, display price immediately\n        priceContainerKM.textContent = priceButtons[0].getAttribute(\"data-price\") + \" \u20ac + k\u00e4ibemaks\";\n      }\n      \n      const buttons = document.querySelectorAll(\".option-button\");\n      buttons.forEach(function(btn) {\n          btn.addEventListener(\"click\", function() {\n              \n              \n              \n             \/\/ Remove active from other buttons in row\n             buttonsInRow = btn.parentElement.querySelectorAll(\"button\");\n             buttonsInRow.forEach(function(btn) {\n                btn.classList.remove(\"active\"); \n             });\n             \n             \n             btn.classList.add(\"active\");\n             \/\/ Check for images\n             if (btn.hasAttribute(\"data-url1\")) {\n                 imageElements = document.querySelectorAll(\".noqq-category-product-img\");\n                 imageElements[0].src = btn.getAttribute(\"data-url1\");\n                 if (btn.hasAttribute(\"data-url2\")) {\n                     imageElements[1].src = btn.getAttribute(\"data-url2\");\n                 }\n             }\n             \n             \n             \n             \/\/ Change technical description\n             if (btn.hasAttribute(\"data-description\")) {\n                 \n                \/\/ Remove active from other technical descrpitions\n                 specs = document.querySelectorAll(\".noqq-spec\");\n                 specs.forEach(function(spec) {\n                    spec.classList.remove(\"active\"); \n                 });\n                document.querySelector(\"#noqq-spec\" + btn.getAttribute(\"data-description\")).classList.add(\"active\");\n             }\n             \n              \n             if (btn.hasAttribute(\"data-value\")) {\n                 \n                 \/\/ Hide other sub-rows\n                 const rows = document.querySelectorAll('.button-row');\n                 rows.forEach(function(row) {\n                     \n                     buttonIndex = btn.getAttribute(\"data-value\").split(\"_\")[0];\n\n                     \n                     if (row.getAttribute(\"id\").includes(buttonIndex)) {\n                         row.classList.remove(\"active\");\n                         \n                         Array.from(row.children).forEach(function(btn) {\n                            btn.classList.remove(\"active\"); \n                         });\n                     }\n                 });\n                 \n                 \/\/ Show sub-row\n                 document.querySelector(\"#\" + btn.getAttribute(\"data-value\")).classList.add(\"active\");\n                 \n             }\n             \/\/ else is data-price button\n          });\n      });\n      \n  });\n      \n      \n      \n      \n      \n      \n      \n      \n      \/*\n    const mainRowButtons = document.querySelectorAll('#main-row .price-button');\n    const subRows = document.querySelectorAll('.sub-row');\n\n    mainRowButtons.forEach(function(button) {\n      button.addEventListener('click', function() {\n        mainRowButtons.forEach(function(button) {\n      button.classList.remove(\"active\");});\n        button.classList.add(\"active\");\n        const value = button.getAttribute('data-value').split(\"-\").pop();\n        showSubRow(value);\n      });\n    });\n\n    function showSubRow(value) {\n      subRows.forEach(function(row) {\n        row.classList.remove('active');\n        const rowButtons = row.querySelectorAll('.price-button');\n        rowButtons.forEach(function(btn) {\n            btn.classList.remove(\"active\");\n        });\n      });\n\n      const subRowId = 'sub-row-' + value;\n      const subRow = document.getElementById(subRowId);\n      if (subRow) {\n        subRow.classList.add('active');\n      }\n      \n      const activeButtons = subRow.querySelectorAll('.price-button');\n        activeButtons.forEach(function(button) {\n          button.addEventListener('click', function() {\n              activeButtons.forEach(function(button) {\n      button.classList.remove(\"active\");});\n             button.classList.add(\"active\");\n            const priceValue = button.getAttribute('data-value');\n            const priceContainer = document.getElementById('price');\n            priceContainer.textContent = priceValue + \" \u20ac\";\n          });\n        });\n    }\n  });*\/\n<\/script>\n<\/body>\n<\/div>\n\t\t\t\t<\/div>\n\t\t\t\t<\/div>\n\t\t\t\t<\/div>\n\t\t\t\t<\/div>\n\t\t","protected":false},"excerpt":{"rendered":"","protected":false},"author":11,"featured_media":0,"parent":5716,"menu_order":0,"comment_status":"closed","ping_status":"closed","template":"elementor_header_footer","meta":{"_et_pb_use_builder":"","_et_pb_old_content":"","_et_gb_content_width":"","_monsterinsights_skip_tracking":false,"_monsterinsights_sitenote_active":false,"_monsterinsights_sitenote_note":"","_monsterinsights_sitenote_category":0,"footnotes":""},"class_list":["post-11874","page","type-page","status-publish","hentry"],"yoast_head":"<!-- This site is optimized with the Yoast SEO plugin v23.8 - https:\/\/yoast.com\/wordpress\/plugins\/seo\/ -->\n<title>Panasonic All in one seeria \u00f5hk-vesi soojuspumbad - 3, 5, 7, 9 kw - NOQQ Energy<\/title>\n<meta name=\"robots\" content=\"index, follow, max-snippet:-1, max-image-preview:large, max-video-preview:-1\" \/>\n<link rel=\"canonical\" href=\"https:\/\/noqq.energy\/et\/ohk-vesi-soojuspumbad\/panasonic-all-in-one-seeria-ohk-vesi-soojuspumbad-3-5-7-9-kw\/\" \/>\n<meta property=\"og:locale\" content=\"et_EE\" \/>\n<meta property=\"og:type\" content=\"article\" \/>\n<meta property=\"og:title\" content=\"Panasonic All in one seeria \u00f5hk-vesi soojuspumbad - 3, 5, 7, 9 kw - NOQQ Energy\" \/>\n<meta property=\"og:url\" content=\"https:\/\/noqq.energy\/et\/ohk-vesi-soojuspumbad\/panasonic-all-in-one-seeria-ohk-vesi-soojuspumbad-3-5-7-9-kw\/\" \/>\n<meta property=\"og:site_name\" content=\"NOQQ Energy\" \/>\n<meta property=\"article:modified_time\" content=\"2024-11-13T17:42:08+00:00\" \/>\n<meta name=\"twitter:card\" content=\"summary_large_image\" \/>\n<script type=\"application\/ld+json\" class=\"yoast-schema-graph\">{\"@context\":\"https:\/\/schema.org\",\"@graph\":[{\"@type\":\"WebPage\",\"@id\":\"https:\/\/noqq.energy\/et\/ohk-vesi-soojuspumbad\/panasonic-all-in-one-seeria-ohk-vesi-soojuspumbad-3-5-7-9-kw\/\",\"url\":\"https:\/\/noqq.energy\/et\/ohk-vesi-soojuspumbad\/panasonic-all-in-one-seeria-ohk-vesi-soojuspumbad-3-5-7-9-kw\/\",\"name\":\"Panasonic All in one seeria \u00f5hk-vesi soojuspumbad - 3, 5, 7, 9 kw - NOQQ Energy\",\"isPartOf\":{\"@id\":\"https:\/\/noqq.energy\/#website\"},\"datePublished\":\"2024-11-13T17:41:24+00:00\",\"dateModified\":\"2024-11-13T17:42:08+00:00\",\"breadcrumb\":{\"@id\":\"https:\/\/noqq.energy\/et\/ohk-vesi-soojuspumbad\/panasonic-all-in-one-seeria-ohk-vesi-soojuspumbad-3-5-7-9-kw\/#breadcrumb\"},\"inLanguage\":\"et\",\"potentialAction\":[{\"@type\":\"ReadAction\",\"target\":[\"https:\/\/noqq.energy\/et\/ohk-vesi-soojuspumbad\/panasonic-all-in-one-seeria-ohk-vesi-soojuspumbad-3-5-7-9-kw\/\"]}]},{\"@type\":\"BreadcrumbList\",\"@id\":\"https:\/\/noqq.energy\/et\/ohk-vesi-soojuspumbad\/panasonic-all-in-one-seeria-ohk-vesi-soojuspumbad-3-5-7-9-kw\/#breadcrumb\",\"itemListElement\":[{\"@type\":\"ListItem\",\"position\":1,\"name\":\"Home\",\"item\":\"https:\/\/noqq.energy\/\"},{\"@type\":\"ListItem\",\"position\":2,\"name\":\"\u00d5hk-vesi soojuspumbad\",\"item\":\"https:\/\/noqq.energy\/ohk-vesi-soojuspumbad\/\"},{\"@type\":\"ListItem\",\"position\":3,\"name\":\"Panasonic All in one seeria \u00f5hk-vesi soojuspumbad &#8211; 3, 5, 7, 9 kw\"}]},{\"@type\":\"WebSite\",\"@id\":\"https:\/\/noqq.energy\/#website\",\"url\":\"https:\/\/noqq.energy\/\",\"name\":\"NOQQ Energy\",\"description\":\"KVJ ja Taastuvenergia lahendused\",\"potentialAction\":[{\"@type\":\"SearchAction\",\"target\":{\"@type\":\"EntryPoint\",\"urlTemplate\":\"https:\/\/noqq.energy\/?s={search_term_string}\"},\"query-input\":{\"@type\":\"PropertyValueSpecification\",\"valueRequired\":true,\"valueName\":\"search_term_string\"}}],\"inLanguage\":\"et\"}]}<\/script>\n<!-- \/ Yoast SEO plugin. -->","yoast_head_json":{"title":"Panasonic All in one seeria \u00f5hk-vesi soojuspumbad - 3, 5, 7, 9 kw - NOQQ Energy","robots":{"index":"index","follow":"follow","max-snippet":"max-snippet:-1","max-image-preview":"max-image-preview:large","max-video-preview":"max-video-preview:-1"},"canonical":"https:\/\/noqq.energy\/et\/ohk-vesi-soojuspumbad\/panasonic-all-in-one-seeria-ohk-vesi-soojuspumbad-3-5-7-9-kw\/","og_locale":"et_EE","og_type":"article","og_title":"Panasonic All in one seeria \u00f5hk-vesi soojuspumbad - 3, 5, 7, 9 kw - NOQQ Energy","og_url":"https:\/\/noqq.energy\/et\/ohk-vesi-soojuspumbad\/panasonic-all-in-one-seeria-ohk-vesi-soojuspumbad-3-5-7-9-kw\/","og_site_name":"NOQQ Energy","article_modified_time":"2024-11-13T17:42:08+00:00","twitter_card":"summary_large_image","schema":{"@context":"https:\/\/schema.org","@graph":[{"@type":"WebPage","@id":"https:\/\/noqq.energy\/et\/ohk-vesi-soojuspumbad\/panasonic-all-in-one-seeria-ohk-vesi-soojuspumbad-3-5-7-9-kw\/","url":"https:\/\/noqq.energy\/et\/ohk-vesi-soojuspumbad\/panasonic-all-in-one-seeria-ohk-vesi-soojuspumbad-3-5-7-9-kw\/","name":"Panasonic All in one seeria \u00f5hk-vesi soojuspumbad - 3, 5, 7, 9 kw - NOQQ Energy","isPartOf":{"@id":"https:\/\/noqq.energy\/#website"},"datePublished":"2024-11-13T17:41:24+00:00","dateModified":"2024-11-13T17:42:08+00:00","breadcrumb":{"@id":"https:\/\/noqq.energy\/et\/ohk-vesi-soojuspumbad\/panasonic-all-in-one-seeria-ohk-vesi-soojuspumbad-3-5-7-9-kw\/#breadcrumb"},"inLanguage":"et","potentialAction":[{"@type":"ReadAction","target":["https:\/\/noqq.energy\/et\/ohk-vesi-soojuspumbad\/panasonic-all-in-one-seeria-ohk-vesi-soojuspumbad-3-5-7-9-kw\/"]}]},{"@type":"BreadcrumbList","@id":"https:\/\/noqq.energy\/et\/ohk-vesi-soojuspumbad\/panasonic-all-in-one-seeria-ohk-vesi-soojuspumbad-3-5-7-9-kw\/#breadcrumb","itemListElement":[{"@type":"ListItem","position":1,"name":"Home","item":"https:\/\/noqq.energy\/"},{"@type":"ListItem","position":2,"name":"\u00d5hk-vesi soojuspumbad","item":"https:\/\/noqq.energy\/ohk-vesi-soojuspumbad\/"},{"@type":"ListItem","position":3,"name":"Panasonic All in one seeria \u00f5hk-vesi soojuspumbad &#8211; 3, 5, 7, 9 kw"}]},{"@type":"WebSite","@id":"https:\/\/noqq.energy\/#website","url":"https:\/\/noqq.energy\/","name":"NOQQ Energy","description":"KVJ ja Taastuvenergia lahendused","potentialAction":[{"@type":"SearchAction","target":{"@type":"EntryPoint","urlTemplate":"https:\/\/noqq.energy\/?s={search_term_string}"},"query-input":{"@type":"PropertyValueSpecification","valueRequired":true,"valueName":"search_term_string"}}],"inLanguage":"et"}]}},"_links":{"self":[{"href":"https:\/\/noqq.energy\/et\/wp-json\/wp\/v2\/pages\/11874","targetHints":{"allow":["GET"]}}],"collection":[{"href":"https:\/\/noqq.energy\/et\/wp-json\/wp\/v2\/pages"}],"about":[{"href":"https:\/\/noqq.energy\/et\/wp-json\/wp\/v2\/types\/page"}],"author":[{"embeddable":true,"href":"https:\/\/noqq.energy\/et\/wp-json\/wp\/v2\/users\/11"}],"replies":[{"embeddable":true,"href":"https:\/\/noqq.energy\/et\/wp-json\/wp\/v2\/comments?post=11874"}],"version-history":[{"count":4,"href":"https:\/\/noqq.energy\/et\/wp-json\/wp\/v2\/pages\/11874\/revisions"}],"predecessor-version":[{"id":11878,"href":"https:\/\/noqq.energy\/et\/wp-json\/wp\/v2\/pages\/11874\/revisions\/11878"}],"up":[{"embeddable":true,"href":"https:\/\/noqq.energy\/et\/wp-json\/wp\/v2\/pages\/5716"}],"wp:attachment":[{"href":"https:\/\/noqq.energy\/et\/wp-json\/wp\/v2\/media?parent=11874"}],"curies":[{"name":"wp","href":"https:\/\/api.w.org\/{rel}","templated":true}]}}