{"id":11946,"date":"2024-11-28T19:02:15","date_gmt":"2024-11-28T19:02:15","guid":{"rendered":"https:\/\/noqq.energy\/?page_id=11946"},"modified":"2024-11-28T20:13:25","modified_gmt":"2024-11-28T20:13:25","slug":"soojuspumba-hooldus","status":"publish","type":"page","link":"https:\/\/noqq.energy\/et\/soojuspumba-hooldus\/","title":{"rendered":"Soojuspumba Hooldus"},"content":{"rendered":"\t\t<div data-elementor-type=\"wp-page\" data-elementor-id=\"11946\" class=\"elementor elementor-11946\">\n\t\t\t\t<div class=\"elementor-element elementor-element-5c41314 e-flex e-con-boxed e-con e-parent\" data-id=\"5c41314\" data-element_type=\"container\" data-settings=\"{&quot;background_background&quot;:&quot;classic&quot;}\">\n\t\t\t\t\t<div class=\"e-con-inner\">\n\t\t<div class=\"elementor-element elementor-element-e53239b e-con-full e-flex e-con e-child\" data-id=\"e53239b\" data-element_type=\"container\">\n\t\t<div class=\"elementor-element elementor-element-65642ff e-con-full e-flex e-con e-child\" data-id=\"65642ff\" data-element_type=\"container\">\n\t\t<div class=\"elementor-element elementor-element-32e76a7 e-con-full e-flex e-con e-child\" data-id=\"32e76a7\" data-element_type=\"container\">\n\t\t\t\t<div class=\"elementor-element elementor-element-cda6856 elementor-widget__width-initial elementor-widget-tablet__width-inherit elementor-widget-mobile__width-inherit elementor-widget elementor-widget-heading\" data-id=\"cda6856\" data-element_type=\"widget\" data-widget_type=\"heading.default\">\n\t\t\t\t<div class=\"elementor-widget-container\">\n\t\t\t<p class=\"elementor-heading-title elementor-size-default\">Pakume hooldusi:<\/p>\t\t<\/div>\n\t\t\t\t<\/div>\n\t\t\t\t<div class=\"elementor-element elementor-element-3166417 elementor-widget elementor-widget-text-editor\" data-id=\"3166417\" data-element_type=\"widget\" data-widget_type=\"text-editor.default\">\n\t\t\t\t<div class=\"elementor-widget-container\">\n\t\t\t\t\t\t\t<p><a style=\"color: initial;\" href=\"#soojuspumbad\">Soojuspumbad<\/a><br \/><a style=\"color: initial;\" href=\"#ventilatsioon\">Ventilatsioon<\/a><\/p>\t\t\t\t\t\t<\/div>\n\t\t\t\t<\/div>\n\t\t\t\t<\/div>\n\t\t<div class=\"elementor-element elementor-element-1ce60bc e-con-full e-flex e-con e-child\" data-id=\"1ce60bc\" data-element_type=\"container\">\n\t\t\t\t<div class=\"elementor-element elementor-element-f014793 elementor-widget__width-initial elementor-widget-tablet__width-inherit elementor-widget-mobile__width-inherit elementor-widget elementor-widget-text-editor\" data-id=\"f014793\" data-element_type=\"widget\" data-widget_type=\"text-editor.default\">\n\t\t\t\t<div class=\"elementor-widget-container\">\n\t\t\t\t\t\t\t<p>V\u00f5ta hoolduse konsultatsiooniks meiega \u00fchendust:<\/p>\t\t\t\t\t\t<\/div>\n\t\t\t\t<\/div>\n\t\t\t\t<div class=\"elementor-element elementor-element-702ee99 elementor-align-left elementor-widget elementor-widget-button\" data-id=\"702ee99\" data-element_type=\"widget\" data-widget_type=\"button.default\">\n\t\t\t\t<div class=\"elementor-widget-container\">\n\t\t\t\t\t\t\t<div class=\"elementor-button-wrapper\">\n\t\t\t\t\t<a class=\"elementor-button elementor-button-link elementor-size-sm\" href=\"\/kontakt\">\n\t\t\t\t\t\t<span class=\"elementor-button-content-wrapper\">\n\t\t\t\t\t\t\t\t\t<span class=\"elementor-button-text\">Kontakt<\/span>\n\t\t\t\t\t<\/span>\n\t\t\t\t\t<\/a>\n\t\t\t\t<\/div>\n\t\t\t\t\t\t<\/div>\n\t\t\t\t<\/div>\n\t\t\t\t<\/div>\n\t\t\t\t<\/div>\n\t\t\t\t<div class=\"elementor-element elementor-element-e1b3c89 elementor-widget__width-initial elementor-widget-tablet__width-inherit elementor-widget-mobile__width-inherit elementor-widget elementor-widget-heading\" data-id=\"e1b3c89\" data-element_type=\"widget\" id=\"soojuspumbad\" data-widget_type=\"heading.default\">\n\t\t\t\t<div class=\"elementor-widget-container\">\n\t\t\t<h1 class=\"elementor-heading-title elementor-size-default\">Hooldus hoiab soojuspumba t\u00f6\u00f6kindla ja \u00f6konoomsena!<\/h1>\t\t<\/div>\n\t\t\t\t<\/div>\n\t\t\t\t<div class=\"elementor-element elementor-element-644fb10 elementor-widget elementor-widget-text-editor\" data-id=\"644fb10\" data-element_type=\"widget\" data-widget_type=\"text-editor.default\">\n\t\t\t\t<div class=\"elementor-widget-container\">\n\t\t\t\t\t\t\t<p>Soojuspumpade (\u00f5hk-vesi, \u00f5hk-\u00f5hk ja maak\u00fctte) regulaarne hooldus on h\u00e4davajalik, et tagada nende efektiivne t\u00f6\u00f6, pikendada seadme eluiga ja v\u00e4ltida kulukaid remontt\u00f6id. Hooldamata soojuspump v\u00f5ib hakata tarbima rohkem energiat, mis t\u00f5stab k\u00fcttekulusid ja v\u00e4hendab seadme t\u00f6\u00f6kindlust.<\/p><div class=\"message_d5deea cozyMessage_d5deea wrapper_f9f2ca cozy_f9f2ca zalgo_f9f2ca\" tabindex=\"-1\" role=\"article\" data-list-item-id=\"chat-messages___chat-messages-1278382990728368201-1306201120502317066\" aria-setsize=\"-1\" aria-roledescription=\"Message\" aria-labelledby=\"message-username-1306201058187415634 uid_1 message-content-1306201120502317066 uid_2 message-timestamp-1306201120502317066\"><div class=\"contents_f9f2ca\"><div id=\"message-content-1306201120502317066\" class=\"markup_f8f345 messageContent_f9f2ca\">Miks on hooldus oluline?<\/div><div>\u00a0<\/div><ul><li class=\"markup_f8f345 messageContent_f9f2ca\">Efektiivsus: Tolmu, mustuse ja muu saaste eemaldamine seadme filtritest ja siseosadest aitab s\u00e4ilitada soojuspumba t\u00f5husust.<\/li><li class=\"markup_f8f345 messageContent_f9f2ca\">Energiakulude s\u00e4\u00e4st: Puhas ja hooldatud pump t\u00f6\u00f6tab v\u00e4iksema energiatarbega, hoides k\u00fcttekulud madalamad.<\/li><li class=\"markup_f8f345 messageContent_f9f2ca\">Seadme pikaealisus: Regulaarne hooldus aitab ennetada t\u00f5rkeid ja pikendada seadme eluiga.<\/li><li class=\"markup_f8f345 messageContent_f9f2ca\">Tervislikum sise\u00f5hk: Eriti \u00f5hk-\u00f5hk soojuspumba puhul tagab hooldus, et \u00f5hk, mida teie kodus hingate, on puhtam ja tervislikum.<p>Valige meie professionaalne hooldusteenus ja hoidke oma soojuspump tippvormis. Hoolitseme selle eest, et teie kodu oleks energiat\u00f5hus ja mugav aastaringselt!<\/p><\/li><\/ul><\/div><\/div>\t\t\t\t\t\t<\/div>\n\t\t\t\t<\/div>\n\t\t\t\t<div class=\"elementor-element elementor-element-954e86e elementor-widget__width-initial elementor-widget-tablet__width-inherit elementor-widget-mobile__width-inherit elementor-widget elementor-widget-heading\" data-id=\"954e86e\" data-element_type=\"widget\" id=\"ventilatsioon\" data-widget_type=\"heading.default\">\n\t\t\t\t<div class=\"elementor-widget-container\">\n\t\t\t<h1 class=\"elementor-heading-title elementor-size-default\">Ventilatsiooni hooldus<\/h1>\t\t<\/div>\n\t\t\t\t<\/div>\n\t\t\t\t<div class=\"elementor-element elementor-element-f069932 elementor-widget elementor-widget-text-editor\" data-id=\"f069932\" data-element_type=\"widget\" data-widget_type=\"text-editor.default\">\n\t\t\t\t<div class=\"elementor-widget-container\">\n\t\t\t\t\t\t\tVentilatsiooni hooldus on vajalik selleks, et pikendada seadmete eluiga ja saavutada maksimaalne energias\u00e4\u00e4st. Regulaarne ventilatsiooniseadmete hooldus aitab kokku hoida seadmete ekspluatatsioonikulusid ning s\u00e4\u00e4stab keskkonda.\n\n<span style=\"font-size: 15px; text-align: var(--text-align);\">Hooldamata ventilatsioonis\u00fcsteemid m\u00f5jutavad \u00f5hukvaliteeti ja seel\u00e4bi ka meie tervist ning suurendavad elektritarbimist l\u00e4bi seadmete ebat\u00f5husa t\u00f6\u00f6tamise. Suurim kulu ventilatsiooni hooldamise juures on ventilatsioonifiltrid, mis ajapikku tolmu ja mustusega ummistuvad. Selleks et tagada seadmete pikem eluiga ja energias\u00e4\u00e4st, tuleks filtreid vahetada 2 korda aastas.<\/span>\n<div class=\"message_d5deea cozyMessage_d5deea groupStart_d5deea wrapper_f9f2ca cozy_f9f2ca zalgo_f9f2ca\" tabindex=\"-1\" role=\"article\" data-list-item-id=\"chat-messages___chat-messages-1278382990728368201-1306166659622633503\" aria-setsize=\"-1\" aria-roledescription=\"Message\" aria-labelledby=\"message-username-1306166659622633503 uid_1 message-content-1306166659622633503 uid_2 message-timestamp-1306166659622633503\">\n<div class=\"contents_f9f2ca\">\n<div id=\"message-content-1306166659622633503\" class=\"markup_f8f345 messageContent_f9f2ca\">M\u00f5ned t\u00f6\u00f6d, mida teostame hoolduse k\u00e4igus:<\/div>\n<div class=\"markup_f8f345 messageContent_f9f2ca\">&#8211; Kontrollime \u00fcle filtrid ning vastavalt vajadusele vahetame need v\u00e4lja,<\/div>\n<div class=\"markup_f8f345 messageContent_f9f2ca\">&#8211; Kontrollime \u00fcle soojavahetid ning vastavalt vajadusele puhastame need \u00e4ra,<\/div>\n<div class=\"markup_f8f345 messageContent_f9f2ca\">&#8211; Teostame k\u00fclmakaitseseadmete kontrolli ja seadistuse<\/div>\n<div class=\"markup_f8f345 messageContent_f9f2ca\">&#8211; Kontrollime m\u00f5\u00f5teosade ja andurite korrasolekut ning teeme neile hoolduse ja seadistuse<\/div>\n<div class=\"markup_f8f345 messageContent_f9f2ca\">&#8211; Kontrollime ja hooldame elektris\u00fcsteemid ja nende \u00fchendused<\/div>\n<div class=\"markup_f8f345 messageContent_f9f2ca\">&#8211; Pingutame ja joondame rihmad<\/div>\n<\/div>\n<div class=\"buttonContainer_f9f2ca\">\n<div class=\"buttons_d5deea container_a3b500 isHeader_a3b500\" role=\"group\" aria-label=\"Message Actions\">\n<div class=\"buttonsInner_d5deea popover_e986d9 popoverReactionHoverBar_e986d9 wrapper_f7e168\">\n<div class=\"hoverBarButton_e986d9 button_f7e168\" tabindex=\"0\" role=\"button\" aria-label=\"Click to react with thumbsup\">\n<div class=\"icon_e986d9 buttonContent_e986d9\">\n<div class=\"emoji emoji_a3b500\" role=\"img\" data-type=\"emoji\" data-name=\"\ud83d\udc4d\" aria-label=\"\"><\/div>\n<\/div>\n<\/div>\n<div class=\"hoverBarButton_e986d9 button_f7e168\" tabindex=\"0\" role=\"button\" aria-label=\"Click to react with heart\">\n<div class=\"icon_e986d9 buttonContent_e986d9\">\n<div class=\"emoji emoji_a3b500\" role=\"img\" data-type=\"emoji\" data-name=\"\u2764\ufe0f\" aria-label=\"\">Kui soovite objektip\u00f5hist hinda nt. agregaadi hooldus 2 korda aastas v\u00f5i 4 korda jne siis tutvuks iga objektiga eraldi. NB! Meie kaudu saab ka kogu ventilatsiooni hoolduseks vajaminevaid kulumaterjale (filtrid, rihmad jne) eraldi hinnapakkumise alusel. Seadmetele teostatavad korralised hooldust\u00f6\u00f6d:<\/div>\n<div class=\"emoji emoji_a3b500\" role=\"img\" data-type=\"emoji\" data-name=\"\u2764\ufe0f\" aria-label=\"\">&#8211; V\u00e4lis\u00f5hurestide kontroll ja puhastus;<\/div>\n<div class=\"emoji emoji_a3b500\" role=\"img\" data-type=\"emoji\" data-name=\"\u2764\ufe0f\" aria-label=\"\">&#8211; \u00d5huhaardekambrite ja -kanalite kontroll ja puhastus;<\/div>\n<div class=\"emoji emoji_a3b500\" role=\"img\" data-type=\"emoji\" data-name=\"\u2764\ufe0f\" aria-label=\"\">&#8211; Seadme klappide kontroll ja puhastus;<\/div>\n<div class=\"emoji emoji_a3b500\" role=\"img\" data-type=\"emoji\" data-name=\"\u2764\ufe0f\" aria-label=\"\">&#8211; Segamiss\u00f5lmede, sh t\u00e4iturmootorite toimimise kontroll ja hooldus;<\/div>\n<div class=\"emoji emoji_a3b500\" role=\"img\" data-type=\"emoji\" data-name=\"\u2764\ufe0f\" aria-label=\"\">&#8211; Ventilatsiooni seadmete seesmine ja v\u00e4line puhastus;<\/div>\n<div class=\"emoji emoji_a3b500\" role=\"img\" data-type=\"emoji\" data-name=\"\u2764\ufe0f\" aria-label=\"\">&#8211; Filtrite mustumise kontroll ja vahetuse vajaduse v\u00e4ljaselgitamine;<\/div>\n<div class=\"emoji emoji_a3b500\" role=\"img\" data-type=\"emoji\" data-name=\"\u2764\ufe0f\" aria-label=\"\">&#8211; Filtrite vahetus (vastavalt vajadusele ja kokkuleppel kliendiga);<\/div>\n<div class=\"emoji emoji_a3b500\" role=\"img\" data-type=\"emoji\" data-name=\"\u2764\ufe0f\" aria-label=\"\">&#8211; Uute filtrite hankimine (vastavalt vajadusele ja kokkuleppel kliendiga);<\/div>\n<div class=\"emoji emoji_a3b500\" role=\"img\" data-type=\"emoji\" data-name=\"\u2764\ufe0f\" aria-label=\"\">&#8211; Kasutatud filtrite jm teenusega seotud j\u00e4\u00e4tmete utiliseerimine ning n\u00f5uetekohane k\u00e4itlemine;<\/div>\n<div class=\"emoji emoji_a3b500\" role=\"img\" data-type=\"emoji\" data-name=\"\u2764\ufe0f\" aria-label=\"\">&#8211; K\u00fclmakaitseseadmete kontroll ja seadistamine;<\/div>\n<div class=\"emoji emoji_a3b500\" role=\"img\" data-type=\"emoji\" data-name=\"\u2764\ufe0f\" aria-label=\"\">&#8211; Soojavahetite kontroll, (puhastus vastavalt vajadusele ja kokkuleppel kliendiga);<\/div>\n<div class=\"emoji emoji_a3b500\" role=\"img\" data-type=\"emoji\" data-name=\"\u2764\ufe0f\" aria-label=\"\">&#8211; M\u00f5\u00f5teosade, andurite korrasoleku kontroll, hooldus ja seadistamine; -T\u00f6\u00f6parameetrite kontroll ja seadistamine;<\/div>\n<div class=\"emoji emoji_a3b500\" role=\"img\" data-type=\"emoji\" data-name=\"\u2764\ufe0f\" aria-label=\"\">&#8211; Elektris\u00fcsteemide, sh nende \u00fchenduste kontroll ja hooldus;<\/div>\n<div class=\"emoji emoji_a3b500\" role=\"img\" data-type=\"emoji\" data-name=\"\u2764\ufe0f\" aria-label=\"\">&#8211; Ventilaatoriosade kontroll, hooldus, seadistamine (m\u00e4\u00e4rimine vastavalt vajadusele ja kokkuleppel kliendiga);<\/div>\n<div class=\"emoji emoji_a3b500\" role=\"img\" data-type=\"emoji\" data-name=\"\u2764\ufe0f\" aria-label=\"\">&#8211; Rihmade pingutamine, joondamine, (vahetus vastavalt vajadusele);<\/div>\n<div class=\"emoji emoji_a3b500\" role=\"img\" data-type=\"emoji\" data-name=\"\u2764\ufe0f\" aria-label=\"\">&#8211; Hooldus- ja remondimaterjalide vajaduse ning koguse v\u00e4ljaselgitamine ning esitamine tellijale;<\/div>\n<div class=\"emoji emoji_a3b500\" role=\"img\" data-type=\"emoji\" data-name=\"\u2764\ufe0f\" aria-label=\"\">&#8211; K\u00f5ikide vajalike toimingute tegemine, kaasaarvatud seadmetega seotud s\u00fcsteemide (sh ka hooneautomaatika) kontrollimine, korrastamine ja seadistamine, mis on vajalikud ventilatsiooniseadmete efektiivseks ja pikaajaliseks t\u00f6\u00f6tamiseks ning avariide ennetamiseks;<\/div>\n<\/div>\n<\/div>\n<\/div>\n<\/div>\n<\/div>\n<\/div>\t\t\t\t\t\t<\/div>\n\t\t\t\t<\/div>\n\t\t\t\t<\/div>\n\t\t\t\t\t<\/div>\n\t\t\t\t<\/div>\n\t\t<div class=\"elementor-element elementor-element-48a7737 e-flex e-con-boxed e-con e-parent\" data-id=\"48a7737\" data-element_type=\"container\" data-settings=\"{&quot;background_background&quot;:&quot;classic&quot;}\">\n\t\t\t\t\t<div class=\"e-con-inner\">\n\t\t\t\t\t<\/div>\n\t\t\t\t<\/div>\n\t\t\t\t<\/div>\n\t\t","protected":false},"excerpt":{"rendered":"<p>Pakume hooldusi: SoojuspumbadVentilatsioon V\u00f5ta hoolduse konsultatsiooniks meiega \u00fchendust: Kontakt Hooldus hoiab soojuspumba t\u00f6\u00f6kindla ja \u00f6konoomsena! Soojuspumpade (\u00f5hk-vesi, \u00f5hk-\u00f5hk ja maak\u00fctte) regulaarne hooldus on h\u00e4davajalik, et tagada nende efektiivne t\u00f6\u00f6, pikendada seadme eluiga ja v\u00e4ltida kulukaid remontt\u00f6id. Hooldamata soojuspump v\u00f5ib hakata tarbima rohkem energiat, mis t\u00f5stab k\u00fcttekulusid ja v\u00e4hendab seadme t\u00f6\u00f6kindlust. Miks on hooldus oluline?\u00a0 Efektiivsus: [&hellip;]<\/p>\n","protected":false},"author":11,"featured_media":0,"parent":0,"menu_order":0,"comment_status":"closed","ping_status":"closed","template":"elementor_header_footer","meta":{"_et_pb_use_builder":"","_et_pb_old_content":"","_et_gb_content_width":"","_monsterinsights_skip_tracking":false,"_monsterinsights_sitenote_active":false,"_monsterinsights_sitenote_note":"","_monsterinsights_sitenote_category":0,"footnotes":""},"class_list":["post-11946","page","type-page","status-publish","hentry"],"yoast_head":"<!-- This site is optimized with the Yoast SEO plugin v23.8 - https:\/\/yoast.com\/wordpress\/plugins\/seo\/ -->\n<title>Soojuspumba Hooldus - NOQQ Energy<\/title>\n<meta name=\"robots\" content=\"index, follow, max-snippet:-1, max-image-preview:large, max-video-preview:-1\" \/>\n<link rel=\"canonical\" href=\"https:\/\/noqq.energy\/et\/soojuspumba-hooldus\/\" \/>\n<meta property=\"og:locale\" content=\"et_EE\" \/>\n<meta property=\"og:type\" content=\"article\" \/>\n<meta property=\"og:title\" content=\"Soojuspumba Hooldus - NOQQ Energy\" \/>\n<meta property=\"og:description\" content=\"Pakume hooldusi: SoojuspumbadVentilatsioon V\u00f5ta hoolduse konsultatsiooniks meiega \u00fchendust: Kontakt Hooldus hoiab soojuspumba t\u00f6\u00f6kindla ja \u00f6konoomsena! Soojuspumpade (\u00f5hk-vesi, \u00f5hk-\u00f5hk ja maak\u00fctte) regulaarne hooldus on h\u00e4davajalik, et tagada nende efektiivne t\u00f6\u00f6, pikendada seadme eluiga ja v\u00e4ltida kulukaid remontt\u00f6id. Hooldamata soojuspump v\u00f5ib hakata tarbima rohkem energiat, mis t\u00f5stab k\u00fcttekulusid ja v\u00e4hendab seadme t\u00f6\u00f6kindlust. Miks on hooldus oluline?\u00a0 Efektiivsus: [&hellip;]\" \/>\n<meta property=\"og:url\" content=\"https:\/\/noqq.energy\/et\/soojuspumba-hooldus\/\" \/>\n<meta property=\"og:site_name\" content=\"NOQQ Energy\" \/>\n<meta property=\"article:modified_time\" content=\"2024-11-28T20:13:25+00:00\" \/>\n<meta name=\"twitter:card\" content=\"summary_large_image\" \/>\n<meta name=\"twitter:label1\" content=\"Est. reading time\" \/>\n\t<meta name=\"twitter:data1\" content=\"2 minutit\" \/>\n<script type=\"application\/ld+json\" class=\"yoast-schema-graph\">{\"@context\":\"https:\/\/schema.org\",\"@graph\":[{\"@type\":\"WebPage\",\"@id\":\"https:\/\/noqq.energy\/soojuspumba-hooldus\/\",\"url\":\"https:\/\/noqq.energy\/soojuspumba-hooldus\/\",\"name\":\"Soojuspumba Hooldus - NOQQ Energy\",\"isPartOf\":{\"@id\":\"https:\/\/noqq.energy\/#website\"},\"datePublished\":\"2024-11-28T19:02:15+00:00\",\"dateModified\":\"2024-11-28T20:13:25+00:00\",\"breadcrumb\":{\"@id\":\"https:\/\/noqq.energy\/soojuspumba-hooldus\/#breadcrumb\"},\"inLanguage\":\"et\",\"potentialAction\":[{\"@type\":\"ReadAction\",\"target\":[\"https:\/\/noqq.energy\/soojuspumba-hooldus\/\"]}]},{\"@type\":\"BreadcrumbList\",\"@id\":\"https:\/\/noqq.energy\/soojuspumba-hooldus\/#breadcrumb\",\"itemListElement\":[{\"@type\":\"ListItem\",\"position\":1,\"name\":\"Home\",\"item\":\"https:\/\/noqq.energy\/\"},{\"@type\":\"ListItem\",\"position\":2,\"name\":\"Soojuspumba Hooldus\"}]},{\"@type\":\"WebSite\",\"@id\":\"https:\/\/noqq.energy\/#website\",\"url\":\"https:\/\/noqq.energy\/\",\"name\":\"NOQQ Energy\",\"description\":\"KVJ ja Taastuvenergia lahendused\",\"potentialAction\":[{\"@type\":\"SearchAction\",\"target\":{\"@type\":\"EntryPoint\",\"urlTemplate\":\"https:\/\/noqq.energy\/?s={search_term_string}\"},\"query-input\":{\"@type\":\"PropertyValueSpecification\",\"valueRequired\":true,\"valueName\":\"search_term_string\"}}],\"inLanguage\":\"et\"}]}<\/script>\n<!-- \/ Yoast SEO plugin. -->","yoast_head_json":{"title":"Soojuspumba Hooldus - NOQQ Energy","robots":{"index":"index","follow":"follow","max-snippet":"max-snippet:-1","max-image-preview":"max-image-preview:large","max-video-preview":"max-video-preview:-1"},"canonical":"https:\/\/noqq.energy\/et\/soojuspumba-hooldus\/","og_locale":"et_EE","og_type":"article","og_title":"Soojuspumba Hooldus - NOQQ Energy","og_description":"Pakume hooldusi: SoojuspumbadVentilatsioon V\u00f5ta hoolduse konsultatsiooniks meiega \u00fchendust: Kontakt Hooldus hoiab soojuspumba t\u00f6\u00f6kindla ja \u00f6konoomsena! Soojuspumpade (\u00f5hk-vesi, \u00f5hk-\u00f5hk ja maak\u00fctte) regulaarne hooldus on h\u00e4davajalik, et tagada nende efektiivne t\u00f6\u00f6, pikendada seadme eluiga ja v\u00e4ltida kulukaid remontt\u00f6id. Hooldamata soojuspump v\u00f5ib hakata tarbima rohkem energiat, mis t\u00f5stab k\u00fcttekulusid ja v\u00e4hendab seadme t\u00f6\u00f6kindlust. Miks on hooldus oluline?\u00a0 Efektiivsus: [&hellip;]","og_url":"https:\/\/noqq.energy\/et\/soojuspumba-hooldus\/","og_site_name":"NOQQ Energy","article_modified_time":"2024-11-28T20:13:25+00:00","twitter_card":"summary_large_image","twitter_misc":{"Est. reading time":"2 minutit"},"schema":{"@context":"https:\/\/schema.org","@graph":[{"@type":"WebPage","@id":"https:\/\/noqq.energy\/soojuspumba-hooldus\/","url":"https:\/\/noqq.energy\/soojuspumba-hooldus\/","name":"Soojuspumba Hooldus - NOQQ Energy","isPartOf":{"@id":"https:\/\/noqq.energy\/#website"},"datePublished":"2024-11-28T19:02:15+00:00","dateModified":"2024-11-28T20:13:25+00:00","breadcrumb":{"@id":"https:\/\/noqq.energy\/soojuspumba-hooldus\/#breadcrumb"},"inLanguage":"et","potentialAction":[{"@type":"ReadAction","target":["https:\/\/noqq.energy\/soojuspumba-hooldus\/"]}]},{"@type":"BreadcrumbList","@id":"https:\/\/noqq.energy\/soojuspumba-hooldus\/#breadcrumb","itemListElement":[{"@type":"ListItem","position":1,"name":"Home","item":"https:\/\/noqq.energy\/"},{"@type":"ListItem","position":2,"name":"Soojuspumba Hooldus"}]},{"@type":"WebSite","@id":"https:\/\/noqq.energy\/#website","url":"https:\/\/noqq.energy\/","name":"NOQQ Energy","description":"KVJ ja Taastuvenergia lahendused","potentialAction":[{"@type":"SearchAction","target":{"@type":"EntryPoint","urlTemplate":"https:\/\/noqq.energy\/?s={search_term_string}"},"query-input":{"@type":"PropertyValueSpecification","valueRequired":true,"valueName":"search_term_string"}}],"inLanguage":"et"}]}},"_links":{"self":[{"href":"https:\/\/noqq.energy\/et\/wp-json\/wp\/v2\/pages\/11946","targetHints":{"allow":["GET"]}}],"collection":[{"href":"https:\/\/noqq.energy\/et\/wp-json\/wp\/v2\/pages"}],"about":[{"href":"https:\/\/noqq.energy\/et\/wp-json\/wp\/v2\/types\/page"}],"author":[{"embeddable":true,"href":"https:\/\/noqq.energy\/et\/wp-json\/wp\/v2\/users\/11"}],"replies":[{"embeddable":true,"href":"https:\/\/noqq.energy\/et\/wp-json\/wp\/v2\/comments?post=11946"}],"version-history":[{"count":37,"href":"https:\/\/noqq.energy\/et\/wp-json\/wp\/v2\/pages\/11946\/revisions"}],"predecessor-version":[{"id":11991,"href":"https:\/\/noqq.energy\/et\/wp-json\/wp\/v2\/pages\/11946\/revisions\/11991"}],"wp:attachment":[{"href":"https:\/\/noqq.energy\/et\/wp-json\/wp\/v2\/media?parent=11946"}],"curies":[{"name":"wp","href":"https:\/\/api.w.org\/{rel}","templated":true}]}}