{"id":13168,"date":"2025-12-11T13:28:00","date_gmt":"2025-12-11T13:28:00","guid":{"rendered":"https:\/\/noqq.energy\/?page_id=13168"},"modified":"2025-12-11T13:41:10","modified_gmt":"2025-12-11T13:41:10","slug":"tule-toole","status":"publish","type":"page","link":"https:\/\/noqq.energy\/et\/tule-toole\/","title":{"rendered":"Tule t\u00f6\u00f6le"},"content":{"rendered":"\t\t<div data-elementor-type=\"wp-page\" data-elementor-id=\"13168\" class=\"elementor elementor-13168\">\n\t\t\t\t<div class=\"elementor-element elementor-element-5a3f894 e-flex e-con-boxed e-con e-parent\" data-id=\"5a3f894\" data-element_type=\"container\" data-settings=\"{&quot;background_background&quot;:&quot;classic&quot;}\">\n\t\t\t\t\t<div class=\"e-con-inner\">\n\t\t\t\t<div class=\"elementor-element elementor-element-c8adfb3 elementor-widget__width-inherit elementor-widget elementor-widget-heading\" data-id=\"c8adfb3\" data-element_type=\"widget\" data-widget_type=\"heading.default\">\n\t\t\t\t<div class=\"elementor-widget-container\">\n\t\t\t<h1 class=\"elementor-heading-title elementor-size-default\">Tule t\u00f6\u00f6le<\/h1>\t\t<\/div>\n\t\t\t\t<\/div>\n\t\t\t\t<div class=\"elementor-element elementor-element-216f313 elementor-widget elementor-widget-text-editor\" data-id=\"216f313\" data-element_type=\"widget\" data-widget_type=\"text-editor.default\">\n\t\t\t\t<div class=\"elementor-widget-container\">\n\t\t\t\t\t\t\t<p data-start=\"198\" data-end=\"461\">NOQQ-is ehitame tulevikku vaatavaid energialahendusi, mis muudavad kinnisvara energiakasutuse nutikamaks, t\u00f5husamaks ja keskkonnas\u00f5bralikumaks. Otsime tiimiga liitujaid, kes tahavad panustada innovatsiooni ning aidata luua lahendusi, mis p\u00e4riselt muudavad maailma.<\/p><p data-start=\"463\" data-end=\"747\">Meie juures ootab sind professionaalne ja toetav meeskond, v\u00f5imalus areneda kaasaegsete tehnoloogiate keskel ning teha t\u00f6\u00f6d, millel on reaalne m\u00f5ju. Kui v\u00e4\u00e4rtused nagu vastutustundlikkus, tehniline t\u00e4psus ja loovalt probleemide lahendamine k\u00f5netavad sind, siis oled just sina see, keda otsime.<\/p><p data-start=\"749\" data-end=\"811\"><strong data-start=\"749\" data-end=\"811\">Liitu meiega ning kujunda energiat\u00f5husamat tulevikku.<\/strong><\/p>\t\t\t\t\t\t<\/div>\n\t\t\t\t<\/div>\n\t\t\t\t<div class=\"elementor-element elementor-element-b4f8aa6 elementor-widget elementor-widget-text-editor\" data-id=\"b4f8aa6\" data-element_type=\"widget\" data-widget_type=\"text-editor.default\">\n\t\t\t\t<div class=\"elementor-widget-container\">\n\t\t\t\t\t\t\t<span style=\"font-size: 20px; text-align: var(--text-align);\">Koos <a style=\"color: #519577; text-decoration: underline;\" href=\"https:\/\/noqq.energy\/tehtud-tood\">Teiega<\/a> ehitame homset maailma juba t\u00e4na.<\/span>\t\t\t\t\t\t<\/div>\n\t\t\t\t<\/div>\n\t\t\t\t\t<\/div>\n\t\t\t\t<\/div>\n\t\t<div class=\"elementor-element elementor-element-09394ac e-flex e-con-boxed e-con e-parent\" data-id=\"09394ac\" data-element_type=\"container\" data-settings=\"{&quot;background_background&quot;:&quot;classic&quot;}\">\n\t\t\t\t\t<div class=\"e-con-inner\">\n\t\t\t\t<div class=\"elementor-element elementor-element-834792c elementor-widget__width-initial elementor-widget elementor-widget-heading\" data-id=\"834792c\" data-element_type=\"widget\" data-widget_type=\"heading.default\">\n\t\t\t\t<div class=\"elementor-widget-container\">\n\t\t\t<h3 class=\"elementor-heading-title elementor-size-default\">T\u00f6\u00f6pakkumised<\/h3>\t\t<\/div>\n\t\t\t\t<\/div>\n\t\t\t\t<div class=\"elementor-element elementor-element-949f883 elementor-widget__width-inherit elementor-widget elementor-widget-heading\" data-id=\"949f883\" data-element_type=\"widget\" data-widget_type=\"heading.default\">\n\t\t\t\t<div class=\"elementor-widget-container\">\n\t\t\t<h2 class=\"elementor-heading-title elementor-size-default\">INNOVATSIOON JA TIPPTASE \u00dcHESKOOS<\/h2>\t\t<\/div>\n\t\t\t\t<\/div>\n\t\t<div class=\"elementor-element elementor-element-3400324 e-flex e-con-boxed e-con e-child\" data-id=\"3400324\" data-element_type=\"container\">\n\t\t\t\t\t<div class=\"e-con-inner\">\n\t\t<div class=\"elementor-element elementor-element-a15a140 e-con-full e-flex e-con e-child\" data-id=\"a15a140\" data-element_type=\"container\">\n\t\t\t\t<div class=\"elementor-element elementor-element-e421b4a elementor-widget__width-inherit elementor-widget elementor-widget-html\" data-id=\"e421b4a\" data-element_type=\"widget\" data-widget_type=\"html.default\">\n\t\t\t\t<div class=\"elementor-widget-container\">\n\t\t\t<style>\r\n.job-card {\r\n    background: #e6e6e4;\r\n    padding: 16px 20px;\r\n    border-radius: 8px;\r\n    width: 100%;\r\n    display: block;\r\n    box-sizing: border-box;\r\n    transition: all 0.25s ease;\r\n    box-shadow: 0 2px 5px rgba(0,0,0,0.05);\r\n}\r\n\r\n.job-card:hover {\r\n    transform: translateY(-4px);\r\n    box-shadow: 0 6px 14px rgba(0,0,0,0.12);\r\n}\r\n\r\n.job-title {\r\n    font-size: 16px;\r\n    font-weight: 600;\r\n    color: #333;\r\n    margin-bottom: 6px;\r\n}\r\n\r\n.job-location {\r\n    font-size: 13px;\r\n    color: #666;\r\n    display: flex;\r\n    align-items: center;\r\n}\r\n\r\n.job-location i {\r\n    font-style: normal;\r\n    margin-right: 6px;\r\n}\r\n<\/style>\r\n\r\n<div class=\"job-card\">\r\n    <div class=\"job-title\">Projektijuht<\/div>\r\n    <div class=\"job-location\">\r\n        <i>\ud83d\udccd<\/i> TALLINN, EESTI\r\n    <\/div>\r\n<\/div>\r\n\t\t<\/div>\n\t\t\t\t<\/div>\n\t\t\t\t<\/div>\n\t\t<div class=\"elementor-element elementor-element-9012be6 e-con-full e-flex e-con e-child\" data-id=\"9012be6\" data-element_type=\"container\">\n\t\t<div class=\"elementor-element elementor-element-d5ca4cf e-con-full e-flex e-con e-child\" data-id=\"d5ca4cf\" data-element_type=\"container\">\n\t\t\t\t<div class=\"elementor-element elementor-element-eead68a elementor-widget__width-inherit elementor-widget elementor-widget-html\" data-id=\"eead68a\" data-element_type=\"widget\" data-widget_type=\"html.default\">\n\t\t\t\t<div class=\"elementor-widget-container\">\n\t\t\t<style>\r\n.job-card {\r\n    background: #e6e6e4;\r\n    padding: 16px 20px;\r\n    border-radius: 8px;\r\n    width: 100%;\r\n    display: block;\r\n    box-sizing: border-box;\r\n    transition: all 0.25s ease;\r\n    box-shadow: 0 2px 5px rgba(0,0,0,0.05);\r\n}\r\n\r\n.job-card:hover {\r\n    transform: translateY(-4px);\r\n    box-shadow: 0 6px 14px rgba(0,0,0,0.12);\r\n}\r\n\r\n.job-title {\r\n    font-size: 16px;\r\n    font-weight: 600;\r\n    color: #333;\r\n    margin-bottom: 6px;\r\n}\r\n\r\n.job-location {\r\n    font-size: 13px;\r\n    color: #666;\r\n    display: flex;\r\n    align-items: center;\r\n}\r\n\r\n.job-location i {\r\n    font-style: normal;\r\n    margin-right: 6px;\r\n}\r\n<\/style>\r\n\r\n<div class=\"job-card\">\r\n    <div class=\"job-title\">Objektijuht<\/div>\r\n    <div class=\"job-location\">\r\n        <i>\ud83d\udccd<\/i> TALLINN, EESTI\r\n    <\/div>\r\n<\/div>\r\n\t\t<\/div>\n\t\t\t\t<\/div>\n\t\t\t\t<\/div>\n\t\t\t\t<\/div>\n\t\t\t\t\t<\/div>\n\t\t\t\t<\/div>\n\t\t<div class=\"elementor-element elementor-element-9f2588b e-con-full e-flex e-con e-child\" data-id=\"9f2588b\" data-element_type=\"container\">\n\t\t<div class=\"elementor-element elementor-element-37708db e-con-full e-flex e-con e-child\" data-id=\"37708db\" data-element_type=\"container\">\n\t\t<div class=\"elementor-element elementor-element-c7a4cbf e-con-full e-flex e-con e-child\" data-id=\"c7a4cbf\" data-element_type=\"container\">\n\t\t\t\t<div class=\"elementor-element elementor-element-b620203 elementor-widget__width-inherit elementor-widget elementor-widget-html\" data-id=\"b620203\" data-element_type=\"widget\" data-widget_type=\"html.default\">\n\t\t\t\t<div class=\"elementor-widget-container\">\n\t\t\t<style>\r\n.job-card {\r\n    background: #e6e6e4;\r\n    padding: 16px 20px;\r\n    border-radius: 8px;\r\n    width: 100%;\r\n    display: block;\r\n    box-sizing: border-box;\r\n    transition: all 0.25s ease;\r\n    box-shadow: 0 2px 5px rgba(0,0,0,0.05);\r\n}\r\n\r\n.job-card:hover {\r\n    transform: translateY(-4px);\r\n    box-shadow: 0 6px 14px rgba(0,0,0,0.12);\r\n}\r\n\r\n.job-title {\r\n    font-size: 16px;\r\n    font-weight: 600;\r\n    color: #333;\r\n    margin-bottom: 6px;\r\n}\r\n\r\n.job-location {\r\n    font-size: 13px;\r\n    color: #666;\r\n    display: flex;\r\n    align-items: center;\r\n}\r\n\r\n.job-location i {\r\n    font-style: normal;\r\n    margin-right: 6px;\r\n}\r\n<\/style>\r\n\r\n<div class=\"job-card\">\r\n    <div class=\"job-title\">Ventilatsiooni spetsialist<\/div>\r\n    <div class=\"job-location\">\r\n        <i>\ud83d\udccd<\/i> TALLINN, EESTI\r\n    <\/div>\r\n<\/div>\r\n\t\t<\/div>\n\t\t\t\t<\/div>\n\t\t\t\t<\/div>\n\t\t\t\t<\/div>\n\t\t<div class=\"elementor-element elementor-element-76736de e-con-full e-flex e-con e-child\" data-id=\"76736de\" data-element_type=\"container\">\n\t\t<div class=\"elementor-element elementor-element-684b20a e-con-full e-flex e-con e-child\" data-id=\"684b20a\" data-element_type=\"container\">\n\t\t\t\t<div class=\"elementor-element elementor-element-f41b0d3 elementor-widget__width-inherit elementor-widget elementor-widget-html\" data-id=\"f41b0d3\" data-element_type=\"widget\" data-widget_type=\"html.default\">\n\t\t\t\t<div class=\"elementor-widget-container\">\n\t\t\t<style>\r\n.job-card {\r\n    background: #e6e6e4;\r\n    padding: 16px 20px;\r\n    border-radius: 8px;\r\n    width: 100%;\r\n    display: block;\r\n    box-sizing: border-box;\r\n    transition: all 0.25s ease;\r\n    box-shadow: 0 2px 5px rgba(0,0,0,0.05);\r\n}\r\n\r\n.job-card:hover {\r\n    transform: translateY(-4px);\r\n    box-shadow: 0 6px 14px rgba(0,0,0,0.12);\r\n}\r\n\r\n.job-title {\r\n    font-size: 16px;\r\n    font-weight: 600;\r\n    color: #333;\r\n    margin-bottom: 6px;\r\n}\r\n\r\n.job-location {\r\n    font-size: 13px;\r\n    color: #666;\r\n    display: flex;\r\n    align-items: center;\r\n}\r\n\r\n.job-location i {\r\n    font-style: normal;\r\n    margin-right: 6px;\r\n}\r\n<\/style>\r\n\r\n<div class=\"job-card\">\r\n    <div class=\"job-title\">Santehnik<\/div>\r\n    <div class=\"job-location\">\r\n        <i>\ud83d\udccd<\/i> TALLINN, EESTI\r\n    <\/div>\r\n<\/div>\r\n\t\t<\/div>\n\t\t\t\t<\/div>\n\t\t\t\t<\/div>\n\t\t\t\t<\/div>\n\t\t\t\t<\/div>\n\t\t\t\t\t<\/div>\n\t\t\t\t<\/div>\n\t\t<div class=\"elementor-element elementor-element-9d0582f e-flex e-con-boxed e-con e-parent\" data-id=\"9d0582f\" data-element_type=\"container\" data-settings=\"{&quot;background_background&quot;:&quot;classic&quot;}\">\n\t\t\t\t\t<div class=\"e-con-inner\">\n\t\t\t\t<div class=\"elementor-element elementor-element-08bd7ad elementor-widget elementor-widget-text-editor\" data-id=\"08bd7ad\" data-element_type=\"widget\" data-widget_type=\"text-editor.default\">\n\t\t\t\t<div class=\"elementor-widget-container\">\n\t\t\t\t\t\t\tV\u00f5ta \u00fchendust ning leiame Sulle sobivaima lahenduse\t\t\t\t\t\t<\/div>\n\t\t\t\t<\/div>\n\t\t\t\t<div class=\"elementor-element elementor-element-ae15142 elementor-align-center elementor-widget elementor-widget-button\" data-id=\"ae15142\" data-element_type=\"widget\" data-widget_type=\"button.default\">\n\t\t\t\t<div class=\"elementor-widget-container\">\n\t\t\t\t\t\t\t<div class=\"elementor-button-wrapper\">\n\t\t\t\t\t<a class=\"elementor-button elementor-button-link elementor-size-sm\" href=\"http:\/\/noqq.ee\/kontakt\">\n\t\t\t\t\t\t<span class=\"elementor-button-content-wrapper\">\n\t\t\t\t\t\t\t\t\t<span class=\"elementor-button-text\">Kontakt<\/span>\n\t\t\t\t\t<\/span>\n\t\t\t\t\t<\/a>\n\t\t\t\t<\/div>\n\t\t\t\t\t\t<\/div>\n\t\t\t\t<\/div>\n\t\t\t\t\t<\/div>\n\t\t\t\t<\/div>\n\t\t\t\t<\/div>\n\t\t","protected":false},"excerpt":{"rendered":"<p>Tule t\u00f6\u00f6le NOQQ-is ehitame tulevikku vaatavaid energialahendusi, mis muudavad kinnisvara energiakasutuse nutikamaks, t\u00f5husamaks ja keskkonnas\u00f5bralikumaks. Otsime tiimiga liitujaid, kes tahavad panustada innovatsiooni ning aidata luua lahendusi, mis p\u00e4riselt muudavad maailma. Meie juures ootab sind professionaalne ja toetav meeskond, v\u00f5imalus areneda kaasaegsete tehnoloogiate keskel ning teha t\u00f6\u00f6d, millel on reaalne m\u00f5ju. Kui v\u00e4\u00e4rtused nagu vastutustundlikkus, tehniline [&hellip;]<\/p>\n","protected":false},"author":13,"featured_media":0,"parent":0,"menu_order":0,"comment_status":"closed","ping_status":"closed","template":"elementor_header_footer","meta":{"_et_pb_use_builder":"","_et_pb_old_content":"","_et_gb_content_width":"","_monsterinsights_skip_tracking":false,"_monsterinsights_sitenote_active":false,"_monsterinsights_sitenote_note":"","_monsterinsights_sitenote_category":0,"footnotes":""},"class_list":["post-13168","page","type-page","status-publish","hentry"],"yoast_head":"<!-- This site is optimized with the Yoast SEO plugin v23.8 - https:\/\/yoast.com\/wordpress\/plugins\/seo\/ -->\n<title>Tule t\u00f6\u00f6le - NOQQ Energy<\/title>\n<meta name=\"description\" content=\"NOQQ visiooniks on v\u00e4hendada CO2 eraldumist keskkonnas kasutades s\u00e4\u00e4stvaid ja keskkonnas\u00f5bralikke k\u00fctte- ja kliimaseadmeid p\u00e4ikseenergiaga.\" \/>\n<meta name=\"robots\" content=\"index, follow, max-snippet:-1, max-image-preview:large, max-video-preview:-1\" \/>\n<link rel=\"canonical\" href=\"https:\/\/noqq.energy\/et\/tule-toole\/\" \/>\n<meta property=\"og:locale\" content=\"et_EE\" \/>\n<meta property=\"og:type\" content=\"article\" \/>\n<meta property=\"og:title\" content=\"Tule t\u00f6\u00f6le - NOQQ Energy\" \/>\n<meta property=\"og:description\" content=\"NOQQ visiooniks on v\u00e4hendada CO2 eraldumist keskkonnas kasutades s\u00e4\u00e4stvaid ja keskkonnas\u00f5bralikke k\u00fctte- ja kliimaseadmeid p\u00e4ikseenergiaga.\" \/>\n<meta property=\"og:url\" content=\"https:\/\/noqq.energy\/et\/tule-toole\/\" \/>\n<meta property=\"og:site_name\" content=\"NOQQ Energy\" \/>\n<meta property=\"article:modified_time\" content=\"2025-12-11T13:41:10+00:00\" \/>\n<meta name=\"twitter:card\" content=\"summary_large_image\" \/>\n<meta name=\"twitter:label1\" content=\"Est. reading time\" \/>\n\t<meta name=\"twitter:data1\" content=\"1 minut\" \/>\n<script type=\"application\/ld+json\" class=\"yoast-schema-graph\">{\"@context\":\"https:\/\/schema.org\",\"@graph\":[{\"@type\":\"WebPage\",\"@id\":\"https:\/\/noqq.energy\/tule-toole\/\",\"url\":\"https:\/\/noqq.energy\/tule-toole\/\",\"name\":\"Tule t\u00f6\u00f6le - NOQQ Energy\",\"isPartOf\":{\"@id\":\"https:\/\/noqq.energy\/#website\"},\"datePublished\":\"2025-12-11T13:28:00+00:00\",\"dateModified\":\"2025-12-11T13:41:10+00:00\",\"description\":\"NOQQ visiooniks on v\u00e4hendada CO2 eraldumist keskkonnas kasutades s\u00e4\u00e4stvaid ja keskkonnas\u00f5bralikke k\u00fctte- ja kliimaseadmeid p\u00e4ikseenergiaga.\",\"breadcrumb\":{\"@id\":\"https:\/\/noqq.energy\/tule-toole\/#breadcrumb\"},\"inLanguage\":\"et\",\"potentialAction\":[{\"@type\":\"ReadAction\",\"target\":[\"https:\/\/noqq.energy\/tule-toole\/\"]}]},{\"@type\":\"BreadcrumbList\",\"@id\":\"https:\/\/noqq.energy\/tule-toole\/#breadcrumb\",\"itemListElement\":[{\"@type\":\"ListItem\",\"position\":1,\"name\":\"Home\",\"item\":\"https:\/\/noqq.energy\/\"},{\"@type\":\"ListItem\",\"position\":2,\"name\":\"Tule t\u00f6\u00f6le\"}]},{\"@type\":\"WebSite\",\"@id\":\"https:\/\/noqq.energy\/#website\",\"url\":\"https:\/\/noqq.energy\/\",\"name\":\"NOQQ Energy\",\"description\":\"KVJ ja Taastuvenergia lahendused\",\"potentialAction\":[{\"@type\":\"SearchAction\",\"target\":{\"@type\":\"EntryPoint\",\"urlTemplate\":\"https:\/\/noqq.energy\/?s={search_term_string}\"},\"query-input\":{\"@type\":\"PropertyValueSpecification\",\"valueRequired\":true,\"valueName\":\"search_term_string\"}}],\"inLanguage\":\"et\"}]}<\/script>\n<!-- \/ Yoast SEO plugin. -->","yoast_head_json":{"title":"Tule t\u00f6\u00f6le - NOQQ Energy","description":"NOQQ visiooniks on v\u00e4hendada CO2 eraldumist keskkonnas kasutades s\u00e4\u00e4stvaid ja keskkonnas\u00f5bralikke k\u00fctte- ja kliimaseadmeid p\u00e4ikseenergiaga.","robots":{"index":"index","follow":"follow","max-snippet":"max-snippet:-1","max-image-preview":"max-image-preview:large","max-video-preview":"max-video-preview:-1"},"canonical":"https:\/\/noqq.energy\/et\/tule-toole\/","og_locale":"et_EE","og_type":"article","og_title":"Tule t\u00f6\u00f6le - NOQQ Energy","og_description":"NOQQ visiooniks on v\u00e4hendada CO2 eraldumist keskkonnas kasutades s\u00e4\u00e4stvaid ja keskkonnas\u00f5bralikke k\u00fctte- ja kliimaseadmeid p\u00e4ikseenergiaga.","og_url":"https:\/\/noqq.energy\/et\/tule-toole\/","og_site_name":"NOQQ Energy","article_modified_time":"2025-12-11T13:41:10+00:00","twitter_card":"summary_large_image","twitter_misc":{"Est. reading time":"1 minut"},"schema":{"@context":"https:\/\/schema.org","@graph":[{"@type":"WebPage","@id":"https:\/\/noqq.energy\/tule-toole\/","url":"https:\/\/noqq.energy\/tule-toole\/","name":"Tule t\u00f6\u00f6le - NOQQ Energy","isPartOf":{"@id":"https:\/\/noqq.energy\/#website"},"datePublished":"2025-12-11T13:28:00+00:00","dateModified":"2025-12-11T13:41:10+00:00","description":"NOQQ visiooniks on v\u00e4hendada CO2 eraldumist keskkonnas kasutades s\u00e4\u00e4stvaid ja keskkonnas\u00f5bralikke k\u00fctte- ja kliimaseadmeid p\u00e4ikseenergiaga.","breadcrumb":{"@id":"https:\/\/noqq.energy\/tule-toole\/#breadcrumb"},"inLanguage":"et","potentialAction":[{"@type":"ReadAction","target":["https:\/\/noqq.energy\/tule-toole\/"]}]},{"@type":"BreadcrumbList","@id":"https:\/\/noqq.energy\/tule-toole\/#breadcrumb","itemListElement":[{"@type":"ListItem","position":1,"name":"Home","item":"https:\/\/noqq.energy\/"},{"@type":"ListItem","position":2,"name":"Tule t\u00f6\u00f6le"}]},{"@type":"WebSite","@id":"https:\/\/noqq.energy\/#website","url":"https:\/\/noqq.energy\/","name":"NOQQ Energy","description":"KVJ ja Taastuvenergia lahendused","potentialAction":[{"@type":"SearchAction","target":{"@type":"EntryPoint","urlTemplate":"https:\/\/noqq.energy\/?s={search_term_string}"},"query-input":{"@type":"PropertyValueSpecification","valueRequired":true,"valueName":"search_term_string"}}],"inLanguage":"et"}]}},"_links":{"self":[{"href":"https:\/\/noqq.energy\/et\/wp-json\/wp\/v2\/pages\/13168","targetHints":{"allow":["GET"]}}],"collection":[{"href":"https:\/\/noqq.energy\/et\/wp-json\/wp\/v2\/pages"}],"about":[{"href":"https:\/\/noqq.energy\/et\/wp-json\/wp\/v2\/types\/page"}],"author":[{"embeddable":true,"href":"https:\/\/noqq.energy\/et\/wp-json\/wp\/v2\/users\/13"}],"replies":[{"embeddable":true,"href":"https:\/\/noqq.energy\/et\/wp-json\/wp\/v2\/comments?post=13168"}],"version-history":[{"count":10,"href":"https:\/\/noqq.energy\/et\/wp-json\/wp\/v2\/pages\/13168\/revisions"}],"predecessor-version":[{"id":13178,"href":"https:\/\/noqq.energy\/et\/wp-json\/wp\/v2\/pages\/13168\/revisions\/13178"}],"wp:attachment":[{"href":"https:\/\/noqq.energy\/et\/wp-json\/wp\/v2\/media?parent=13168"}],"curies":[{"name":"wp","href":"https:\/\/api.w.org\/{rel}","templated":true}]}}