{"id":5903,"date":"2024-06-03T19:27:38","date_gmt":"2024-06-03T19:27:38","guid":{"rendered":"https:\/\/noqq.energy\/?page_id=5903"},"modified":"2024-06-16T18:38:18","modified_gmt":"2024-06-16T18:38:18","slug":"hubriidsusteemid","status":"publish","type":"page","link":"https:\/\/noqq.energy\/et\/hubriidsusteemid\/","title":{"rendered":"H\u00fcbriids\u00fcsteemid ja kliimaseadmed"},"content":{"rendered":"\t\t<div data-elementor-type=\"wp-page\" data-elementor-id=\"5903\" class=\"elementor elementor-5903\">\n\t\t\t\t<div class=\"elementor-element elementor-element-99ce8cc e-flex e-con-boxed e-con e-parent\" data-id=\"99ce8cc\" data-element_type=\"container\">\n\t\t\t\t\t<div class=\"e-con-inner\">\n\t\t<div class=\"elementor-element elementor-element-1ddf0b0 e-con-full e-flex e-con e-child\" data-id=\"1ddf0b0\" data-element_type=\"container\">\n\t\t\t\t<div class=\"elementor-element elementor-element-6373060 elementor-widget__width-inherit elementor-widget elementor-widget-heading\" data-id=\"6373060\" data-element_type=\"widget\" data-widget_type=\"heading.default\">\n\t\t\t\t<div class=\"elementor-widget-container\">\n\t\t\t<h2 class=\"elementor-heading-title elementor-size-default\">K\u00fctte- ja kliimaseadmed<\/h2>\t\t<\/div>\n\t\t\t\t<\/div>\n\t\t\t\t<div class=\"elementor-element elementor-element-d83803a elementor-widget__width-inherit elementor-widget elementor-widget-heading\" data-id=\"d83803a\" data-element_type=\"widget\" data-widget_type=\"heading.default\">\n\t\t\t\t<div class=\"elementor-widget-container\">\n\t\t\t<h2 class=\"elementor-heading-title elementor-size-default\">H\u00dcBRIIDS\u00dcSTEEMID<\/h2>\t\t<\/div>\n\t\t\t\t<\/div>\n\t\t\t\t<\/div>\n\t\t\t\t\t<\/div>\n\t\t\t\t<\/div>\n\t\t<div class=\"elementor-element elementor-element-07d01e5 e-flex e-con-boxed e-con e-parent\" data-id=\"07d01e5\" data-element_type=\"container\">\n\t\t\t\t\t<div class=\"e-con-inner\">\n\t\t<div class=\"elementor-element elementor-element-33f05ab e-con-full e-flex e-con e-child\" data-id=\"33f05ab\" data-element_type=\"container\" data-settings=\"{&quot;background_background&quot;:&quot;classic&quot;}\">\n\t\t<div class=\"elementor-element elementor-element-f9a9cf9 e-con-full e-flex e-con e-child\" data-id=\"f9a9cf9\" data-element_type=\"container\">\n\t\t<div class=\"elementor-element elementor-element-b8497ee e-con-full e-flex e-con e-child\" data-id=\"b8497ee\" data-element_type=\"container\">\n\t\t<div class=\"elementor-element elementor-element-8b74099 e-con-full e-flex e-con e-child\" data-id=\"8b74099\" data-element_type=\"container\">\n\t\t\t\t<div class=\"elementor-element elementor-element-11af8a4 elementor-widget elementor-widget-heading\" data-id=\"11af8a4\" data-element_type=\"widget\" data-widget_type=\"heading.default\">\n\t\t\t\t<div class=\"elementor-widget-container\">\n\t\t\t<h2 class=\"elementor-heading-title elementor-size-default\"><a href=\"https:\/\/noqq.energy\/hubriidsusteemid\/noqq-hubriid-soojuspump-3-7kw\/\">NOQQ H\u00fcbriid Soojuspump AC\/DC<\/a><\/h2>\t\t<\/div>\n\t\t\t\t<\/div>\n\t\t<div class=\"elementor-element elementor-element-0c426d2 e-flex e-con-boxed e-con e-child\" data-id=\"0c426d2\" data-element_type=\"container\">\n\t\t\t\t\t<div class=\"e-con-inner\">\n\t\t<div class=\"elementor-element elementor-element-31e6845 e-con-full e-flex e-con e-child\" data-id=\"31e6845\" data-element_type=\"container\">\n\t\t\t\t<div class=\"elementor-element elementor-element-e1e0c3b elementor-widget elementor-widget-text-editor\" data-id=\"e1e0c3b\" data-element_type=\"widget\" data-widget_type=\"text-editor.default\">\n\t\t\t\t<div class=\"elementor-widget-container\">\n\t\t\t\t\t\t\t<p>V\u00f5imsus: 3,5-7kw<\/p>\t\t\t\t\t\t<\/div>\n\t\t\t\t<\/div>\n\t\t\t\t<div class=\"elementor-element elementor-element-937e188 elementor-widget elementor-widget-text-editor\" data-id=\"937e188\" data-element_type=\"widget\" data-widget_type=\"text-editor.default\">\n\t\t\t\t<div class=\"elementor-widget-container\">\n\t\t\t\t\t\t\tKlass: A+++\t\t\t\t\t\t<\/div>\n\t\t\t\t<\/div>\n\t\t\t\t<\/div>\n\t\t<div class=\"elementor-element elementor-element-cd98b77 e-con-full e-flex e-con e-child\" data-id=\"cd98b77\" data-element_type=\"container\">\n\t\t\t\t<div class=\"elementor-element elementor-element-55501a1 elementor-widget elementor-widget-text-editor\" data-id=\"55501a1\" data-element_type=\"widget\" data-widget_type=\"text-editor.default\">\n\t\t\t\t<div class=\"elementor-widget-container\">\n\t\t\t\t\t\t\t<p>Juhtimine: WIFI<\/p>\t\t\t\t\t\t<\/div>\n\t\t\t\t<\/div>\n\t\t\t\t<div class=\"elementor-element elementor-element-7f08ebc elementor-widget elementor-widget-text-editor\" data-id=\"7f08ebc\" data-element_type=\"widget\" data-widget_type=\"text-editor.default\">\n\t\t\t\t<div class=\"elementor-widget-container\">\n\t\t\t\t\t\t\t<p>V\u00f5rk: AC\/DC<\/p>\t\t\t\t\t\t<\/div>\n\t\t\t\t<\/div>\n\t\t\t\t<\/div>\n\t\t<div class=\"elementor-element elementor-element-b49ad33 e-con-full e-flex e-con e-child\" data-id=\"b49ad33\" data-element_type=\"container\">\n\t\t\t\t<div class=\"elementor-element elementor-element-324abff elementor-widget__width-auto elementor-widget elementor-widget-heading\" data-id=\"324abff\" data-element_type=\"widget\" data-widget_type=\"heading.default\">\n\t\t\t\t<div class=\"elementor-widget-container\">\n\t\t\t<h4 class=\"elementor-heading-title elementor-size-default\">1690 \u2013 1950\u20ac<\/h4>\t\t<\/div>\n\t\t\t\t<\/div>\n\t\t\t\t<\/div>\n\t\t\t\t\t<\/div>\n\t\t\t\t<\/div>\n\t\t\t\t<\/div>\n\t\t<a class=\"elementor-element elementor-element-631b07c e-con-full noqq-category-product-img noqq-category-product e-flex e-con e-child\" data-id=\"631b07c\" data-element_type=\"container\" href=\"https:\/\/noqq.energy\/hubriidsusteemid\/noqq-hubriid-soojuspump-3-7kw\/\">\n\t\t<div class=\"elementor-element elementor-element-2e93d8f e-flex e-con-boxed e-con e-child\" data-id=\"2e93d8f\" data-element_type=\"container\" data-settings=\"{&quot;background_background&quot;:&quot;classic&quot;}\">\n\t\t\t\t\t<div class=\"e-con-inner\">\n\t\t<div class=\"elementor-element elementor-element-4d891c0 e-con-full noqq-category-product-button e-flex e-con e-child\" data-id=\"4d891c0\" data-element_type=\"container\" data-settings=\"{&quot;background_background&quot;:&quot;classic&quot;}\">\n\t\t\t\t<div class=\"elementor-element elementor-element-e612e30 elementor-widget elementor-widget-text-editor\" data-id=\"e612e30\" data-element_type=\"widget\" data-widget_type=\"text-editor.default\">\n\t\t\t\t<div class=\"elementor-widget-container\">\n\t\t\t\t\t\t\tToode\t\t\t\t\t\t<\/div>\n\t\t\t\t<\/div>\n\t\t\t\t<div class=\"elementor-element elementor-element-e47cfa9 elementor-view-default elementor-widget elementor-widget-icon\" data-id=\"e47cfa9\" data-element_type=\"widget\" data-widget_type=\"icon.default\">\n\t\t\t\t<div class=\"elementor-widget-container\">\n\t\t\t\t\t<div class=\"elementor-icon-wrapper\">\n\t\t\t<div class=\"elementor-icon\">\n\t\t\t<i aria-hidden=\"true\" class=\"fas fa-arrow-right\"><\/i>\t\t\t<\/div>\n\t\t<\/div>\n\t\t\t\t<\/div>\n\t\t\t\t<\/div>\n\t\t\t\t<\/div>\n\t\t\t\t\t<\/div>\n\t\t\t\t<\/div>\n\t\t\t\t<\/a>\n\t\t\t\t<\/div>\n\t\t<div class=\"elementor-element elementor-element-9aca673 e-con-full e-flex e-con e-child\" data-id=\"9aca673\" data-element_type=\"container\">\n\t\t<div class=\"elementor-element elementor-element-ed21f52 e-con-full e-flex e-con e-child\" data-id=\"ed21f52\" data-element_type=\"container\">\n\t\t\t\t<div class=\"elementor-element elementor-element-f9db091 elementor-widget elementor-widget-heading\" data-id=\"f9db091\" data-element_type=\"widget\" data-widget_type=\"heading.default\">\n\t\t\t\t<div class=\"elementor-widget-container\">\n\t\t\t<h2 class=\"elementor-heading-title elementor-size-default\"><a href=\"https:\/\/noqq.energy\/hubriidsusteemid\/noqq-paikeseenergia-hubriid-basseinisoojendi\/\">NOQQ h\u00fcbriid basseinisoojendi<\/a><\/h2>\t\t<\/div>\n\t\t\t\t<\/div>\n\t\t<div class=\"elementor-element elementor-element-2937be7 e-flex e-con-boxed e-con e-child\" data-id=\"2937be7\" data-element_type=\"container\">\n\t\t\t\t\t<div class=\"e-con-inner\">\n\t\t<div class=\"elementor-element elementor-element-a22e46e e-con-full e-flex e-con e-child\" data-id=\"a22e46e\" data-element_type=\"container\">\n\t\t\t\t<div class=\"elementor-element elementor-element-cff36a8 elementor-widget elementor-widget-text-editor\" data-id=\"cff36a8\" data-element_type=\"widget\" data-widget_type=\"text-editor.default\">\n\t\t\t\t<div class=\"elementor-widget-container\">\n\t\t\t\t\t\t\t<p>V\u00f5imsus: 17kw<\/p>\t\t\t\t\t\t<\/div>\n\t\t\t\t<\/div>\n\t\t\t\t<div class=\"elementor-element elementor-element-9f12d5e elementor-widget elementor-widget-text-editor\" data-id=\"9f12d5e\" data-element_type=\"widget\" data-widget_type=\"text-editor.default\">\n\t\t\t\t<div class=\"elementor-widget-container\">\n\t\t\t\t\t\t\t<p>Klass: A+++<\/p>\t\t\t\t\t\t<\/div>\n\t\t\t\t<\/div>\n\t\t\t\t<\/div>\n\t\t<div class=\"elementor-element elementor-element-88291bb e-con-full e-flex e-con e-child\" data-id=\"88291bb\" data-element_type=\"container\">\n\t\t\t\t<div class=\"elementor-element elementor-element-ca221fb elementor-widget elementor-widget-text-editor\" data-id=\"ca221fb\" data-element_type=\"widget\" data-widget_type=\"text-editor.default\">\n\t\t\t\t<div class=\"elementor-widget-container\">\n\t\t\t\t\t\t\t<p>Juhtimine: WIFI<\/p>\t\t\t\t\t\t<\/div>\n\t\t\t\t<\/div>\n\t\t\t\t<div class=\"elementor-element elementor-element-dd623f3 elementor-widget elementor-widget-text-editor\" data-id=\"dd623f3\" data-element_type=\"widget\" data-widget_type=\"text-editor.default\">\n\t\t\t\t<div class=\"elementor-widget-container\">\n\t\t\t\t\t\t\tTemp: -15\u201343\u00b0C\t\t\t\t\t\t<\/div>\n\t\t\t\t<\/div>\n\t\t\t\t<\/div>\n\t\t<div class=\"elementor-element elementor-element-3134284 e-con-full e-flex e-con e-child\" data-id=\"3134284\" data-element_type=\"container\">\n\t\t\t\t<div class=\"elementor-element elementor-element-c45e685 elementor-widget__width-auto elementor-widget elementor-widget-heading\" data-id=\"c45e685\" data-element_type=\"widget\" data-widget_type=\"heading.default\">\n\t\t\t\t<div class=\"elementor-widget-container\">\n\t\t\t<h4 class=\"elementor-heading-title elementor-size-default\">1950\u20ac<\/h4>\t\t<\/div>\n\t\t\t\t<\/div>\n\t\t\t\t<\/div>\n\t\t\t\t\t<\/div>\n\t\t\t\t<\/div>\n\t\t\t\t<\/div>\n\t\t<a class=\"elementor-element elementor-element-0f439bf e-con-full noqq-category-product-img noqq-category-product e-flex e-con e-child\" data-id=\"0f439bf\" data-element_type=\"container\" href=\"https:\/\/noqq.energy\/hubriidsusteemid\/noqq-paikeseenergia-hubriid-basseinisoojendi\/\">\n\t\t<div class=\"elementor-element elementor-element-7f1b876 e-flex e-con-boxed e-con e-child\" data-id=\"7f1b876\" data-element_type=\"container\" data-settings=\"{&quot;background_background&quot;:&quot;classic&quot;}\">\n\t\t\t\t\t<div class=\"e-con-inner\">\n\t\t<div class=\"elementor-element elementor-element-b69d4f8 e-con-full noqq-category-product-button e-flex e-con e-child\" data-id=\"b69d4f8\" data-element_type=\"container\" data-settings=\"{&quot;background_background&quot;:&quot;classic&quot;}\">\n\t\t\t\t<div class=\"elementor-element elementor-element-6bbb7d4 elementor-widget elementor-widget-text-editor\" data-id=\"6bbb7d4\" data-element_type=\"widget\" data-widget_type=\"text-editor.default\">\n\t\t\t\t<div class=\"elementor-widget-container\">\n\t\t\t\t\t\t\tToode\t\t\t\t\t\t<\/div>\n\t\t\t\t<\/div>\n\t\t\t\t<div class=\"elementor-element elementor-element-19ced98 elementor-view-default elementor-widget elementor-widget-icon\" data-id=\"19ced98\" data-element_type=\"widget\" data-widget_type=\"icon.default\">\n\t\t\t\t<div class=\"elementor-widget-container\">\n\t\t\t\t\t<div class=\"elementor-icon-wrapper\">\n\t\t\t<div class=\"elementor-icon\">\n\t\t\t<i aria-hidden=\"true\" class=\"fas fa-arrow-right\"><\/i>\t\t\t<\/div>\n\t\t<\/div>\n\t\t\t\t<\/div>\n\t\t\t\t<\/div>\n\t\t\t\t<\/div>\n\t\t\t\t\t<\/div>\n\t\t\t\t<\/div>\n\t\t\t\t<\/a>\n\t\t\t\t<\/div>\n\t\t\t\t<\/div>\n\t\t\t\t<\/div>\n\t\t\t\t\t<\/div>\n\t\t\t\t<\/div>\n\t\t<div class=\"elementor-element elementor-element-48b8217 e-flex e-con-boxed e-con e-parent\" data-id=\"48b8217\" data-element_type=\"container\">\n\t\t\t\t\t<div class=\"e-con-inner\">\n\t\t\t\t<div class=\"elementor-element elementor-element-f38ba12 elementor-widget elementor-widget-html\" data-id=\"f38ba12\" data-element_type=\"widget\" data-widget_type=\"html.default\">\n\t\t\t\t<div class=\"elementor-widget-container\">\n\t\t\t<style>\n    .noqq-category-product-button {\n        transition: .3s;\n    }\n    .noqq-category-product:hover {\n        cursor: pointer;\n    }\n    \n    .noqq-category-product:hover .noqq-category-product-button {\n        transform: translateY(-6px)\n    }\n<\/style>\t\t<\/div>\n\t\t\t\t<\/div>\n\t\t\t\t\t<\/div>\n\t\t\t\t<\/div>\n\t\t\t\t<\/div>\n\t\t","protected":false},"excerpt":{"rendered":"<p>K\u00fctte- ja kliimaseadmed H\u00dcBRIIDS\u00dcSTEEMID NOQQ H\u00fcbriid Soojuspump AC\/DC V\u00f5imsus: 3,5-7kw Klass: A+++ Juhtimine: WIFI V\u00f5rk: AC\/DC 1690 \u2013 1950\u20ac Toode NOQQ h\u00fcbriid basseinisoojendi V\u00f5imsus: 17kw Klass: A+++ Juhtimine: WIFI Temp: -15\u201343\u00b0C 1950\u20ac Toode<\/p>\n","protected":false},"author":11,"featured_media":0,"parent":0,"menu_order":0,"comment_status":"closed","ping_status":"closed","template":"elementor_header_footer","meta":{"_et_pb_use_builder":"","_et_pb_old_content":"","_et_gb_content_width":"","_monsterinsights_skip_tracking":false,"_monsterinsights_sitenote_active":false,"_monsterinsights_sitenote_note":"","_monsterinsights_sitenote_category":0,"footnotes":""},"class_list":["post-5903","page","type-page","status-publish","hentry"],"yoast_head":"<!-- This site is optimized with the Yoast SEO plugin v23.8 - https:\/\/yoast.com\/wordpress\/plugins\/seo\/ -->\n<title>H\u00fcbriids\u00fcsteemid ja kliimaseadmed - NOQQ Energy<\/title>\n<meta name=\"description\" content=\"NOQQ h\u00fcbriidseadmed kasutavad p\u00e4ikeseenergiat, v\u00e4hendades elektritarbimist ja energiakulusid kuni 80%. Sobib basseini k\u00fctmiseks.\" \/>\n<meta name=\"robots\" content=\"index, follow, max-snippet:-1, max-image-preview:large, max-video-preview:-1\" \/>\n<link rel=\"canonical\" href=\"https:\/\/noqq.energy\/et\/hubriidsusteemid\/\" \/>\n<meta property=\"og:locale\" content=\"et_EE\" \/>\n<meta property=\"og:type\" content=\"article\" \/>\n<meta property=\"og:title\" content=\"H\u00fcbriids\u00fcsteemid ja kliimaseadmed - NOQQ Energy\" \/>\n<meta property=\"og:description\" content=\"NOQQ h\u00fcbriidseadmed kasutavad p\u00e4ikeseenergiat, v\u00e4hendades elektritarbimist ja energiakulusid kuni 80%. Sobib basseini k\u00fctmiseks.\" \/>\n<meta property=\"og:url\" content=\"https:\/\/noqq.energy\/et\/hubriidsusteemid\/\" \/>\n<meta property=\"og:site_name\" content=\"NOQQ Energy\" \/>\n<meta property=\"article:modified_time\" content=\"2024-06-16T18:38:18+00:00\" \/>\n<meta name=\"twitter:card\" content=\"summary_large_image\" \/>\n<meta name=\"twitter:label1\" content=\"Est. reading time\" \/>\n\t<meta name=\"twitter:data1\" content=\"1 minut\" \/>\n<script type=\"application\/ld+json\" class=\"yoast-schema-graph\">{\"@context\":\"https:\/\/schema.org\",\"@graph\":[{\"@type\":\"WebPage\",\"@id\":\"https:\/\/noqq.energy\/et\/hubriidsusteemid\/\",\"url\":\"https:\/\/noqq.energy\/et\/hubriidsusteemid\/\",\"name\":\"H\u00fcbriids\u00fcsteemid ja kliimaseadmed - NOQQ Energy\",\"isPartOf\":{\"@id\":\"https:\/\/noqq.energy\/#website\"},\"datePublished\":\"2024-06-03T19:27:38+00:00\",\"dateModified\":\"2024-06-16T18:38:18+00:00\",\"description\":\"NOQQ h\u00fcbriidseadmed kasutavad p\u00e4ikeseenergiat, v\u00e4hendades elektritarbimist ja energiakulusid kuni 80%. Sobib basseini k\u00fctmiseks.\",\"breadcrumb\":{\"@id\":\"https:\/\/noqq.energy\/et\/hubriidsusteemid\/#breadcrumb\"},\"inLanguage\":\"et\",\"potentialAction\":[{\"@type\":\"ReadAction\",\"target\":[\"https:\/\/noqq.energy\/et\/hubriidsusteemid\/\"]}]},{\"@type\":\"BreadcrumbList\",\"@id\":\"https:\/\/noqq.energy\/et\/hubriidsusteemid\/#breadcrumb\",\"itemListElement\":[{\"@type\":\"ListItem\",\"position\":1,\"name\":\"Home\",\"item\":\"https:\/\/noqq.energy\/\"},{\"@type\":\"ListItem\",\"position\":2,\"name\":\"H\u00fcbriids\u00fcsteemid ja kliimaseadmed\"}]},{\"@type\":\"WebSite\",\"@id\":\"https:\/\/noqq.energy\/#website\",\"url\":\"https:\/\/noqq.energy\/\",\"name\":\"NOQQ Energy\",\"description\":\"KVJ ja Taastuvenergia lahendused\",\"potentialAction\":[{\"@type\":\"SearchAction\",\"target\":{\"@type\":\"EntryPoint\",\"urlTemplate\":\"https:\/\/noqq.energy\/?s={search_term_string}\"},\"query-input\":{\"@type\":\"PropertyValueSpecification\",\"valueRequired\":true,\"valueName\":\"search_term_string\"}}],\"inLanguage\":\"et\"}]}<\/script>\n<!-- \/ Yoast SEO plugin. -->","yoast_head_json":{"title":"H\u00fcbriids\u00fcsteemid ja kliimaseadmed - NOQQ Energy","description":"NOQQ h\u00fcbriidseadmed kasutavad p\u00e4ikeseenergiat, v\u00e4hendades elektritarbimist ja energiakulusid kuni 80%. Sobib basseini k\u00fctmiseks.","robots":{"index":"index","follow":"follow","max-snippet":"max-snippet:-1","max-image-preview":"max-image-preview:large","max-video-preview":"max-video-preview:-1"},"canonical":"https:\/\/noqq.energy\/et\/hubriidsusteemid\/","og_locale":"et_EE","og_type":"article","og_title":"H\u00fcbriids\u00fcsteemid ja kliimaseadmed - NOQQ Energy","og_description":"NOQQ h\u00fcbriidseadmed kasutavad p\u00e4ikeseenergiat, v\u00e4hendades elektritarbimist ja energiakulusid kuni 80%. Sobib basseini k\u00fctmiseks.","og_url":"https:\/\/noqq.energy\/et\/hubriidsusteemid\/","og_site_name":"NOQQ Energy","article_modified_time":"2024-06-16T18:38:18+00:00","twitter_card":"summary_large_image","twitter_misc":{"Est. reading time":"1 minut"},"schema":{"@context":"https:\/\/schema.org","@graph":[{"@type":"WebPage","@id":"https:\/\/noqq.energy\/et\/hubriidsusteemid\/","url":"https:\/\/noqq.energy\/et\/hubriidsusteemid\/","name":"H\u00fcbriids\u00fcsteemid ja kliimaseadmed - NOQQ Energy","isPartOf":{"@id":"https:\/\/noqq.energy\/#website"},"datePublished":"2024-06-03T19:27:38+00:00","dateModified":"2024-06-16T18:38:18+00:00","description":"NOQQ h\u00fcbriidseadmed kasutavad p\u00e4ikeseenergiat, v\u00e4hendades elektritarbimist ja energiakulusid kuni 80%. Sobib basseini k\u00fctmiseks.","breadcrumb":{"@id":"https:\/\/noqq.energy\/et\/hubriidsusteemid\/#breadcrumb"},"inLanguage":"et","potentialAction":[{"@type":"ReadAction","target":["https:\/\/noqq.energy\/et\/hubriidsusteemid\/"]}]},{"@type":"BreadcrumbList","@id":"https:\/\/noqq.energy\/et\/hubriidsusteemid\/#breadcrumb","itemListElement":[{"@type":"ListItem","position":1,"name":"Home","item":"https:\/\/noqq.energy\/"},{"@type":"ListItem","position":2,"name":"H\u00fcbriids\u00fcsteemid ja kliimaseadmed"}]},{"@type":"WebSite","@id":"https:\/\/noqq.energy\/#website","url":"https:\/\/noqq.energy\/","name":"NOQQ Energy","description":"KVJ ja Taastuvenergia lahendused","potentialAction":[{"@type":"SearchAction","target":{"@type":"EntryPoint","urlTemplate":"https:\/\/noqq.energy\/?s={search_term_string}"},"query-input":{"@type":"PropertyValueSpecification","valueRequired":true,"valueName":"search_term_string"}}],"inLanguage":"et"}]}},"_links":{"self":[{"href":"https:\/\/noqq.energy\/et\/wp-json\/wp\/v2\/pages\/5903","targetHints":{"allow":["GET"]}}],"collection":[{"href":"https:\/\/noqq.energy\/et\/wp-json\/wp\/v2\/pages"}],"about":[{"href":"https:\/\/noqq.energy\/et\/wp-json\/wp\/v2\/types\/page"}],"author":[{"embeddable":true,"href":"https:\/\/noqq.energy\/et\/wp-json\/wp\/v2\/users\/11"}],"replies":[{"embeddable":true,"href":"https:\/\/noqq.energy\/et\/wp-json\/wp\/v2\/comments?post=5903"}],"version-history":[{"count":78,"href":"https:\/\/noqq.energy\/et\/wp-json\/wp\/v2\/pages\/5903\/revisions"}],"predecessor-version":[{"id":8291,"href":"https:\/\/noqq.energy\/et\/wp-json\/wp\/v2\/pages\/5903\/revisions\/8291"}],"wp:attachment":[{"href":"https:\/\/noqq.energy\/et\/wp-json\/wp\/v2\/media?parent=5903"}],"curies":[{"name":"wp","href":"https:\/\/api.w.org\/{rel}","templated":true}]}}