{"id":8701,"date":"2024-06-18T13:38:29","date_gmt":"2024-06-18T13:38:29","guid":{"rendered":"https:\/\/noqq.energy\/?page_id=8701"},"modified":"2024-06-18T13:52:18","modified_gmt":"2024-06-18T13:52:18","slug":"mobiilsed-konditsioneerid","status":"publish","type":"page","link":"https:\/\/noqq.energy\/et\/mobiilsed-konditsioneerid\/","title":{"rendered":"Mobiilsed konditsioneerid"},"content":{"rendered":"\t\t<div data-elementor-type=\"wp-page\" data-elementor-id=\"8701\" class=\"elementor elementor-8701\">\n\t\t\t\t<div class=\"elementor-element elementor-element-99ce8cc e-flex e-con-boxed e-con e-parent\" data-id=\"99ce8cc\" data-element_type=\"container\" data-settings=\"{&quot;background_background&quot;:&quot;classic&quot;}\">\n\t\t\t\t\t<div class=\"e-con-inner\">\n\t\t<div class=\"elementor-element elementor-element-1ddf0b0 e-con-full e-flex e-con e-child\" data-id=\"1ddf0b0\" data-element_type=\"container\">\n\t\t\t\t<div class=\"elementor-element elementor-element-6373060 elementor-widget__width-inherit elementor-widget elementor-widget-heading\" data-id=\"6373060\" data-element_type=\"widget\" data-widget_type=\"heading.default\">\n\t\t\t\t<div class=\"elementor-widget-container\">\n\t\t\t<h2 class=\"elementor-heading-title elementor-size-default\">K\u00fctte- ja kliimaseadmed<\/h2>\t\t<\/div>\n\t\t\t\t<\/div>\n\t\t\t\t<div class=\"elementor-element elementor-element-d83803a elementor-widget__width-inherit elementor-widget elementor-widget-heading\" data-id=\"d83803a\" data-element_type=\"widget\" data-widget_type=\"heading.default\">\n\t\t\t\t<div class=\"elementor-widget-container\">\n\t\t\t<h2 class=\"elementor-heading-title elementor-size-default\">MOBIILSED KONDITSIONEERID<\/h2>\t\t<\/div>\n\t\t\t\t<\/div>\n\t\t\t\t<\/div>\n\t\t\t\t\t<\/div>\n\t\t\t\t<\/div>\n\t\t<div class=\"elementor-element elementor-element-07d01e5 e-flex e-con-boxed e-con e-parent\" data-id=\"07d01e5\" data-element_type=\"container\" data-settings=\"{&quot;background_background&quot;:&quot;classic&quot;}\">\n\t\t\t\t\t<div class=\"e-con-inner\">\n\t\t<div class=\"elementor-element elementor-element-33f05ab e-con-full e-flex e-con e-child\" data-id=\"33f05ab\" data-element_type=\"container\" data-settings=\"{&quot;background_background&quot;:&quot;classic&quot;}\">\n\t\t<div class=\"elementor-element elementor-element-63551c0 e-con-full e-flex e-con e-child\" data-id=\"63551c0\" data-element_type=\"container\">\n\t\t<div class=\"elementor-element elementor-element-18a6f2c e-con-full e-flex e-con e-child\" data-id=\"18a6f2c\" data-element_type=\"container\">\n\t\t\t\t<div class=\"elementor-element elementor-element-35283c9 elementor-widget elementor-widget-heading\" data-id=\"35283c9\" data-element_type=\"widget\" data-widget_type=\"heading.default\">\n\t\t\t\t<div class=\"elementor-widget-container\">\n\t\t\t<h2 class=\"elementor-heading-title elementor-size-default\"><a href=\"https:\/\/noqq.energy\/ohk-ohk-soojuspumbad\/nordcel-mobiilne-konditsioneer-shiny-35kw\/\">Nordcel SHINY mobiilne<\/a><\/h2>\t\t<\/div>\n\t\t\t\t<\/div>\n\t\t<div class=\"elementor-element elementor-element-5e6da2e e-flex e-con-boxed e-con e-child\" data-id=\"5e6da2e\" data-element_type=\"container\">\n\t\t\t\t\t<div class=\"e-con-inner\">\n\t\t<div class=\"elementor-element elementor-element-a84b398 e-con-full e-flex e-con e-child\" data-id=\"a84b398\" data-element_type=\"container\">\n\t\t\t\t<div class=\"elementor-element elementor-element-4fbdb97 elementor-widget elementor-widget-text-editor\" data-id=\"4fbdb97\" data-element_type=\"widget\" data-widget_type=\"text-editor.default\">\n\t\t\t\t<div class=\"elementor-widget-container\">\n\t\t\t\t\t\t\t<p>V\u00f5imsus: 3,5kw<\/p>\t\t\t\t\t\t<\/div>\n\t\t\t\t<\/div>\n\t\t\t\t<div class=\"elementor-element elementor-element-f8e3483 elementor-widget elementor-widget-text-editor\" data-id=\"f8e3483\" data-element_type=\"widget\" data-widget_type=\"text-editor.default\">\n\t\t\t\t<div class=\"elementor-widget-container\">\n\t\t\t\t\t\t\t<p>M\u00fcra: 53db<\/p>\t\t\t\t\t\t<\/div>\n\t\t\t\t<\/div>\n\t\t\t\t<\/div>\n\t\t<div class=\"elementor-element elementor-element-d087d6c e-con-full e-flex e-con e-child\" data-id=\"d087d6c\" data-element_type=\"container\">\n\t\t\t\t<div class=\"elementor-element elementor-element-58eb4ae elementor-widget elementor-widget-text-editor\" data-id=\"58eb4ae\" data-element_type=\"widget\" data-widget_type=\"text-editor.default\">\n\t\t\t\t<div class=\"elementor-widget-container\">\n\t\t\t\t\t\t\t<p>Klass: EER A<\/p>\t\t\t\t\t\t<\/div>\n\t\t\t\t<\/div>\n\t\t\t\t<div class=\"elementor-element elementor-element-fce54ee elementor-widget elementor-widget-text-editor\" data-id=\"fce54ee\" data-element_type=\"widget\" data-widget_type=\"text-editor.default\">\n\t\t\t\t<div class=\"elementor-widget-container\">\n\t\t\t\t\t\t\tJuhtimine: pult\t\t\t\t\t\t<\/div>\n\t\t\t\t<\/div>\n\t\t\t\t<\/div>\n\t\t<div class=\"elementor-element elementor-element-29c9e51 e-con-full e-flex e-con e-child\" data-id=\"29c9e51\" data-element_type=\"container\">\n\t\t\t\t<div class=\"elementor-element elementor-element-043f43a elementor-widget__width-auto elementor-widget elementor-widget-heading\" data-id=\"043f43a\" data-element_type=\"widget\" data-widget_type=\"heading.default\">\n\t\t\t\t<div class=\"elementor-widget-container\">\n\t\t\t<h4 class=\"elementor-heading-title elementor-size-default\">847,35\u20ac<\/h4>\t\t<\/div>\n\t\t\t\t<\/div>\n\t\t\t\t<\/div>\n\t\t\t\t\t<\/div>\n\t\t\t\t<\/div>\n\t\t\t\t<\/div>\n\t\t<a class=\"elementor-element elementor-element-ba45792 e-con-full noqq-category-product-img noqq-category-product e-flex e-con e-child\" data-id=\"ba45792\" data-element_type=\"container\" href=\"https:\/\/noqq.energy\/ohk-ohk-soojuspumbad\/nordcel-mobiilne-konditsioneer-shiny-35kw\/\">\n\t\t<div class=\"elementor-element elementor-element-ef85a6a e-flex e-con-boxed e-con e-child\" data-id=\"ef85a6a\" data-element_type=\"container\" data-settings=\"{&quot;background_background&quot;:&quot;classic&quot;}\">\n\t\t\t\t\t<div class=\"e-con-inner\">\n\t\t<div class=\"elementor-element elementor-element-5cc65e1 e-con-full noqq-category-product-button e-flex e-con e-child\" data-id=\"5cc65e1\" data-element_type=\"container\" data-settings=\"{&quot;background_background&quot;:&quot;classic&quot;}\">\n\t\t\t\t<div class=\"elementor-element elementor-element-0f9b037 elementor-widget elementor-widget-text-editor\" data-id=\"0f9b037\" data-element_type=\"widget\" data-widget_type=\"text-editor.default\">\n\t\t\t\t<div class=\"elementor-widget-container\">\n\t\t\t\t\t\t\tToode\t\t\t\t\t\t<\/div>\n\t\t\t\t<\/div>\n\t\t\t\t<div class=\"elementor-element elementor-element-46762c2 elementor-view-default elementor-widget elementor-widget-icon\" data-id=\"46762c2\" data-element_type=\"widget\" data-widget_type=\"icon.default\">\n\t\t\t\t<div class=\"elementor-widget-container\">\n\t\t\t\t\t<div class=\"elementor-icon-wrapper\">\n\t\t\t<div class=\"elementor-icon\">\n\t\t\t<i aria-hidden=\"true\" class=\"fas fa-arrow-right\"><\/i>\t\t\t<\/div>\n\t\t<\/div>\n\t\t\t\t<\/div>\n\t\t\t\t<\/div>\n\t\t\t\t<\/div>\n\t\t\t\t\t<\/div>\n\t\t\t\t<\/div>\n\t\t\t\t<\/a>\n\t\t\t\t<\/div>\n\t\t\t\t<\/div>\n\t\t\t\t\t<\/div>\n\t\t\t\t<\/div>\n\t\t<div class=\"elementor-element elementor-element-48b8217 e-flex e-con-boxed e-con e-parent\" data-id=\"48b8217\" data-element_type=\"container\" data-settings=\"{&quot;background_background&quot;:&quot;classic&quot;}\">\n\t\t\t\t\t<div class=\"e-con-inner\">\n\t\t\t\t<div class=\"elementor-element elementor-element-f38ba12 elementor-widget elementor-widget-html\" data-id=\"f38ba12\" data-element_type=\"widget\" data-widget_type=\"html.default\">\n\t\t\t\t<div class=\"elementor-widget-container\">\n\t\t\t<style>\n    .noqq-category-product-button {\n        transition: .3s;\n    }\n    .noqq-category-product:hover {\n        cursor: pointer;\n    }\n    \n    .noqq-category-product:hover .noqq-category-product-button {\n        transform: translateY(-6px)\n    }\n<\/style>\t\t<\/div>\n\t\t\t\t<\/div>\n\t\t\t\t\t<\/div>\n\t\t\t\t<\/div>\n\t\t\t\t<\/div>\n\t\t","protected":false},"excerpt":{"rendered":"<p>K\u00fctte- ja kliimaseadmed MOBIILSED KONDITSIONEERID Nordcel SHINY mobiilne V\u00f5imsus: 3,5kw M\u00fcra: 53db Klass: EER A Juhtimine: pult 847,35\u20ac Toode<\/p>\n","protected":false},"author":11,"featured_media":0,"parent":0,"menu_order":0,"comment_status":"closed","ping_status":"closed","template":"elementor_header_footer","meta":{"_et_pb_use_builder":"","_et_pb_old_content":"","_et_gb_content_width":"","_monsterinsights_skip_tracking":false,"_monsterinsights_sitenote_active":false,"_monsterinsights_sitenote_note":"","_monsterinsights_sitenote_category":0,"footnotes":""},"class_list":["post-8701","page","type-page","status-publish","hentry"],"yoast_head":"<!-- This site is optimized with the Yoast SEO plugin v23.8 - https:\/\/yoast.com\/wordpress\/plugins\/seo\/ -->\n<title>Mobiilsed konditsioneerid - NOQQ Energy<\/title>\n<meta name=\"description\" content=\"NOQQ mobiilsed konditsioneerid on m\u00f5eldud sinna, kuhu statsionaarset konditsioneeri pole v\u00f5imalik v\u00f5i m\u00f5ttekas paigaldada.\" \/>\n<meta name=\"robots\" content=\"index, follow, max-snippet:-1, max-image-preview:large, max-video-preview:-1\" \/>\n<link rel=\"canonical\" href=\"https:\/\/noqq.energy\/et\/mobiilsed-konditsioneerid\/\" \/>\n<meta property=\"og:locale\" content=\"et_EE\" \/>\n<meta property=\"og:type\" content=\"article\" \/>\n<meta property=\"og:title\" content=\"Mobiilsed konditsioneerid - NOQQ Energy\" \/>\n<meta property=\"og:description\" content=\"NOQQ mobiilsed konditsioneerid on m\u00f5eldud sinna, kuhu statsionaarset konditsioneeri pole v\u00f5imalik v\u00f5i m\u00f5ttekas paigaldada.\" \/>\n<meta property=\"og:url\" content=\"https:\/\/noqq.energy\/et\/mobiilsed-konditsioneerid\/\" \/>\n<meta property=\"og:site_name\" content=\"NOQQ Energy\" \/>\n<meta property=\"article:modified_time\" content=\"2024-06-18T13:52:18+00:00\" \/>\n<meta name=\"twitter:card\" content=\"summary_large_image\" \/>\n<meta name=\"twitter:label1\" content=\"Est. reading time\" \/>\n\t<meta name=\"twitter:data1\" content=\"1 minut\" \/>\n<script type=\"application\/ld+json\" class=\"yoast-schema-graph\">{\"@context\":\"https:\/\/schema.org\",\"@graph\":[{\"@type\":\"WebPage\",\"@id\":\"https:\/\/noqq.energy\/mobiilsed-konditsioneerid\/\",\"url\":\"https:\/\/noqq.energy\/mobiilsed-konditsioneerid\/\",\"name\":\"Mobiilsed konditsioneerid - NOQQ Energy\",\"isPartOf\":{\"@id\":\"https:\/\/noqq.energy\/#website\"},\"datePublished\":\"2024-06-18T13:38:29+00:00\",\"dateModified\":\"2024-06-18T13:52:18+00:00\",\"description\":\"NOQQ mobiilsed konditsioneerid on m\u00f5eldud sinna, kuhu statsionaarset konditsioneeri pole v\u00f5imalik v\u00f5i m\u00f5ttekas paigaldada.\",\"breadcrumb\":{\"@id\":\"https:\/\/noqq.energy\/mobiilsed-konditsioneerid\/#breadcrumb\"},\"inLanguage\":\"et\",\"potentialAction\":[{\"@type\":\"ReadAction\",\"target\":[\"https:\/\/noqq.energy\/mobiilsed-konditsioneerid\/\"]}]},{\"@type\":\"BreadcrumbList\",\"@id\":\"https:\/\/noqq.energy\/mobiilsed-konditsioneerid\/#breadcrumb\",\"itemListElement\":[{\"@type\":\"ListItem\",\"position\":1,\"name\":\"Home\",\"item\":\"https:\/\/noqq.energy\/\"},{\"@type\":\"ListItem\",\"position\":2,\"name\":\"Mobiilsed konditsioneerid\"}]},{\"@type\":\"WebSite\",\"@id\":\"https:\/\/noqq.energy\/#website\",\"url\":\"https:\/\/noqq.energy\/\",\"name\":\"NOQQ Energy\",\"description\":\"KVJ ja Taastuvenergia lahendused\",\"potentialAction\":[{\"@type\":\"SearchAction\",\"target\":{\"@type\":\"EntryPoint\",\"urlTemplate\":\"https:\/\/noqq.energy\/?s={search_term_string}\"},\"query-input\":{\"@type\":\"PropertyValueSpecification\",\"valueRequired\":true,\"valueName\":\"search_term_string\"}}],\"inLanguage\":\"et\"}]}<\/script>\n<!-- \/ Yoast SEO plugin. -->","yoast_head_json":{"title":"Mobiilsed konditsioneerid - NOQQ Energy","description":"NOQQ mobiilsed konditsioneerid on m\u00f5eldud sinna, kuhu statsionaarset konditsioneeri pole v\u00f5imalik v\u00f5i m\u00f5ttekas paigaldada.","robots":{"index":"index","follow":"follow","max-snippet":"max-snippet:-1","max-image-preview":"max-image-preview:large","max-video-preview":"max-video-preview:-1"},"canonical":"https:\/\/noqq.energy\/et\/mobiilsed-konditsioneerid\/","og_locale":"et_EE","og_type":"article","og_title":"Mobiilsed konditsioneerid - NOQQ Energy","og_description":"NOQQ mobiilsed konditsioneerid on m\u00f5eldud sinna, kuhu statsionaarset konditsioneeri pole v\u00f5imalik v\u00f5i m\u00f5ttekas paigaldada.","og_url":"https:\/\/noqq.energy\/et\/mobiilsed-konditsioneerid\/","og_site_name":"NOQQ Energy","article_modified_time":"2024-06-18T13:52:18+00:00","twitter_card":"summary_large_image","twitter_misc":{"Est. reading time":"1 minut"},"schema":{"@context":"https:\/\/schema.org","@graph":[{"@type":"WebPage","@id":"https:\/\/noqq.energy\/mobiilsed-konditsioneerid\/","url":"https:\/\/noqq.energy\/mobiilsed-konditsioneerid\/","name":"Mobiilsed konditsioneerid - NOQQ Energy","isPartOf":{"@id":"https:\/\/noqq.energy\/#website"},"datePublished":"2024-06-18T13:38:29+00:00","dateModified":"2024-06-18T13:52:18+00:00","description":"NOQQ mobiilsed konditsioneerid on m\u00f5eldud sinna, kuhu statsionaarset konditsioneeri pole v\u00f5imalik v\u00f5i m\u00f5ttekas paigaldada.","breadcrumb":{"@id":"https:\/\/noqq.energy\/mobiilsed-konditsioneerid\/#breadcrumb"},"inLanguage":"et","potentialAction":[{"@type":"ReadAction","target":["https:\/\/noqq.energy\/mobiilsed-konditsioneerid\/"]}]},{"@type":"BreadcrumbList","@id":"https:\/\/noqq.energy\/mobiilsed-konditsioneerid\/#breadcrumb","itemListElement":[{"@type":"ListItem","position":1,"name":"Home","item":"https:\/\/noqq.energy\/"},{"@type":"ListItem","position":2,"name":"Mobiilsed konditsioneerid"}]},{"@type":"WebSite","@id":"https:\/\/noqq.energy\/#website","url":"https:\/\/noqq.energy\/","name":"NOQQ Energy","description":"KVJ ja Taastuvenergia lahendused","potentialAction":[{"@type":"SearchAction","target":{"@type":"EntryPoint","urlTemplate":"https:\/\/noqq.energy\/?s={search_term_string}"},"query-input":{"@type":"PropertyValueSpecification","valueRequired":true,"valueName":"search_term_string"}}],"inLanguage":"et"}]}},"_links":{"self":[{"href":"https:\/\/noqq.energy\/et\/wp-json\/wp\/v2\/pages\/8701","targetHints":{"allow":["GET"]}}],"collection":[{"href":"https:\/\/noqq.energy\/et\/wp-json\/wp\/v2\/pages"}],"about":[{"href":"https:\/\/noqq.energy\/et\/wp-json\/wp\/v2\/types\/page"}],"author":[{"embeddable":true,"href":"https:\/\/noqq.energy\/et\/wp-json\/wp\/v2\/users\/11"}],"replies":[{"embeddable":true,"href":"https:\/\/noqq.energy\/et\/wp-json\/wp\/v2\/comments?post=8701"}],"version-history":[{"count":16,"href":"https:\/\/noqq.energy\/et\/wp-json\/wp\/v2\/pages\/8701\/revisions"}],"predecessor-version":[{"id":8723,"href":"https:\/\/noqq.energy\/et\/wp-json\/wp\/v2\/pages\/8701\/revisions\/8723"}],"wp:attachment":[{"href":"https:\/\/noqq.energy\/et\/wp-json\/wp\/v2\/media?parent=8701"}],"curies":[{"name":"wp","href":"https:\/\/api.w.org\/{rel}","templated":true}]}}